{"id":12603,"date":"2019-03-19T16:43:52","date_gmt":"2019-03-19T16:43:52","guid":{"rendered":"https:\/\/nadair.ca\/about-us\/"},"modified":"2023-12-08T17:06:26","modified_gmt":"2023-12-08T17:06:26","slug":"about-us","status":"publish","type":"page","link":"https:\/\/nadair.ca\/ce\/about-us\/","title":{"rendered":"\u00c0 propos"},"content":{"rendered":"<p><div class=\"fusion-fullwidth fullwidth-box fusion-builder-row-1 nonhundred-percent-fullwidth non-hundred-percent-height-scrolling\" style=\"--awb-border-radius-top-left:0px;--awb-border-radius-top-right:0px;--awb-border-radius-bottom-right:0px;--awb-border-radius-bottom-left:0px;--awb-flex-wrap:wrap;\" ><div class=\"fusion-builder-row fusion-row\"><div class=\"fusion-layout-column fusion_builder_column fusion-builder-column-0 fusion_builder_column_1_1 1_1 fusion-one-full fusion-column-first fusion-column-last\" style=\"--awb-bg-size:cover;--awb-margin-bottom:0px;\"><div class=\"fusion-column-wrapper fusion-flex-column-wrapper-legacy\"><div class=\"fusion-text fusion-text-1\"><h1 style=\"text-align: center;\">QUI SOMMES-NOUS?<\/h1>\n<p>UNE SOLIDE R\u00c9PUTATION<\/p>\n<p>Connue depuis 1980 pour son concept europ\u00e9en consistant \u00e0 assortir les ventilateurs de plafond et l&#8217;\u00e9clairage aux tendances de la d\u00e9coration int\u00e9rieure, Nadair a son si\u00e8ge \u00e0 Laval, Canada. Strat\u00e9gique pour le transport a\u00e9rien et terrestre, cet emplacement donne \u00e9galement \u00e0 l&#8217;entreprise un avantage sur les cultures et les march\u00e9s europ\u00e9ens et nord-am\u00e9ricains. Notre partenaire exclusif en France nous aide \u00e0 garder une longueur d&#8217;avance sur les nouvelles tendances &#8211; un \u00e9l\u00e9ment cl\u00e9 de notre r\u00e9putation enviable de fabricant de produits \u00e9lectriques innovants.<\/p>\n<p>UNE R\u00c9USSITE D&#8217;ENTREPRISE<\/p>\n<p>En tant qu&#8217;entreprise verticalement int\u00e9gr\u00e9e, chez Nadair, nous contr\u00f4lons chaque aspect de notre production : de la conception initiale au contr\u00f4le de la qualit\u00e9, en passant par la commercialisation et la distribution. Gr\u00e2ce \u00e0 cette structure, notre entreprise propose des produits adapt\u00e9s aux besoins de nos clients. Une qualit\u00e9 incontest\u00e9e, un design attrayant et des prix all\u00e9chants sont parmi les raisons pour lesquelles nous sommes leaders dans notre secteur.<\/p>\n<\/div><div class=\"fusion-clearfix\"><\/div><\/div><\/div><\/div><\/div><div class=\"fusion-fullwidth fullwidth-box fusion-builder-row-2 nonhundred-percent-fullwidth non-hundred-percent-height-scrolling\" style=\"--awb-border-radius-top-left:0px;--awb-border-radius-top-right:0px;--awb-border-radius-bottom-right:0px;--awb-border-radius-bottom-left:0px;--awb-background-color:#7f7f7f;--awb-flex-wrap:wrap;\" ><div class=\"fusion-builder-row fusion-row\"><div class=\"fusion-layout-column fusion_builder_column fusion-builder-column-1 fusion_builder_column_1_1 1_1 fusion-one-full fusion-column-first fusion-column-last\" style=\"--awb-padding-top:90px;--awb-padding-bottom:90px;--awb-bg-size:cover;\"><div class=\"fusion-column-wrapper fusion-flex-column-wrapper-legacy\"><div class=\"fusion-text fusion-text-2\"><p>POURQUOI CHOISIR NOS PRODUITS?<\/p>\n<\/div><div class=\"fusion-builder-row fusion-builder-row-inner fusion-row\"><div class=\"fusion-layout-column fusion_builder_column_inner fusion-builder-nested-column-0 fusion_builder_column_inner_1_3 1_3 fusion-one-third fusion-column-first white\" style=\"--awb-padding-top:15px;--awb-padding-right:26px;--awb-padding-bottom:39px;--awb-padding-left:26px;--awb-bg-size:cover;--awb-border-color:#000000;--awb-border-top:2px;--awb-border-right:2px;--awb-border-bottom:2px;--awb-border-left:2px;--awb-border-style:solid;width:33.333333333333%;width:calc(33.333333333333% - ( ( 4% + 4% ) * 0.33333333333333 ) );margin-right: 4%;\"><div class=\"fusion-column-wrapper fusion-flex-column-wrapper-legacy\"><div class=\"fusion-text fusion-text-3\"><p>ASPIRATEUR CENTRAL<\/p>\n<p>FILTRATION HYRIDE<br \/>\nTECHNOLOGIE INNOVANTE<br \/>\nAUCUN D\u00c9TAIL N&#8217;EST LAISS\u00c9 DE C\u00d4T\u00c9<\/p>\n<\/div><div class=\"fusion-clearfix\"><\/div><\/div><\/div><div class=\"fusion-layout-column fusion_builder_column_inner fusion-builder-nested-column-1 fusion_builder_column_inner_1_3 1_3 fusion-one-third white\" style=\"--awb-padding-top:15px;--awb-padding-right:26px;--awb-padding-bottom:39px;--awb-padding-left:26px;--awb-bg-size:cover;--awb-border-color:#000000;--awb-border-top:2px;--awb-border-right:2px;--awb-border-bottom:2px;--awb-border-left:2px;--awb-border-style:solid;width:33.333333333333%;width:calc(33.333333333333% - ( ( 4% + 4% ) * 0.33333333333333 ) );margin-right: 4%;\"><div class=\"fusion-column-wrapper fusion-flex-column-wrapper-legacy\"><div class=\"fusion-text fusion-text-4\"><p>LUMI\u00c8RES ENCASTR\u00c9S<\/p>\n<p>FACILE \u00c0 INSTALLER<br \/>\nSYST\u00c8ME DE CONNEXION RAPIDE<br \/>\nUN DESIGN QUI S&#8217;ADAPTE \u00c0 TOUT<\/p>\n<\/div><div class=\"fusion-clearfix\"><\/div><\/div><\/div><div class=\"fusion-layout-column fusion_builder_column_inner fusion-builder-nested-column-2 fusion_builder_column_inner_1_3 1_3 fusion-one-third fusion-column-last white\" style=\"--awb-padding-top:15px;--awb-padding-right:26px;--awb-padding-bottom:39px;--awb-padding-left:26px;--awb-bg-size:cover;--awb-border-color:#000000;--awb-border-top:2px;--awb-border-right:2px;--awb-border-bottom:2px;--awb-border-left:2px;--awb-border-style:solid;width:33.333333333333%;width:calc(33.333333333333% - ( ( 4% + 4% ) * 0.33333333333333 ) );\"><div class=\"fusion-column-wrapper fusion-flex-column-wrapper-legacy\"><div class=\"fusion-text fusion-text-5\"><p>Luminaires de sous-cabinet<\/p>\n<p>RECHERCHE DANS LA CONCEPTION<br \/>\n3 OPTION DE TEMP\u00c9RATURE DE LUMI\u00c8RES INT\u00c9GR\u00c9ES<br \/>\nUNE LUMI\u00c8RE POUR CHAQUE BESOIN<\/p>\n<\/div><div class=\"fusion-clearfix\"><\/div><\/div><\/div><\/div><div class=\"fusion-clearfix\"><\/div><\/div><\/div><\/div><\/div><div class=\"fusion-fullwidth fullwidth-box fusion-builder-row-3 nonhundred-percent-fullwidth non-hundred-percent-height-scrolling\" style=\"--awb-border-radius-top-left:0px;--awb-border-radius-top-right:0px;--awb-border-radius-bottom-right:0px;--awb-border-radius-bottom-left:0px;--awb-padding-top:40px;--awb-flex-wrap:wrap;\" ><div class=\"fusion-builder-row fusion-row\"><div class=\"fusion-layout-column fusion_builder_column fusion-builder-column-2 fusion_builder_column_1_1 1_1 fusion-one-full fusion-column-first fusion-column-last\" style=\"--awb-bg-size:cover;\"><div class=\"fusion-column-wrapper fusion-flex-column-wrapper-legacy\"><div class=\"fusion-text fusion-text-6\"><p>NOUS CONTACTER<\/p>\n<\/div>\n<div class=\"wpcf7 no-js\" id=\"wpcf7-f12005-o1\" lang=\"en-US\" dir=\"ltr\" data-wpcf7-id=\"12005\">\n<div class=\"screen-reader-response\"><p role=\"status\" aria-live=\"polite\" aria-atomic=\"true\"><\/p> <ul><\/ul><\/div>\n<form action=\"\/ce\/wp-json\/wp\/v2\/pages\/12603#wpcf7-f12005-o1\" method=\"post\" class=\"wpcf7-form init\" aria-label=\"Contact form\" novalidate=\"novalidate\" data-status=\"init\">\n<fieldset class=\"hidden-fields-container\"><input type=\"hidden\" name=\"_wpcf7\" value=\"12005\" \/><input type=\"hidden\" name=\"_wpcf7_version\" value=\"6.1.4\" \/><input type=\"hidden\" name=\"_wpcf7_locale\" value=\"en_US\" \/><input type=\"hidden\" name=\"_wpcf7_unit_tag\" value=\"wpcf7-f12005-o1\" \/><input type=\"hidden\" name=\"_wpcf7_container_post\" value=\"0\" \/><input type=\"hidden\" name=\"_wpcf7_posted_data_hash\" value=\"\" \/><input type=\"hidden\" name=\"_wpcf7_recaptcha_response\" value=\"\" \/>\n<\/fieldset>\n<div class=\"list_sitemap\" style=\"flex-direction: row; flex-wrap: wrap; display: flex; justify-content: space-between; align-self: flex-start;\">\n\t<div style=\"flex-basis: 45%;\">\n\t\t<p><span class=\"wpcf7-form-control-wrap\" data-name=\"your-name\"><input size=\"40\" maxlength=\"400\" class=\"wpcf7-form-control wpcf7-text\" aria-invalid=\"false\" placeholder=\"Nom\" value=\"\" type=\"text\" name=\"your-name\" \/><\/span>\n\t\t<\/p>\n\t<\/div>\n\t<div style=\"flex-basis: 45%;\">\n\t\t<p><span class=\"wpcf7-form-control-wrap\" data-name=\"your-email\"><input size=\"40\" maxlength=\"400\" class=\"wpcf7-form-control wpcf7-email wpcf7-validates-as-required wpcf7-text wpcf7-validates-as-email\" aria-required=\"true\" aria-invalid=\"false\" placeholder=\"Courriel\" value=\"\" type=\"email\" name=\"your-email\" \/><\/span>\n\t\t<\/p>\n\t<\/div>\n<\/div>\n<p><span class=\"wpcf7-form-control-wrap\" data-name=\"your-message\"><textarea cols=\"40\" rows=\"10\" maxlength=\"2000\" class=\"wpcf7-form-control wpcf7-textarea\" aria-invalid=\"false\" placeholder=\"Message\" name=\"your-message\"><\/textarea><\/span>\n<\/p>\n<p><input class=\"wpcf7-form-control wpcf7-submit has-spinner\" type=\"submit\" value=\"Envoyer\" \/>\n<\/p><div class=\"fusion-alert alert custom alert-custom fusion-alert-center wpcf7-response-output fusion-alert-capitalize awb-alert-native-link-color alert-dismissable awb-alert-close-boxed\" style=\"--awb-border-top-left-radius:0px;--awb-border-top-right-radius:0px;--awb-border-bottom-left-radius:0px;--awb-border-bottom-right-radius:0px;\" role=\"alert\"><div class=\"fusion-alert-content-wrapper\"><span class=\"fusion-alert-content\"><\/span><\/div><button type=\"button\" class=\"close toggle-alert\" data-dismiss=\"alert\" aria-label=\"Close\">&times;<\/button><\/div>\n<\/form>\n<\/div>\n<div class=\"fusion-clearfix\"><\/div><\/div><\/div><\/div><\/div><\/p>\n","protected":false},"excerpt":{"rendered":"","protected":false},"author":3,"featured_media":0,"parent":0,"menu_order":0,"comment_status":"closed","ping_status":"closed","template":"100-width.php","meta":{"_acf_changed":false,"footnotes":""},"class_list":["post-12603","page","type-page","status-publish","hentry"],"acf":[],"yoast_head":"<!-- This site is optimized with the Yoast SEO plugin v26.7 - https:\/\/yoast.com\/wordpress\/plugins\/seo\/ -->\n<title>\u00c0 propos - Nadair<\/title>\n<meta name=\"robots\" content=\"index, follow, max-snippet:-1, max-image-preview:large, max-video-preview:-1\" \/>\n<link rel=\"canonical\" href=\"https:\/\/nadair.ca\/ce\/about-us\/\" \/>\n<meta property=\"og:locale\" content=\"en_US\" \/>\n<meta property=\"og:type\" content=\"article\" \/>\n<meta property=\"og:title\" content=\"\u00c0 propos - Nadair\" \/>\n<meta property=\"og:url\" content=\"https:\/\/nadair.ca\/ce\/about-us\/\" \/>\n<meta property=\"og:site_name\" content=\"Nadair\" \/>\n<meta property=\"article:publisher\" content=\"https:\/\/www.facebook.com\/nadairint\/\" \/>\n<meta property=\"article:modified_time\" content=\"2023-12-08T17:06:26+00:00\" \/>\n<meta name=\"twitter:card\" content=\"summary_large_image\" \/>\n<meta name=\"twitter:label1\" content=\"Est. reading time\" \/>\n\t<meta name=\"twitter:data1\" content=\"3 minutes\" \/>\n<script type=\"application\/ld+json\" class=\"yoast-schema-graph\">{\"@context\":\"https:\/\/schema.org\",\"@graph\":[{\"@type\":\"WebPage\",\"@id\":\"https:\/\/nadair.ca\/ce\/about-us\/\",\"url\":\"https:\/\/nadair.ca\/ce\/about-us\/\",\"name\":\"\u00c0 propos - Nadair\",\"isPartOf\":{\"@id\":\"https:\/\/nadair.ca\/#website\"},\"datePublished\":\"2019-03-19T16:43:52+00:00\",\"dateModified\":\"2023-12-08T17:06:26+00:00\",\"breadcrumb\":{\"@id\":\"https:\/\/nadair.ca\/ce\/about-us\/#breadcrumb\"},\"inLanguage\":\"en-fr\",\"potentialAction\":[{\"@type\":\"ReadAction\",\"target\":[\"https:\/\/nadair.ca\/ce\/about-us\/\"]}]},{\"@type\":\"BreadcrumbList\",\"@id\":\"https:\/\/nadair.ca\/ce\/about-us\/#breadcrumb\",\"itemListElement\":[{\"@type\":\"ListItem\",\"position\":1,\"name\":\"Home\",\"item\":\"https:\/\/nadair.ca\/ce\/\"},{\"@type\":\"ListItem\",\"position\":2,\"name\":\"\u00c0 propos\"}]},{\"@type\":\"WebSite\",\"@id\":\"https:\/\/nadair.ca\/#website\",\"url\":\"https:\/\/nadair.ca\/\",\"name\":\"Nadair\",\"description\":\"\",\"publisher\":{\"@id\":\"https:\/\/nadair.ca\/#organization\"},\"potentialAction\":[{\"@type\":\"SearchAction\",\"target\":{\"@type\":\"EntryPoint\",\"urlTemplate\":\"https:\/\/nadair.ca\/?s={search_term_string}\"},\"query-input\":{\"@type\":\"PropertyValueSpecification\",\"valueRequired\":true,\"valueName\":\"search_term_string\"}}],\"inLanguage\":\"en-fr\"},{\"@type\":\"Organization\",\"@id\":\"https:\/\/nadair.ca\/#organization\",\"name\":\"Nadair\",\"url\":\"https:\/\/nadair.ca\/\",\"logo\":{\"@type\":\"ImageObject\",\"inLanguage\":\"en-fr\",\"@id\":\"https:\/\/nadair.ca\/#\/schema\/logo\/image\/\",\"url\":\"https:\/\/nadair.ca\/wp-content\/uploads\/2018\/08\/nadair-logo_2x.png\",\"contentUrl\":\"https:\/\/nadair.ca\/wp-content\/uploads\/2018\/08\/nadair-logo_2x.png\",\"width\":352,\"height\":88,\"caption\":\"Nadair\"},\"image\":{\"@id\":\"https:\/\/nadair.ca\/#\/schema\/logo\/image\/\"},\"sameAs\":[\"https:\/\/www.facebook.com\/nadairint\/\"]}]}<\/script>\n<!-- \/ Yoast SEO plugin. -->","yoast_head_json":{"title":"\u00c0 propos - Nadair","robots":{"index":"index","follow":"follow","max-snippet":"max-snippet:-1","max-image-preview":"max-image-preview:large","max-video-preview":"max-video-preview:-1"},"canonical":"https:\/\/nadair.ca\/ce\/about-us\/","og_locale":"en_US","og_type":"article","og_title":"\u00c0 propos - Nadair","og_url":"https:\/\/nadair.ca\/ce\/about-us\/","og_site_name":"Nadair","article_publisher":"https:\/\/www.facebook.com\/nadairint\/","article_modified_time":"2023-12-08T17:06:26+00:00","twitter_card":"summary_large_image","twitter_misc":{"Est. reading time":"3 minutes"},"schema":{"@context":"https:\/\/schema.org","@graph":[{"@type":"WebPage","@id":"https:\/\/nadair.ca\/ce\/about-us\/","url":"https:\/\/nadair.ca\/ce\/about-us\/","name":"\u00c0 propos - Nadair","isPartOf":{"@id":"https:\/\/nadair.ca\/#website"},"datePublished":"2019-03-19T16:43:52+00:00","dateModified":"2023-12-08T17:06:26+00:00","breadcrumb":{"@id":"https:\/\/nadair.ca\/ce\/about-us\/#breadcrumb"},"inLanguage":"en-fr","potentialAction":[{"@type":"ReadAction","target":["https:\/\/nadair.ca\/ce\/about-us\/"]}]},{"@type":"BreadcrumbList","@id":"https:\/\/nadair.ca\/ce\/about-us\/#breadcrumb","itemListElement":[{"@type":"ListItem","position":1,"name":"Home","item":"https:\/\/nadair.ca\/ce\/"},{"@type":"ListItem","position":2,"name":"\u00c0 propos"}]},{"@type":"WebSite","@id":"https:\/\/nadair.ca\/#website","url":"https:\/\/nadair.ca\/","name":"Nadair","description":"","publisher":{"@id":"https:\/\/nadair.ca\/#organization"},"potentialAction":[{"@type":"SearchAction","target":{"@type":"EntryPoint","urlTemplate":"https:\/\/nadair.ca\/?s={search_term_string}"},"query-input":{"@type":"PropertyValueSpecification","valueRequired":true,"valueName":"search_term_string"}}],"inLanguage":"en-fr"},{"@type":"Organization","@id":"https:\/\/nadair.ca\/#organization","name":"Nadair","url":"https:\/\/nadair.ca\/","logo":{"@type":"ImageObject","inLanguage":"en-fr","@id":"https:\/\/nadair.ca\/#\/schema\/logo\/image\/","url":"https:\/\/nadair.ca\/wp-content\/uploads\/2018\/08\/nadair-logo_2x.png","contentUrl":"https:\/\/nadair.ca\/wp-content\/uploads\/2018\/08\/nadair-logo_2x.png","width":352,"height":88,"caption":"Nadair"},"image":{"@id":"https:\/\/nadair.ca\/#\/schema\/logo\/image\/"},"sameAs":["https:\/\/www.facebook.com\/nadairint\/"]}]}},"_links":{"self":[{"href":"https:\/\/nadair.ca\/ce\/wp-json\/wp\/v2\/pages\/12603","targetHints":{"allow":["GET"]}}],"collection":[{"href":"https:\/\/nadair.ca\/ce\/wp-json\/wp\/v2\/pages"}],"about":[{"href":"https:\/\/nadair.ca\/ce\/wp-json\/wp\/v2\/types\/page"}],"author":[{"embeddable":true,"href":"https:\/\/nadair.ca\/ce\/wp-json\/wp\/v2\/users\/3"}],"replies":[{"embeddable":true,"href":"https:\/\/nadair.ca\/ce\/wp-json\/wp\/v2\/comments?post=12603"}],"version-history":[{"count":3,"href":"https:\/\/nadair.ca\/ce\/wp-json\/wp\/v2\/pages\/12603\/revisions"}],"predecessor-version":[{"id":12958,"href":"https:\/\/nadair.ca\/ce\/wp-json\/wp\/v2\/pages\/12603\/revisions\/12958"}],"wp:attachment":[{"href":"https:\/\/nadair.ca\/ce\/wp-json\/wp\/v2\/media?parent=12603"}],"curies":[{"name":"wp","href":"https:\/\/api.w.org\/{rel}","templated":true}]}}