{"id":2984,"date":"2020-07-21T23:59:01","date_gmt":"2020-07-21T23:59:01","guid":{"rendered":"https:\/\/nadair.ca\/recessed-slim-lights\/f-a-q\/"},"modified":"2020-07-21T23:59:01","modified_gmt":"2020-07-21T23:59:01","slug":"f-a-q","status":"publish","type":"page","link":"https:\/\/nadair.ca\/recessed-slim-lights\/ce\/f-a-q\/","title":{"rendered":"F.A.Q"},"content":{"rendered":"<div class=\"fusion-fullwidth fullwidth-box fusion-builder-row-1 nonhundred-percent-fullwidth non-hundred-percent-height-scrolling\" style=\"--awb-border-radius-top-left:0px;--awb-border-radius-top-right:0px;--awb-border-radius-bottom-right:0px;--awb-border-radius-bottom-left:0px;--awb-flex-wrap:wrap;\" ><div class=\"fusion-builder-row fusion-row\"><div class=\"fusion-layout-column fusion_builder_column fusion-builder-column-0 fusion_builder_column_1_1 1_1 fusion-one-full fusion-column-first fusion-column-last\" style=\"--awb-bg-size:cover;\"><div class=\"fusion-column-wrapper fusion-flex-column-wrapper-legacy\"><style type=\"text\/css\">.fusion-faqs-wrapper #accordian-1 .fusion-panel { border-color:#e0dede; }.fusion-faqs-wrapper #accordian-1 .fusion-panel:hover{ border-color: #e0dede; }.fusion-accordian #accordian-1 .panel-title a .fa-fusion-box:before{ font-size: 13px;width: 13px;}.fusion-accordian #accordian-1 .panel-title a .fa-fusion-box{ color: #ffffff;}.fusion-accordian  #accordian-1 .panel-title a{font-family:Arial, Helvetica, sans-serif;font-style:normal;font-weight:400;}.fusion-accordian  #accordian-1 .panel-title a:not(:hover){}.fusion-accordian  #accordian-1 .toggle-content{font-family:Arial, Helvetica, sans-serif;font-style:normal;font-weight:400;}.fusion-accordian #accordian-1 .fa-fusion-box { background-color: #333333 !important;border-color: #333333 !important;}.fusion-accordian #accordian-1 .panel-title a:hover,.fusion-accordian #accordian-1 .panel-title a.hover { color: #ffffff;}.fusion-faq-shortcode .fusion-accordian #accordian-1 .fusion-toggle-boxed-mode:hover .panel-title a { color: #ffffff;}.fusion-accordian #accordian-1 .panel-title .active .fa-fusion-box,.fusion-accordian #accordian-1 .panel-title a:hover .fa-fusion-box,.fusion-accordian #accordian-1 .panel-title a.hover .fa-fusion-box { background-color: #ffffff!important;border-color: #ffffff!important;}<\/style><div class=\"fusion-faq-shortcode\" style=\"\"><div class=\"fusion-faqs-wrapper\"><div class=\"accordian fusion-accordian\"><div class=\"panel-group \" id=\"accordian-1\"><div class=\"fusion-panel panel-default fusion-faq-post fusion-faq-post-2979 \"><span class=\"entry-title rich-snippet-hidden\">O\u00f9 puis-je installer ces lumi\u00e8res?<\/span><span class=\"vcard rich-snippet-hidden\"><span class=\"fn\"><a href=\"https:\/\/nadair.ca\/recessed-slim-lights\/ce\/author\/suzanne\/\" title=\"Articles par suzanne\" rel=\"author\">suzanne<\/a><\/span><\/span><span class=\"updated rich-snippet-hidden\">2020-07-21T23:37:01+00:00<\/span><div class=\"panel-heading\"><h4 id=\"faq_1-2979\" class=\"panel-title toggle\"><a data-toggle=\"collapse\" class=\"collapsed\" data-parent=\"#accordian-1\" data-target=\"#collapse-1-2979\" href=\"#collapse-1-2979\" aria-expanded=\"false\"><div class=\"fusion-toggle-icon-wrapper\"><div class=\"fusion-toggle-icon-wrapper-main\"><div class=\"fusion-toggle-icon-wrapper-sub\"><i class=\"fa-fusion-box active-icon awb-icon-minus\" aria-hidden=\"true\"><\/i><i class=\"fa-fusion-box inactive-icon awb-icon-plus\" aria-hidden=\"true\"><\/i><\/div><\/div><\/div><div class=\"fusion-toggle-heading\">O\u00f9 puis-je installer ces lumi\u00e8res?<\/div><\/a><\/h4><\/div><div id=\"collapse-1-2979\" aria-labelledby=\"faq_1-2979\" class=\"panel-collapse collapse\"><div class=\"panel-body toggle-content post-content\"><p>Vous pouvez les installer partout:<\/p>\n<p>Int\u00e9rieur, ext\u00e9rieur, douche, soffites, m\u00eame dans un espace restreint o\u00f9 seulement 1 pouce de d\u00e9gagement est requis.<\/p>\n<\/div><\/div><\/div><div class=\"fusion-panel panel-default fusion-faq-post fusion-faq-post-2978 \"><span class=\"entry-title rich-snippet-hidden\">La bo\u00eete de jonction est-elle fix\u00e9e \u00e0 l&rsquo;unit\u00e9?<\/span><span class=\"vcard rich-snippet-hidden\"><span class=\"fn\"><a href=\"https:\/\/nadair.ca\/recessed-slim-lights\/ce\/author\/suzanne\/\" title=\"Articles par suzanne\" rel=\"author\">suzanne<\/a><\/span><\/span><span class=\"updated rich-snippet-hidden\">2020-07-21T23:35:42+00:00<\/span><div class=\"panel-heading\"><h4 id=\"faq_1-2978\" class=\"panel-title toggle\"><a data-toggle=\"collapse\" class=\"collapsed\" data-parent=\"#accordian-1\" data-target=\"#collapse-1-2978\" href=\"#collapse-1-2978\" aria-expanded=\"false\"><div class=\"fusion-toggle-icon-wrapper\"><div class=\"fusion-toggle-icon-wrapper-main\"><div class=\"fusion-toggle-icon-wrapper-sub\"><i class=\"fa-fusion-box active-icon awb-icon-minus\" aria-hidden=\"true\"><\/i><i class=\"fa-fusion-box inactive-icon awb-icon-plus\" aria-hidden=\"true\"><\/i><\/div><\/div><\/div><div class=\"fusion-toggle-heading\">La bo\u00eete de jonction est-elle fix\u00e9e \u00e0 l&rsquo;unit\u00e9?<\/div><\/a><\/h4><\/div><div id=\"collapse-1-2978\" aria-labelledby=\"faq_1-2978\" class=\"panel-collapse collapse\"><div class=\"panel-body toggle-content post-content\"><p>Non, ce sont des bo\u00eetes de jonction ind\u00e9pendantes.<\/p>\n<p class=\"a-size-small\">Ils sont con\u00e7us pour \u00eatre plac\u00e9s l\u00e0 o\u00f9 cela vous convient, vous pouvez donc l&rsquo;adapter \u00e0 peu pr\u00e8s n&rsquo;importe o\u00f9.<\/p>\n<p class=\"a-size-small\">Son grand design le rend facile \u00e0 utiliser.<\/p>\n<p>&nbsp;<\/p>\n<\/div><\/div><\/div><div class=\"fusion-panel panel-default fusion-faq-post fusion-faq-post-2975 \"><span class=\"entry-title rich-snippet-hidden\">Quelle tension (Voltage) peut \u00eatre utilis\u00e9e?<\/span><span class=\"vcard rich-snippet-hidden\"><span class=\"fn\"><a href=\"https:\/\/nadair.ca\/recessed-slim-lights\/ce\/author\/suzanne\/\" title=\"Articles par suzanne\" rel=\"author\">suzanne<\/a><\/span><\/span><span class=\"updated rich-snippet-hidden\">2020-07-21T23:34:07+00:00<\/span><div class=\"panel-heading\"><h4 id=\"faq_1-2975\" class=\"panel-title toggle\"><a data-toggle=\"collapse\" class=\"collapsed\" data-parent=\"#accordian-1\" data-target=\"#collapse-1-2975\" href=\"#collapse-1-2975\" aria-expanded=\"false\"><div class=\"fusion-toggle-icon-wrapper\"><div class=\"fusion-toggle-icon-wrapper-main\"><div class=\"fusion-toggle-icon-wrapper-sub\"><i class=\"fa-fusion-box active-icon awb-icon-minus\" aria-hidden=\"true\"><\/i><i class=\"fa-fusion-box inactive-icon awb-icon-plus\" aria-hidden=\"true\"><\/i><\/div><\/div><\/div><div class=\"fusion-toggle-heading\">Quelle tension (Voltage) peut \u00eatre utilis\u00e9e?<\/div><\/a><\/h4><\/div><div id=\"collapse-1-2975\" aria-labelledby=\"faq_1-2975\" class=\"panel-collapse collapse\"><div class=\"panel-body toggle-content post-content\"><p>Il doit \u00eatre utilis\u00e9 avec 110-120V<\/p>\n<\/div><\/div><\/div><div class=\"fusion-panel panel-default fusion-faq-post fusion-faq-post-2973 \"><span class=\"entry-title rich-snippet-hidden\">Quel est l&rsquo;angle du faisceau lumineux?<\/span><span class=\"vcard rich-snippet-hidden\"><span class=\"fn\"><a href=\"https:\/\/nadair.ca\/recessed-slim-lights\/ce\/author\/suzanne\/\" title=\"Articles par suzanne\" rel=\"author\">suzanne<\/a><\/span><\/span><span class=\"updated rich-snippet-hidden\">2020-07-21T23:33:08+00:00<\/span><div class=\"panel-heading\"><h4 id=\"faq_1-2973\" class=\"panel-title toggle\"><a data-toggle=\"collapse\" class=\"collapsed\" data-parent=\"#accordian-1\" data-target=\"#collapse-1-2973\" href=\"#collapse-1-2973\" aria-expanded=\"false\"><div class=\"fusion-toggle-icon-wrapper\"><div class=\"fusion-toggle-icon-wrapper-main\"><div class=\"fusion-toggle-icon-wrapper-sub\"><i class=\"fa-fusion-box active-icon awb-icon-minus\" aria-hidden=\"true\"><\/i><i class=\"fa-fusion-box inactive-icon awb-icon-plus\" aria-hidden=\"true\"><\/i><\/div><\/div><\/div><div class=\"fusion-toggle-heading\">Quel est l&rsquo;angle du faisceau lumineux?<\/div><\/a><\/h4><\/div><div id=\"collapse-1-2973\" aria-labelledby=\"faq_1-2973\" class=\"panel-collapse collapse\"><div class=\"panel-body toggle-content post-content\"><p>L&rsquo;angle du faisceau de ces lumi\u00e8res est de 100 degr\u00e9s.<\/p>\n<\/div><\/div><\/div><div class=\"fusion-panel panel-default fusion-faq-post fusion-faq-post-2971 \"><span class=\"entry-title rich-snippet-hidden\">Quels sont le diam\u00e8tres du trou de coupe?<\/span><span class=\"vcard rich-snippet-hidden\"><span class=\"fn\"><a href=\"https:\/\/nadair.ca\/recessed-slim-lights\/ce\/author\/suzanne\/\" title=\"Articles par suzanne\" rel=\"author\">suzanne<\/a><\/span><\/span><span class=\"updated rich-snippet-hidden\">2020-07-21T23:32:00+00:00<\/span><div class=\"panel-heading\"><h4 id=\"faq_1-2971\" class=\"panel-title toggle\"><a data-toggle=\"collapse\" class=\"collapsed\" data-parent=\"#accordian-1\" data-target=\"#collapse-1-2971\" href=\"#collapse-1-2971\" aria-expanded=\"false\"><div class=\"fusion-toggle-icon-wrapper\"><div class=\"fusion-toggle-icon-wrapper-main\"><div class=\"fusion-toggle-icon-wrapper-sub\"><i class=\"fa-fusion-box active-icon awb-icon-minus\" aria-hidden=\"true\"><\/i><i class=\"fa-fusion-box inactive-icon awb-icon-plus\" aria-hidden=\"true\"><\/i><\/div><\/div><\/div><div class=\"fusion-toggle-heading\">Quels sont le diam\u00e8tres du trou de coupe?<\/div><\/a><\/h4><\/div><div id=\"collapse-1-2971\" aria-labelledby=\"faq_1-2971\" class=\"panel-collapse collapse\"><div class=\"panel-body toggle-content post-content\"><p>3 pouces = trou de coupe de 3\u00a0\u00bb<\/p>\n<p>4 pouces ( rond et carr\u00e9) = Trou de coupe 4 1\/4\u00a0\u00bb<\/p>\n<p>6 pouces rond = Trou de coupe de 6\u00a0\u00bb<\/p>\n<p>6 pouces carr\u00e9 = Trou de coupe de 6 1\/4\u00a0\u00bb<\/p>\n<\/div><\/div><\/div><div class=\"fusion-panel panel-default fusion-faq-post fusion-faq-post-2970 \"><span class=\"entry-title rich-snippet-hidden\">Est-ce que je dois avoir un plafond isol\u00e9?<\/span><span class=\"vcard rich-snippet-hidden\"><span class=\"fn\"><a href=\"https:\/\/nadair.ca\/recessed-slim-lights\/ce\/author\/suzanne\/\" title=\"Articles par suzanne\" rel=\"author\">suzanne<\/a><\/span><\/span><span class=\"updated rich-snippet-hidden\">2020-07-21T23:29:42+00:00<\/span><div class=\"panel-heading\"><h4 id=\"faq_1-2970\" class=\"panel-title toggle\"><a data-toggle=\"collapse\" class=\"collapsed\" data-parent=\"#accordian-1\" data-target=\"#collapse-1-2970\" href=\"#collapse-1-2970\" aria-expanded=\"false\"><div class=\"fusion-toggle-icon-wrapper\"><div class=\"fusion-toggle-icon-wrapper-main\"><div class=\"fusion-toggle-icon-wrapper-sub\"><i class=\"fa-fusion-box active-icon awb-icon-minus\" aria-hidden=\"true\"><\/i><i class=\"fa-fusion-box inactive-icon awb-icon-plus\" aria-hidden=\"true\"><\/i><\/div><\/div><\/div><div class=\"fusion-toggle-heading\">Est-ce que je dois avoir un plafond isol\u00e9?<\/div><\/a><\/h4><\/div><div id=\"collapse-1-2970\" aria-labelledby=\"faq_1-2970\" class=\"panel-collapse collapse\"><div class=\"panel-body toggle-content post-content\"><p>Non, ces luminaires sont con\u00e7us pour \u00eatre install\u00e9s dans des plafonds isol\u00e9s et non isol\u00e9s.<\/p>\n<\/div><\/div><\/div><div class=\"fusion-panel panel-default fusion-faq-post fusion-faq-post-2969 \"><span class=\"entry-title rich-snippet-hidden\">Quelle est la dur\u00e9e de vie de l&rsquo;ampoule?<\/span><span class=\"vcard rich-snippet-hidden\"><span class=\"fn\"><a href=\"https:\/\/nadair.ca\/recessed-slim-lights\/ce\/author\/suzanne\/\" title=\"Articles par suzanne\" rel=\"author\">suzanne<\/a><\/span><\/span><span class=\"updated rich-snippet-hidden\">2020-07-21T23:28:39+00:00<\/span><div class=\"panel-heading\"><h4 id=\"faq_1-2969\" class=\"panel-title toggle\"><a data-toggle=\"collapse\" class=\"collapsed\" data-parent=\"#accordian-1\" data-target=\"#collapse-1-2969\" href=\"#collapse-1-2969\" aria-expanded=\"false\"><div class=\"fusion-toggle-icon-wrapper\"><div class=\"fusion-toggle-icon-wrapper-main\"><div class=\"fusion-toggle-icon-wrapper-sub\"><i class=\"fa-fusion-box active-icon awb-icon-minus\" aria-hidden=\"true\"><\/i><i class=\"fa-fusion-box inactive-icon awb-icon-plus\" aria-hidden=\"true\"><\/i><\/div><\/div><\/div><div class=\"fusion-toggle-heading\">Quelle est la dur\u00e9e de vie de l&rsquo;ampoule?<\/div><\/a><\/h4><\/div><div id=\"collapse-1-2969\" aria-labelledby=\"faq_1-2969\" class=\"panel-collapse collapse\"><div class=\"panel-body toggle-content post-content\"><p>L&rsquo;ampoule int\u00e9gr\u00e9e dure 5000 heures<\/p>\n<\/div><\/div><\/div><div class=\"fusion-panel panel-default fusion-faq-post fusion-faq-post-2967 \"><span class=\"entry-title rich-snippet-hidden\">Est-ce que c&rsquo;est luminaires sont \u00e0 intensit\u00e9 r\u00e9glable?<\/span><span class=\"vcard rich-snippet-hidden\"><span class=\"fn\"><a href=\"https:\/\/nadair.ca\/recessed-slim-lights\/ce\/author\/suzanne\/\" title=\"Articles par suzanne\" rel=\"author\">suzanne<\/a><\/span><\/span><span class=\"updated rich-snippet-hidden\">2020-07-21T23:27:38+00:00<\/span><div class=\"panel-heading\"><h4 id=\"faq_1-2967\" class=\"panel-title toggle\"><a data-toggle=\"collapse\" class=\"collapsed\" data-parent=\"#accordian-1\" data-target=\"#collapse-1-2967\" href=\"#collapse-1-2967\" aria-expanded=\"false\"><div class=\"fusion-toggle-icon-wrapper\"><div class=\"fusion-toggle-icon-wrapper-main\"><div class=\"fusion-toggle-icon-wrapper-sub\"><i class=\"fa-fusion-box active-icon awb-icon-minus\" aria-hidden=\"true\"><\/i><i class=\"fa-fusion-box inactive-icon awb-icon-plus\" aria-hidden=\"true\"><\/i><\/div><\/div><\/div><div class=\"fusion-toggle-heading\">Est-ce que c&rsquo;est luminaires sont \u00e0 intensit\u00e9 r\u00e9glable?<\/div><\/a><\/h4><\/div><div id=\"collapse-1-2967\" aria-labelledby=\"faq_1-2967\" class=\"panel-collapse collapse\"><div class=\"panel-body toggle-content post-content\"><p><span class=\"a-list-item\">Oui, nos luminaires fonctionnent parfaitement avec une large gamme de gradateurs vous permettant d&rsquo;\u00e9conomiser de l&rsquo;\u00e9nergie, d&rsquo;augmenter la dur\u00e9e de vie des ampoules et s&rsquo;adaptent aux diverses fluctuations d&rsquo;activit\u00e9 et d&rsquo;horaire de chaque maison.<\/span><\/p>\n<p>&nbsp;<\/p>\n<p>Pour savoir si votre gradateur est compatible, veuillez vous r\u00e9f\u00e9rer \u00e0 la liste des gradateurs compatible sur la page produit.<\/p>\n<\/div><\/div><\/div><\/div><\/div><\/div><\/div><div class=\"fusion-clearfix\"><\/div><\/div><\/div><\/div><\/div>\n","protected":false},"excerpt":{"rendered":"","protected":false},"author":3,"featured_media":0,"parent":0,"menu_order":0,"comment_status":"closed","ping_status":"closed","template":"","meta":{"_acf_changed":false,"footnotes":""},"class_list":["post-2984","page","type-page","status-publish","hentry"],"acf":[],"yoast_head":"<!-- This site is optimized with the Yoast SEO plugin v26.7 - https:\/\/yoast.com\/wordpress\/plugins\/seo\/ -->\n<title>F.A.Q - Recessed Slim Lights<\/title>\n<meta name=\"robots\" content=\"index, follow, max-snippet:-1, max-image-preview:large, max-video-preview:-1\" \/>\n<link rel=\"canonical\" href=\"https:\/\/nadair.ca\/recessed-slim-lights\/ce\/f-a-q\/\" \/>\n<meta property=\"og:locale\" content=\"fr_CA\" \/>\n<meta property=\"og:type\" content=\"article\" \/>\n<meta property=\"og:title\" content=\"F.A.Q - Recessed Slim Lights\" \/>\n<meta property=\"og:url\" content=\"https:\/\/nadair.ca\/recessed-slim-lights\/ce\/f-a-q\/\" \/>\n<meta property=\"og:site_name\" content=\"Recessed Slim Lights\" \/>\n<meta property=\"article:publisher\" content=\"https:\/\/www.facebook.com\/nadairint\/\" \/>\n<meta name=\"twitter:card\" content=\"summary_large_image\" \/>\n<meta name=\"twitter:label1\" content=\"Estimation du temps de lecture\" \/>\n\t<meta name=\"twitter:data1\" content=\"1 minute\" \/>\n<script type=\"application\/ld+json\" class=\"yoast-schema-graph\">{\"@context\":\"https:\/\/schema.org\",\"@graph\":[{\"@type\":\"WebPage\",\"@id\":\"https:\/\/nadair.ca\/recessed-slim-lights\/ce\/f-a-q\/\",\"url\":\"https:\/\/nadair.ca\/recessed-slim-lights\/ce\/f-a-q\/\",\"name\":\"F.A.Q - Recessed Slim Lights\",\"isPartOf\":{\"@id\":\"https:\/\/nadair.ca\/recessed-slim-lights\/#website\"},\"datePublished\":\"2020-07-21T23:59:01+00:00\",\"breadcrumb\":{\"@id\":\"https:\/\/nadair.ca\/recessed-slim-lights\/ce\/f-a-q\/#breadcrumb\"},\"inLanguage\":\"fr-CA\",\"potentialAction\":[{\"@type\":\"ReadAction\",\"target\":[\"https:\/\/nadair.ca\/recessed-slim-lights\/ce\/f-a-q\/\"]}]},{\"@type\":\"BreadcrumbList\",\"@id\":\"https:\/\/nadair.ca\/recessed-slim-lights\/ce\/f-a-q\/#breadcrumb\",\"itemListElement\":[{\"@type\":\"ListItem\",\"position\":1,\"name\":\"Home\",\"item\":\"https:\/\/nadair.ca\/recessed-slim-lights\/ce\/\"},{\"@type\":\"ListItem\",\"position\":2,\"name\":\"F.A.Q\"}]},{\"@type\":\"WebSite\",\"@id\":\"https:\/\/nadair.ca\/recessed-slim-lights\/#website\",\"url\":\"https:\/\/nadair.ca\/recessed-slim-lights\/\",\"name\":\"Recessed Slim Lights\",\"description\":\"\",\"publisher\":{\"@id\":\"https:\/\/nadair.ca\/recessed-slim-lights\/#organization\"},\"potentialAction\":[{\"@type\":\"SearchAction\",\"target\":{\"@type\":\"EntryPoint\",\"urlTemplate\":\"https:\/\/nadair.ca\/recessed-slim-lights\/?s={search_term_string}\"},\"query-input\":{\"@type\":\"PropertyValueSpecification\",\"valueRequired\":true,\"valueName\":\"search_term_string\"}}],\"inLanguage\":\"fr-CA\"},{\"@type\":\"Organization\",\"@id\":\"https:\/\/nadair.ca\/recessed-slim-lights\/#organization\",\"name\":\"Nadair\",\"url\":\"https:\/\/nadair.ca\/recessed-slim-lights\/\",\"logo\":{\"@type\":\"ImageObject\",\"inLanguage\":\"fr-CA\",\"@id\":\"https:\/\/nadair.ca\/recessed-slim-lights\/#\/schema\/logo\/image\/\",\"url\":\"https:\/\/nadair.ca\/recessed-slim-lights\/wp-content\/uploads\/sites\/4\/2018\/09\/logo.png\",\"contentUrl\":\"https:\/\/nadair.ca\/recessed-slim-lights\/wp-content\/uploads\/sites\/4\/2018\/09\/logo.png\",\"width\":161,\"height\":59,\"caption\":\"Nadair\"},\"image\":{\"@id\":\"https:\/\/nadair.ca\/recessed-slim-lights\/#\/schema\/logo\/image\/\"},\"sameAs\":[\"https:\/\/www.facebook.com\/nadairint\/\"]}]}<\/script>\n<!-- \/ Yoast SEO plugin. -->","yoast_head_json":{"title":"F.A.Q - Recessed Slim Lights","robots":{"index":"index","follow":"follow","max-snippet":"max-snippet:-1","max-image-preview":"max-image-preview:large","max-video-preview":"max-video-preview:-1"},"canonical":"https:\/\/nadair.ca\/recessed-slim-lights\/ce\/f-a-q\/","og_locale":"fr_CA","og_type":"article","og_title":"F.A.Q - Recessed Slim Lights","og_url":"https:\/\/nadair.ca\/recessed-slim-lights\/ce\/f-a-q\/","og_site_name":"Recessed Slim Lights","article_publisher":"https:\/\/www.facebook.com\/nadairint\/","twitter_card":"summary_large_image","twitter_misc":{"Estimation du temps de lecture":"1 minute"},"schema":{"@context":"https:\/\/schema.org","@graph":[{"@type":"WebPage","@id":"https:\/\/nadair.ca\/recessed-slim-lights\/ce\/f-a-q\/","url":"https:\/\/nadair.ca\/recessed-slim-lights\/ce\/f-a-q\/","name":"F.A.Q - Recessed Slim Lights","isPartOf":{"@id":"https:\/\/nadair.ca\/recessed-slim-lights\/#website"},"datePublished":"2020-07-21T23:59:01+00:00","breadcrumb":{"@id":"https:\/\/nadair.ca\/recessed-slim-lights\/ce\/f-a-q\/#breadcrumb"},"inLanguage":"fr-CA","potentialAction":[{"@type":"ReadAction","target":["https:\/\/nadair.ca\/recessed-slim-lights\/ce\/f-a-q\/"]}]},{"@type":"BreadcrumbList","@id":"https:\/\/nadair.ca\/recessed-slim-lights\/ce\/f-a-q\/#breadcrumb","itemListElement":[{"@type":"ListItem","position":1,"name":"Home","item":"https:\/\/nadair.ca\/recessed-slim-lights\/ce\/"},{"@type":"ListItem","position":2,"name":"F.A.Q"}]},{"@type":"WebSite","@id":"https:\/\/nadair.ca\/recessed-slim-lights\/#website","url":"https:\/\/nadair.ca\/recessed-slim-lights\/","name":"Recessed Slim Lights","description":"","publisher":{"@id":"https:\/\/nadair.ca\/recessed-slim-lights\/#organization"},"potentialAction":[{"@type":"SearchAction","target":{"@type":"EntryPoint","urlTemplate":"https:\/\/nadair.ca\/recessed-slim-lights\/?s={search_term_string}"},"query-input":{"@type":"PropertyValueSpecification","valueRequired":true,"valueName":"search_term_string"}}],"inLanguage":"fr-CA"},{"@type":"Organization","@id":"https:\/\/nadair.ca\/recessed-slim-lights\/#organization","name":"Nadair","url":"https:\/\/nadair.ca\/recessed-slim-lights\/","logo":{"@type":"ImageObject","inLanguage":"fr-CA","@id":"https:\/\/nadair.ca\/recessed-slim-lights\/#\/schema\/logo\/image\/","url":"https:\/\/nadair.ca\/recessed-slim-lights\/wp-content\/uploads\/sites\/4\/2018\/09\/logo.png","contentUrl":"https:\/\/nadair.ca\/recessed-slim-lights\/wp-content\/uploads\/sites\/4\/2018\/09\/logo.png","width":161,"height":59,"caption":"Nadair"},"image":{"@id":"https:\/\/nadair.ca\/recessed-slim-lights\/#\/schema\/logo\/image\/"},"sameAs":["https:\/\/www.facebook.com\/nadairint\/"]}]}},"_links":{"self":[{"href":"https:\/\/nadair.ca\/recessed-slim-lights\/ce\/wp-json\/wp\/v2\/pages\/2984","targetHints":{"allow":["GET"]}}],"collection":[{"href":"https:\/\/nadair.ca\/recessed-slim-lights\/ce\/wp-json\/wp\/v2\/pages"}],"about":[{"href":"https:\/\/nadair.ca\/recessed-slim-lights\/ce\/wp-json\/wp\/v2\/types\/page"}],"author":[{"embeddable":true,"href":"https:\/\/nadair.ca\/recessed-slim-lights\/ce\/wp-json\/wp\/v2\/users\/3"}],"replies":[{"embeddable":true,"href":"https:\/\/nadair.ca\/recessed-slim-lights\/ce\/wp-json\/wp\/v2\/comments?post=2984"}],"version-history":[{"count":1,"href":"https:\/\/nadair.ca\/recessed-slim-lights\/ce\/wp-json\/wp\/v2\/pages\/2984\/revisions"}],"predecessor-version":[{"id":2985,"href":"https:\/\/nadair.ca\/recessed-slim-lights\/ce\/wp-json\/wp\/v2\/pages\/2984\/revisions\/2985"}],"wp:attachment":[{"href":"https:\/\/nadair.ca\/recessed-slim-lights\/ce\/wp-json\/wp\/v2\/media?parent=2984"}],"curies":[{"name":"wp","href":"https:\/\/api.w.org\/{rel}","templated":true}]}}