{"id":2758,"date":"2020-03-16T14:09:42","date_gmt":"2020-03-16T14:09:42","guid":{"rendered":"https:\/\/nadair.ca\/recessed-slim-lights\/product\/lumiere-encastree-ultra-mince-4-pouces-carres-3-options-de-temperature-de-lumiere-integres\/"},"modified":"2024-01-24T17:43:48","modified_gmt":"2024-01-24T17:43:48","slug":"ultra-slim-recessed-light-4-inch-square-3-built-in-selectable-color-temperature","status":"publish","type":"product","link":"https:\/\/nadair.ca\/recessed-slim-lights\/ce\/product\/ultra-slim-recessed-light-4-inch-square-3-built-in-selectable-color-temperature\/","title":{"rendered":"(4-POUCES) Lumi\u00e8re encastr\u00e9e ultra mince &#8211; 4 pouces carr\u00e9s &#8211; 3 options de Temp\u00e9rature de lumi\u00e8re int\u00e9gr\u00e9es"},"content":{"rendered":"<ul>\n<li>Luminaires encastr\u00e9s profil\u00e9s de 4 pouces<\/li>\n<li>900 Lumens<\/li>\n<li>12 watts<\/li>\n<li>3 Options de temp\u00e9rature de lumi\u00e8re int\u00e9gr\u00e9es<\/li>\n<li>Garniture nickel bross\u00e9e incluse<\/li>\n<li>Ultra mince, s&rsquo;installe partout<\/li>\n<li><span class=\"a-list-item\">N&rsquo;exige qu&rsquo;un pouce de d\u00e9gagement au plafond<\/span><\/li>\n<li>Intensit\u00e9 R\u00e9glable<\/li>\n<li>50,000 heures de vie<\/li>\n<\/ul>\n","protected":false},"excerpt":{"rendered":"<p>Luminaires encastr\u00e9s profil\u00e9s de 4 pouces 900 Lumens 12 watts  [&#8230;]<\/p>\n","protected":false},"featured_media":4483,"template":"","meta":{"_acf_changed":false},"product_brand":[],"product_cat":[42],"product_tag":[],"class_list":{"0":"post-2758","1":"product","2":"type-product","3":"status-publish","4":"has-post-thumbnail","6":"product_cat-luminaires-encastres-profiles","8":"first","9":"outofstock","10":"taxable","11":"shipping-taxable","12":"purchasable","13":"product-type-variable"},"acf":[],"yoast_head":"<!-- This site is optimized with the Yoast SEO plugin v26.7 - https:\/\/yoast.com\/wordpress\/plugins\/seo\/ -->\n<title>(4-POUCES) Lumi\u00e8re encastr\u00e9e ultra mince - 4 pouces carr\u00e9s - 3 options de Temp\u00e9rature de lumi\u00e8re int\u00e9gr\u00e9es - Recessed Slim Lights<\/title>\n<meta name=\"robots\" content=\"index, follow, max-snippet:-1, max-image-preview:large, max-video-preview:-1\" \/>\n<link rel=\"canonical\" href=\"https:\/\/nadair.ca\/recessed-slim-lights\/ce\/product\/ultra-slim-recessed-light-4-inch-square-3-built-in-selectable-color-temperature\/\" \/>\n<meta property=\"og:locale\" content=\"fr_CA\" \/>\n<meta property=\"og:type\" content=\"article\" \/>\n<meta property=\"og:title\" content=\"(4-POUCES) Lumi\u00e8re encastr\u00e9e ultra mince - 4 pouces carr\u00e9s - 3 options de Temp\u00e9rature de lumi\u00e8re int\u00e9gr\u00e9es - Recessed Slim Lights\" \/>\n<meta property=\"og:description\" content=\"Luminaires encastr\u00e9s profil\u00e9s de 4 pouces 900 Lumens 12 watts [...]\" \/>\n<meta property=\"og:url\" content=\"https:\/\/nadair.ca\/recessed-slim-lights\/ce\/product\/ultra-slim-recessed-light-4-inch-square-3-built-in-selectable-color-temperature\/\" \/>\n<meta property=\"og:site_name\" content=\"Recessed Slim Lights\" \/>\n<meta property=\"article:publisher\" content=\"https:\/\/www.facebook.com\/nadairint\/\" \/>\n<meta property=\"article:modified_time\" content=\"2024-01-24T17:43:48+00:00\" \/>\n<meta property=\"og:image\" content=\"https:\/\/nadair.ca\/recessed-slim-lights\/wp-content\/uploads\/sites\/4\/2020\/03\/4IN-WHBNSQ-Pic-1-scaled.jpg\" \/>\n\t<meta property=\"og:image:width\" content=\"2560\" \/>\n\t<meta property=\"og:image:height\" content=\"1144\" \/>\n\t<meta property=\"og:image:type\" content=\"image\/jpeg\" \/>\n<meta name=\"twitter:card\" content=\"summary_large_image\" \/>\n<meta name=\"twitter:label1\" content=\"Estimation du temps de lecture\" \/>\n\t<meta name=\"twitter:data1\" content=\"1 minute\" \/>\n<script type=\"application\/ld+json\" class=\"yoast-schema-graph\">{\"@context\":\"https:\/\/schema.org\",\"@graph\":[{\"@type\":\"WebPage\",\"@id\":\"https:\/\/nadair.ca\/recessed-slim-lights\/ce\/product\/ultra-slim-recessed-light-4-inch-square-3-built-in-selectable-color-temperature\/\",\"url\":\"https:\/\/nadair.ca\/recessed-slim-lights\/ce\/product\/ultra-slim-recessed-light-4-inch-square-3-built-in-selectable-color-temperature\/\",\"name\":\"(4-POUCES) Lumi\u00e8re encastr\u00e9e ultra mince - 4 pouces carr\u00e9s - 3 options de Temp\u00e9rature de lumi\u00e8re int\u00e9gr\u00e9es - Recessed Slim Lights\",\"isPartOf\":{\"@id\":\"https:\/\/nadair.ca\/recessed-slim-lights\/#website\"},\"primaryImageOfPage\":{\"@id\":\"https:\/\/nadair.ca\/recessed-slim-lights\/ce\/product\/ultra-slim-recessed-light-4-inch-square-3-built-in-selectable-color-temperature\/#primaryimage\"},\"image\":{\"@id\":\"https:\/\/nadair.ca\/recessed-slim-lights\/ce\/product\/ultra-slim-recessed-light-4-inch-square-3-built-in-selectable-color-temperature\/#primaryimage\"},\"thumbnailUrl\":\"https:\/\/nadair.ca\/recessed-slim-lights\/wp-content\/uploads\/sites\/4\/2020\/03\/4IN-WHBNSQ-Pic-1-scaled.jpg\",\"datePublished\":\"2020-03-16T14:09:42+00:00\",\"dateModified\":\"2024-01-24T17:43:48+00:00\",\"breadcrumb\":{\"@id\":\"https:\/\/nadair.ca\/recessed-slim-lights\/ce\/product\/ultra-slim-recessed-light-4-inch-square-3-built-in-selectable-color-temperature\/#breadcrumb\"},\"inLanguage\":\"fr-CA\",\"potentialAction\":[{\"@type\":\"ReadAction\",\"target\":[\"https:\/\/nadair.ca\/recessed-slim-lights\/ce\/product\/ultra-slim-recessed-light-4-inch-square-3-built-in-selectable-color-temperature\/\"]}]},{\"@type\":\"ImageObject\",\"inLanguage\":\"fr-CA\",\"@id\":\"https:\/\/nadair.ca\/recessed-slim-lights\/ce\/product\/ultra-slim-recessed-light-4-inch-square-3-built-in-selectable-color-temperature\/#primaryimage\",\"url\":\"https:\/\/nadair.ca\/recessed-slim-lights\/wp-content\/uploads\/sites\/4\/2020\/03\/4IN-WHBNSQ-Pic-1-scaled.jpg\",\"contentUrl\":\"https:\/\/nadair.ca\/recessed-slim-lights\/wp-content\/uploads\/sites\/4\/2020\/03\/4IN-WHBNSQ-Pic-1-scaled.jpg\",\"width\":2560,\"height\":1144},{\"@type\":\"BreadcrumbList\",\"@id\":\"https:\/\/nadair.ca\/recessed-slim-lights\/ce\/product\/ultra-slim-recessed-light-4-inch-square-3-built-in-selectable-color-temperature\/#breadcrumb\",\"itemListElement\":[{\"@type\":\"ListItem\",\"position\":1,\"name\":\"Home\",\"item\":\"https:\/\/nadair.ca\/recessed-slim-lights\/ce\/\"},{\"@type\":\"ListItem\",\"position\":2,\"name\":\"Magasiner\",\"item\":\"https:\/\/nadair.ca\/recessed-slim-lights\/ce\/\"},{\"@type\":\"ListItem\",\"position\":3,\"name\":\"(4-POUCES) Lumi\u00e8re encastr\u00e9e ultra mince &#8211; 4 pouces carr\u00e9s &#8211; 3 options de Temp\u00e9rature de lumi\u00e8re int\u00e9gr\u00e9es\"}]},{\"@type\":\"WebSite\",\"@id\":\"https:\/\/nadair.ca\/recessed-slim-lights\/#website\",\"url\":\"https:\/\/nadair.ca\/recessed-slim-lights\/\",\"name\":\"Recessed Slim Lights\",\"description\":\"\",\"publisher\":{\"@id\":\"https:\/\/nadair.ca\/recessed-slim-lights\/#organization\"},\"potentialAction\":[{\"@type\":\"SearchAction\",\"target\":{\"@type\":\"EntryPoint\",\"urlTemplate\":\"https:\/\/nadair.ca\/recessed-slim-lights\/?s={search_term_string}\"},\"query-input\":{\"@type\":\"PropertyValueSpecification\",\"valueRequired\":true,\"valueName\":\"search_term_string\"}}],\"inLanguage\":\"fr-CA\"},{\"@type\":\"Organization\",\"@id\":\"https:\/\/nadair.ca\/recessed-slim-lights\/#organization\",\"name\":\"Nadair\",\"url\":\"https:\/\/nadair.ca\/recessed-slim-lights\/\",\"logo\":{\"@type\":\"ImageObject\",\"inLanguage\":\"fr-CA\",\"@id\":\"https:\/\/nadair.ca\/recessed-slim-lights\/#\/schema\/logo\/image\/\",\"url\":\"https:\/\/nadair.ca\/recessed-slim-lights\/wp-content\/uploads\/sites\/4\/2018\/09\/logo.png\",\"contentUrl\":\"https:\/\/nadair.ca\/recessed-slim-lights\/wp-content\/uploads\/sites\/4\/2018\/09\/logo.png\",\"width\":161,\"height\":59,\"caption\":\"Nadair\"},\"image\":{\"@id\":\"https:\/\/nadair.ca\/recessed-slim-lights\/#\/schema\/logo\/image\/\"},\"sameAs\":[\"https:\/\/www.facebook.com\/nadairint\/\"]}]}<\/script>\n<!-- \/ Yoast SEO plugin. -->","yoast_head_json":{"title":"(4-POUCES) Lumi\u00e8re encastr\u00e9e ultra mince - 4 pouces carr\u00e9s - 3 options de Temp\u00e9rature de lumi\u00e8re int\u00e9gr\u00e9es - Recessed Slim Lights","robots":{"index":"index","follow":"follow","max-snippet":"max-snippet:-1","max-image-preview":"max-image-preview:large","max-video-preview":"max-video-preview:-1"},"canonical":"https:\/\/nadair.ca\/recessed-slim-lights\/ce\/product\/ultra-slim-recessed-light-4-inch-square-3-built-in-selectable-color-temperature\/","og_locale":"fr_CA","og_type":"article","og_title":"(4-POUCES) Lumi\u00e8re encastr\u00e9e ultra mince - 4 pouces carr\u00e9s - 3 options de Temp\u00e9rature de lumi\u00e8re int\u00e9gr\u00e9es - Recessed Slim Lights","og_description":"Luminaires encastr\u00e9s profil\u00e9s de 4 pouces 900 Lumens 12 watts [...]","og_url":"https:\/\/nadair.ca\/recessed-slim-lights\/ce\/product\/ultra-slim-recessed-light-4-inch-square-3-built-in-selectable-color-temperature\/","og_site_name":"Recessed Slim Lights","article_publisher":"https:\/\/www.facebook.com\/nadairint\/","article_modified_time":"2024-01-24T17:43:48+00:00","og_image":[{"width":2560,"height":1144,"url":"https:\/\/nadair.ca\/recessed-slim-lights\/wp-content\/uploads\/sites\/4\/2020\/03\/4IN-WHBNSQ-Pic-1-scaled.jpg","type":"image\/jpeg"}],"twitter_card":"summary_large_image","twitter_misc":{"Estimation du temps de lecture":"1 minute"},"schema":{"@context":"https:\/\/schema.org","@graph":[{"@type":"WebPage","@id":"https:\/\/nadair.ca\/recessed-slim-lights\/ce\/product\/ultra-slim-recessed-light-4-inch-square-3-built-in-selectable-color-temperature\/","url":"https:\/\/nadair.ca\/recessed-slim-lights\/ce\/product\/ultra-slim-recessed-light-4-inch-square-3-built-in-selectable-color-temperature\/","name":"(4-POUCES) Lumi\u00e8re encastr\u00e9e ultra mince - 4 pouces carr\u00e9s - 3 options de Temp\u00e9rature de lumi\u00e8re int\u00e9gr\u00e9es - Recessed Slim Lights","isPartOf":{"@id":"https:\/\/nadair.ca\/recessed-slim-lights\/#website"},"primaryImageOfPage":{"@id":"https:\/\/nadair.ca\/recessed-slim-lights\/ce\/product\/ultra-slim-recessed-light-4-inch-square-3-built-in-selectable-color-temperature\/#primaryimage"},"image":{"@id":"https:\/\/nadair.ca\/recessed-slim-lights\/ce\/product\/ultra-slim-recessed-light-4-inch-square-3-built-in-selectable-color-temperature\/#primaryimage"},"thumbnailUrl":"https:\/\/nadair.ca\/recessed-slim-lights\/wp-content\/uploads\/sites\/4\/2020\/03\/4IN-WHBNSQ-Pic-1-scaled.jpg","datePublished":"2020-03-16T14:09:42+00:00","dateModified":"2024-01-24T17:43:48+00:00","breadcrumb":{"@id":"https:\/\/nadair.ca\/recessed-slim-lights\/ce\/product\/ultra-slim-recessed-light-4-inch-square-3-built-in-selectable-color-temperature\/#breadcrumb"},"inLanguage":"fr-CA","potentialAction":[{"@type":"ReadAction","target":["https:\/\/nadair.ca\/recessed-slim-lights\/ce\/product\/ultra-slim-recessed-light-4-inch-square-3-built-in-selectable-color-temperature\/"]}]},{"@type":"ImageObject","inLanguage":"fr-CA","@id":"https:\/\/nadair.ca\/recessed-slim-lights\/ce\/product\/ultra-slim-recessed-light-4-inch-square-3-built-in-selectable-color-temperature\/#primaryimage","url":"https:\/\/nadair.ca\/recessed-slim-lights\/wp-content\/uploads\/sites\/4\/2020\/03\/4IN-WHBNSQ-Pic-1-scaled.jpg","contentUrl":"https:\/\/nadair.ca\/recessed-slim-lights\/wp-content\/uploads\/sites\/4\/2020\/03\/4IN-WHBNSQ-Pic-1-scaled.jpg","width":2560,"height":1144},{"@type":"BreadcrumbList","@id":"https:\/\/nadair.ca\/recessed-slim-lights\/ce\/product\/ultra-slim-recessed-light-4-inch-square-3-built-in-selectable-color-temperature\/#breadcrumb","itemListElement":[{"@type":"ListItem","position":1,"name":"Home","item":"https:\/\/nadair.ca\/recessed-slim-lights\/ce\/"},{"@type":"ListItem","position":2,"name":"Magasiner","item":"https:\/\/nadair.ca\/recessed-slim-lights\/ce\/"},{"@type":"ListItem","position":3,"name":"(4-POUCES) Lumi\u00e8re encastr\u00e9e ultra mince &#8211; 4 pouces carr\u00e9s &#8211; 3 options de Temp\u00e9rature de lumi\u00e8re int\u00e9gr\u00e9es"}]},{"@type":"WebSite","@id":"https:\/\/nadair.ca\/recessed-slim-lights\/#website","url":"https:\/\/nadair.ca\/recessed-slim-lights\/","name":"Recessed Slim Lights","description":"","publisher":{"@id":"https:\/\/nadair.ca\/recessed-slim-lights\/#organization"},"potentialAction":[{"@type":"SearchAction","target":{"@type":"EntryPoint","urlTemplate":"https:\/\/nadair.ca\/recessed-slim-lights\/?s={search_term_string}"},"query-input":{"@type":"PropertyValueSpecification","valueRequired":true,"valueName":"search_term_string"}}],"inLanguage":"fr-CA"},{"@type":"Organization","@id":"https:\/\/nadair.ca\/recessed-slim-lights\/#organization","name":"Nadair","url":"https:\/\/nadair.ca\/recessed-slim-lights\/","logo":{"@type":"ImageObject","inLanguage":"fr-CA","@id":"https:\/\/nadair.ca\/recessed-slim-lights\/#\/schema\/logo\/image\/","url":"https:\/\/nadair.ca\/recessed-slim-lights\/wp-content\/uploads\/sites\/4\/2018\/09\/logo.png","contentUrl":"https:\/\/nadair.ca\/recessed-slim-lights\/wp-content\/uploads\/sites\/4\/2018\/09\/logo.png","width":161,"height":59,"caption":"Nadair"},"image":{"@id":"https:\/\/nadair.ca\/recessed-slim-lights\/#\/schema\/logo\/image\/"},"sameAs":["https:\/\/www.facebook.com\/nadairint\/"]}]}},"_links":{"self":[{"href":"https:\/\/nadair.ca\/recessed-slim-lights\/ce\/wp-json\/wp\/v2\/product\/2758","targetHints":{"allow":["GET"]}}],"collection":[{"href":"https:\/\/nadair.ca\/recessed-slim-lights\/ce\/wp-json\/wp\/v2\/product"}],"about":[{"href":"https:\/\/nadair.ca\/recessed-slim-lights\/ce\/wp-json\/wp\/v2\/types\/product"}],"wp:featuredmedia":[{"embeddable":true,"href":"https:\/\/nadair.ca\/recessed-slim-lights\/ce\/wp-json\/wp\/v2\/media\/4483"}],"wp:attachment":[{"href":"https:\/\/nadair.ca\/recessed-slim-lights\/ce\/wp-json\/wp\/v2\/media?parent=2758"}],"wp:term":[{"taxonomy":"product_brand","embeddable":true,"href":"https:\/\/nadair.ca\/recessed-slim-lights\/ce\/wp-json\/wp\/v2\/product_brand?post=2758"},{"taxonomy":"product_cat","embeddable":true,"href":"https:\/\/nadair.ca\/recessed-slim-lights\/ce\/wp-json\/wp\/v2\/product_cat?post=2758"},{"taxonomy":"product_tag","embeddable":true,"href":"https:\/\/nadair.ca\/recessed-slim-lights\/ce\/wp-json\/wp\/v2\/product_tag?post=2758"}],"curies":[{"name":"wp","href":"https:\/\/api.w.org\/{rel}","templated":true}]}}