{"id":2952,"date":"2019-10-10T14:52:25","date_gmt":"2019-10-10T14:52:25","guid":{"rendered":"https:\/\/nadair.ca\/recessed-slim-lights\/product\/luminaires-encastres-profiles-3-pouces-rond-3-options-de-temperature-de-lumiere-integres\/"},"modified":"2024-02-01T18:22:32","modified_gmt":"2024-02-01T18:22:32","slug":"ultra-slim-recessed-light-3-inch-round-3-built-in-selectable-color-temperature-2","status":"publish","type":"product","link":"https:\/\/nadair.ca\/recessed-slim-lights\/ce\/product\/ultra-slim-recessed-light-3-inch-round-3-built-in-selectable-color-temperature-2\/","title":{"rendered":"Luminaires encastr\u00e9s profil\u00e9s &#8211; 3 pouces Rond &#8211; 3 Options de Temp\u00e9rature de lumi\u00e8re int\u00e9gr\u00e9s"},"content":{"rendered":"<ul>\n<li>Luminaires encastr\u00e9s profil\u00e9s &#8211; 3 pouces<\/li>\n<li>450 Lumens<\/li>\n<li>6 watts<\/li>\n<li>3 Options de temp\u00e9rature de lumi\u00e8re int\u00e9gr\u00e9es<\/li>\n<li>Garniture nickel bross\u00e9e incluse<\/li>\n<li>Ultra mince, s&rsquo;installe partout<\/li>\n<li><span class=\"a-list-item\">N&rsquo;exige qu&rsquo;un pouce de d\u00e9gagement au plafond<\/span><\/li>\n<li>Intensit\u00e9 R\u00e9glable<\/li>\n<li>50,000 heures de vie<\/li>\n<\/ul>\n","protected":false},"excerpt":{"rendered":"<p>Luminaires encastr\u00e9s profil\u00e9s &#8211; 3 pouces 450 Lumens 6 watts  [&#8230;]<\/p>\n","protected":false},"featured_media":3085,"template":"","meta":{"_acf_changed":false},"product_brand":[],"product_cat":[41,42],"product_tag":[],"class_list":{"0":"post-2952","1":"product","2":"type-product","3":"status-publish","4":"has-post-thumbnail","6":"product_cat-3-options-de-temperature-de-lumiere-integrees","7":"product_cat-luminaires-encastres-profiles","8":"pa_brand-nadair-ce","10":"first","11":"instock","12":"taxable","13":"shipping-taxable","14":"purchasable","15":"product-type-variable"},"acf":[],"yoast_head":"<!-- This site is optimized with the Yoast SEO plugin v26.7 - https:\/\/yoast.com\/wordpress\/plugins\/seo\/ -->\n<title>Luminaires encastr\u00e9s profil\u00e9s - 3 pouces Rond - 3 Options de Temp\u00e9rature de lumi\u00e8re int\u00e9gr\u00e9s - Recessed Slim Lights<\/title>\n<meta name=\"robots\" content=\"index, follow, max-snippet:-1, max-image-preview:large, max-video-preview:-1\" \/>\n<link rel=\"canonical\" href=\"https:\/\/nadair.ca\/recessed-slim-lights\/ce\/product\/ultra-slim-recessed-light-3-inch-round-3-built-in-selectable-color-temperature-2\/\" \/>\n<meta property=\"og:locale\" content=\"fr_CA\" \/>\n<meta property=\"og:type\" content=\"article\" \/>\n<meta property=\"og:title\" content=\"Luminaires encastr\u00e9s profil\u00e9s - 3 pouces Rond - 3 Options de Temp\u00e9rature de lumi\u00e8re int\u00e9gr\u00e9s - Recessed Slim Lights\" \/>\n<meta property=\"og:description\" content=\"Luminaires encastr\u00e9s profil\u00e9s &#8211; 3 pouces 450 Lumens 6 watts [...]\" \/>\n<meta property=\"og:url\" content=\"https:\/\/nadair.ca\/recessed-slim-lights\/ce\/product\/ultra-slim-recessed-light-3-inch-round-3-built-in-selectable-color-temperature-2\/\" \/>\n<meta property=\"og:site_name\" content=\"Recessed Slim Lights\" \/>\n<meta property=\"article:publisher\" content=\"https:\/\/www.facebook.com\/nadairint\/\" \/>\n<meta property=\"article:modified_time\" content=\"2024-02-01T18:22:32+00:00\" \/>\n<meta property=\"og:image\" content=\"https:\/\/nadair.ca\/recessed-slim-lights\/wp-content\/uploads\/sites\/4\/2019\/10\/FR-3IN-WHBN-Pic-2-scaled.jpg\" \/>\n\t<meta property=\"og:image:width\" content=\"2560\" \/>\n\t<meta property=\"og:image:height\" content=\"2560\" \/>\n\t<meta property=\"og:image:type\" content=\"image\/jpeg\" \/>\n<meta name=\"twitter:card\" content=\"summary_large_image\" \/>\n<meta name=\"twitter:label1\" content=\"Estimation du temps de lecture\" \/>\n\t<meta name=\"twitter:data1\" content=\"1 minute\" \/>\n<script type=\"application\/ld+json\" class=\"yoast-schema-graph\">{\"@context\":\"https:\/\/schema.org\",\"@graph\":[{\"@type\":\"WebPage\",\"@id\":\"https:\/\/nadair.ca\/recessed-slim-lights\/ce\/product\/ultra-slim-recessed-light-3-inch-round-3-built-in-selectable-color-temperature-2\/\",\"url\":\"https:\/\/nadair.ca\/recessed-slim-lights\/ce\/product\/ultra-slim-recessed-light-3-inch-round-3-built-in-selectable-color-temperature-2\/\",\"name\":\"Luminaires encastr\u00e9s profil\u00e9s - 3 pouces Rond - 3 Options de Temp\u00e9rature de lumi\u00e8re int\u00e9gr\u00e9s - Recessed Slim Lights\",\"isPartOf\":{\"@id\":\"https:\/\/nadair.ca\/recessed-slim-lights\/#website\"},\"primaryImageOfPage\":{\"@id\":\"https:\/\/nadair.ca\/recessed-slim-lights\/ce\/product\/ultra-slim-recessed-light-3-inch-round-3-built-in-selectable-color-temperature-2\/#primaryimage\"},\"image\":{\"@id\":\"https:\/\/nadair.ca\/recessed-slim-lights\/ce\/product\/ultra-slim-recessed-light-3-inch-round-3-built-in-selectable-color-temperature-2\/#primaryimage\"},\"thumbnailUrl\":\"https:\/\/nadair.ca\/recessed-slim-lights\/wp-content\/uploads\/sites\/4\/2019\/10\/FR-3IN-WHBN-Pic-2-scaled.jpg\",\"datePublished\":\"2019-10-10T14:52:25+00:00\",\"dateModified\":\"2024-02-01T18:22:32+00:00\",\"breadcrumb\":{\"@id\":\"https:\/\/nadair.ca\/recessed-slim-lights\/ce\/product\/ultra-slim-recessed-light-3-inch-round-3-built-in-selectable-color-temperature-2\/#breadcrumb\"},\"inLanguage\":\"fr-CA\",\"potentialAction\":[{\"@type\":\"ReadAction\",\"target\":[\"https:\/\/nadair.ca\/recessed-slim-lights\/ce\/product\/ultra-slim-recessed-light-3-inch-round-3-built-in-selectable-color-temperature-2\/\"]}]},{\"@type\":\"ImageObject\",\"inLanguage\":\"fr-CA\",\"@id\":\"https:\/\/nadair.ca\/recessed-slim-lights\/ce\/product\/ultra-slim-recessed-light-3-inch-round-3-built-in-selectable-color-temperature-2\/#primaryimage\",\"url\":\"https:\/\/nadair.ca\/recessed-slim-lights\/wp-content\/uploads\/sites\/4\/2019\/10\/FR-3IN-WHBN-Pic-2-scaled.jpg\",\"contentUrl\":\"https:\/\/nadair.ca\/recessed-slim-lights\/wp-content\/uploads\/sites\/4\/2019\/10\/FR-3IN-WHBN-Pic-2-scaled.jpg\",\"width\":2560,\"height\":2560},{\"@type\":\"BreadcrumbList\",\"@id\":\"https:\/\/nadair.ca\/recessed-slim-lights\/ce\/product\/ultra-slim-recessed-light-3-inch-round-3-built-in-selectable-color-temperature-2\/#breadcrumb\",\"itemListElement\":[{\"@type\":\"ListItem\",\"position\":1,\"name\":\"Home\",\"item\":\"https:\/\/nadair.ca\/recessed-slim-lights\/ce\/\"},{\"@type\":\"ListItem\",\"position\":2,\"name\":\"Magasiner\",\"item\":\"https:\/\/nadair.ca\/recessed-slim-lights\/ce\/\"},{\"@type\":\"ListItem\",\"position\":3,\"name\":\"Luminaires encastr\u00e9s profil\u00e9s &#8211; 3 pouces Rond &#8211; 3 Options de Temp\u00e9rature de lumi\u00e8re int\u00e9gr\u00e9s\"}]},{\"@type\":\"WebSite\",\"@id\":\"https:\/\/nadair.ca\/recessed-slim-lights\/#website\",\"url\":\"https:\/\/nadair.ca\/recessed-slim-lights\/\",\"name\":\"Recessed Slim Lights\",\"description\":\"\",\"publisher\":{\"@id\":\"https:\/\/nadair.ca\/recessed-slim-lights\/#organization\"},\"potentialAction\":[{\"@type\":\"SearchAction\",\"target\":{\"@type\":\"EntryPoint\",\"urlTemplate\":\"https:\/\/nadair.ca\/recessed-slim-lights\/?s={search_term_string}\"},\"query-input\":{\"@type\":\"PropertyValueSpecification\",\"valueRequired\":true,\"valueName\":\"search_term_string\"}}],\"inLanguage\":\"fr-CA\"},{\"@type\":\"Organization\",\"@id\":\"https:\/\/nadair.ca\/recessed-slim-lights\/#organization\",\"name\":\"Nadair\",\"url\":\"https:\/\/nadair.ca\/recessed-slim-lights\/\",\"logo\":{\"@type\":\"ImageObject\",\"inLanguage\":\"fr-CA\",\"@id\":\"https:\/\/nadair.ca\/recessed-slim-lights\/#\/schema\/logo\/image\/\",\"url\":\"https:\/\/nadair.ca\/recessed-slim-lights\/wp-content\/uploads\/sites\/4\/2018\/09\/logo.png\",\"contentUrl\":\"https:\/\/nadair.ca\/recessed-slim-lights\/wp-content\/uploads\/sites\/4\/2018\/09\/logo.png\",\"width\":161,\"height\":59,\"caption\":\"Nadair\"},\"image\":{\"@id\":\"https:\/\/nadair.ca\/recessed-slim-lights\/#\/schema\/logo\/image\/\"},\"sameAs\":[\"https:\/\/www.facebook.com\/nadairint\/\"]}]}<\/script>\n<!-- \/ Yoast SEO plugin. -->","yoast_head_json":{"title":"Luminaires encastr\u00e9s profil\u00e9s - 3 pouces Rond - 3 Options de Temp\u00e9rature de lumi\u00e8re int\u00e9gr\u00e9s - Recessed Slim Lights","robots":{"index":"index","follow":"follow","max-snippet":"max-snippet:-1","max-image-preview":"max-image-preview:large","max-video-preview":"max-video-preview:-1"},"canonical":"https:\/\/nadair.ca\/recessed-slim-lights\/ce\/product\/ultra-slim-recessed-light-3-inch-round-3-built-in-selectable-color-temperature-2\/","og_locale":"fr_CA","og_type":"article","og_title":"Luminaires encastr\u00e9s profil\u00e9s - 3 pouces Rond - 3 Options de Temp\u00e9rature de lumi\u00e8re int\u00e9gr\u00e9s - Recessed Slim Lights","og_description":"Luminaires encastr\u00e9s profil\u00e9s &#8211; 3 pouces 450 Lumens 6 watts [...]","og_url":"https:\/\/nadair.ca\/recessed-slim-lights\/ce\/product\/ultra-slim-recessed-light-3-inch-round-3-built-in-selectable-color-temperature-2\/","og_site_name":"Recessed Slim Lights","article_publisher":"https:\/\/www.facebook.com\/nadairint\/","article_modified_time":"2024-02-01T18:22:32+00:00","og_image":[{"width":2560,"height":2560,"url":"https:\/\/nadair.ca\/recessed-slim-lights\/wp-content\/uploads\/sites\/4\/2019\/10\/FR-3IN-WHBN-Pic-2-scaled.jpg","type":"image\/jpeg"}],"twitter_card":"summary_large_image","twitter_misc":{"Estimation du temps de lecture":"1 minute"},"schema":{"@context":"https:\/\/schema.org","@graph":[{"@type":"WebPage","@id":"https:\/\/nadair.ca\/recessed-slim-lights\/ce\/product\/ultra-slim-recessed-light-3-inch-round-3-built-in-selectable-color-temperature-2\/","url":"https:\/\/nadair.ca\/recessed-slim-lights\/ce\/product\/ultra-slim-recessed-light-3-inch-round-3-built-in-selectable-color-temperature-2\/","name":"Luminaires encastr\u00e9s profil\u00e9s - 3 pouces Rond - 3 Options de Temp\u00e9rature de lumi\u00e8re int\u00e9gr\u00e9s - Recessed Slim Lights","isPartOf":{"@id":"https:\/\/nadair.ca\/recessed-slim-lights\/#website"},"primaryImageOfPage":{"@id":"https:\/\/nadair.ca\/recessed-slim-lights\/ce\/product\/ultra-slim-recessed-light-3-inch-round-3-built-in-selectable-color-temperature-2\/#primaryimage"},"image":{"@id":"https:\/\/nadair.ca\/recessed-slim-lights\/ce\/product\/ultra-slim-recessed-light-3-inch-round-3-built-in-selectable-color-temperature-2\/#primaryimage"},"thumbnailUrl":"https:\/\/nadair.ca\/recessed-slim-lights\/wp-content\/uploads\/sites\/4\/2019\/10\/FR-3IN-WHBN-Pic-2-scaled.jpg","datePublished":"2019-10-10T14:52:25+00:00","dateModified":"2024-02-01T18:22:32+00:00","breadcrumb":{"@id":"https:\/\/nadair.ca\/recessed-slim-lights\/ce\/product\/ultra-slim-recessed-light-3-inch-round-3-built-in-selectable-color-temperature-2\/#breadcrumb"},"inLanguage":"fr-CA","potentialAction":[{"@type":"ReadAction","target":["https:\/\/nadair.ca\/recessed-slim-lights\/ce\/product\/ultra-slim-recessed-light-3-inch-round-3-built-in-selectable-color-temperature-2\/"]}]},{"@type":"ImageObject","inLanguage":"fr-CA","@id":"https:\/\/nadair.ca\/recessed-slim-lights\/ce\/product\/ultra-slim-recessed-light-3-inch-round-3-built-in-selectable-color-temperature-2\/#primaryimage","url":"https:\/\/nadair.ca\/recessed-slim-lights\/wp-content\/uploads\/sites\/4\/2019\/10\/FR-3IN-WHBN-Pic-2-scaled.jpg","contentUrl":"https:\/\/nadair.ca\/recessed-slim-lights\/wp-content\/uploads\/sites\/4\/2019\/10\/FR-3IN-WHBN-Pic-2-scaled.jpg","width":2560,"height":2560},{"@type":"BreadcrumbList","@id":"https:\/\/nadair.ca\/recessed-slim-lights\/ce\/product\/ultra-slim-recessed-light-3-inch-round-3-built-in-selectable-color-temperature-2\/#breadcrumb","itemListElement":[{"@type":"ListItem","position":1,"name":"Home","item":"https:\/\/nadair.ca\/recessed-slim-lights\/ce\/"},{"@type":"ListItem","position":2,"name":"Magasiner","item":"https:\/\/nadair.ca\/recessed-slim-lights\/ce\/"},{"@type":"ListItem","position":3,"name":"Luminaires encastr\u00e9s profil\u00e9s &#8211; 3 pouces Rond &#8211; 3 Options de Temp\u00e9rature de lumi\u00e8re int\u00e9gr\u00e9s"}]},{"@type":"WebSite","@id":"https:\/\/nadair.ca\/recessed-slim-lights\/#website","url":"https:\/\/nadair.ca\/recessed-slim-lights\/","name":"Recessed Slim Lights","description":"","publisher":{"@id":"https:\/\/nadair.ca\/recessed-slim-lights\/#organization"},"potentialAction":[{"@type":"SearchAction","target":{"@type":"EntryPoint","urlTemplate":"https:\/\/nadair.ca\/recessed-slim-lights\/?s={search_term_string}"},"query-input":{"@type":"PropertyValueSpecification","valueRequired":true,"valueName":"search_term_string"}}],"inLanguage":"fr-CA"},{"@type":"Organization","@id":"https:\/\/nadair.ca\/recessed-slim-lights\/#organization","name":"Nadair","url":"https:\/\/nadair.ca\/recessed-slim-lights\/","logo":{"@type":"ImageObject","inLanguage":"fr-CA","@id":"https:\/\/nadair.ca\/recessed-slim-lights\/#\/schema\/logo\/image\/","url":"https:\/\/nadair.ca\/recessed-slim-lights\/wp-content\/uploads\/sites\/4\/2018\/09\/logo.png","contentUrl":"https:\/\/nadair.ca\/recessed-slim-lights\/wp-content\/uploads\/sites\/4\/2018\/09\/logo.png","width":161,"height":59,"caption":"Nadair"},"image":{"@id":"https:\/\/nadair.ca\/recessed-slim-lights\/#\/schema\/logo\/image\/"},"sameAs":["https:\/\/www.facebook.com\/nadairint\/"]}]}},"_links":{"self":[{"href":"https:\/\/nadair.ca\/recessed-slim-lights\/ce\/wp-json\/wp\/v2\/product\/2952","targetHints":{"allow":["GET"]}}],"collection":[{"href":"https:\/\/nadair.ca\/recessed-slim-lights\/ce\/wp-json\/wp\/v2\/product"}],"about":[{"href":"https:\/\/nadair.ca\/recessed-slim-lights\/ce\/wp-json\/wp\/v2\/types\/product"}],"wp:featuredmedia":[{"embeddable":true,"href":"https:\/\/nadair.ca\/recessed-slim-lights\/ce\/wp-json\/wp\/v2\/media\/3085"}],"wp:attachment":[{"href":"https:\/\/nadair.ca\/recessed-slim-lights\/ce\/wp-json\/wp\/v2\/media?parent=2952"}],"wp:term":[{"taxonomy":"product_brand","embeddable":true,"href":"https:\/\/nadair.ca\/recessed-slim-lights\/ce\/wp-json\/wp\/v2\/product_brand?post=2952"},{"taxonomy":"product_cat","embeddable":true,"href":"https:\/\/nadair.ca\/recessed-slim-lights\/ce\/wp-json\/wp\/v2\/product_cat?post=2952"},{"taxonomy":"product_tag","embeddable":true,"href":"https:\/\/nadair.ca\/recessed-slim-lights\/ce\/wp-json\/wp\/v2\/product_tag?post=2952"}],"curies":[{"name":"wp","href":"https:\/\/api.w.org\/{rel}","templated":true}]}}