{"id":4127,"date":"2022-08-15T17:21:29","date_gmt":"2022-08-15T17:21:29","guid":{"rendered":"https:\/\/nadair.ca\/recessed-slim-lights\/?post_type=product&#038;p=4127"},"modified":"2025-06-16T15:06:22","modified_gmt":"2025-06-16T15:06:22","slug":"3-pouces-led-ultra-slim-encastres-6w-450-lumens-blanc-avec-garniture-noire-inclus","status":"publish","type":"product","link":"https:\/\/nadair.ca\/recessed-slim-lights\/ce\/product\/3-pouces-led-ultra-slim-encastres-6w-450-lumens-blanc-avec-garniture-noire-inclus\/","title":{"rendered":"Lumi\u00e8res encastr\u00e9es DEL ultra minces 3 pouces<br>Puissance : 6W<br>Luminosit\u00e9 : 450 lumens<br>Finition : Blanc avec garniture noire incluse<br>Temp\u00e9rature de couleur :<br>Offerte en version CCT s\u00e9lectionnable et 4000K fixe<br>L\u2019option 3000K est disponible uniquement en blanc (aucune garniture noire disponible)<br>Note : La garniture noire n\u2019est pas offert pour le mod\u00e8le 3000K."},"content":{"rendered":"<ul>\n<li class=\"p1\" style=\"text-align: left;\">3\u00a0\u00bb profil\u00e9 mince au DEL &#8211; 450 lumens, DEL de 6 watts (\u00e9quivalent \u00e0 50 W halog\u00e8ne), 120 volts.<\/li>\n<li class=\"p1\">CERTIFI\u00c9 IC : Peut \u00eatre install\u00e9 dans des plafonds isol\u00e9s et non isol\u00e9s. Nos luminaires sont prot\u00e9g\u00e9s thermiquement et ne surchauffent pas. La lumi\u00e8re et la bo\u00eete de jonction peuvent \u00eatre en contact direct avec la laine isolante.<\/li>\n<li class=\"p1\">GARNITURE NOIRE INCLUSE &#8211; Personnalisez votre design avec une garniture color\u00e9e suppl\u00e9mentaire ! Uniquement pour les mod\u00e8les CCT et 4000K.<br \/>L\u2019option 3000K est offerte en blanc seulement, sans garniture incluse. <\/li>\n<li class=\"p1\">TROU DE COUPE ROND : 3\u00a0\u00bb<\/li>\n<li class=\"p1\">FACILE \u00c0 INSTALLER : Convient pour les r\u00e9novations et les nouvelles constructions : d\u00e9coupez un trou dans le plafond ; Connectez la bo\u00eete de jonction au c\u00e2ble ; Ins\u00e9rez la lumi\u00e8re dans le plafond et la pince \u00e0 ressort la maintiendra en place. Sans tracas<\/li>\n<li class=\"p1\">S&rsquo;adapte partout : int\u00e9rieur : dans les douches (pour les endroits humides) et s&rsquo;adapte dans les espaces restreints (n\u00e9cessite seulement 2,5 cm de d\u00e9gagement au plafond), ext\u00e9rieur : inclus dans les soffites \u2013 (pour les endroits humides).<\/li>\n<li class=\"p1\">INTENSIT\u00c9 R\u00c8GLABLE &#8211; Nos luminaires fonctionnent parfaitement avec une large gamme de gradateurs vous permettant d&rsquo;\u00e9conomiser de l&rsquo;\u00e9nergie et d&rsquo;augmenter la dur\u00e9e de vie de l&rsquo;ampoule<\/li>\n<li class=\"p1\">Le favori de l&rsquo;entrepreneur : grande bo\u00eete de jonction, fil de 30,5 cm, facilite l&rsquo;installation partout, trou de serrure, pour s\u00e9curiser la bo\u00eete de jonction, 3 \u00a0\u00bbknock out\u00a0\u00bb, pour une installation en s\u00e9rie et\/ou en parall\u00e8le.<\/li>\n<li class=\"p1\">Approuv\u00e9 ETL pour les \u00c9tats-Unis et le Canada<\/li>\n<li class=\"p1\">SERVICE APR\u00c8S-VENTE : Pour plus d&rsquo;informations ou d&rsquo;assistance, contactez-nous directement au 1-800-776-7891 ou par e-mail \u00e0 service@nadair.com &#8211; Garantie 5 ans<\/li>\n<\/ul>\n","protected":false},"excerpt":{"rendered":"[video width=\"1920\" height=\"1080\" mp4=\"https:\/\/nadair.ca\/recessed-slim-lights\/wp-content\/uploads\/sites\/4\/2022\/05\/SL-3K4K-BK-V2.mp4\"][\/video]\n","protected":false},"featured_media":4435,"template":"","meta":{"_acf_changed":false},"product_brand":[],"product_cat":[42,54,51,44],"product_tag":[],"class_list":{"0":"post-4127","1":"product","2":"type-product","3":"status-publish","4":"has-post-thumbnail","6":"product_cat-luminaires-encastres-profiles","7":"product_cat-nouveau","8":"product_cat-promo-ce","9":"product_cat-temperature-de-couleur-unique","10":"pa_brand-nadair-ce","12":"first","13":"instock","14":"featured","15":"taxable","16":"shipping-taxable","17":"purchasable","18":"product-type-variable"},"acf":[],"yoast_head":"<!-- This site is optimized with the Yoast SEO plugin v26.7 - https:\/\/yoast.com\/wordpress\/plugins\/seo\/ -->\n<title>Lumi\u00e8res encastr\u00e9es DEL ultra minces 3 poucesPuissance : 6WLuminosit\u00e9 : 450 lumensFinition : Blanc avec garniture noire incluseTemp\u00e9rature de couleur :Offerte en version CCT s\u00e9lectionnable et 4000K fixeL\u2019option 3000K est disponible uniquement en blanc (aucune garniture noire disponible)Note : La garniture noire n\u2019est pas offert pour le mod\u00e8le 3000K. - Recessed Slim Lights<\/title>\n<meta name=\"robots\" content=\"index, follow, max-snippet:-1, max-image-preview:large, max-video-preview:-1\" \/>\n<link rel=\"canonical\" href=\"https:\/\/nadair.ca\/recessed-slim-lights\/ce\/product\/3-pouces-led-ultra-slim-encastres-6w-450-lumens-blanc-avec-garniture-noire-inclus\/\" \/>\n<meta property=\"og:locale\" content=\"fr_CA\" \/>\n<meta property=\"og:type\" content=\"article\" \/>\n<meta property=\"og:title\" content=\"Lumi\u00e8res encastr\u00e9es DEL ultra minces 3 poucesPuissance : 6WLuminosit\u00e9 : 450 lumensFinition : Blanc avec garniture noire incluseTemp\u00e9rature de couleur :Offerte en version CCT s\u00e9lectionnable et 4000K fixeL\u2019option 3000K est disponible uniquement en blanc (aucune garniture noire disponible)Note : La garniture noire n\u2019est pas offert pour le mod\u00e8le 3000K. - Recessed Slim Lights\" \/>\n<meta property=\"og:url\" content=\"https:\/\/nadair.ca\/recessed-slim-lights\/ce\/product\/3-pouces-led-ultra-slim-encastres-6w-450-lumens-blanc-avec-garniture-noire-inclus\/\" \/>\n<meta property=\"og:site_name\" content=\"Recessed Slim Lights\" \/>\n<meta property=\"article:publisher\" content=\"https:\/\/www.facebook.com\/nadairint\/\" \/>\n<meta property=\"article:modified_time\" content=\"2025-06-16T15:06:22+00:00\" \/>\n<meta property=\"og:image\" content=\"https:\/\/nadair.ca\/recessed-slim-lights\/wp-content\/uploads\/sites\/4\/2022\/08\/main-4in-CCT_Plan-de-travail-1-scaled.jpg\" \/>\n\t<meta property=\"og:image:width\" content=\"2560\" \/>\n\t<meta property=\"og:image:height\" content=\"2560\" \/>\n\t<meta property=\"og:image:type\" content=\"image\/jpeg\" \/>\n<meta name=\"twitter:card\" content=\"summary_large_image\" \/>\n<meta name=\"twitter:description\" content=\"[video width=&quot;1920&quot; height=&quot;1080&quot; mp4=&quot;https:\/\/nadair.ca\/recessed-slim-lights\/wp-content\/uploads\/sites\/4\/2022\/05\/SL-3K4K-BK-V2.mp4&quot;][\/video]\" \/>\n<meta name=\"twitter:label1\" content=\"Estimation du temps de lecture\" \/>\n\t<meta name=\"twitter:data1\" content=\"2 minutes\" \/>\n<script type=\"application\/ld+json\" class=\"yoast-schema-graph\">{\"@context\":\"https:\/\/schema.org\",\"@graph\":[{\"@type\":\"WebPage\",\"@id\":\"https:\/\/nadair.ca\/recessed-slim-lights\/ce\/product\/3-pouces-led-ultra-slim-encastres-6w-450-lumens-blanc-avec-garniture-noire-inclus\/\",\"url\":\"https:\/\/nadair.ca\/recessed-slim-lights\/ce\/product\/3-pouces-led-ultra-slim-encastres-6w-450-lumens-blanc-avec-garniture-noire-inclus\/\",\"name\":\"Lumi\u00e8res encastr\u00e9es DEL ultra minces 3 pouces Puissance : 6W Luminosit\u00e9 : 450 lumens Finition : Blanc avec garniture noire incluse Temp\u00e9rature de couleur : Offerte en version CCT s\u00e9lectionnable et 4000K fixe L\u2019option 3000K est disponible uniquement en blanc (aucune garniture noire disponible) Note : La garniture noire n\u2019est pas offert pour le mod\u00e8le 3000K. - Recessed Slim Lights\",\"isPartOf\":{\"@id\":\"https:\/\/nadair.ca\/recessed-slim-lights\/#website\"},\"primaryImageOfPage\":{\"@id\":\"https:\/\/nadair.ca\/recessed-slim-lights\/ce\/product\/3-pouces-led-ultra-slim-encastres-6w-450-lumens-blanc-avec-garniture-noire-inclus\/#primaryimage\"},\"image\":{\"@id\":\"https:\/\/nadair.ca\/recessed-slim-lights\/ce\/product\/3-pouces-led-ultra-slim-encastres-6w-450-lumens-blanc-avec-garniture-noire-inclus\/#primaryimage\"},\"thumbnailUrl\":\"https:\/\/nadair.ca\/recessed-slim-lights\/wp-content\/uploads\/sites\/4\/2022\/08\/main-4in-CCT_Plan-de-travail-1-scaled.jpg\",\"datePublished\":\"2022-08-15T17:21:29+00:00\",\"dateModified\":\"2025-06-16T15:06:22+00:00\",\"breadcrumb\":{\"@id\":\"https:\/\/nadair.ca\/recessed-slim-lights\/ce\/product\/3-pouces-led-ultra-slim-encastres-6w-450-lumens-blanc-avec-garniture-noire-inclus\/#breadcrumb\"},\"inLanguage\":\"fr-CA\",\"potentialAction\":[{\"@type\":\"ReadAction\",\"target\":[\"https:\/\/nadair.ca\/recessed-slim-lights\/ce\/product\/3-pouces-led-ultra-slim-encastres-6w-450-lumens-blanc-avec-garniture-noire-inclus\/\"]}]},{\"@type\":\"ImageObject\",\"inLanguage\":\"fr-CA\",\"@id\":\"https:\/\/nadair.ca\/recessed-slim-lights\/ce\/product\/3-pouces-led-ultra-slim-encastres-6w-450-lumens-blanc-avec-garniture-noire-inclus\/#primaryimage\",\"url\":\"https:\/\/nadair.ca\/recessed-slim-lights\/wp-content\/uploads\/sites\/4\/2022\/08\/main-4in-CCT_Plan-de-travail-1-scaled.jpg\",\"contentUrl\":\"https:\/\/nadair.ca\/recessed-slim-lights\/wp-content\/uploads\/sites\/4\/2022\/08\/main-4in-CCT_Plan-de-travail-1-scaled.jpg\",\"width\":2560,\"height\":2560},{\"@type\":\"BreadcrumbList\",\"@id\":\"https:\/\/nadair.ca\/recessed-slim-lights\/ce\/product\/3-pouces-led-ultra-slim-encastres-6w-450-lumens-blanc-avec-garniture-noire-inclus\/#breadcrumb\",\"itemListElement\":[{\"@type\":\"ListItem\",\"position\":1,\"name\":\"Home\",\"item\":\"https:\/\/nadair.ca\/recessed-slim-lights\/ce\/\"},{\"@type\":\"ListItem\",\"position\":2,\"name\":\"Magasiner\",\"item\":\"https:\/\/nadair.ca\/recessed-slim-lights\/ce\/\"},{\"@type\":\"ListItem\",\"position\":3,\"name\":\"Lumi\u00e8res encastr\u00e9es DEL ultra minces 3 poucesPuissance : 6WLuminosit\u00e9 : 450 lumensFinition : Blanc avec garniture noire incluseTemp\u00e9rature de couleur :Offerte en version CCT s\u00e9lectionnable et 4000K fixeL\u2019option 3000K est disponible uniquement en blanc (aucune garniture noire disponible)Note : La garniture noire n\u2019est pas offert pour le mod\u00e8le 3000K.\"}]},{\"@type\":\"WebSite\",\"@id\":\"https:\/\/nadair.ca\/recessed-slim-lights\/#website\",\"url\":\"https:\/\/nadair.ca\/recessed-slim-lights\/\",\"name\":\"Recessed Slim Lights\",\"description\":\"\",\"publisher\":{\"@id\":\"https:\/\/nadair.ca\/recessed-slim-lights\/#organization\"},\"potentialAction\":[{\"@type\":\"SearchAction\",\"target\":{\"@type\":\"EntryPoint\",\"urlTemplate\":\"https:\/\/nadair.ca\/recessed-slim-lights\/?s={search_term_string}\"},\"query-input\":{\"@type\":\"PropertyValueSpecification\",\"valueRequired\":true,\"valueName\":\"search_term_string\"}}],\"inLanguage\":\"fr-CA\"},{\"@type\":\"Organization\",\"@id\":\"https:\/\/nadair.ca\/recessed-slim-lights\/#organization\",\"name\":\"Nadair\",\"url\":\"https:\/\/nadair.ca\/recessed-slim-lights\/\",\"logo\":{\"@type\":\"ImageObject\",\"inLanguage\":\"fr-CA\",\"@id\":\"https:\/\/nadair.ca\/recessed-slim-lights\/#\/schema\/logo\/image\/\",\"url\":\"https:\/\/nadair.ca\/recessed-slim-lights\/wp-content\/uploads\/sites\/4\/2018\/09\/logo.png\",\"contentUrl\":\"https:\/\/nadair.ca\/recessed-slim-lights\/wp-content\/uploads\/sites\/4\/2018\/09\/logo.png\",\"width\":161,\"height\":59,\"caption\":\"Nadair\"},\"image\":{\"@id\":\"https:\/\/nadair.ca\/recessed-slim-lights\/#\/schema\/logo\/image\/\"},\"sameAs\":[\"https:\/\/www.facebook.com\/nadairint\/\"]}]}<\/script>\n<!-- \/ Yoast SEO plugin. -->","yoast_head_json":{"title":"Lumi\u00e8res encastr\u00e9es DEL ultra minces 3 poucesPuissance : 6WLuminosit\u00e9 : 450 lumensFinition : Blanc avec garniture noire incluseTemp\u00e9rature de couleur :Offerte en version CCT s\u00e9lectionnable et 4000K fixeL\u2019option 3000K est disponible uniquement en blanc (aucune garniture noire disponible)Note : La garniture noire n\u2019est pas offert pour le mod\u00e8le 3000K. - Recessed Slim Lights","robots":{"index":"index","follow":"follow","max-snippet":"max-snippet:-1","max-image-preview":"max-image-preview:large","max-video-preview":"max-video-preview:-1"},"canonical":"https:\/\/nadair.ca\/recessed-slim-lights\/ce\/product\/3-pouces-led-ultra-slim-encastres-6w-450-lumens-blanc-avec-garniture-noire-inclus\/","og_locale":"fr_CA","og_type":"article","og_title":"Lumi\u00e8res encastr\u00e9es DEL ultra minces 3 poucesPuissance : 6WLuminosit\u00e9 : 450 lumensFinition : Blanc avec garniture noire incluseTemp\u00e9rature de couleur :Offerte en version CCT s\u00e9lectionnable et 4000K fixeL\u2019option 3000K est disponible uniquement en blanc (aucune garniture noire disponible)Note : La garniture noire n\u2019est pas offert pour le mod\u00e8le 3000K. - Recessed Slim Lights","og_url":"https:\/\/nadair.ca\/recessed-slim-lights\/ce\/product\/3-pouces-led-ultra-slim-encastres-6w-450-lumens-blanc-avec-garniture-noire-inclus\/","og_site_name":"Recessed Slim Lights","article_publisher":"https:\/\/www.facebook.com\/nadairint\/","article_modified_time":"2025-06-16T15:06:22+00:00","og_image":[{"width":2560,"height":2560,"url":"https:\/\/nadair.ca\/recessed-slim-lights\/wp-content\/uploads\/sites\/4\/2022\/08\/main-4in-CCT_Plan-de-travail-1-scaled.jpg","type":"image\/jpeg"}],"twitter_card":"summary_large_image","twitter_description":"[video width=\"1920\" height=\"1080\" mp4=\"https:\/\/nadair.ca\/recessed-slim-lights\/wp-content\/uploads\/sites\/4\/2022\/05\/SL-3K4K-BK-V2.mp4\"][\/video]","twitter_misc":{"Estimation du temps de lecture":"2 minutes"},"schema":{"@context":"https:\/\/schema.org","@graph":[{"@type":"WebPage","@id":"https:\/\/nadair.ca\/recessed-slim-lights\/ce\/product\/3-pouces-led-ultra-slim-encastres-6w-450-lumens-blanc-avec-garniture-noire-inclus\/","url":"https:\/\/nadair.ca\/recessed-slim-lights\/ce\/product\/3-pouces-led-ultra-slim-encastres-6w-450-lumens-blanc-avec-garniture-noire-inclus\/","name":"Lumi\u00e8res encastr\u00e9es DEL ultra minces 3 pouces Puissance : 6W Luminosit\u00e9 : 450 lumens Finition : Blanc avec garniture noire incluse Temp\u00e9rature de couleur : Offerte en version CCT s\u00e9lectionnable et 4000K fixe L\u2019option 3000K est disponible uniquement en blanc (aucune garniture noire disponible) Note : La garniture noire n\u2019est pas offert pour le mod\u00e8le 3000K. - Recessed Slim Lights","isPartOf":{"@id":"https:\/\/nadair.ca\/recessed-slim-lights\/#website"},"primaryImageOfPage":{"@id":"https:\/\/nadair.ca\/recessed-slim-lights\/ce\/product\/3-pouces-led-ultra-slim-encastres-6w-450-lumens-blanc-avec-garniture-noire-inclus\/#primaryimage"},"image":{"@id":"https:\/\/nadair.ca\/recessed-slim-lights\/ce\/product\/3-pouces-led-ultra-slim-encastres-6w-450-lumens-blanc-avec-garniture-noire-inclus\/#primaryimage"},"thumbnailUrl":"https:\/\/nadair.ca\/recessed-slim-lights\/wp-content\/uploads\/sites\/4\/2022\/08\/main-4in-CCT_Plan-de-travail-1-scaled.jpg","datePublished":"2022-08-15T17:21:29+00:00","dateModified":"2025-06-16T15:06:22+00:00","breadcrumb":{"@id":"https:\/\/nadair.ca\/recessed-slim-lights\/ce\/product\/3-pouces-led-ultra-slim-encastres-6w-450-lumens-blanc-avec-garniture-noire-inclus\/#breadcrumb"},"inLanguage":"fr-CA","potentialAction":[{"@type":"ReadAction","target":["https:\/\/nadair.ca\/recessed-slim-lights\/ce\/product\/3-pouces-led-ultra-slim-encastres-6w-450-lumens-blanc-avec-garniture-noire-inclus\/"]}]},{"@type":"ImageObject","inLanguage":"fr-CA","@id":"https:\/\/nadair.ca\/recessed-slim-lights\/ce\/product\/3-pouces-led-ultra-slim-encastres-6w-450-lumens-blanc-avec-garniture-noire-inclus\/#primaryimage","url":"https:\/\/nadair.ca\/recessed-slim-lights\/wp-content\/uploads\/sites\/4\/2022\/08\/main-4in-CCT_Plan-de-travail-1-scaled.jpg","contentUrl":"https:\/\/nadair.ca\/recessed-slim-lights\/wp-content\/uploads\/sites\/4\/2022\/08\/main-4in-CCT_Plan-de-travail-1-scaled.jpg","width":2560,"height":2560},{"@type":"BreadcrumbList","@id":"https:\/\/nadair.ca\/recessed-slim-lights\/ce\/product\/3-pouces-led-ultra-slim-encastres-6w-450-lumens-blanc-avec-garniture-noire-inclus\/#breadcrumb","itemListElement":[{"@type":"ListItem","position":1,"name":"Home","item":"https:\/\/nadair.ca\/recessed-slim-lights\/ce\/"},{"@type":"ListItem","position":2,"name":"Magasiner","item":"https:\/\/nadair.ca\/recessed-slim-lights\/ce\/"},{"@type":"ListItem","position":3,"name":"Lumi\u00e8res encastr\u00e9es DEL ultra minces 3 poucesPuissance : 6WLuminosit\u00e9 : 450 lumensFinition : Blanc avec garniture noire incluseTemp\u00e9rature de couleur :Offerte en version CCT s\u00e9lectionnable et 4000K fixeL\u2019option 3000K est disponible uniquement en blanc (aucune garniture noire disponible)Note : La garniture noire n\u2019est pas offert pour le mod\u00e8le 3000K."}]},{"@type":"WebSite","@id":"https:\/\/nadair.ca\/recessed-slim-lights\/#website","url":"https:\/\/nadair.ca\/recessed-slim-lights\/","name":"Recessed Slim Lights","description":"","publisher":{"@id":"https:\/\/nadair.ca\/recessed-slim-lights\/#organization"},"potentialAction":[{"@type":"SearchAction","target":{"@type":"EntryPoint","urlTemplate":"https:\/\/nadair.ca\/recessed-slim-lights\/?s={search_term_string}"},"query-input":{"@type":"PropertyValueSpecification","valueRequired":true,"valueName":"search_term_string"}}],"inLanguage":"fr-CA"},{"@type":"Organization","@id":"https:\/\/nadair.ca\/recessed-slim-lights\/#organization","name":"Nadair","url":"https:\/\/nadair.ca\/recessed-slim-lights\/","logo":{"@type":"ImageObject","inLanguage":"fr-CA","@id":"https:\/\/nadair.ca\/recessed-slim-lights\/#\/schema\/logo\/image\/","url":"https:\/\/nadair.ca\/recessed-slim-lights\/wp-content\/uploads\/sites\/4\/2018\/09\/logo.png","contentUrl":"https:\/\/nadair.ca\/recessed-slim-lights\/wp-content\/uploads\/sites\/4\/2018\/09\/logo.png","width":161,"height":59,"caption":"Nadair"},"image":{"@id":"https:\/\/nadair.ca\/recessed-slim-lights\/#\/schema\/logo\/image\/"},"sameAs":["https:\/\/www.facebook.com\/nadairint\/"]}]}},"_links":{"self":[{"href":"https:\/\/nadair.ca\/recessed-slim-lights\/ce\/wp-json\/wp\/v2\/product\/4127","targetHints":{"allow":["GET"]}}],"collection":[{"href":"https:\/\/nadair.ca\/recessed-slim-lights\/ce\/wp-json\/wp\/v2\/product"}],"about":[{"href":"https:\/\/nadair.ca\/recessed-slim-lights\/ce\/wp-json\/wp\/v2\/types\/product"}],"wp:featuredmedia":[{"embeddable":true,"href":"https:\/\/nadair.ca\/recessed-slim-lights\/ce\/wp-json\/wp\/v2\/media\/4435"}],"wp:attachment":[{"href":"https:\/\/nadair.ca\/recessed-slim-lights\/ce\/wp-json\/wp\/v2\/media?parent=4127"}],"wp:term":[{"taxonomy":"product_brand","embeddable":true,"href":"https:\/\/nadair.ca\/recessed-slim-lights\/ce\/wp-json\/wp\/v2\/product_brand?post=4127"},{"taxonomy":"product_cat","embeddable":true,"href":"https:\/\/nadair.ca\/recessed-slim-lights\/ce\/wp-json\/wp\/v2\/product_cat?post=4127"},{"taxonomy":"product_tag","embeddable":true,"href":"https:\/\/nadair.ca\/recessed-slim-lights\/ce\/wp-json\/wp\/v2\/product_tag?post=4127"}],"curies":[{"name":"wp","href":"https:\/\/api.w.org\/{rel}","templated":true}]}}