{"id":5009,"date":"2025-08-07T15:59:18","date_gmt":"2025-08-07T15:59:18","guid":{"rendered":"https:\/\/nadair.ca\/recessed-slim-lights\/product\/lumieres-encastrees-ultra-minces-a-del-nadair-6-po-5-temperatures-de-couleur-integrees-27k-3k-35k-4k-5k-homologuees-ic-gradables-12-w-1000-lumens-connecteurs-rapides-inclus-fini-bla\/"},"modified":"2025-10-14T16:22:22","modified_gmt":"2025-10-14T16:22:22","slug":"lumieres-encastrees-ultra-minces-a-del-nadair-6-po-5-temperatures-de-couleur-integrees-27k-3k-35k-4k-5k-homologuees-ic-gradables-12-w-1000-lumens-connecteurs-rapides-inclus-fini-bla","status":"publish","type":"product","link":"https:\/\/nadair.ca\/recessed-slim-lights\/ce\/product\/lumieres-encastrees-ultra-minces-a-del-nadair-6-po-5-temperatures-de-couleur-integrees-27k-3k-35k-4k-5k-homologuees-ic-gradables-12-w-1000-lumens-connecteurs-rapides-inclus-fini-bla\/","title":{"rendered":"Lumi\u00e8res encastr\u00e9es ultra minces \u00e0 DEL Nadair 6 po, 5 temp\u00e9ratures de couleur int\u00e9gr\u00e9es (2,7K \/ 3K \/ 3,5K \/ 4K \/ 5K), homologu\u00e9es IC, gradables, 12 W, 1000 lumens, connecteurs rapides inclus, fini blanc, garniture noire incluse."},"content":{"rendered":"<ul class=\"a-unordered-list a-vertical a-spacing-mini\">\n<li class=\"a-spacing-mini\"><span class=\"a-list-item\">5 OPTIONS DE TEMP\u00c9RATURE DE COULEUR INT\u00c9GR\u00c9ES EN UN 1 UNIT\u00c9 : Choisissez la temp\u00e9rature de couleur parfaite pour vos besoins (2700K \/ 3000K \/ 3500K \/ 4000K \/ 5000K) \u00e0 l&rsquo;aide de l&rsquo;interrupteur sur la bo\u00eete de jonction. Aucun besoin de se soucier de la couleur (intensit\u00e9) \u00e0 acheter. Toutes les couleurs les plus populaires sont int\u00e9gr\u00e9es dans une seule unit\u00e9, ce qui vous permet de cr\u00e9er facilement l\u2019ambiance que vous recherchez.<\/span><\/li>\n<li class=\"a-spacing-mini\"><span class=\"a-list-item\">Garniture d\u00e9corative noire incluse \u2014 Personnalisez votre design gr\u00e2ce \u00e0 une garniture additionnelle !<\/span><\/li>\n<li class=\"a-spacing-mini\"><span class=\"a-list-item\">Homologu\u00e9 IC : Peut \u00eatre install\u00e9 dans des plafonds isol\u00e9s ou non isol\u00e9s. Nos luminaires sont prot\u00e9g\u00e9s thermiquement et ne surchauffent pas.<\/span><\/li>\n<li class=\"a-spacing-mini\"><span class=\"a-list-item\">Ensemble de 6 luminaires encastr\u00e9 &#8211; 1000 Lumens &#8211; 12 Watts<\/span><\/li>\n<li class=\"a-spacing-mini\"><span class=\"a-list-item\">Intensit\u00e9 r\u00e9glable \u2014 Nos luminaires fonctionnent parfaitement avec une large gamme de gradateurs, vous permettant d\u2019\u00e9conomiser de l\u2019\u00e9nergie et de prolonger la dur\u00e9e de vie de l\u2019ampoule.<\/span><\/li>\n<\/ul>\n","protected":false},"excerpt":{"rendered":"<p>5 OPTIONS DE TEMP\u00c9RATURE DE COULEUR INT\u00c9GR\u00c9ES EN UN 1  [&#8230;]<\/p>\n","protected":false},"featured_media":5007,"template":"","meta":{"_acf_changed":false},"product_brand":[],"product_cat":[75,73,74,55],"product_tag":[],"class_list":{"0":"post-5009","1":"product","2":"type-product","3":"status-publish","4":"has-post-thumbnail","6":"product_cat-5-built-in-6-inc-ce","7":"product_cat-6-inc-ce","8":"product_cat-square-6-ce","9":"product_cat-uncategorized-ce","11":"first","12":"instock","13":"taxable","14":"shipping-taxable","15":"purchasable","16":"product-type-variable"},"acf":[],"yoast_head":"<!-- This site is optimized with the Yoast SEO plugin v26.7 - https:\/\/yoast.com\/wordpress\/plugins\/seo\/ -->\n<title>Lumi\u00e8res encastr\u00e9es ultra minces \u00e0 DEL Nadair 6 po, 5 temp\u00e9ratures de couleur int\u00e9gr\u00e9es (2,7K \/ 3K \/ 3,5K \/ 4K \/ 5K), homologu\u00e9es IC, gradables, 12 W, 1000 lumens, connecteurs rapides inclus, fini blanc, garniture noire incluse. - Recessed Slim Lights<\/title>\n<meta name=\"robots\" content=\"index, follow, max-snippet:-1, max-image-preview:large, max-video-preview:-1\" \/>\n<link rel=\"canonical\" href=\"https:\/\/nadair.ca\/recessed-slim-lights\/ce\/product\/lumieres-encastrees-ultra-minces-a-del-nadair-6-po-5-temperatures-de-couleur-integrees-27k-3k-35k-4k-5k-homologuees-ic-gradables-12-w-1000-lumens-connecteurs-rapides-inclus-fini-bla\/\" \/>\n<meta property=\"og:locale\" content=\"fr_CA\" \/>\n<meta property=\"og:type\" content=\"article\" \/>\n<meta property=\"og:title\" content=\"Lumi\u00e8res encastr\u00e9es ultra minces \u00e0 DEL Nadair 6 po, 5 temp\u00e9ratures de couleur int\u00e9gr\u00e9es (2,7K \/ 3K \/ 3,5K \/ 4K \/ 5K), homologu\u00e9es IC, gradables, 12 W, 1000 lumens, connecteurs rapides inclus, fini blanc, garniture noire incluse. - Recessed Slim Lights\" \/>\n<meta property=\"og:description\" content=\"5 OPTIONS DE TEMP\u00c9RATURE DE COULEUR INT\u00c9GR\u00c9ES EN UN 1 [...]\" \/>\n<meta property=\"og:url\" content=\"https:\/\/nadair.ca\/recessed-slim-lights\/ce\/product\/lumieres-encastrees-ultra-minces-a-del-nadair-6-po-5-temperatures-de-couleur-integrees-27k-3k-35k-4k-5k-homologuees-ic-gradables-12-w-1000-lumens-connecteurs-rapides-inclus-fini-bla\/\" \/>\n<meta property=\"og:site_name\" content=\"Recessed Slim Lights\" \/>\n<meta property=\"article:publisher\" content=\"https:\/\/www.facebook.com\/nadairint\/\" \/>\n<meta property=\"article:modified_time\" content=\"2025-10-14T16:22:22+00:00\" \/>\n<meta property=\"og:image\" content=\"https:\/\/nadair.ca\/recessed-slim-lights\/wp-content\/uploads\/sites\/4\/2025\/08\/main-4in-CCT_Plan-de-travail-1-copie-4-scaled.jpg\" \/>\n\t<meta property=\"og:image:width\" content=\"2560\" \/>\n\t<meta property=\"og:image:height\" content=\"2560\" \/>\n\t<meta property=\"og:image:type\" content=\"image\/jpeg\" \/>\n<meta name=\"twitter:card\" content=\"summary_large_image\" \/>\n<meta name=\"twitter:label1\" content=\"Estimation du temps de lecture\" \/>\n\t<meta name=\"twitter:data1\" content=\"1 minute\" \/>\n<script type=\"application\/ld+json\" class=\"yoast-schema-graph\">{\"@context\":\"https:\/\/schema.org\",\"@graph\":[{\"@type\":\"WebPage\",\"@id\":\"https:\/\/nadair.ca\/recessed-slim-lights\/ce\/product\/lumieres-encastrees-ultra-minces-a-del-nadair-6-po-5-temperatures-de-couleur-integrees-27k-3k-35k-4k-5k-homologuees-ic-gradables-12-w-1000-lumens-connecteurs-rapides-inclus-fini-bla\/\",\"url\":\"https:\/\/nadair.ca\/recessed-slim-lights\/ce\/product\/lumieres-encastrees-ultra-minces-a-del-nadair-6-po-5-temperatures-de-couleur-integrees-27k-3k-35k-4k-5k-homologuees-ic-gradables-12-w-1000-lumens-connecteurs-rapides-inclus-fini-bla\/\",\"name\":\"Lumi\u00e8res encastr\u00e9es ultra minces \u00e0 DEL Nadair 6 po, 5 temp\u00e9ratures de couleur int\u00e9gr\u00e9es (2,7K \/ 3K \/ 3,5K \/ 4K \/ 5K), homologu\u00e9es IC, gradables, 12 W, 1000 lumens, connecteurs rapides inclus, fini blanc, garniture noire incluse. - Recessed Slim Lights\",\"isPartOf\":{\"@id\":\"https:\/\/nadair.ca\/recessed-slim-lights\/#website\"},\"primaryImageOfPage\":{\"@id\":\"https:\/\/nadair.ca\/recessed-slim-lights\/ce\/product\/lumieres-encastrees-ultra-minces-a-del-nadair-6-po-5-temperatures-de-couleur-integrees-27k-3k-35k-4k-5k-homologuees-ic-gradables-12-w-1000-lumens-connecteurs-rapides-inclus-fini-bla\/#primaryimage\"},\"image\":{\"@id\":\"https:\/\/nadair.ca\/recessed-slim-lights\/ce\/product\/lumieres-encastrees-ultra-minces-a-del-nadair-6-po-5-temperatures-de-couleur-integrees-27k-3k-35k-4k-5k-homologuees-ic-gradables-12-w-1000-lumens-connecteurs-rapides-inclus-fini-bla\/#primaryimage\"},\"thumbnailUrl\":\"https:\/\/nadair.ca\/recessed-slim-lights\/wp-content\/uploads\/sites\/4\/2025\/08\/main-4in-CCT_Plan-de-travail-1-copie-4-scaled.jpg\",\"datePublished\":\"2025-08-07T15:59:18+00:00\",\"dateModified\":\"2025-10-14T16:22:22+00:00\",\"breadcrumb\":{\"@id\":\"https:\/\/nadair.ca\/recessed-slim-lights\/ce\/product\/lumieres-encastrees-ultra-minces-a-del-nadair-6-po-5-temperatures-de-couleur-integrees-27k-3k-35k-4k-5k-homologuees-ic-gradables-12-w-1000-lumens-connecteurs-rapides-inclus-fini-bla\/#breadcrumb\"},\"inLanguage\":\"fr-CA\",\"potentialAction\":[{\"@type\":\"ReadAction\",\"target\":[\"https:\/\/nadair.ca\/recessed-slim-lights\/ce\/product\/lumieres-encastrees-ultra-minces-a-del-nadair-6-po-5-temperatures-de-couleur-integrees-27k-3k-35k-4k-5k-homologuees-ic-gradables-12-w-1000-lumens-connecteurs-rapides-inclus-fini-bla\/\"]}]},{\"@type\":\"ImageObject\",\"inLanguage\":\"fr-CA\",\"@id\":\"https:\/\/nadair.ca\/recessed-slim-lights\/ce\/product\/lumieres-encastrees-ultra-minces-a-del-nadair-6-po-5-temperatures-de-couleur-integrees-27k-3k-35k-4k-5k-homologuees-ic-gradables-12-w-1000-lumens-connecteurs-rapides-inclus-fini-bla\/#primaryimage\",\"url\":\"https:\/\/nadair.ca\/recessed-slim-lights\/wp-content\/uploads\/sites\/4\/2025\/08\/main-4in-CCT_Plan-de-travail-1-copie-4-scaled.jpg\",\"contentUrl\":\"https:\/\/nadair.ca\/recessed-slim-lights\/wp-content\/uploads\/sites\/4\/2025\/08\/main-4in-CCT_Plan-de-travail-1-copie-4-scaled.jpg\",\"width\":2560,\"height\":2560},{\"@type\":\"BreadcrumbList\",\"@id\":\"https:\/\/nadair.ca\/recessed-slim-lights\/ce\/product\/lumieres-encastrees-ultra-minces-a-del-nadair-6-po-5-temperatures-de-couleur-integrees-27k-3k-35k-4k-5k-homologuees-ic-gradables-12-w-1000-lumens-connecteurs-rapides-inclus-fini-bla\/#breadcrumb\",\"itemListElement\":[{\"@type\":\"ListItem\",\"position\":1,\"name\":\"Home\",\"item\":\"https:\/\/nadair.ca\/recessed-slim-lights\/ce\/\"},{\"@type\":\"ListItem\",\"position\":2,\"name\":\"Magasiner\",\"item\":\"https:\/\/nadair.ca\/recessed-slim-lights\/ce\/\"},{\"@type\":\"ListItem\",\"position\":3,\"name\":\"Lumi\u00e8res encastr\u00e9es ultra minces \u00e0 DEL Nadair 6 po, 5 temp\u00e9ratures de couleur int\u00e9gr\u00e9es (2,7K \/ 3K \/ 3,5K \/ 4K \/ 5K), homologu\u00e9es IC, gradables, 12 W, 1000 lumens, connecteurs rapides inclus, fini blanc, garniture noire incluse.\"}]},{\"@type\":\"WebSite\",\"@id\":\"https:\/\/nadair.ca\/recessed-slim-lights\/#website\",\"url\":\"https:\/\/nadair.ca\/recessed-slim-lights\/\",\"name\":\"Recessed Slim Lights\",\"description\":\"\",\"publisher\":{\"@id\":\"https:\/\/nadair.ca\/recessed-slim-lights\/#organization\"},\"potentialAction\":[{\"@type\":\"SearchAction\",\"target\":{\"@type\":\"EntryPoint\",\"urlTemplate\":\"https:\/\/nadair.ca\/recessed-slim-lights\/?s={search_term_string}\"},\"query-input\":{\"@type\":\"PropertyValueSpecification\",\"valueRequired\":true,\"valueName\":\"search_term_string\"}}],\"inLanguage\":\"fr-CA\"},{\"@type\":\"Organization\",\"@id\":\"https:\/\/nadair.ca\/recessed-slim-lights\/#organization\",\"name\":\"Nadair\",\"url\":\"https:\/\/nadair.ca\/recessed-slim-lights\/\",\"logo\":{\"@type\":\"ImageObject\",\"inLanguage\":\"fr-CA\",\"@id\":\"https:\/\/nadair.ca\/recessed-slim-lights\/#\/schema\/logo\/image\/\",\"url\":\"https:\/\/nadair.ca\/recessed-slim-lights\/wp-content\/uploads\/sites\/4\/2018\/09\/logo.png\",\"contentUrl\":\"https:\/\/nadair.ca\/recessed-slim-lights\/wp-content\/uploads\/sites\/4\/2018\/09\/logo.png\",\"width\":161,\"height\":59,\"caption\":\"Nadair\"},\"image\":{\"@id\":\"https:\/\/nadair.ca\/recessed-slim-lights\/#\/schema\/logo\/image\/\"},\"sameAs\":[\"https:\/\/www.facebook.com\/nadairint\/\"]}]}<\/script>\n<!-- \/ Yoast SEO plugin. -->","yoast_head_json":{"title":"Lumi\u00e8res encastr\u00e9es ultra minces \u00e0 DEL Nadair 6 po, 5 temp\u00e9ratures de couleur int\u00e9gr\u00e9es (2,7K \/ 3K \/ 3,5K \/ 4K \/ 5K), homologu\u00e9es IC, gradables, 12 W, 1000 lumens, connecteurs rapides inclus, fini blanc, garniture noire incluse. - Recessed Slim Lights","robots":{"index":"index","follow":"follow","max-snippet":"max-snippet:-1","max-image-preview":"max-image-preview:large","max-video-preview":"max-video-preview:-1"},"canonical":"https:\/\/nadair.ca\/recessed-slim-lights\/ce\/product\/lumieres-encastrees-ultra-minces-a-del-nadair-6-po-5-temperatures-de-couleur-integrees-27k-3k-35k-4k-5k-homologuees-ic-gradables-12-w-1000-lumens-connecteurs-rapides-inclus-fini-bla\/","og_locale":"fr_CA","og_type":"article","og_title":"Lumi\u00e8res encastr\u00e9es ultra minces \u00e0 DEL Nadair 6 po, 5 temp\u00e9ratures de couleur int\u00e9gr\u00e9es (2,7K \/ 3K \/ 3,5K \/ 4K \/ 5K), homologu\u00e9es IC, gradables, 12 W, 1000 lumens, connecteurs rapides inclus, fini blanc, garniture noire incluse. - Recessed Slim Lights","og_description":"5 OPTIONS DE TEMP\u00c9RATURE DE COULEUR INT\u00c9GR\u00c9ES EN UN 1 [...]","og_url":"https:\/\/nadair.ca\/recessed-slim-lights\/ce\/product\/lumieres-encastrees-ultra-minces-a-del-nadair-6-po-5-temperatures-de-couleur-integrees-27k-3k-35k-4k-5k-homologuees-ic-gradables-12-w-1000-lumens-connecteurs-rapides-inclus-fini-bla\/","og_site_name":"Recessed Slim Lights","article_publisher":"https:\/\/www.facebook.com\/nadairint\/","article_modified_time":"2025-10-14T16:22:22+00:00","og_image":[{"width":2560,"height":2560,"url":"https:\/\/nadair.ca\/recessed-slim-lights\/wp-content\/uploads\/sites\/4\/2025\/08\/main-4in-CCT_Plan-de-travail-1-copie-4-scaled.jpg","type":"image\/jpeg"}],"twitter_card":"summary_large_image","twitter_misc":{"Estimation du temps de lecture":"1 minute"},"schema":{"@context":"https:\/\/schema.org","@graph":[{"@type":"WebPage","@id":"https:\/\/nadair.ca\/recessed-slim-lights\/ce\/product\/lumieres-encastrees-ultra-minces-a-del-nadair-6-po-5-temperatures-de-couleur-integrees-27k-3k-35k-4k-5k-homologuees-ic-gradables-12-w-1000-lumens-connecteurs-rapides-inclus-fini-bla\/","url":"https:\/\/nadair.ca\/recessed-slim-lights\/ce\/product\/lumieres-encastrees-ultra-minces-a-del-nadair-6-po-5-temperatures-de-couleur-integrees-27k-3k-35k-4k-5k-homologuees-ic-gradables-12-w-1000-lumens-connecteurs-rapides-inclus-fini-bla\/","name":"Lumi\u00e8res encastr\u00e9es ultra minces \u00e0 DEL Nadair 6 po, 5 temp\u00e9ratures de couleur int\u00e9gr\u00e9es (2,7K \/ 3K \/ 3,5K \/ 4K \/ 5K), homologu\u00e9es IC, gradables, 12 W, 1000 lumens, connecteurs rapides inclus, fini blanc, garniture noire incluse. - Recessed Slim Lights","isPartOf":{"@id":"https:\/\/nadair.ca\/recessed-slim-lights\/#website"},"primaryImageOfPage":{"@id":"https:\/\/nadair.ca\/recessed-slim-lights\/ce\/product\/lumieres-encastrees-ultra-minces-a-del-nadair-6-po-5-temperatures-de-couleur-integrees-27k-3k-35k-4k-5k-homologuees-ic-gradables-12-w-1000-lumens-connecteurs-rapides-inclus-fini-bla\/#primaryimage"},"image":{"@id":"https:\/\/nadair.ca\/recessed-slim-lights\/ce\/product\/lumieres-encastrees-ultra-minces-a-del-nadair-6-po-5-temperatures-de-couleur-integrees-27k-3k-35k-4k-5k-homologuees-ic-gradables-12-w-1000-lumens-connecteurs-rapides-inclus-fini-bla\/#primaryimage"},"thumbnailUrl":"https:\/\/nadair.ca\/recessed-slim-lights\/wp-content\/uploads\/sites\/4\/2025\/08\/main-4in-CCT_Plan-de-travail-1-copie-4-scaled.jpg","datePublished":"2025-08-07T15:59:18+00:00","dateModified":"2025-10-14T16:22:22+00:00","breadcrumb":{"@id":"https:\/\/nadair.ca\/recessed-slim-lights\/ce\/product\/lumieres-encastrees-ultra-minces-a-del-nadair-6-po-5-temperatures-de-couleur-integrees-27k-3k-35k-4k-5k-homologuees-ic-gradables-12-w-1000-lumens-connecteurs-rapides-inclus-fini-bla\/#breadcrumb"},"inLanguage":"fr-CA","potentialAction":[{"@type":"ReadAction","target":["https:\/\/nadair.ca\/recessed-slim-lights\/ce\/product\/lumieres-encastrees-ultra-minces-a-del-nadair-6-po-5-temperatures-de-couleur-integrees-27k-3k-35k-4k-5k-homologuees-ic-gradables-12-w-1000-lumens-connecteurs-rapides-inclus-fini-bla\/"]}]},{"@type":"ImageObject","inLanguage":"fr-CA","@id":"https:\/\/nadair.ca\/recessed-slim-lights\/ce\/product\/lumieres-encastrees-ultra-minces-a-del-nadair-6-po-5-temperatures-de-couleur-integrees-27k-3k-35k-4k-5k-homologuees-ic-gradables-12-w-1000-lumens-connecteurs-rapides-inclus-fini-bla\/#primaryimage","url":"https:\/\/nadair.ca\/recessed-slim-lights\/wp-content\/uploads\/sites\/4\/2025\/08\/main-4in-CCT_Plan-de-travail-1-copie-4-scaled.jpg","contentUrl":"https:\/\/nadair.ca\/recessed-slim-lights\/wp-content\/uploads\/sites\/4\/2025\/08\/main-4in-CCT_Plan-de-travail-1-copie-4-scaled.jpg","width":2560,"height":2560},{"@type":"BreadcrumbList","@id":"https:\/\/nadair.ca\/recessed-slim-lights\/ce\/product\/lumieres-encastrees-ultra-minces-a-del-nadair-6-po-5-temperatures-de-couleur-integrees-27k-3k-35k-4k-5k-homologuees-ic-gradables-12-w-1000-lumens-connecteurs-rapides-inclus-fini-bla\/#breadcrumb","itemListElement":[{"@type":"ListItem","position":1,"name":"Home","item":"https:\/\/nadair.ca\/recessed-slim-lights\/ce\/"},{"@type":"ListItem","position":2,"name":"Magasiner","item":"https:\/\/nadair.ca\/recessed-slim-lights\/ce\/"},{"@type":"ListItem","position":3,"name":"Lumi\u00e8res encastr\u00e9es ultra minces \u00e0 DEL Nadair 6 po, 5 temp\u00e9ratures de couleur int\u00e9gr\u00e9es (2,7K \/ 3K \/ 3,5K \/ 4K \/ 5K), homologu\u00e9es IC, gradables, 12 W, 1000 lumens, connecteurs rapides inclus, fini blanc, garniture noire incluse."}]},{"@type":"WebSite","@id":"https:\/\/nadair.ca\/recessed-slim-lights\/#website","url":"https:\/\/nadair.ca\/recessed-slim-lights\/","name":"Recessed Slim Lights","description":"","publisher":{"@id":"https:\/\/nadair.ca\/recessed-slim-lights\/#organization"},"potentialAction":[{"@type":"SearchAction","target":{"@type":"EntryPoint","urlTemplate":"https:\/\/nadair.ca\/recessed-slim-lights\/?s={search_term_string}"},"query-input":{"@type":"PropertyValueSpecification","valueRequired":true,"valueName":"search_term_string"}}],"inLanguage":"fr-CA"},{"@type":"Organization","@id":"https:\/\/nadair.ca\/recessed-slim-lights\/#organization","name":"Nadair","url":"https:\/\/nadair.ca\/recessed-slim-lights\/","logo":{"@type":"ImageObject","inLanguage":"fr-CA","@id":"https:\/\/nadair.ca\/recessed-slim-lights\/#\/schema\/logo\/image\/","url":"https:\/\/nadair.ca\/recessed-slim-lights\/wp-content\/uploads\/sites\/4\/2018\/09\/logo.png","contentUrl":"https:\/\/nadair.ca\/recessed-slim-lights\/wp-content\/uploads\/sites\/4\/2018\/09\/logo.png","width":161,"height":59,"caption":"Nadair"},"image":{"@id":"https:\/\/nadair.ca\/recessed-slim-lights\/#\/schema\/logo\/image\/"},"sameAs":["https:\/\/www.facebook.com\/nadairint\/"]}]}},"_links":{"self":[{"href":"https:\/\/nadair.ca\/recessed-slim-lights\/ce\/wp-json\/wp\/v2\/product\/5009","targetHints":{"allow":["GET"]}}],"collection":[{"href":"https:\/\/nadair.ca\/recessed-slim-lights\/ce\/wp-json\/wp\/v2\/product"}],"about":[{"href":"https:\/\/nadair.ca\/recessed-slim-lights\/ce\/wp-json\/wp\/v2\/types\/product"}],"wp:featuredmedia":[{"embeddable":true,"href":"https:\/\/nadair.ca\/recessed-slim-lights\/ce\/wp-json\/wp\/v2\/media\/5007"}],"wp:attachment":[{"href":"https:\/\/nadair.ca\/recessed-slim-lights\/ce\/wp-json\/wp\/v2\/media?parent=5009"}],"wp:term":[{"taxonomy":"product_brand","embeddable":true,"href":"https:\/\/nadair.ca\/recessed-slim-lights\/ce\/wp-json\/wp\/v2\/product_brand?post=5009"},{"taxonomy":"product_cat","embeddable":true,"href":"https:\/\/nadair.ca\/recessed-slim-lights\/ce\/wp-json\/wp\/v2\/product_cat?post=5009"},{"taxonomy":"product_tag","embeddable":true,"href":"https:\/\/nadair.ca\/recessed-slim-lights\/ce\/wp-json\/wp\/v2\/product_tag?post=5009"}],"curies":[{"name":"wp","href":"https:\/\/api.w.org\/{rel}","templated":true}]}}