{"id":1467,"date":"2025-10-03T14:56:27","date_gmt":"2025-10-03T14:56:27","guid":{"rendered":"https:\/\/nadair.ca\/undercabinet-lights\/a-propos\/"},"modified":"2025-10-03T14:56:27","modified_gmt":"2025-10-03T14:56:27","slug":"a-propos","status":"publish","type":"page","link":"https:\/\/nadair.ca\/undercabinet-lights\/ce\/a-propos\/","title":{"rendered":"\u00c0 Propos"},"content":{"rendered":"<p><div class=\"fusion-fullwidth fullwidth-box fusion-builder-row-1 fusion-flex-container has-pattern-background has-mask-background nonhundred-percent-fullwidth non-hundred-percent-height-scrolling\" style=\"--awb-border-radius-top-left:0px;--awb-border-radius-top-right:0px;--awb-border-radius-bottom-right:0px;--awb-border-radius-bottom-left:0px;--awb-flex-wrap:wrap;\" ><div class=\"fusion-builder-row fusion-row fusion-flex-align-items-flex-start fusion-flex-content-wrap\" style=\"max-width:1144px;margin-left: calc(-4% \/ 2 );margin-right: calc(-4% \/ 2 );\"><div class=\"fusion-layout-column fusion_builder_column fusion-builder-column-0 fusion_builder_column_1_1 1_1 fusion-flex-column\" style=\"--awb-bg-size:cover;--awb-width-large:100%;--awb-margin-top-large:0px;--awb-spacing-right-large:1.92%;--awb-margin-bottom-large:20px;--awb-spacing-left-large:1.92%;--awb-width-medium:100%;--awb-order-medium:0;--awb-spacing-right-medium:1.92%;--awb-spacing-left-medium:1.92%;--awb-width-small:100%;--awb-order-small:0;--awb-spacing-right-small:1.92%;--awb-spacing-left-small:1.92%;\"><div class=\"fusion-column-wrapper fusion-column-has-shadow fusion-flex-justify-content-flex-start fusion-content-layout-column\"><div class=\"fusion-text fusion-text-1\"><h2 style=\"text-align: center;\">Luminaires de sous-cabinet Nadair<\/h2>\n<\/div><div class=\"fusion-image-element \" style=\"--awb-caption-title-font-family:var(--h2_typography-font-family);--awb-caption-title-font-weight:var(--h2_typography-font-weight);--awb-caption-title-font-style:var(--h2_typography-font-style);--awb-caption-title-size:var(--h2_typography-font-size);--awb-caption-title-transform:var(--h2_typography-text-transform);--awb-caption-title-line-height:var(--h2_typography-line-height);--awb-caption-title-letter-spacing:var(--h2_typography-letter-spacing);\"><span class=\" fusion-imageframe imageframe-none imageframe-1 hover-type-none\"><img decoding=\"async\" width=\"1080\" height=\"225\" title=\"3COLOR_TEMPERATURE\" src=\"https:\/\/nadair.ca\/undercabinet-lights\/wp-content\/uploads\/sites\/5\/2019\/04\/3COLOR_TEMPERATURE.jpg\" alt class=\"img-responsive wp-image-304\"\/><\/span><\/div><\/div><\/div><\/div><\/div><div class=\"fusion-fullwidth fullwidth-box fusion-builder-row-2 fusion-flex-container has-pattern-background has-mask-background nonhundred-percent-fullwidth non-hundred-percent-height-scrolling\" style=\"--awb-border-radius-top-left:0px;--awb-border-radius-top-right:0px;--awb-border-radius-bottom-right:0px;--awb-border-radius-bottom-left:0px;--awb-flex-wrap:wrap;\" ><div class=\"fusion-builder-row fusion-row fusion-flex-align-items-flex-start fusion-flex-content-wrap\" style=\"max-width:1144px;margin-left: calc(-4% \/ 2 );margin-right: calc(-4% \/ 2 );\"><div class=\"fusion-layout-column fusion_builder_column fusion-builder-column-1 fusion_builder_column_1_1 1_1 fusion-flex-column\" style=\"--awb-bg-size:cover;--awb-width-large:100%;--awb-margin-top-large:0px;--awb-spacing-right-large:1.92%;--awb-margin-bottom-large:20px;--awb-spacing-left-large:1.92%;--awb-width-medium:100%;--awb-order-medium:0;--awb-spacing-right-medium:1.92%;--awb-spacing-left-medium:1.92%;--awb-width-small:100%;--awb-order-small:0;--awb-spacing-right-small:1.92%;--awb-spacing-left-small:1.92%;\"><div class=\"fusion-column-wrapper fusion-column-has-shadow fusion-flex-justify-content-flex-start fusion-content-layout-column\"><div class=\"fusion-text fusion-text-2\"><p data-start=\"171\" data-end=\"430\">Les luminaires sous-armoire Nadair offrent un \u00e9clairage puissant et cibl\u00e9, alli\u00e9 \u00e0 un design moderne pour votre cuisine, vos espaces de travail et vos zones d\u2019exposition. Minces et discrets, ils rehaussent votre exp\u00e9rience culinaire tout en ajoutant une touche d\u2019ambiance \u00e0 votre maison.<\/p>\n<p data-start=\"432\" data-end=\"712\">Offerts dans une gamme de formats et de configurations, ces luminaires sont con\u00e7us pour s\u2019int\u00e9grer parfaitement sous tous les types d\u2019armoires. Gr\u00e2ce aux temp\u00e9ratures de couleur s\u00e9lectionnables (de la chaleur du 2700K \u00e0 la clart\u00e9 du 5000K), vous pouvez cr\u00e9er l\u2019ambiance parfaite pour cuisiner, recevoir ou simplement vous d\u00e9tendre.<\/p>\n<p data-start=\"714\" data-end=\"980\">Con\u00e7us avec une technologie DEL durable et \u00e9co\u00e9nerg\u00e9tique, les luminaires sous-armoire Nadair offrent un \u00e9clairage fiable tout en r\u00e9duisant les co\u00fbts d\u2019\u00e9nergie. L\u2019installation est rapide et facile, avec des options de montage polyvalentes qui garantissent un r\u00e9sultat propre et professionnel \u00e0 chaque fois.<\/p>\n<p data-start=\"982\" data-end=\"1119\">Chaque luminaire est livr\u00e9 avec une finition blanche \u00e9l\u00e9gante et comprend des options de garniture en nickel bross\u00e9 et en noir pour s\u2019harmoniser \u00e0 votre d\u00e9cor et \u00e0 votre style.<\/p>\n<p data-start=\"1121\" data-end=\"1297\">Avec les luminaires sous-armoire Nadair, vous b\u00e9n\u00e9ficiez de l\u2019\u00e9quilibre parfait entre \u00e9clairage fonctionnel, \u00e9l\u00e9gance moderne et praticit\u00e9 au quotidien \u2014 pour une cuisine plus lumineuse et agr\u00e9able.<\/p>\n<\/div><div ><a class=\"fusion-button button-flat fusion-button-default-size button-default fusion-button-default button-1 fusion-button-default-span fusion-button-default-type\" target=\"_self\" href=\"https:\/\/nadair.ca\/undercabinet-lights\/shop\/\"><span class=\"fusion-button-text awb-button__text awb-button__text--default\">Magasinez nos luminaires<\/span><\/a><\/div><\/div><\/div><\/div><\/div><\/p>\n","protected":false},"excerpt":{"rendered":"","protected":false},"author":3,"featured_media":0,"parent":0,"menu_order":0,"comment_status":"closed","ping_status":"closed","template":"","meta":{"_acf_changed":false,"footnotes":""},"class_list":["post-1467","page","type-page","status-publish","hentry"],"acf":[],"yoast_head":"<!-- This site is optimized with the Yoast SEO plugin v26.7 - https:\/\/yoast.com\/wordpress\/plugins\/seo\/ -->\n<title>\u00c0 Propos - Undercabinet Lights<\/title>\n<meta name=\"robots\" content=\"index, follow, max-snippet:-1, max-image-preview:large, max-video-preview:-1\" \/>\n<link rel=\"canonical\" href=\"https:\/\/nadair.ca\/undercabinet-lights\/ce\/a-propos\/\" \/>\n<meta property=\"og:locale\" content=\"fr_CA\" \/>\n<meta property=\"og:type\" content=\"article\" \/>\n<meta property=\"og:title\" content=\"\u00c0 Propos - Undercabinet Lights\" \/>\n<meta property=\"og:url\" content=\"https:\/\/nadair.ca\/undercabinet-lights\/ce\/a-propos\/\" \/>\n<meta property=\"og:site_name\" content=\"Undercabinet Lights\" \/>\n<meta property=\"article:publisher\" content=\"https:\/\/www.facebook.com\/nadairint\/\" \/>\n<meta name=\"twitter:card\" content=\"summary_large_image\" \/>\n<meta name=\"twitter:label1\" content=\"Estimation du temps de lecture\" \/>\n\t<meta name=\"twitter:data1\" content=\"14 minutes\" \/>\n<script type=\"application\/ld+json\" class=\"yoast-schema-graph\">{\"@context\":\"https:\/\/schema.org\",\"@graph\":[{\"@type\":\"WebPage\",\"@id\":\"https:\/\/nadair.ca\/undercabinet-lights\/ce\/a-propos\/\",\"url\":\"https:\/\/nadair.ca\/undercabinet-lights\/ce\/a-propos\/\",\"name\":\"\u00c0 Propos - Undercabinet Lights\",\"isPartOf\":{\"@id\":\"https:\/\/nadair.ca\/undercabinet-lights\/ce\/#website\"},\"datePublished\":\"2025-10-03T14:56:27+00:00\",\"breadcrumb\":{\"@id\":\"https:\/\/nadair.ca\/undercabinet-lights\/ce\/a-propos\/#breadcrumb\"},\"inLanguage\":\"fr-CA\",\"potentialAction\":[{\"@type\":\"ReadAction\",\"target\":[\"https:\/\/nadair.ca\/undercabinet-lights\/ce\/a-propos\/\"]}]},{\"@type\":\"BreadcrumbList\",\"@id\":\"https:\/\/nadair.ca\/undercabinet-lights\/ce\/a-propos\/#breadcrumb\",\"itemListElement\":[{\"@type\":\"ListItem\",\"position\":1,\"name\":\"Home\",\"item\":\"https:\/\/nadair.ca\/undercabinet-lights\/\"},{\"@type\":\"ListItem\",\"position\":2,\"name\":\"\u00c0 Propos\"}]},{\"@type\":\"WebSite\",\"@id\":\"https:\/\/nadair.ca\/undercabinet-lights\/ce\/#website\",\"url\":\"https:\/\/nadair.ca\/undercabinet-lights\/ce\/\",\"name\":\"Undercabinet Lights\",\"description\":\"\",\"publisher\":{\"@id\":\"https:\/\/nadair.ca\/undercabinet-lights\/ce\/#organization\"},\"potentialAction\":[{\"@type\":\"SearchAction\",\"target\":{\"@type\":\"EntryPoint\",\"urlTemplate\":\"https:\/\/nadair.ca\/undercabinet-lights\/ce\/?s={search_term_string}\"},\"query-input\":{\"@type\":\"PropertyValueSpecification\",\"valueRequired\":true,\"valueName\":\"search_term_string\"}}],\"inLanguage\":\"fr-CA\"},{\"@type\":\"Organization\",\"@id\":\"https:\/\/nadair.ca\/undercabinet-lights\/ce\/#organization\",\"name\":\"Nadair\",\"url\":\"https:\/\/nadair.ca\/undercabinet-lights\/ce\/\",\"logo\":{\"@type\":\"ImageObject\",\"inLanguage\":\"fr-CA\",\"@id\":\"https:\/\/nadair.ca\/undercabinet-lights\/ce\/#\/schema\/logo\/image\/\",\"url\":\"https:\/\/nadair.ca\/undercabinet-lights\/wp-content\/uploads\/sites\/5\/2018\/09\/logo.png\",\"contentUrl\":\"https:\/\/nadair.ca\/undercabinet-lights\/wp-content\/uploads\/sites\/5\/2018\/09\/logo.png\",\"width\":161,\"height\":59,\"caption\":\"Nadair\"},\"image\":{\"@id\":\"https:\/\/nadair.ca\/undercabinet-lights\/ce\/#\/schema\/logo\/image\/\"},\"sameAs\":[\"https:\/\/www.facebook.com\/nadairint\/\"]}]}<\/script>\n<!-- \/ Yoast SEO plugin. -->","yoast_head_json":{"title":"\u00c0 Propos - Undercabinet Lights","robots":{"index":"index","follow":"follow","max-snippet":"max-snippet:-1","max-image-preview":"max-image-preview:large","max-video-preview":"max-video-preview:-1"},"canonical":"https:\/\/nadair.ca\/undercabinet-lights\/ce\/a-propos\/","og_locale":"fr_CA","og_type":"article","og_title":"\u00c0 Propos - Undercabinet Lights","og_url":"https:\/\/nadair.ca\/undercabinet-lights\/ce\/a-propos\/","og_site_name":"Undercabinet Lights","article_publisher":"https:\/\/www.facebook.com\/nadairint\/","twitter_card":"summary_large_image","twitter_misc":{"Estimation du temps de lecture":"14 minutes"},"schema":{"@context":"https:\/\/schema.org","@graph":[{"@type":"WebPage","@id":"https:\/\/nadair.ca\/undercabinet-lights\/ce\/a-propos\/","url":"https:\/\/nadair.ca\/undercabinet-lights\/ce\/a-propos\/","name":"\u00c0 Propos - Undercabinet Lights","isPartOf":{"@id":"https:\/\/nadair.ca\/undercabinet-lights\/ce\/#website"},"datePublished":"2025-10-03T14:56:27+00:00","breadcrumb":{"@id":"https:\/\/nadair.ca\/undercabinet-lights\/ce\/a-propos\/#breadcrumb"},"inLanguage":"fr-CA","potentialAction":[{"@type":"ReadAction","target":["https:\/\/nadair.ca\/undercabinet-lights\/ce\/a-propos\/"]}]},{"@type":"BreadcrumbList","@id":"https:\/\/nadair.ca\/undercabinet-lights\/ce\/a-propos\/#breadcrumb","itemListElement":[{"@type":"ListItem","position":1,"name":"Home","item":"https:\/\/nadair.ca\/undercabinet-lights\/"},{"@type":"ListItem","position":2,"name":"\u00c0 Propos"}]},{"@type":"WebSite","@id":"https:\/\/nadair.ca\/undercabinet-lights\/ce\/#website","url":"https:\/\/nadair.ca\/undercabinet-lights\/ce\/","name":"Undercabinet Lights","description":"","publisher":{"@id":"https:\/\/nadair.ca\/undercabinet-lights\/ce\/#organization"},"potentialAction":[{"@type":"SearchAction","target":{"@type":"EntryPoint","urlTemplate":"https:\/\/nadair.ca\/undercabinet-lights\/ce\/?s={search_term_string}"},"query-input":{"@type":"PropertyValueSpecification","valueRequired":true,"valueName":"search_term_string"}}],"inLanguage":"fr-CA"},{"@type":"Organization","@id":"https:\/\/nadair.ca\/undercabinet-lights\/ce\/#organization","name":"Nadair","url":"https:\/\/nadair.ca\/undercabinet-lights\/ce\/","logo":{"@type":"ImageObject","inLanguage":"fr-CA","@id":"https:\/\/nadair.ca\/undercabinet-lights\/ce\/#\/schema\/logo\/image\/","url":"https:\/\/nadair.ca\/undercabinet-lights\/wp-content\/uploads\/sites\/5\/2018\/09\/logo.png","contentUrl":"https:\/\/nadair.ca\/undercabinet-lights\/wp-content\/uploads\/sites\/5\/2018\/09\/logo.png","width":161,"height":59,"caption":"Nadair"},"image":{"@id":"https:\/\/nadair.ca\/undercabinet-lights\/ce\/#\/schema\/logo\/image\/"},"sameAs":["https:\/\/www.facebook.com\/nadairint\/"]}]}},"_links":{"self":[{"href":"https:\/\/nadair.ca\/undercabinet-lights\/ce\/wp-json\/wp\/v2\/pages\/1467","targetHints":{"allow":["GET"]}}],"collection":[{"href":"https:\/\/nadair.ca\/undercabinet-lights\/ce\/wp-json\/wp\/v2\/pages"}],"about":[{"href":"https:\/\/nadair.ca\/undercabinet-lights\/ce\/wp-json\/wp\/v2\/types\/page"}],"author":[{"embeddable":true,"href":"https:\/\/nadair.ca\/undercabinet-lights\/ce\/wp-json\/wp\/v2\/users\/3"}],"replies":[{"embeddable":true,"href":"https:\/\/nadair.ca\/undercabinet-lights\/ce\/wp-json\/wp\/v2\/comments?post=1467"}],"version-history":[{"count":2,"href":"https:\/\/nadair.ca\/undercabinet-lights\/ce\/wp-json\/wp\/v2\/pages\/1467\/revisions"}],"predecessor-version":[{"id":1469,"href":"https:\/\/nadair.ca\/undercabinet-lights\/ce\/wp-json\/wp\/v2\/pages\/1467\/revisions\/1469"}],"wp:attachment":[{"href":"https:\/\/nadair.ca\/undercabinet-lights\/ce\/wp-json\/wp\/v2\/media?parent=1467"}],"curies":[{"name":"wp","href":"https:\/\/api.w.org\/{rel}","templated":true}]}}