{"id":918,"date":"2019-06-04T18:50:44","date_gmt":"2019-06-04T18:50:44","guid":{"rendered":"https:\/\/nadair.ca\/undercabinet-lights\/product\/11-swivel-light\/"},"modified":"2021-07-01T00:05:31","modified_gmt":"2021-07-01T00:05:31","slug":"11-swivel-light","status":"publish","type":"product","link":"https:\/\/nadair.ca\/undercabinet-lights\/ce\/product\/11-swivel-light\/","title":{"rendered":"Luminaire pivotant de 11\u00a0\u00bb"},"content":{"rendered":"","protected":false},"excerpt":{"rendered":"<ul>\n<li>Lumi\u00e8re pivotante qui se branche \u00e0 une prise<\/li>\n<li>3 Options de temp\u00e9rature de lumi\u00e8re int\u00e9gr\u00e9es<\/li>\n<li>430 Lumens<\/li>\n<li>Ultra mince<\/li>\n<li>Se relis par c\u00e2ble<\/li>\n<li>Intensit\u00e9 r\u00e9glable<\/li>\n<li>Cordon d&rsquo;alimentation de 5&prime; inclus<\/li>\n<li>1 c\u00e2ble de connexion de 6\u00a0\u00bb inclus<\/li>\n<\/ul>\n","protected":false},"featured_media":1041,"template":"","meta":{"_acf_changed":false},"product_brand":[],"product_cat":[43],"product_tag":[],"class_list":{"0":"post-918","1":"product","2":"type-product","3":"status-publish","4":"has-post-thumbnail","6":"product_cat-undercabinet-light-ce","8":"first","9":"instock","10":"sale","11":"taxable","12":"shipping-taxable","13":"purchasable","14":"product-type-simple"},"acf":[],"yoast_head":"<!-- This site is optimized with the Yoast SEO plugin v26.7 - https:\/\/yoast.com\/wordpress\/plugins\/seo\/ -->\n<title>Luminaire pivotant de 11&#039;&#039; - Undercabinet Lights<\/title>\n<meta name=\"robots\" content=\"index, follow, max-snippet:-1, max-image-preview:large, max-video-preview:-1\" \/>\n<link rel=\"canonical\" href=\"https:\/\/nadair.ca\/undercabinet-lights\/ce\/product\/11-swivel-light\/\" \/>\n<meta property=\"og:locale\" content=\"fr_CA\" \/>\n<meta property=\"og:type\" content=\"article\" \/>\n<meta property=\"og:title\" content=\"Luminaire pivotant de 11&#039;&#039; - Undercabinet Lights\" \/>\n<meta property=\"og:description\" content=\"Lumi\u00e8re pivotante qui se branche \u00e0 une prise  3 Options de temp\u00e9rature de lumi\u00e8re int\u00e9gr\u00e9es  430 Lumens  Ultra mince  Se relis par c\u00e2ble  Intensit\u00e9 r\u00e9glable  Cordon d&#039;alimentation de 5&#039; inclus  1 c\u00e2ble de connexion de 6&#039;&#039; inclus\" \/>\n<meta property=\"og:url\" content=\"https:\/\/nadair.ca\/undercabinet-lights\/ce\/product\/11-swivel-light\/\" \/>\n<meta property=\"og:site_name\" content=\"Undercabinet Lights\" \/>\n<meta property=\"article:publisher\" content=\"https:\/\/www.facebook.com\/nadairint\/\" \/>\n<meta property=\"article:modified_time\" content=\"2021-07-01T00:05:31+00:00\" \/>\n<meta property=\"og:image\" content=\"https:\/\/nadair.ca\/undercabinet-lights\/wp-content\/uploads\/sites\/5\/2019\/06\/11_Swivel-4.jpg\" \/>\n\t<meta property=\"og:image:width\" content=\"1000\" \/>\n\t<meta property=\"og:image:height\" content=\"1000\" \/>\n\t<meta property=\"og:image:type\" content=\"image\/jpeg\" \/>\n<meta name=\"twitter:card\" content=\"summary_large_image\" \/>\n<script type=\"application\/ld+json\" class=\"yoast-schema-graph\">{\"@context\":\"https:\/\/schema.org\",\"@graph\":[{\"@type\":\"WebPage\",\"@id\":\"https:\/\/nadair.ca\/undercabinet-lights\/ce\/product\/11-swivel-light\/\",\"url\":\"https:\/\/nadair.ca\/undercabinet-lights\/ce\/product\/11-swivel-light\/\",\"name\":\"Luminaire pivotant de 11'' - Undercabinet Lights\",\"isPartOf\":{\"@id\":\"https:\/\/nadair.ca\/undercabinet-lights\/ce\/#website\"},\"primaryImageOfPage\":{\"@id\":\"https:\/\/nadair.ca\/undercabinet-lights\/ce\/product\/11-swivel-light\/#primaryimage\"},\"image\":{\"@id\":\"https:\/\/nadair.ca\/undercabinet-lights\/ce\/product\/11-swivel-light\/#primaryimage\"},\"thumbnailUrl\":\"https:\/\/nadair.ca\/undercabinet-lights\/wp-content\/uploads\/sites\/5\/2019\/06\/11_Swivel-4.jpg\",\"datePublished\":\"2019-06-04T18:50:44+00:00\",\"dateModified\":\"2021-07-01T00:05:31+00:00\",\"breadcrumb\":{\"@id\":\"https:\/\/nadair.ca\/undercabinet-lights\/ce\/product\/11-swivel-light\/#breadcrumb\"},\"inLanguage\":\"fr-CA\",\"potentialAction\":[{\"@type\":\"ReadAction\",\"target\":[\"https:\/\/nadair.ca\/undercabinet-lights\/ce\/product\/11-swivel-light\/\"]}]},{\"@type\":\"ImageObject\",\"inLanguage\":\"fr-CA\",\"@id\":\"https:\/\/nadair.ca\/undercabinet-lights\/ce\/product\/11-swivel-light\/#primaryimage\",\"url\":\"https:\/\/nadair.ca\/undercabinet-lights\/wp-content\/uploads\/sites\/5\/2019\/06\/11_Swivel-4.jpg\",\"contentUrl\":\"https:\/\/nadair.ca\/undercabinet-lights\/wp-content\/uploads\/sites\/5\/2019\/06\/11_Swivel-4.jpg\",\"width\":1000,\"height\":1000},{\"@type\":\"BreadcrumbList\",\"@id\":\"https:\/\/nadair.ca\/undercabinet-lights\/ce\/product\/11-swivel-light\/#breadcrumb\",\"itemListElement\":[{\"@type\":\"ListItem\",\"position\":1,\"name\":\"Home\",\"item\":\"https:\/\/nadair.ca\/undercabinet-lights\/\"},{\"@type\":\"ListItem\",\"position\":2,\"name\":\"Magasinez\",\"item\":\"https:\/\/nadair.ca\/undercabinet-lights\/ce\/shop\/\"},{\"@type\":\"ListItem\",\"position\":3,\"name\":\"Luminaire pivotant de 11\u00a0\u00bb\"}]},{\"@type\":\"WebSite\",\"@id\":\"https:\/\/nadair.ca\/undercabinet-lights\/ce\/#website\",\"url\":\"https:\/\/nadair.ca\/undercabinet-lights\/ce\/\",\"name\":\"Undercabinet Lights\",\"description\":\"\",\"publisher\":{\"@id\":\"https:\/\/nadair.ca\/undercabinet-lights\/ce\/#organization\"},\"potentialAction\":[{\"@type\":\"SearchAction\",\"target\":{\"@type\":\"EntryPoint\",\"urlTemplate\":\"https:\/\/nadair.ca\/undercabinet-lights\/ce\/?s={search_term_string}\"},\"query-input\":{\"@type\":\"PropertyValueSpecification\",\"valueRequired\":true,\"valueName\":\"search_term_string\"}}],\"inLanguage\":\"fr-CA\"},{\"@type\":\"Organization\",\"@id\":\"https:\/\/nadair.ca\/undercabinet-lights\/ce\/#organization\",\"name\":\"Nadair\",\"url\":\"https:\/\/nadair.ca\/undercabinet-lights\/ce\/\",\"logo\":{\"@type\":\"ImageObject\",\"inLanguage\":\"fr-CA\",\"@id\":\"https:\/\/nadair.ca\/undercabinet-lights\/ce\/#\/schema\/logo\/image\/\",\"url\":\"https:\/\/nadair.ca\/undercabinet-lights\/wp-content\/uploads\/sites\/5\/2018\/09\/logo.png\",\"contentUrl\":\"https:\/\/nadair.ca\/undercabinet-lights\/wp-content\/uploads\/sites\/5\/2018\/09\/logo.png\",\"width\":161,\"height\":59,\"caption\":\"Nadair\"},\"image\":{\"@id\":\"https:\/\/nadair.ca\/undercabinet-lights\/ce\/#\/schema\/logo\/image\/\"},\"sameAs\":[\"https:\/\/www.facebook.com\/nadairint\/\"]}]}<\/script>\n<!-- \/ Yoast SEO plugin. -->","yoast_head_json":{"title":"Luminaire pivotant de 11'' - Undercabinet Lights","robots":{"index":"index","follow":"follow","max-snippet":"max-snippet:-1","max-image-preview":"max-image-preview:large","max-video-preview":"max-video-preview:-1"},"canonical":"https:\/\/nadair.ca\/undercabinet-lights\/ce\/product\/11-swivel-light\/","og_locale":"fr_CA","og_type":"article","og_title":"Luminaire pivotant de 11'' - Undercabinet Lights","og_description":"Lumi\u00e8re pivotante qui se branche \u00e0 une prise  3 Options de temp\u00e9rature de lumi\u00e8re int\u00e9gr\u00e9es  430 Lumens  Ultra mince  Se relis par c\u00e2ble  Intensit\u00e9 r\u00e9glable  Cordon d'alimentation de 5' inclus  1 c\u00e2ble de connexion de 6'' inclus","og_url":"https:\/\/nadair.ca\/undercabinet-lights\/ce\/product\/11-swivel-light\/","og_site_name":"Undercabinet Lights","article_publisher":"https:\/\/www.facebook.com\/nadairint\/","article_modified_time":"2021-07-01T00:05:31+00:00","og_image":[{"width":1000,"height":1000,"url":"https:\/\/nadair.ca\/undercabinet-lights\/wp-content\/uploads\/sites\/5\/2019\/06\/11_Swivel-4.jpg","type":"image\/jpeg"}],"twitter_card":"summary_large_image","schema":{"@context":"https:\/\/schema.org","@graph":[{"@type":"WebPage","@id":"https:\/\/nadair.ca\/undercabinet-lights\/ce\/product\/11-swivel-light\/","url":"https:\/\/nadair.ca\/undercabinet-lights\/ce\/product\/11-swivel-light\/","name":"Luminaire pivotant de 11'' - Undercabinet Lights","isPartOf":{"@id":"https:\/\/nadair.ca\/undercabinet-lights\/ce\/#website"},"primaryImageOfPage":{"@id":"https:\/\/nadair.ca\/undercabinet-lights\/ce\/product\/11-swivel-light\/#primaryimage"},"image":{"@id":"https:\/\/nadair.ca\/undercabinet-lights\/ce\/product\/11-swivel-light\/#primaryimage"},"thumbnailUrl":"https:\/\/nadair.ca\/undercabinet-lights\/wp-content\/uploads\/sites\/5\/2019\/06\/11_Swivel-4.jpg","datePublished":"2019-06-04T18:50:44+00:00","dateModified":"2021-07-01T00:05:31+00:00","breadcrumb":{"@id":"https:\/\/nadair.ca\/undercabinet-lights\/ce\/product\/11-swivel-light\/#breadcrumb"},"inLanguage":"fr-CA","potentialAction":[{"@type":"ReadAction","target":["https:\/\/nadair.ca\/undercabinet-lights\/ce\/product\/11-swivel-light\/"]}]},{"@type":"ImageObject","inLanguage":"fr-CA","@id":"https:\/\/nadair.ca\/undercabinet-lights\/ce\/product\/11-swivel-light\/#primaryimage","url":"https:\/\/nadair.ca\/undercabinet-lights\/wp-content\/uploads\/sites\/5\/2019\/06\/11_Swivel-4.jpg","contentUrl":"https:\/\/nadair.ca\/undercabinet-lights\/wp-content\/uploads\/sites\/5\/2019\/06\/11_Swivel-4.jpg","width":1000,"height":1000},{"@type":"BreadcrumbList","@id":"https:\/\/nadair.ca\/undercabinet-lights\/ce\/product\/11-swivel-light\/#breadcrumb","itemListElement":[{"@type":"ListItem","position":1,"name":"Home","item":"https:\/\/nadair.ca\/undercabinet-lights\/"},{"@type":"ListItem","position":2,"name":"Magasinez","item":"https:\/\/nadair.ca\/undercabinet-lights\/ce\/shop\/"},{"@type":"ListItem","position":3,"name":"Luminaire pivotant de 11\u00a0\u00bb"}]},{"@type":"WebSite","@id":"https:\/\/nadair.ca\/undercabinet-lights\/ce\/#website","url":"https:\/\/nadair.ca\/undercabinet-lights\/ce\/","name":"Undercabinet Lights","description":"","publisher":{"@id":"https:\/\/nadair.ca\/undercabinet-lights\/ce\/#organization"},"potentialAction":[{"@type":"SearchAction","target":{"@type":"EntryPoint","urlTemplate":"https:\/\/nadair.ca\/undercabinet-lights\/ce\/?s={search_term_string}"},"query-input":{"@type":"PropertyValueSpecification","valueRequired":true,"valueName":"search_term_string"}}],"inLanguage":"fr-CA"},{"@type":"Organization","@id":"https:\/\/nadair.ca\/undercabinet-lights\/ce\/#organization","name":"Nadair","url":"https:\/\/nadair.ca\/undercabinet-lights\/ce\/","logo":{"@type":"ImageObject","inLanguage":"fr-CA","@id":"https:\/\/nadair.ca\/undercabinet-lights\/ce\/#\/schema\/logo\/image\/","url":"https:\/\/nadair.ca\/undercabinet-lights\/wp-content\/uploads\/sites\/5\/2018\/09\/logo.png","contentUrl":"https:\/\/nadair.ca\/undercabinet-lights\/wp-content\/uploads\/sites\/5\/2018\/09\/logo.png","width":161,"height":59,"caption":"Nadair"},"image":{"@id":"https:\/\/nadair.ca\/undercabinet-lights\/ce\/#\/schema\/logo\/image\/"},"sameAs":["https:\/\/www.facebook.com\/nadairint\/"]}]}},"_links":{"self":[{"href":"https:\/\/nadair.ca\/undercabinet-lights\/ce\/wp-json\/wp\/v2\/product\/918","targetHints":{"allow":["GET"]}}],"collection":[{"href":"https:\/\/nadair.ca\/undercabinet-lights\/ce\/wp-json\/wp\/v2\/product"}],"about":[{"href":"https:\/\/nadair.ca\/undercabinet-lights\/ce\/wp-json\/wp\/v2\/types\/product"}],"wp:featuredmedia":[{"embeddable":true,"href":"https:\/\/nadair.ca\/undercabinet-lights\/ce\/wp-json\/wp\/v2\/media\/1041"}],"wp:attachment":[{"href":"https:\/\/nadair.ca\/undercabinet-lights\/ce\/wp-json\/wp\/v2\/media?parent=918"}],"wp:term":[{"taxonomy":"product_brand","embeddable":true,"href":"https:\/\/nadair.ca\/undercabinet-lights\/ce\/wp-json\/wp\/v2\/product_brand?post=918"},{"taxonomy":"product_cat","embeddable":true,"href":"https:\/\/nadair.ca\/undercabinet-lights\/ce\/wp-json\/wp\/v2\/product_cat?post=918"},{"taxonomy":"product_tag","embeddable":true,"href":"https:\/\/nadair.ca\/undercabinet-lights\/ce\/wp-json\/wp\/v2\/product_tag?post=918"}],"curies":[{"name":"wp","href":"https:\/\/api.w.org\/{rel}","templated":true}]}}