{"id":923,"date":"2019-06-04T19:11:54","date_gmt":"2019-06-04T19:11:54","guid":{"rendered":"https:\/\/nadair.ca\/undercabinet-lights\/product\/plug-in-puck-light\/"},"modified":"2020-08-11T16:41:21","modified_gmt":"2020-08-11T16:41:21","slug":"plug-in-puck-light","status":"publish","type":"product","link":"https:\/\/nadair.ca\/undercabinet-lights\/ce\/product\/plug-in-puck-light\/","title":{"rendered":"Rondelles lumineuses"},"content":{"rendered":"","protected":false},"excerpt":{"rendered":"<ul>\n<li>Rondelles lumineuses pour sous cabinet<\/li>\n<li>3000K<\/li>\n<li>420 Lumens<\/li>\n<li>S&rsquo;installe en encastr\u00e9 ou en surface<\/li>\n<li>Cordon d&rsquo;alimentation avec interrupteur \u00e0 roulette marche\/arr\u00eat inclus<\/li>\n<li>Reliable par c\u00e2ble<\/li>\n<li>2 c\u00e2bles de connexion suppl\u00e9mentaires inclus dans l&#8217;emballage de\u00a0 3<\/li>\n<li>Disponible en ensemble de 1 et 3<\/li>\n<\/ul>\n","protected":false},"featured_media":1053,"template":"","meta":{"_acf_changed":false},"product_brand":[],"product_cat":[43],"product_tag":[],"class_list":{"0":"post-923","1":"product","2":"type-product","3":"status-publish","4":"has-post-thumbnail","6":"product_cat-undercabinet-light-ce","8":"first","9":"instock","10":"taxable","11":"shipping-taxable","12":"purchasable","13":"product-type-variable"},"acf":[],"yoast_head":"<!-- This site is optimized with the Yoast SEO plugin v26.7 - https:\/\/yoast.com\/wordpress\/plugins\/seo\/ -->\n<title>Rondelles lumineuses - Undercabinet Lights<\/title>\n<meta name=\"robots\" content=\"index, follow, max-snippet:-1, max-image-preview:large, max-video-preview:-1\" \/>\n<link rel=\"canonical\" href=\"https:\/\/nadair.ca\/undercabinet-lights\/ce\/product\/plug-in-puck-light\/\" \/>\n<meta property=\"og:locale\" content=\"fr_CA\" \/>\n<meta property=\"og:type\" content=\"article\" \/>\n<meta property=\"og:title\" content=\"Rondelles lumineuses - Undercabinet Lights\" \/>\n<meta property=\"og:description\" content=\"Rondelles lumineuses pour sous cabinet  3000K  420 Lumens  S&#039;installe en encastr\u00e9 ou en surface  Cordon d&#039;alimentation avec interrupteur \u00e0 roulette marche\/arr\u00eat inclus  Reliable par c\u00e2ble  2 c\u00e2bles de connexion suppl\u00e9mentaires inclus dans l&#039;emballage de\u00a0 3  Disponible en ensemble de 1 et 3\" \/>\n<meta property=\"og:url\" content=\"https:\/\/nadair.ca\/undercabinet-lights\/ce\/product\/plug-in-puck-light\/\" \/>\n<meta property=\"og:site_name\" content=\"Undercabinet Lights\" \/>\n<meta property=\"article:publisher\" content=\"https:\/\/www.facebook.com\/nadairint\/\" \/>\n<meta property=\"article:modified_time\" content=\"2020-08-11T16:41:21+00:00\" \/>\n<meta property=\"og:image\" content=\"https:\/\/nadair.ca\/undercabinet-lights\/wp-content\/uploads\/sites\/5\/2019\/06\/puck-4.jpg\" \/>\n\t<meta property=\"og:image:width\" content=\"1000\" \/>\n\t<meta property=\"og:image:height\" content=\"1000\" \/>\n\t<meta property=\"og:image:type\" content=\"image\/jpeg\" \/>\n<meta name=\"twitter:card\" content=\"summary_large_image\" \/>\n<script type=\"application\/ld+json\" class=\"yoast-schema-graph\">{\"@context\":\"https:\/\/schema.org\",\"@graph\":[{\"@type\":\"WebPage\",\"@id\":\"https:\/\/nadair.ca\/undercabinet-lights\/ce\/product\/plug-in-puck-light\/\",\"url\":\"https:\/\/nadair.ca\/undercabinet-lights\/ce\/product\/plug-in-puck-light\/\",\"name\":\"Rondelles lumineuses - Undercabinet Lights\",\"isPartOf\":{\"@id\":\"https:\/\/nadair.ca\/undercabinet-lights\/ce\/#website\"},\"primaryImageOfPage\":{\"@id\":\"https:\/\/nadair.ca\/undercabinet-lights\/ce\/product\/plug-in-puck-light\/#primaryimage\"},\"image\":{\"@id\":\"https:\/\/nadair.ca\/undercabinet-lights\/ce\/product\/plug-in-puck-light\/#primaryimage\"},\"thumbnailUrl\":\"https:\/\/nadair.ca\/undercabinet-lights\/wp-content\/uploads\/sites\/5\/2019\/06\/puck-4.jpg\",\"datePublished\":\"2019-06-04T19:11:54+00:00\",\"dateModified\":\"2020-08-11T16:41:21+00:00\",\"breadcrumb\":{\"@id\":\"https:\/\/nadair.ca\/undercabinet-lights\/ce\/product\/plug-in-puck-light\/#breadcrumb\"},\"inLanguage\":\"fr-CA\",\"potentialAction\":[{\"@type\":\"ReadAction\",\"target\":[\"https:\/\/nadair.ca\/undercabinet-lights\/ce\/product\/plug-in-puck-light\/\"]}]},{\"@type\":\"ImageObject\",\"inLanguage\":\"fr-CA\",\"@id\":\"https:\/\/nadair.ca\/undercabinet-lights\/ce\/product\/plug-in-puck-light\/#primaryimage\",\"url\":\"https:\/\/nadair.ca\/undercabinet-lights\/wp-content\/uploads\/sites\/5\/2019\/06\/puck-4.jpg\",\"contentUrl\":\"https:\/\/nadair.ca\/undercabinet-lights\/wp-content\/uploads\/sites\/5\/2019\/06\/puck-4.jpg\",\"width\":1000,\"height\":1000},{\"@type\":\"BreadcrumbList\",\"@id\":\"https:\/\/nadair.ca\/undercabinet-lights\/ce\/product\/plug-in-puck-light\/#breadcrumb\",\"itemListElement\":[{\"@type\":\"ListItem\",\"position\":1,\"name\":\"Home\",\"item\":\"https:\/\/nadair.ca\/undercabinet-lights\/\"},{\"@type\":\"ListItem\",\"position\":2,\"name\":\"Magasinez\",\"item\":\"https:\/\/nadair.ca\/undercabinet-lights\/ce\/shop\/\"},{\"@type\":\"ListItem\",\"position\":3,\"name\":\"Rondelles lumineuses\"}]},{\"@type\":\"WebSite\",\"@id\":\"https:\/\/nadair.ca\/undercabinet-lights\/ce\/#website\",\"url\":\"https:\/\/nadair.ca\/undercabinet-lights\/ce\/\",\"name\":\"Undercabinet Lights\",\"description\":\"\",\"publisher\":{\"@id\":\"https:\/\/nadair.ca\/undercabinet-lights\/ce\/#organization\"},\"potentialAction\":[{\"@type\":\"SearchAction\",\"target\":{\"@type\":\"EntryPoint\",\"urlTemplate\":\"https:\/\/nadair.ca\/undercabinet-lights\/ce\/?s={search_term_string}\"},\"query-input\":{\"@type\":\"PropertyValueSpecification\",\"valueRequired\":true,\"valueName\":\"search_term_string\"}}],\"inLanguage\":\"fr-CA\"},{\"@type\":\"Organization\",\"@id\":\"https:\/\/nadair.ca\/undercabinet-lights\/ce\/#organization\",\"name\":\"Nadair\",\"url\":\"https:\/\/nadair.ca\/undercabinet-lights\/ce\/\",\"logo\":{\"@type\":\"ImageObject\",\"inLanguage\":\"fr-CA\",\"@id\":\"https:\/\/nadair.ca\/undercabinet-lights\/ce\/#\/schema\/logo\/image\/\",\"url\":\"https:\/\/nadair.ca\/undercabinet-lights\/wp-content\/uploads\/sites\/5\/2018\/09\/logo.png\",\"contentUrl\":\"https:\/\/nadair.ca\/undercabinet-lights\/wp-content\/uploads\/sites\/5\/2018\/09\/logo.png\",\"width\":161,\"height\":59,\"caption\":\"Nadair\"},\"image\":{\"@id\":\"https:\/\/nadair.ca\/undercabinet-lights\/ce\/#\/schema\/logo\/image\/\"},\"sameAs\":[\"https:\/\/www.facebook.com\/nadairint\/\"]}]}<\/script>\n<!-- \/ Yoast SEO plugin. -->","yoast_head_json":{"title":"Rondelles lumineuses - Undercabinet Lights","robots":{"index":"index","follow":"follow","max-snippet":"max-snippet:-1","max-image-preview":"max-image-preview:large","max-video-preview":"max-video-preview:-1"},"canonical":"https:\/\/nadair.ca\/undercabinet-lights\/ce\/product\/plug-in-puck-light\/","og_locale":"fr_CA","og_type":"article","og_title":"Rondelles lumineuses - Undercabinet Lights","og_description":"Rondelles lumineuses pour sous cabinet  3000K  420 Lumens  S'installe en encastr\u00e9 ou en surface  Cordon d'alimentation avec interrupteur \u00e0 roulette marche\/arr\u00eat inclus  Reliable par c\u00e2ble  2 c\u00e2bles de connexion suppl\u00e9mentaires inclus dans l'emballage de\u00a0 3  Disponible en ensemble de 1 et 3","og_url":"https:\/\/nadair.ca\/undercabinet-lights\/ce\/product\/plug-in-puck-light\/","og_site_name":"Undercabinet Lights","article_publisher":"https:\/\/www.facebook.com\/nadairint\/","article_modified_time":"2020-08-11T16:41:21+00:00","og_image":[{"width":1000,"height":1000,"url":"https:\/\/nadair.ca\/undercabinet-lights\/wp-content\/uploads\/sites\/5\/2019\/06\/puck-4.jpg","type":"image\/jpeg"}],"twitter_card":"summary_large_image","schema":{"@context":"https:\/\/schema.org","@graph":[{"@type":"WebPage","@id":"https:\/\/nadair.ca\/undercabinet-lights\/ce\/product\/plug-in-puck-light\/","url":"https:\/\/nadair.ca\/undercabinet-lights\/ce\/product\/plug-in-puck-light\/","name":"Rondelles lumineuses - Undercabinet Lights","isPartOf":{"@id":"https:\/\/nadair.ca\/undercabinet-lights\/ce\/#website"},"primaryImageOfPage":{"@id":"https:\/\/nadair.ca\/undercabinet-lights\/ce\/product\/plug-in-puck-light\/#primaryimage"},"image":{"@id":"https:\/\/nadair.ca\/undercabinet-lights\/ce\/product\/plug-in-puck-light\/#primaryimage"},"thumbnailUrl":"https:\/\/nadair.ca\/undercabinet-lights\/wp-content\/uploads\/sites\/5\/2019\/06\/puck-4.jpg","datePublished":"2019-06-04T19:11:54+00:00","dateModified":"2020-08-11T16:41:21+00:00","breadcrumb":{"@id":"https:\/\/nadair.ca\/undercabinet-lights\/ce\/product\/plug-in-puck-light\/#breadcrumb"},"inLanguage":"fr-CA","potentialAction":[{"@type":"ReadAction","target":["https:\/\/nadair.ca\/undercabinet-lights\/ce\/product\/plug-in-puck-light\/"]}]},{"@type":"ImageObject","inLanguage":"fr-CA","@id":"https:\/\/nadair.ca\/undercabinet-lights\/ce\/product\/plug-in-puck-light\/#primaryimage","url":"https:\/\/nadair.ca\/undercabinet-lights\/wp-content\/uploads\/sites\/5\/2019\/06\/puck-4.jpg","contentUrl":"https:\/\/nadair.ca\/undercabinet-lights\/wp-content\/uploads\/sites\/5\/2019\/06\/puck-4.jpg","width":1000,"height":1000},{"@type":"BreadcrumbList","@id":"https:\/\/nadair.ca\/undercabinet-lights\/ce\/product\/plug-in-puck-light\/#breadcrumb","itemListElement":[{"@type":"ListItem","position":1,"name":"Home","item":"https:\/\/nadair.ca\/undercabinet-lights\/"},{"@type":"ListItem","position":2,"name":"Magasinez","item":"https:\/\/nadair.ca\/undercabinet-lights\/ce\/shop\/"},{"@type":"ListItem","position":3,"name":"Rondelles lumineuses"}]},{"@type":"WebSite","@id":"https:\/\/nadair.ca\/undercabinet-lights\/ce\/#website","url":"https:\/\/nadair.ca\/undercabinet-lights\/ce\/","name":"Undercabinet Lights","description":"","publisher":{"@id":"https:\/\/nadair.ca\/undercabinet-lights\/ce\/#organization"},"potentialAction":[{"@type":"SearchAction","target":{"@type":"EntryPoint","urlTemplate":"https:\/\/nadair.ca\/undercabinet-lights\/ce\/?s={search_term_string}"},"query-input":{"@type":"PropertyValueSpecification","valueRequired":true,"valueName":"search_term_string"}}],"inLanguage":"fr-CA"},{"@type":"Organization","@id":"https:\/\/nadair.ca\/undercabinet-lights\/ce\/#organization","name":"Nadair","url":"https:\/\/nadair.ca\/undercabinet-lights\/ce\/","logo":{"@type":"ImageObject","inLanguage":"fr-CA","@id":"https:\/\/nadair.ca\/undercabinet-lights\/ce\/#\/schema\/logo\/image\/","url":"https:\/\/nadair.ca\/undercabinet-lights\/wp-content\/uploads\/sites\/5\/2018\/09\/logo.png","contentUrl":"https:\/\/nadair.ca\/undercabinet-lights\/wp-content\/uploads\/sites\/5\/2018\/09\/logo.png","width":161,"height":59,"caption":"Nadair"},"image":{"@id":"https:\/\/nadair.ca\/undercabinet-lights\/ce\/#\/schema\/logo\/image\/"},"sameAs":["https:\/\/www.facebook.com\/nadairint\/"]}]}},"_links":{"self":[{"href":"https:\/\/nadair.ca\/undercabinet-lights\/ce\/wp-json\/wp\/v2\/product\/923","targetHints":{"allow":["GET"]}}],"collection":[{"href":"https:\/\/nadair.ca\/undercabinet-lights\/ce\/wp-json\/wp\/v2\/product"}],"about":[{"href":"https:\/\/nadair.ca\/undercabinet-lights\/ce\/wp-json\/wp\/v2\/types\/product"}],"wp:featuredmedia":[{"embeddable":true,"href":"https:\/\/nadair.ca\/undercabinet-lights\/ce\/wp-json\/wp\/v2\/media\/1053"}],"wp:attachment":[{"href":"https:\/\/nadair.ca\/undercabinet-lights\/ce\/wp-json\/wp\/v2\/media?parent=923"}],"wp:term":[{"taxonomy":"product_brand","embeddable":true,"href":"https:\/\/nadair.ca\/undercabinet-lights\/ce\/wp-json\/wp\/v2\/product_brand?post=923"},{"taxonomy":"product_cat","embeddable":true,"href":"https:\/\/nadair.ca\/undercabinet-lights\/ce\/wp-json\/wp\/v2\/product_cat?post=923"},{"taxonomy":"product_tag","embeddable":true,"href":"https:\/\/nadair.ca\/undercabinet-lights\/ce\/wp-json\/wp\/v2\/product_tag?post=923"}],"curies":[{"name":"wp","href":"https:\/\/api.w.org\/{rel}","templated":true}]}}