{"id":926,"date":"2019-06-04T19:14:42","date_gmt":"2019-06-04T19:14:42","guid":{"rendered":"https:\/\/nadair.ca\/undercabinet-lights\/product\/plug-in-clear-bars-lights\/"},"modified":"2020-08-11T16:40:59","modified_gmt":"2020-08-11T16:40:59","slug":"plug-in-clear-bars-lights","status":"publish","type":"product","link":"https:\/\/nadair.ca\/undercabinet-lights\/ce\/product\/plug-in-clear-bars-lights\/","title":{"rendered":"Barres lumineuses de 12\u00a0\u00bb"},"content":{"rendered":"","protected":false},"excerpt":{"rendered":"<ul>\n<li>Barres lumineuses transparentes 12\u00a0\u00bb &#8211; paquet de 3<\/li>\n<li>110 lumens<\/li>\n<li>Ultra mince<\/li>\n<li>C\u00e2bles de connexion int\u00e9gr\u00e9s<\/li>\n<li>Cordon d&rsquo;alimentation avec interrupteur inclus<\/li>\n<li>3000K<\/li>\n<\/ul>\n","protected":false},"featured_media":1063,"template":"","meta":{"_acf_changed":false},"product_brand":[],"product_cat":[43],"product_tag":[],"class_list":{"0":"post-926","1":"product","2":"type-product","3":"status-publish","4":"has-post-thumbnail","6":"product_cat-undercabinet-light-ce","8":"first","9":"instock","10":"sale","11":"taxable","12":"shipping-taxable","13":"purchasable","14":"product-type-simple"},"acf":[],"yoast_head":"<!-- This site is optimized with the Yoast SEO plugin v26.7 - https:\/\/yoast.com\/wordpress\/plugins\/seo\/ -->\n<title>Barres lumineuses de 12&#039;&#039; - Undercabinet Lights<\/title>\n<meta name=\"robots\" content=\"index, follow, max-snippet:-1, max-image-preview:large, max-video-preview:-1\" \/>\n<link rel=\"canonical\" href=\"https:\/\/nadair.ca\/undercabinet-lights\/ce\/product\/plug-in-clear-bars-lights\/\" \/>\n<meta property=\"og:locale\" content=\"fr_CA\" \/>\n<meta property=\"og:type\" content=\"article\" \/>\n<meta property=\"og:title\" content=\"Barres lumineuses de 12&#039;&#039; - Undercabinet Lights\" \/>\n<meta property=\"og:description\" content=\"Barres lumineuses transparentes 12&#039;&#039; - paquet de 3  110 lumens  Ultra mince  C\u00e2bles de connexion int\u00e9gr\u00e9s  Cordon d&#039;alimentation avec interrupteur inclus  3000K\" \/>\n<meta property=\"og:url\" content=\"https:\/\/nadair.ca\/undercabinet-lights\/ce\/product\/plug-in-clear-bars-lights\/\" \/>\n<meta property=\"og:site_name\" content=\"Undercabinet Lights\" \/>\n<meta property=\"article:publisher\" content=\"https:\/\/www.facebook.com\/nadairint\/\" \/>\n<meta property=\"article:modified_time\" content=\"2020-08-11T16:40:59+00:00\" \/>\n<meta property=\"og:image\" content=\"https:\/\/nadair.ca\/undercabinet-lights\/wp-content\/uploads\/sites\/5\/2019\/06\/slim-3.jpg\" \/>\n\t<meta property=\"og:image:width\" content=\"1000\" \/>\n\t<meta property=\"og:image:height\" content=\"1000\" \/>\n\t<meta property=\"og:image:type\" content=\"image\/jpeg\" \/>\n<meta name=\"twitter:card\" content=\"summary_large_image\" \/>\n<script type=\"application\/ld+json\" class=\"yoast-schema-graph\">{\"@context\":\"https:\/\/schema.org\",\"@graph\":[{\"@type\":\"WebPage\",\"@id\":\"https:\/\/nadair.ca\/undercabinet-lights\/ce\/product\/plug-in-clear-bars-lights\/\",\"url\":\"https:\/\/nadair.ca\/undercabinet-lights\/ce\/product\/plug-in-clear-bars-lights\/\",\"name\":\"Barres lumineuses de 12'' - Undercabinet Lights\",\"isPartOf\":{\"@id\":\"https:\/\/nadair.ca\/undercabinet-lights\/ce\/#website\"},\"primaryImageOfPage\":{\"@id\":\"https:\/\/nadair.ca\/undercabinet-lights\/ce\/product\/plug-in-clear-bars-lights\/#primaryimage\"},\"image\":{\"@id\":\"https:\/\/nadair.ca\/undercabinet-lights\/ce\/product\/plug-in-clear-bars-lights\/#primaryimage\"},\"thumbnailUrl\":\"https:\/\/nadair.ca\/undercabinet-lights\/wp-content\/uploads\/sites\/5\/2019\/06\/slim-3.jpg\",\"datePublished\":\"2019-06-04T19:14:42+00:00\",\"dateModified\":\"2020-08-11T16:40:59+00:00\",\"breadcrumb\":{\"@id\":\"https:\/\/nadair.ca\/undercabinet-lights\/ce\/product\/plug-in-clear-bars-lights\/#breadcrumb\"},\"inLanguage\":\"fr-CA\",\"potentialAction\":[{\"@type\":\"ReadAction\",\"target\":[\"https:\/\/nadair.ca\/undercabinet-lights\/ce\/product\/plug-in-clear-bars-lights\/\"]}]},{\"@type\":\"ImageObject\",\"inLanguage\":\"fr-CA\",\"@id\":\"https:\/\/nadair.ca\/undercabinet-lights\/ce\/product\/plug-in-clear-bars-lights\/#primaryimage\",\"url\":\"https:\/\/nadair.ca\/undercabinet-lights\/wp-content\/uploads\/sites\/5\/2019\/06\/slim-3.jpg\",\"contentUrl\":\"https:\/\/nadair.ca\/undercabinet-lights\/wp-content\/uploads\/sites\/5\/2019\/06\/slim-3.jpg\",\"width\":1000,\"height\":1000},{\"@type\":\"BreadcrumbList\",\"@id\":\"https:\/\/nadair.ca\/undercabinet-lights\/ce\/product\/plug-in-clear-bars-lights\/#breadcrumb\",\"itemListElement\":[{\"@type\":\"ListItem\",\"position\":1,\"name\":\"Home\",\"item\":\"https:\/\/nadair.ca\/undercabinet-lights\/\"},{\"@type\":\"ListItem\",\"position\":2,\"name\":\"Magasinez\",\"item\":\"https:\/\/nadair.ca\/undercabinet-lights\/ce\/shop\/\"},{\"@type\":\"ListItem\",\"position\":3,\"name\":\"Barres lumineuses de 12\u00a0\u00bb\"}]},{\"@type\":\"WebSite\",\"@id\":\"https:\/\/nadair.ca\/undercabinet-lights\/ce\/#website\",\"url\":\"https:\/\/nadair.ca\/undercabinet-lights\/ce\/\",\"name\":\"Undercabinet Lights\",\"description\":\"\",\"publisher\":{\"@id\":\"https:\/\/nadair.ca\/undercabinet-lights\/ce\/#organization\"},\"potentialAction\":[{\"@type\":\"SearchAction\",\"target\":{\"@type\":\"EntryPoint\",\"urlTemplate\":\"https:\/\/nadair.ca\/undercabinet-lights\/ce\/?s={search_term_string}\"},\"query-input\":{\"@type\":\"PropertyValueSpecification\",\"valueRequired\":true,\"valueName\":\"search_term_string\"}}],\"inLanguage\":\"fr-CA\"},{\"@type\":\"Organization\",\"@id\":\"https:\/\/nadair.ca\/undercabinet-lights\/ce\/#organization\",\"name\":\"Nadair\",\"url\":\"https:\/\/nadair.ca\/undercabinet-lights\/ce\/\",\"logo\":{\"@type\":\"ImageObject\",\"inLanguage\":\"fr-CA\",\"@id\":\"https:\/\/nadair.ca\/undercabinet-lights\/ce\/#\/schema\/logo\/image\/\",\"url\":\"https:\/\/nadair.ca\/undercabinet-lights\/wp-content\/uploads\/sites\/5\/2018\/09\/logo.png\",\"contentUrl\":\"https:\/\/nadair.ca\/undercabinet-lights\/wp-content\/uploads\/sites\/5\/2018\/09\/logo.png\",\"width\":161,\"height\":59,\"caption\":\"Nadair\"},\"image\":{\"@id\":\"https:\/\/nadair.ca\/undercabinet-lights\/ce\/#\/schema\/logo\/image\/\"},\"sameAs\":[\"https:\/\/www.facebook.com\/nadairint\/\"]}]}<\/script>\n<!-- \/ Yoast SEO plugin. -->","yoast_head_json":{"title":"Barres lumineuses de 12'' - Undercabinet Lights","robots":{"index":"index","follow":"follow","max-snippet":"max-snippet:-1","max-image-preview":"max-image-preview:large","max-video-preview":"max-video-preview:-1"},"canonical":"https:\/\/nadair.ca\/undercabinet-lights\/ce\/product\/plug-in-clear-bars-lights\/","og_locale":"fr_CA","og_type":"article","og_title":"Barres lumineuses de 12'' - Undercabinet Lights","og_description":"Barres lumineuses transparentes 12'' - paquet de 3  110 lumens  Ultra mince  C\u00e2bles de connexion int\u00e9gr\u00e9s  Cordon d'alimentation avec interrupteur inclus  3000K","og_url":"https:\/\/nadair.ca\/undercabinet-lights\/ce\/product\/plug-in-clear-bars-lights\/","og_site_name":"Undercabinet Lights","article_publisher":"https:\/\/www.facebook.com\/nadairint\/","article_modified_time":"2020-08-11T16:40:59+00:00","og_image":[{"width":1000,"height":1000,"url":"https:\/\/nadair.ca\/undercabinet-lights\/wp-content\/uploads\/sites\/5\/2019\/06\/slim-3.jpg","type":"image\/jpeg"}],"twitter_card":"summary_large_image","schema":{"@context":"https:\/\/schema.org","@graph":[{"@type":"WebPage","@id":"https:\/\/nadair.ca\/undercabinet-lights\/ce\/product\/plug-in-clear-bars-lights\/","url":"https:\/\/nadair.ca\/undercabinet-lights\/ce\/product\/plug-in-clear-bars-lights\/","name":"Barres lumineuses de 12'' - Undercabinet Lights","isPartOf":{"@id":"https:\/\/nadair.ca\/undercabinet-lights\/ce\/#website"},"primaryImageOfPage":{"@id":"https:\/\/nadair.ca\/undercabinet-lights\/ce\/product\/plug-in-clear-bars-lights\/#primaryimage"},"image":{"@id":"https:\/\/nadair.ca\/undercabinet-lights\/ce\/product\/plug-in-clear-bars-lights\/#primaryimage"},"thumbnailUrl":"https:\/\/nadair.ca\/undercabinet-lights\/wp-content\/uploads\/sites\/5\/2019\/06\/slim-3.jpg","datePublished":"2019-06-04T19:14:42+00:00","dateModified":"2020-08-11T16:40:59+00:00","breadcrumb":{"@id":"https:\/\/nadair.ca\/undercabinet-lights\/ce\/product\/plug-in-clear-bars-lights\/#breadcrumb"},"inLanguage":"fr-CA","potentialAction":[{"@type":"ReadAction","target":["https:\/\/nadair.ca\/undercabinet-lights\/ce\/product\/plug-in-clear-bars-lights\/"]}]},{"@type":"ImageObject","inLanguage":"fr-CA","@id":"https:\/\/nadair.ca\/undercabinet-lights\/ce\/product\/plug-in-clear-bars-lights\/#primaryimage","url":"https:\/\/nadair.ca\/undercabinet-lights\/wp-content\/uploads\/sites\/5\/2019\/06\/slim-3.jpg","contentUrl":"https:\/\/nadair.ca\/undercabinet-lights\/wp-content\/uploads\/sites\/5\/2019\/06\/slim-3.jpg","width":1000,"height":1000},{"@type":"BreadcrumbList","@id":"https:\/\/nadair.ca\/undercabinet-lights\/ce\/product\/plug-in-clear-bars-lights\/#breadcrumb","itemListElement":[{"@type":"ListItem","position":1,"name":"Home","item":"https:\/\/nadair.ca\/undercabinet-lights\/"},{"@type":"ListItem","position":2,"name":"Magasinez","item":"https:\/\/nadair.ca\/undercabinet-lights\/ce\/shop\/"},{"@type":"ListItem","position":3,"name":"Barres lumineuses de 12\u00a0\u00bb"}]},{"@type":"WebSite","@id":"https:\/\/nadair.ca\/undercabinet-lights\/ce\/#website","url":"https:\/\/nadair.ca\/undercabinet-lights\/ce\/","name":"Undercabinet Lights","description":"","publisher":{"@id":"https:\/\/nadair.ca\/undercabinet-lights\/ce\/#organization"},"potentialAction":[{"@type":"SearchAction","target":{"@type":"EntryPoint","urlTemplate":"https:\/\/nadair.ca\/undercabinet-lights\/ce\/?s={search_term_string}"},"query-input":{"@type":"PropertyValueSpecification","valueRequired":true,"valueName":"search_term_string"}}],"inLanguage":"fr-CA"},{"@type":"Organization","@id":"https:\/\/nadair.ca\/undercabinet-lights\/ce\/#organization","name":"Nadair","url":"https:\/\/nadair.ca\/undercabinet-lights\/ce\/","logo":{"@type":"ImageObject","inLanguage":"fr-CA","@id":"https:\/\/nadair.ca\/undercabinet-lights\/ce\/#\/schema\/logo\/image\/","url":"https:\/\/nadair.ca\/undercabinet-lights\/wp-content\/uploads\/sites\/5\/2018\/09\/logo.png","contentUrl":"https:\/\/nadair.ca\/undercabinet-lights\/wp-content\/uploads\/sites\/5\/2018\/09\/logo.png","width":161,"height":59,"caption":"Nadair"},"image":{"@id":"https:\/\/nadair.ca\/undercabinet-lights\/ce\/#\/schema\/logo\/image\/"},"sameAs":["https:\/\/www.facebook.com\/nadairint\/"]}]}},"_links":{"self":[{"href":"https:\/\/nadair.ca\/undercabinet-lights\/ce\/wp-json\/wp\/v2\/product\/926","targetHints":{"allow":["GET"]}}],"collection":[{"href":"https:\/\/nadair.ca\/undercabinet-lights\/ce\/wp-json\/wp\/v2\/product"}],"about":[{"href":"https:\/\/nadair.ca\/undercabinet-lights\/ce\/wp-json\/wp\/v2\/types\/product"}],"wp:featuredmedia":[{"embeddable":true,"href":"https:\/\/nadair.ca\/undercabinet-lights\/ce\/wp-json\/wp\/v2\/media\/1063"}],"wp:attachment":[{"href":"https:\/\/nadair.ca\/undercabinet-lights\/ce\/wp-json\/wp\/v2\/media?parent=926"}],"wp:term":[{"taxonomy":"product_brand","embeddable":true,"href":"https:\/\/nadair.ca\/undercabinet-lights\/ce\/wp-json\/wp\/v2\/product_brand?post=926"},{"taxonomy":"product_cat","embeddable":true,"href":"https:\/\/nadair.ca\/undercabinet-lights\/ce\/wp-json\/wp\/v2\/product_cat?post=926"},{"taxonomy":"product_tag","embeddable":true,"href":"https:\/\/nadair.ca\/undercabinet-lights\/ce\/wp-json\/wp\/v2\/product_tag?post=926"}],"curies":[{"name":"wp","href":"https:\/\/api.w.org\/{rel}","templated":true}]}}