{"id":2837,"date":"2020-07-22T12:33:26","date_gmt":"2020-07-22T12:33:26","guid":{"rendered":"https:\/\/nadair.ca\/vacuum\/magasinez\/"},"modified":"2025-04-04T14:12:37","modified_gmt":"2025-04-04T14:12:37","slug":"magasinez","status":"publish","type":"page","link":"https:\/\/nadair.ca\/vacuum-professional\/ce\/magasinez\/","title":{"rendered":"Shop"},"content":{"rendered":"<p><div class=\"fusion-fullwidth fullwidth-box fusion-builder-row-1 fusion-flex-container has-pattern-background has-mask-background nonhundred-percent-fullwidth non-hundred-percent-height-scrolling\" style=\"--awb-border-radius-top-left:0px;--awb-border-radius-top-right:0px;--awb-border-radius-bottom-right:0px;--awb-border-radius-bottom-left:0px;--awb-flex-wrap:wrap;\" ><div class=\"fusion-builder-row fusion-row fusion-flex-align-items-center fusion-flex-justify-content-center fusion-flex-content-wrap\" style=\"max-width:1144px;margin-left: calc(-4% \/ 2 );margin-right: calc(-4% \/ 2 );\"><div class=\"fusion-layout-column fusion_builder_column fusion-builder-column-0 fusion_builder_column_1_1 1_1 fusion-flex-column\" style=\"--awb-bg-size:cover;--awb-width-large:100%;--awb-margin-top-large:0px;--awb-spacing-right-large:1.92%;--awb-margin-bottom-large:20px;--awb-spacing-left-large:1.92%;--awb-width-medium:100%;--awb-order-medium:0;--awb-spacing-right-medium:1.92%;--awb-spacing-left-medium:1.92%;--awb-width-small:100%;--awb-order-small:0;--awb-spacing-right-small:1.92%;--awb-spacing-left-small:1.92%;\"><div class=\"fusion-column-wrapper fusion-column-has-shadow fusion-flex-justify-content-flex-start fusion-content-layout-column\">[rev_slider alias=\u00a0\u00bbslider-1-1&Prime; \/]<\/div><\/div><\/div><\/div><div class=\"fusion-fullwidth fullwidth-box fusion-builder-row-2 fusion-flex-container has-pattern-background has-mask-background nonhundred-percent-fullwidth non-hundred-percent-height-scrolling\" style=\"--awb-border-radius-top-left:0px;--awb-border-radius-top-right:0px;--awb-border-radius-bottom-right:0px;--awb-border-radius-bottom-left:0px;--awb-flex-wrap:nowrap;--awb-flex-wrap-medium:nowrap;--awb-flex-wrap-small:nowrap;\" ><div class=\"fusion-builder-row fusion-row fusion-flex-align-items-center fusion-flex-justify-content-center fusion-flex-content-wrap\" style=\"max-width:1144px;margin-left: calc(-4% \/ 2 );margin-right: calc(-4% \/ 2 );\"><div class=\"fusion-layout-column fusion_builder_column fusion-builder-column-1 fusion_builder_column_1_1 1_1 fusion-flex-column\" style=\"--awb-bg-size:cover;--awb-width-large:100%;--awb-margin-top-large:0px;--awb-spacing-right-large:1.92%;--awb-margin-bottom-large:20px;--awb-spacing-left-large:1.92%;--awb-width-medium:100%;--awb-order-medium:0;--awb-spacing-right-medium:1.92%;--awb-spacing-left-medium:1.92%;--awb-width-small:100%;--awb-order-small:0;--awb-spacing-right-small:1.92%;--awb-spacing-left-small:1.92%;\"><div class=\"fusion-column-wrapper fusion-column-has-shadow fusion-flex-justify-content-flex-start fusion-content-layout-column\"><div class=\"awb-gallery-wrapper awb-gallery-wrapper-1 button-span-no\" style=\"--more-btn-alignment:center;\"><div style=\"margin:-5px;--awb-bordersize:0px;\" class=\"fusion-gallery fusion-gallery-container fusion-grid-3 fusion-columns-total-6 fusion-gallery-layout-grid fusion-gallery-1\"><div style=\"padding:5px;\" class=\"fusion-grid-column fusion-gallery-column fusion-gallery-column-3 hover-type-none\"><div class=\"fusion-gallery-image\"><a href=\"https:\/\/nadair.ca\/vacuum\/ce\/product-category\/super-duty-series\/\" rel=\"noreferrer\" data-rel=\"iLightbox[gallery_image_1]\" class=\"fusion-lightbox\" target=\"_self\"><img decoding=\"async\" src=\"https:\/\/nadair.ca\/vacuum-professional\/wp-content\/uploads\/sites\/18\/2025\/04\/SD-Series-2-FR.jpg\" width=\"1917\" height=\"1229\" alt=\"\" title=\"SD Series-2-FR\" aria-label=\"SD Series-2-FR\" class=\"img-responsive wp-image-5104\" srcset=\"https:\/\/nadair.ca\/vacuum-professional\/wp-content\/uploads\/sites\/18\/2025\/04\/SD-Series-2-FR-200x128.jpg 200w, https:\/\/nadair.ca\/vacuum-professional\/wp-content\/uploads\/sites\/18\/2025\/04\/SD-Series-2-FR-400x256.jpg 400w, https:\/\/nadair.ca\/vacuum-professional\/wp-content\/uploads\/sites\/18\/2025\/04\/SD-Series-2-FR-600x385.jpg 600w, https:\/\/nadair.ca\/vacuum-professional\/wp-content\/uploads\/sites\/18\/2025\/04\/SD-Series-2-FR-800x513.jpg 800w, https:\/\/nadair.ca\/vacuum-professional\/wp-content\/uploads\/sites\/18\/2025\/04\/SD-Series-2-FR-1200x769.jpg 1200w, https:\/\/nadair.ca\/vacuum-professional\/wp-content\/uploads\/sites\/18\/2025\/04\/SD-Series-2-FR.jpg 1917w\" sizes=\"(min-width: 2200px) 100vw, (min-width: 784px) 363px, (min-width: 712px) 545px, (min-width: 640px) 712px, \" \/><\/a><\/div><\/div><div style=\"padding:5px;\" class=\"fusion-grid-column fusion-gallery-column fusion-gallery-column-3 hover-type-none\"><div class=\"fusion-gallery-image\"><a href=\"https:\/\/nadair.ca\/vacuum\/ce\/product-category\/heavy-duty-series\/\" rel=\"noreferrer\" data-rel=\"iLightbox[gallery_image_1]\" class=\"fusion-lightbox\" target=\"_self\"><img decoding=\"async\" src=\"https:\/\/nadair.ca\/vacuum-professional\/wp-content\/uploads\/sites\/18\/2025\/04\/HD-Series-2-FR.jpg\" width=\"1917\" height=\"1229\" alt=\"\" title=\"HD Series-2-FR\" aria-label=\"HD Series-2-FR\" class=\"img-responsive wp-image-5106\" srcset=\"https:\/\/nadair.ca\/vacuum-professional\/wp-content\/uploads\/sites\/18\/2025\/04\/HD-Series-2-FR-200x128.jpg 200w, https:\/\/nadair.ca\/vacuum-professional\/wp-content\/uploads\/sites\/18\/2025\/04\/HD-Series-2-FR-400x256.jpg 400w, https:\/\/nadair.ca\/vacuum-professional\/wp-content\/uploads\/sites\/18\/2025\/04\/HD-Series-2-FR-600x385.jpg 600w, https:\/\/nadair.ca\/vacuum-professional\/wp-content\/uploads\/sites\/18\/2025\/04\/HD-Series-2-FR-800x513.jpg 800w, https:\/\/nadair.ca\/vacuum-professional\/wp-content\/uploads\/sites\/18\/2025\/04\/HD-Series-2-FR-1200x769.jpg 1200w, https:\/\/nadair.ca\/vacuum-professional\/wp-content\/uploads\/sites\/18\/2025\/04\/HD-Series-2-FR.jpg 1917w\" sizes=\"(min-width: 2200px) 100vw, (min-width: 784px) 363px, (min-width: 712px) 545px, (min-width: 640px) 712px, \" \/><\/a><\/div><\/div><div style=\"padding:5px;\" class=\"fusion-grid-column fusion-gallery-column fusion-gallery-column-3 hover-type-none\"><div class=\"fusion-gallery-image\"><a href=\"https:\/\/nadair.ca\/vacuum\/ce\/product-category\/serie-st\/\" rel=\"noreferrer\" data-rel=\"iLightbox[gallery_image_1]\" class=\"fusion-lightbox\" target=\"_self\"><img decoding=\"async\" src=\"https:\/\/nadair.ca\/vacuum-professional\/wp-content\/uploads\/sites\/18\/2025\/04\/ST-Series-2-FR.jpg\" width=\"1917\" height=\"1229\" alt=\"\" title=\"ST Series-2-FR\" aria-label=\"ST Series-2-FR\" class=\"img-responsive wp-image-5108\" srcset=\"https:\/\/nadair.ca\/vacuum-professional\/wp-content\/uploads\/sites\/18\/2025\/04\/ST-Series-2-FR-200x128.jpg 200w, https:\/\/nadair.ca\/vacuum-professional\/wp-content\/uploads\/sites\/18\/2025\/04\/ST-Series-2-FR-400x256.jpg 400w, https:\/\/nadair.ca\/vacuum-professional\/wp-content\/uploads\/sites\/18\/2025\/04\/ST-Series-2-FR-600x385.jpg 600w, https:\/\/nadair.ca\/vacuum-professional\/wp-content\/uploads\/sites\/18\/2025\/04\/ST-Series-2-FR-800x513.jpg 800w, https:\/\/nadair.ca\/vacuum-professional\/wp-content\/uploads\/sites\/18\/2025\/04\/ST-Series-2-FR-1200x769.jpg 1200w, https:\/\/nadair.ca\/vacuum-professional\/wp-content\/uploads\/sites\/18\/2025\/04\/ST-Series-2-FR.jpg 1917w\" sizes=\"(min-width: 2200px) 100vw, (min-width: 784px) 363px, (min-width: 712px) 545px, (min-width: 640px) 712px, \" \/><\/a><\/div><\/div><div class=\"clearfix\"><\/div><div style=\"padding:5px;\" class=\"fusion-grid-column fusion-gallery-column fusion-gallery-column-3 hover-type-none\"><div class=\"fusion-gallery-image\"><a href=\"https:\/\/nadair.ca\/vacuum\/ce\/product-category\/accessory-kits-ce\/\" rel=\"noreferrer\" data-rel=\"iLightbox[gallery_image_1]\" class=\"fusion-lightbox\" target=\"_self\"><img decoding=\"async\" src=\"https:\/\/nadair.ca\/vacuum-professional\/wp-content\/uploads\/sites\/18\/2025\/04\/Kits-2-FR.jpg\" width=\"1917\" height=\"1229\" alt=\"\" title=\"Kits-2-FR\" aria-label=\"Kits-2-FR\" class=\"img-responsive wp-image-5112\" srcset=\"https:\/\/nadair.ca\/vacuum-professional\/wp-content\/uploads\/sites\/18\/2025\/04\/Kits-2-FR-200x128.jpg 200w, https:\/\/nadair.ca\/vacuum-professional\/wp-content\/uploads\/sites\/18\/2025\/04\/Kits-2-FR-400x256.jpg 400w, https:\/\/nadair.ca\/vacuum-professional\/wp-content\/uploads\/sites\/18\/2025\/04\/Kits-2-FR-600x385.jpg 600w, https:\/\/nadair.ca\/vacuum-professional\/wp-content\/uploads\/sites\/18\/2025\/04\/Kits-2-FR-800x513.jpg 800w, https:\/\/nadair.ca\/vacuum-professional\/wp-content\/uploads\/sites\/18\/2025\/04\/Kits-2-FR-1200x769.jpg 1200w, https:\/\/nadair.ca\/vacuum-professional\/wp-content\/uploads\/sites\/18\/2025\/04\/Kits-2-FR.jpg 1917w\" sizes=\"(min-width: 2200px) 100vw, (min-width: 784px) 363px, (min-width: 712px) 545px, (min-width: 640px) 712px, \" \/><\/a><\/div><\/div><div style=\"padding:5px;\" class=\"fusion-grid-column fusion-gallery-column fusion-gallery-column-3 hover-type-none\"><div class=\"fusion-gallery-image\"><a href=\"https:\/\/nadair.ca\/vacuum\/ce\/product-category\/hoses\/\" rel=\"noreferrer\" data-rel=\"iLightbox[gallery_image_1]\" class=\"fusion-lightbox\" target=\"_self\"><img decoding=\"async\" src=\"https:\/\/nadair.ca\/vacuum-professional\/wp-content\/uploads\/sites\/18\/2025\/04\/Hoses-2-FR.jpg\" width=\"1917\" height=\"1229\" alt=\"\" title=\"Hoses-2-FR\" aria-label=\"Hoses-2-FR\" class=\"img-responsive wp-image-5114\" srcset=\"https:\/\/nadair.ca\/vacuum-professional\/wp-content\/uploads\/sites\/18\/2025\/04\/Hoses-2-FR-200x128.jpg 200w, https:\/\/nadair.ca\/vacuum-professional\/wp-content\/uploads\/sites\/18\/2025\/04\/Hoses-2-FR-400x256.jpg 400w, https:\/\/nadair.ca\/vacuum-professional\/wp-content\/uploads\/sites\/18\/2025\/04\/Hoses-2-FR-600x385.jpg 600w, https:\/\/nadair.ca\/vacuum-professional\/wp-content\/uploads\/sites\/18\/2025\/04\/Hoses-2-FR-800x513.jpg 800w, https:\/\/nadair.ca\/vacuum-professional\/wp-content\/uploads\/sites\/18\/2025\/04\/Hoses-2-FR-1200x769.jpg 1200w, https:\/\/nadair.ca\/vacuum-professional\/wp-content\/uploads\/sites\/18\/2025\/04\/Hoses-2-FR.jpg 1917w\" sizes=\"(min-width: 2200px) 100vw, (min-width: 784px) 363px, (min-width: 712px) 545px, (min-width: 640px) 712px, \" \/><\/a><\/div><\/div><div style=\"padding:5px;\" class=\"fusion-grid-column fusion-gallery-column fusion-gallery-column-3 hover-type-none\"><div class=\"fusion-gallery-image\"><a href=\"https:\/\/nadair.ca\/vacuum\/ce\/retailer\/\" rel=\"noreferrer\" data-rel=\"iLightbox[gallery_image_1]\" class=\"fusion-lightbox\" target=\"_self\"><img decoding=\"async\" src=\"https:\/\/nadair.ca\/vacuum-professional\/wp-content\/uploads\/sites\/18\/2025\/03\/Dealer-2-1.png\" width=\"1100\" height=\"705\" alt=\"\" title=\"Dealer-2 (1)\" aria-label=\"Dealer-2 (1)\" class=\"img-responsive wp-image-4507\" srcset=\"https:\/\/nadair.ca\/vacuum-professional\/wp-content\/uploads\/sites\/18\/2025\/03\/Dealer-2-1-200x128.png 200w, https:\/\/nadair.ca\/vacuum-professional\/wp-content\/uploads\/sites\/18\/2025\/03\/Dealer-2-1-400x256.png 400w, https:\/\/nadair.ca\/vacuum-professional\/wp-content\/uploads\/sites\/18\/2025\/03\/Dealer-2-1-600x385.png 600w, https:\/\/nadair.ca\/vacuum-professional\/wp-content\/uploads\/sites\/18\/2025\/03\/Dealer-2-1-800x513.png 800w, https:\/\/nadair.ca\/vacuum-professional\/wp-content\/uploads\/sites\/18\/2025\/03\/Dealer-2-1.png 1100w\" sizes=\"(min-width: 2200px) 100vw, (min-width: 784px) 363px, (min-width: 712px) 545px, (min-width: 640px) 712px, \" \/><\/a><\/div><\/div><div class=\"clearfix\"><\/div><\/div><\/div><\/div><\/div><\/div><\/div><div class=\"fusion-fullwidth fullwidth-box fusion-builder-row-3 fusion-flex-container has-pattern-background has-mask-background nonhundred-percent-fullwidth non-hundred-percent-height-scrolling\" style=\"--awb-border-radius-top-left:0px;--awb-border-radius-top-right:0px;--awb-border-radius-bottom-right:0px;--awb-border-radius-bottom-left:0px;--awb-flex-wrap:wrap;\" ><div class=\"fusion-builder-row fusion-row fusion-flex-align-items-flex-start fusion-flex-content-wrap\" style=\"max-width:1144px;margin-left: calc(-4% \/ 2 );margin-right: calc(-4% \/ 2 );\"><div class=\"fusion-layout-column fusion_builder_column fusion-builder-column-2 fusion_builder_column_1_1 1_1 fusion-flex-column\" style=\"--awb-padding-top:83px;--awb-padding-right:60px;--awb-padding-bottom:80px;--awb-padding-left:60px;--awb-padding-top-small:30px;--awb-padding-right-small:30px;--awb-padding-bottom-small:30px;--awb-padding-left-small:30px;--awb-bg-image:url(&#039;https:\/\/nadair.ca\/vacuum\/wp-content\/uploads\/sites\/2\/2025\/03\/banner-scaled-1.png&#039;);--awb-bg-position:center center;--awb-bg-size:cover;--awb-width-large:100%;--awb-margin-top-large:40px;--awb-spacing-right-large:1.92%;--awb-margin-bottom-large:20px;--awb-spacing-left-large:1.92%;--awb-width-medium:100%;--awb-order-medium:0;--awb-spacing-right-medium:1.92%;--awb-spacing-left-medium:1.92%;--awb-width-small:100%;--awb-order-small:0;--awb-spacing-right-small:1.92%;--awb-spacing-left-small:1.92%;\"><div class=\"fusion-column-wrapper fusion-column-has-shadow fusion-flex-justify-content-flex-start fusion-content-layout-column fusion-column-has-bg-image\" data-bg-url=\"https:\/\/nadair.ca\/vacuum\/wp-content\/uploads\/sites\/2\/2025\/03\/banner-scaled-1.png\"><div class=\"fusion-title title fusion-title-1 fusion-sep-none fusion-title-text fusion-title-size-two tecnology_border\" style=\"--awb-text-color:#ffffff;--awb-margin-bottom-small:40px;--awb-font-size:32px;\"><h2 class=\"fusion-title-heading title-heading-left\" style=\"font-family:&quot;Open Sans&quot;;font-style:normal;font-weight:700;margin:0;font-size:1em;line-height:1.2em;\">TECHNOLOGIE ET \u200b\u200bINNOVATION<\/h2><\/div><div class=\"fusion-text fusion-text-1\" style=\"--awb-font-size:18px;--awb-text-color:#ffffff;--awb-margin-top:-20px;--awb-text-font-family:&quot;Montserrat&quot;;--awb-text-font-style:normal;--awb-text-font-weight:400;\"><p>NOTRE NOUVELLE TECHNOLOGIE INTELLIGENTE EXCLUSIVE OFFRE UN SYST\u00c8ME D&rsquo;ASPIRATION CENTRALE SANS EFFORT<\/p>\n<\/div><div ><a class=\"fusion-button button-flat fusion-button-default-size button-custom fusion-button-default button-1 fusion-button-default-span fusion-button-default-type\" style=\"--button_accent_color:#ffffff;--button_accent_hover_color:#ffffff;--button_border_hover_color:#ffffff;--button_border_width-top:2px;--button_border_width-right:2px;--button_border_width-bottom:2px;--button_border_width-left:2px;--button-border-radius-top-left:50px;--button-border-radius-top-right:50px;--button-border-radius-bottom-right:50px;--button-border-radius-bottom-left:50px;--button_gradient_top_color:rgba(193,39,45,0);--button_gradient_bottom_color:rgba(193,39,45,0);--button_gradient_top_color_hover:#c6c4c4;--button_gradient_bottom_color_hover:#c6c4c4;--button_font_size:18px;--button_line_height:24px;--button_padding-top:12.8px;--button_padding-right:24px;--button_padding-bottom:12.8px;--button_padding-left:24px;--button_typography-font-family:&quot;Montserrat&quot;;--button_typography-font-style:normal;--button_typography-font-weight:700;--button_margin-top:8px;\" target=\"_self\" href=\"#\"><span class=\"fusion-button-text awb-button__text awb-button__text--default\">Apprendre encore plus<\/span><\/a><\/div><\/div><\/div><\/div><\/div><div class=\"fusion-fullwidth fullwidth-box fusion-builder-row-4 fusion-flex-container has-pattern-background has-mask-background nonhundred-percent-fullwidth non-hundred-percent-height-scrolling\" style=\"--awb-border-radius-top-left:0px;--awb-border-radius-top-right:0px;--awb-border-radius-bottom-right:0px;--awb-border-radius-bottom-left:0px;--awb-flex-wrap:wrap;\" ><div class=\"fusion-builder-row fusion-row fusion-flex-align-items-flex-start fusion-flex-content-wrap\" style=\"max-width:1144px;margin-left: calc(-4% \/ 2 );margin-right: calc(-4% \/ 2 );\"><div class=\"fusion-layout-column fusion_builder_column fusion-builder-column-3 fusion_builder_column_1_1 1_1 fusion-flex-column\" style=\"--awb-bg-size:cover;--awb-width-large:100%;--awb-margin-top-large:15px;--awb-spacing-right-large:1.92%;--awb-margin-bottom-large:20px;--awb-spacing-left-large:1.92%;--awb-width-medium:100%;--awb-order-medium:0;--awb-spacing-right-medium:1.92%;--awb-spacing-left-medium:1.92%;--awb-width-small:100%;--awb-order-small:0;--awb-spacing-right-small:1.92%;--awb-spacing-left-small:1.92%;\"><div class=\"fusion-column-wrapper fusion-column-has-shadow fusion-flex-justify-content-flex-start fusion-content-layout-column\"><div class=\"fusion-text fusion-text-2\" style=\"--awb-font-size:16px;--awb-text-font-family:Arial, Helvetica, sans-serif;--awb-text-font-style:normal;--awb-text-font-weight:400;\"><p style=\"text-align: center;\">Contactez un revendeur agr\u00e9\u00e9 pr\u00e8s de chez vous<\/p>\n<\/div><!-- Elfsight Store Locator | Nadair Dealer Canada FR -->\n<script src=\"https:\/\/static.elfsight.com\/platform\/platform.js\" async><\/script>\n<div class=\"elfsight-app-f28a06c4-1ffe-4451-80bc-cf43b5750a1d\" data-elfsight-app-lazy><\/div><\/div><\/div><\/div><\/div><\/p>\n","protected":false},"excerpt":{"rendered":"","protected":false},"author":1,"featured_media":0,"parent":0,"menu_order":0,"comment_status":"closed","ping_status":"closed","template":"","meta":{"_acf_changed":false,"footnotes":""},"class_list":["post-2837","page","type-page","status-publish","hentry"],"acf":[],"yoast_head":"<!-- This site is optimized with the Yoast SEO plugin v26.7 - https:\/\/yoast.com\/wordpress\/plugins\/seo\/ -->\n<title>Shop - Nadair Vacuum Dealer<\/title>\n<meta name=\"robots\" content=\"noindex, follow, max-snippet:-1, max-image-preview:large, max-video-preview:-1\" \/>\n<meta property=\"og:locale\" content=\"fr_CA\" \/>\n<meta property=\"og:type\" content=\"article\" \/>\n<meta property=\"og:title\" content=\"Shop - Nadair Vacuum Dealer\" \/>\n<meta property=\"og:url\" content=\"https:\/\/nadair.ca\/vacuum-professional\/ce\/magasinez\/\" \/>\n<meta property=\"og:site_name\" content=\"Nadair Vacuum Dealer\" \/>\n<meta property=\"article:modified_time\" content=\"2025-04-04T14:12:37+00:00\" \/>\n<meta name=\"twitter:card\" content=\"summary_large_image\" \/>\n<meta name=\"twitter:label1\" content=\"Estimation du temps de lecture\" \/>\n\t<meta name=\"twitter:data1\" content=\"4 minutes\" \/>\n<script type=\"application\/ld+json\" class=\"yoast-schema-graph\">{\"@context\":\"https:\/\/schema.org\",\"@graph\":[{\"@type\":\"WebPage\",\"@id\":\"https:\/\/nadair.ca\/vacuum-professional\/ce\/magasinez\/\",\"url\":\"https:\/\/nadair.ca\/vacuum-professional\/ce\/magasinez\/\",\"name\":\"Shop - Nadair Vacuum Dealer\",\"isPartOf\":{\"@id\":\"https:\/\/nadair.ca\/vacuum-professional\/#website\"},\"datePublished\":\"2020-07-22T12:33:26+00:00\",\"dateModified\":\"2025-04-04T14:12:37+00:00\",\"breadcrumb\":{\"@id\":\"https:\/\/nadair.ca\/vacuum-professional\/ce\/magasinez\/#breadcrumb\"},\"inLanguage\":\"fr-CA\",\"potentialAction\":[{\"@type\":\"ReadAction\",\"target\":[\"https:\/\/nadair.ca\/vacuum-professional\/ce\/magasinez\/\"]}]},{\"@type\":\"BreadcrumbList\",\"@id\":\"https:\/\/nadair.ca\/vacuum-professional\/ce\/magasinez\/#breadcrumb\",\"itemListElement\":[{\"@type\":\"ListItem\",\"position\":1,\"name\":\"Home\",\"item\":\"https:\/\/nadair.ca\/vacuum-professional\/ce\/\"},{\"@type\":\"ListItem\",\"position\":2,\"name\":\"Shop\"}]},{\"@type\":\"WebSite\",\"@id\":\"https:\/\/nadair.ca\/vacuum-professional\/#website\",\"url\":\"https:\/\/nadair.ca\/vacuum-professional\/\",\"name\":\"Nadair Vacuum Dealer\",\"description\":\"\",\"publisher\":{\"@id\":\"https:\/\/nadair.ca\/vacuum-professional\/#organization\"},\"potentialAction\":[{\"@type\":\"SearchAction\",\"target\":{\"@type\":\"EntryPoint\",\"urlTemplate\":\"https:\/\/nadair.ca\/vacuum-professional\/?s={search_term_string}\"},\"query-input\":{\"@type\":\"PropertyValueSpecification\",\"valueRequired\":true,\"valueName\":\"search_term_string\"}}],\"inLanguage\":\"fr-CA\"},{\"@type\":\"Organization\",\"@id\":\"https:\/\/nadair.ca\/vacuum-professional\/#organization\",\"name\":\"Nadair\",\"url\":\"https:\/\/nadair.ca\/vacuum-professional\/\",\"logo\":{\"@type\":\"ImageObject\",\"inLanguage\":\"fr-CA\",\"@id\":\"https:\/\/nadair.ca\/vacuum-professional\/#\/schema\/logo\/image\/\",\"url\":\"https:\/\/nadair.ca\/vacuum\/wp-content\/uploads\/sites\/2\/2019\/12\/nadaire_fernetre.png\",\"contentUrl\":\"https:\/\/nadair.ca\/vacuum\/wp-content\/uploads\/sites\/2\/2019\/12\/nadaire_fernetre.png\",\"width\":203,\"height\":99,\"caption\":\"Nadair\"},\"image\":{\"@id\":\"https:\/\/nadair.ca\/vacuum-professional\/#\/schema\/logo\/image\/\"}}]}<\/script>\n<!-- \/ Yoast SEO plugin. -->","yoast_head_json":{"title":"Shop - Nadair Vacuum Dealer","robots":{"index":"noindex","follow":"follow","max-snippet":"max-snippet:-1","max-image-preview":"max-image-preview:large","max-video-preview":"max-video-preview:-1"},"og_locale":"fr_CA","og_type":"article","og_title":"Shop - Nadair Vacuum Dealer","og_url":"https:\/\/nadair.ca\/vacuum-professional\/ce\/magasinez\/","og_site_name":"Nadair Vacuum Dealer","article_modified_time":"2025-04-04T14:12:37+00:00","twitter_card":"summary_large_image","twitter_misc":{"Estimation du temps de lecture":"4 minutes"},"schema":{"@context":"https:\/\/schema.org","@graph":[{"@type":"WebPage","@id":"https:\/\/nadair.ca\/vacuum-professional\/ce\/magasinez\/","url":"https:\/\/nadair.ca\/vacuum-professional\/ce\/magasinez\/","name":"Shop - Nadair Vacuum Dealer","isPartOf":{"@id":"https:\/\/nadair.ca\/vacuum-professional\/#website"},"datePublished":"2020-07-22T12:33:26+00:00","dateModified":"2025-04-04T14:12:37+00:00","breadcrumb":{"@id":"https:\/\/nadair.ca\/vacuum-professional\/ce\/magasinez\/#breadcrumb"},"inLanguage":"fr-CA","potentialAction":[{"@type":"ReadAction","target":["https:\/\/nadair.ca\/vacuum-professional\/ce\/magasinez\/"]}]},{"@type":"BreadcrumbList","@id":"https:\/\/nadair.ca\/vacuum-professional\/ce\/magasinez\/#breadcrumb","itemListElement":[{"@type":"ListItem","position":1,"name":"Home","item":"https:\/\/nadair.ca\/vacuum-professional\/ce\/"},{"@type":"ListItem","position":2,"name":"Shop"}]},{"@type":"WebSite","@id":"https:\/\/nadair.ca\/vacuum-professional\/#website","url":"https:\/\/nadair.ca\/vacuum-professional\/","name":"Nadair Vacuum Dealer","description":"","publisher":{"@id":"https:\/\/nadair.ca\/vacuum-professional\/#organization"},"potentialAction":[{"@type":"SearchAction","target":{"@type":"EntryPoint","urlTemplate":"https:\/\/nadair.ca\/vacuum-professional\/?s={search_term_string}"},"query-input":{"@type":"PropertyValueSpecification","valueRequired":true,"valueName":"search_term_string"}}],"inLanguage":"fr-CA"},{"@type":"Organization","@id":"https:\/\/nadair.ca\/vacuum-professional\/#organization","name":"Nadair","url":"https:\/\/nadair.ca\/vacuum-professional\/","logo":{"@type":"ImageObject","inLanguage":"fr-CA","@id":"https:\/\/nadair.ca\/vacuum-professional\/#\/schema\/logo\/image\/","url":"https:\/\/nadair.ca\/vacuum\/wp-content\/uploads\/sites\/2\/2019\/12\/nadaire_fernetre.png","contentUrl":"https:\/\/nadair.ca\/vacuum\/wp-content\/uploads\/sites\/2\/2019\/12\/nadaire_fernetre.png","width":203,"height":99,"caption":"Nadair"},"image":{"@id":"https:\/\/nadair.ca\/vacuum-professional\/#\/schema\/logo\/image\/"}}]}},"_links":{"self":[{"href":"https:\/\/nadair.ca\/vacuum-professional\/ce\/wp-json\/wp\/v2\/pages\/2837","targetHints":{"allow":["GET"]}}],"collection":[{"href":"https:\/\/nadair.ca\/vacuum-professional\/ce\/wp-json\/wp\/v2\/pages"}],"about":[{"href":"https:\/\/nadair.ca\/vacuum-professional\/ce\/wp-json\/wp\/v2\/types\/page"}],"author":[{"embeddable":true,"href":"https:\/\/nadair.ca\/vacuum-professional\/ce\/wp-json\/wp\/v2\/users\/1"}],"replies":[{"embeddable":true,"href":"https:\/\/nadair.ca\/vacuum-professional\/ce\/wp-json\/wp\/v2\/comments?post=2837"}],"version-history":[{"count":0,"href":"https:\/\/nadair.ca\/vacuum-professional\/ce\/wp-json\/wp\/v2\/pages\/2837\/revisions"}],"wp:attachment":[{"href":"https:\/\/nadair.ca\/vacuum-professional\/ce\/wp-json\/wp\/v2\/media?parent=2837"}],"curies":[{"name":"wp","href":"https:\/\/api.w.org\/{rel}","templated":true}]}}