{"id":5596,"date":"2025-07-14T14:23:21","date_gmt":"2025-07-14T14:23:21","guid":{"rendered":"https:\/\/nadair.ca\/vacuum-professional\/contact-detaillants\/"},"modified":"2025-07-14T14:23:22","modified_gmt":"2025-07-14T14:23:22","slug":"contact-detaillants","status":"publish","type":"page","link":"https:\/\/nadair.ca\/vacuum-professional\/ce\/contact-detaillants\/","title":{"rendered":"Contact-detaillants"},"content":{"rendered":"<div class=\"fusion-fullwidth fullwidth-box fusion-builder-row-1 nonhundred-percent-fullwidth non-hundred-percent-height-scrolling\" style=\"--awb-border-radius-top-left:0px;--awb-border-radius-top-right:0px;--awb-border-radius-bottom-right:0px;--awb-border-radius-bottom-left:0px;--awb-padding-top:40px;--awb-flex-wrap:wrap;\" ><div class=\"fusion-builder-row fusion-row\"><div class=\"fusion-layout-column fusion_builder_column fusion-builder-column-0 fusion_builder_column_1_1 1_1 fusion-one-full fusion-column-first fusion-column-last\" style=\"--awb-bg-size:cover;--awb-margin-bottom:0px;\"><div class=\"fusion-column-wrapper fusion-flex-column-wrapper-legacy\">\n<div class=\"wpcf7 no-js\" id=\"wpcf7-f5215-o1\" lang=\"en-US\" dir=\"ltr\" data-wpcf7-id=\"5215\">\n<div class=\"screen-reader-response\"><p role=\"status\" aria-live=\"polite\" aria-atomic=\"true\"><\/p> <ul><\/ul><\/div>\n<form action=\"\/vacuum-professional\/ce\/wp-json\/wp\/v2\/pages\/5596#wpcf7-f5215-o1\" method=\"post\" class=\"wpcf7-form init\" aria-label=\"Contact form\" novalidate=\"novalidate\" data-status=\"init\">\n<fieldset class=\"hidden-fields-container\"><input type=\"hidden\" name=\"_wpcf7\" value=\"5215\" \/><input type=\"hidden\" name=\"_wpcf7_version\" value=\"6.1.4\" \/><input type=\"hidden\" name=\"_wpcf7_locale\" value=\"en_US\" \/><input type=\"hidden\" name=\"_wpcf7_unit_tag\" value=\"wpcf7-f5215-o1\" \/><input type=\"hidden\" name=\"_wpcf7_container_post\" value=\"0\" \/><input type=\"hidden\" name=\"_wpcf7_posted_data_hash\" value=\"\" \/><input type=\"hidden\" name=\"_wpcf7_recaptcha_response\" value=\"\" \/>\n<\/fieldset>\n<p><label> Nome de la compagnie<br \/>\n<span class=\"wpcf7-form-control-wrap\" data-name=\"your-name\"><input size=\"40\" maxlength=\"400\" class=\"wpcf7-form-control wpcf7-text wpcf7-validates-as-required\" autocomplete=\"name\" aria-required=\"true\" aria-invalid=\"false\" value=\"\" type=\"text\" name=\"your-name\" \/><\/span> <\/label>\n<\/p>\n<p><label> Contact principal<br \/>\n<span class=\"wpcf7-form-control-wrap\" data-name=\"your-name\"><input size=\"40\" maxlength=\"400\" class=\"wpcf7-form-control wpcf7-text wpcf7-validates-as-required\" autocomplete=\"name\" aria-required=\"true\" aria-invalid=\"false\" value=\"\" type=\"text\" name=\"your-name\" \/><\/span> <\/label>\n<\/p>\n<p><label> Adresse de facturation<br \/>\n<span class=\"wpcf7-form-control-wrap\" data-name=\"textarea-60\"><textarea cols=\"40\" rows=\"10\" maxlength=\"2000\" class=\"wpcf7-form-control wpcf7-textarea Billing address\" aria-invalid=\"false\" placeholder=\"\" name=\"textarea-60\"><\/textarea><\/span><br \/>\n<\/label><label> Num\u00e9ro de t\u00e9l\u00e9hone<br \/>\n<span class=\"wpcf7-form-control-wrap\" data-name=\"tel-631\"><input size=\"40\" maxlength=\"400\" class=\"wpcf7-form-control wpcf7-tel wpcf7-text wpcf7-validates-as-tel Phone\" aria-invalid=\"false\" value=\"\" type=\"tel\" name=\"tel-631\" \/><\/span><br \/>\n<\/label><label> Votre courriel<br \/>\n<span class=\"wpcf7-form-control-wrap\" data-name=\"your-email\"><input size=\"40\" maxlength=\"400\" class=\"wpcf7-form-control wpcf7-email wpcf7-validates-as-required wpcf7-text wpcf7-validates-as-email\" autocomplete=\"email\" aria-required=\"true\" aria-invalid=\"false\" value=\"\" type=\"email\" name=\"your-email\" \/><\/span> <\/label>\n<\/p>\n<p><label> Sujet<br \/>\n<span class=\"wpcf7-form-control-wrap\" data-name=\"your-subject\"><input size=\"40\" maxlength=\"400\" class=\"wpcf7-form-control wpcf7-text wpcf7-validates-as-required\" aria-required=\"true\" aria-invalid=\"false\" value=\"\" type=\"text\" name=\"your-subject\" \/><\/span> <\/label>\n<\/p>\n<p><label> Message (optional)<br \/>\n<span class=\"wpcf7-form-control-wrap\" data-name=\"your-message\"><textarea cols=\"40\" rows=\"10\" maxlength=\"2000\" class=\"wpcf7-form-control wpcf7-textarea\" aria-invalid=\"false\" name=\"your-message\"><\/textarea><\/span> <\/label>\n<\/p>\n<p><input class=\"wpcf7-form-control wpcf7-submit has-spinner\" type=\"submit\" value=\"Envoyer\" \/>\n<\/p><div class=\"fusion-alert alert custom alert-custom fusion-alert-center wpcf7-response-output fusion-alert-capitalize awb-alert-native-link-color alert-dismissable awb-alert-close-boxed\" style=\"--awb-border-size:1px;--awb-border-top-left-radius:0px;--awb-border-top-right-radius:0px;--awb-border-bottom-left-radius:0px;--awb-border-bottom-right-radius:0px;\" role=\"alert\"><div class=\"fusion-alert-content-wrapper\"><span class=\"fusion-alert-content\"><\/span><\/div><button type=\"button\" class=\"close toggle-alert\" data-dismiss=\"alert\" aria-label=\"Close\">&times;<\/button><\/div>\n<\/form>\n<\/div>\n<div class=\"fusion-clearfix\"><\/div><\/div><\/div><\/div><\/div>\n","protected":false},"excerpt":{"rendered":"","protected":false},"author":3,"featured_media":0,"parent":0,"menu_order":0,"comment_status":"closed","ping_status":"closed","template":"100-width.php","meta":{"_acf_changed":false,"footnotes":""},"class_list":["post-5596","page","type-page","status-publish","hentry"],"acf":[],"yoast_head":"<!-- This site is optimized with the Yoast SEO plugin v26.7 - https:\/\/yoast.com\/wordpress\/plugins\/seo\/ -->\n<title>Contact-detaillants - Nadair Vacuum Dealer<\/title>\n<meta name=\"robots\" content=\"noindex, follow, max-snippet:-1, max-image-preview:large, max-video-preview:-1\" \/>\n<meta property=\"og:locale\" content=\"fr_CA\" \/>\n<meta property=\"og:type\" content=\"article\" \/>\n<meta property=\"og:title\" content=\"Contact-detaillants - Nadair Vacuum Dealer\" \/>\n<meta property=\"og:url\" content=\"https:\/\/nadair.ca\/vacuum-professional\/ce\/contact-detaillants\/\" \/>\n<meta property=\"og:site_name\" content=\"Nadair Vacuum Dealer\" \/>\n<meta property=\"article:modified_time\" content=\"2025-07-14T14:23:22+00:00\" \/>\n<meta name=\"twitter:card\" content=\"summary_large_image\" \/>\n<meta name=\"twitter:label1\" content=\"Estimation du temps de lecture\" \/>\n\t<meta name=\"twitter:data1\" content=\"1 minute\" \/>\n<script type=\"application\/ld+json\" class=\"yoast-schema-graph\">{\"@context\":\"https:\/\/schema.org\",\"@graph\":[{\"@type\":\"WebPage\",\"@id\":\"https:\/\/nadair.ca\/vacuum-professional\/ce\/contact-detaillants\/\",\"url\":\"https:\/\/nadair.ca\/vacuum-professional\/ce\/contact-detaillants\/\",\"name\":\"Contact-detaillants - Nadair Vacuum Dealer\",\"isPartOf\":{\"@id\":\"https:\/\/nadair.ca\/vacuum-professional\/#website\"},\"datePublished\":\"2025-07-14T14:23:21+00:00\",\"dateModified\":\"2025-07-14T14:23:22+00:00\",\"breadcrumb\":{\"@id\":\"https:\/\/nadair.ca\/vacuum-professional\/ce\/contact-detaillants\/#breadcrumb\"},\"inLanguage\":\"fr-CA\",\"potentialAction\":[{\"@type\":\"ReadAction\",\"target\":[\"https:\/\/nadair.ca\/vacuum-professional\/ce\/contact-detaillants\/\"]}]},{\"@type\":\"BreadcrumbList\",\"@id\":\"https:\/\/nadair.ca\/vacuum-professional\/ce\/contact-detaillants\/#breadcrumb\",\"itemListElement\":[{\"@type\":\"ListItem\",\"position\":1,\"name\":\"Home\",\"item\":\"https:\/\/nadair.ca\/vacuum-professional\/ce\/\"},{\"@type\":\"ListItem\",\"position\":2,\"name\":\"Contact-detaillants\"}]},{\"@type\":\"WebSite\",\"@id\":\"https:\/\/nadair.ca\/vacuum-professional\/#website\",\"url\":\"https:\/\/nadair.ca\/vacuum-professional\/\",\"name\":\"Nadair Vacuum Dealer\",\"description\":\"\",\"publisher\":{\"@id\":\"https:\/\/nadair.ca\/vacuum-professional\/#organization\"},\"potentialAction\":[{\"@type\":\"SearchAction\",\"target\":{\"@type\":\"EntryPoint\",\"urlTemplate\":\"https:\/\/nadair.ca\/vacuum-professional\/?s={search_term_string}\"},\"query-input\":{\"@type\":\"PropertyValueSpecification\",\"valueRequired\":true,\"valueName\":\"search_term_string\"}}],\"inLanguage\":\"fr-CA\"},{\"@type\":\"Organization\",\"@id\":\"https:\/\/nadair.ca\/vacuum-professional\/#organization\",\"name\":\"Nadair\",\"url\":\"https:\/\/nadair.ca\/vacuum-professional\/\",\"logo\":{\"@type\":\"ImageObject\",\"inLanguage\":\"fr-CA\",\"@id\":\"https:\/\/nadair.ca\/vacuum-professional\/#\/schema\/logo\/image\/\",\"url\":\"https:\/\/nadair.ca\/vacuum\/wp-content\/uploads\/sites\/2\/2019\/12\/nadaire_fernetre.png\",\"contentUrl\":\"https:\/\/nadair.ca\/vacuum\/wp-content\/uploads\/sites\/2\/2019\/12\/nadaire_fernetre.png\",\"width\":203,\"height\":99,\"caption\":\"Nadair\"},\"image\":{\"@id\":\"https:\/\/nadair.ca\/vacuum-professional\/#\/schema\/logo\/image\/\"}}]}<\/script>\n<!-- \/ Yoast SEO plugin. -->","yoast_head_json":{"title":"Contact-detaillants - Nadair Vacuum Dealer","robots":{"index":"noindex","follow":"follow","max-snippet":"max-snippet:-1","max-image-preview":"max-image-preview:large","max-video-preview":"max-video-preview:-1"},"og_locale":"fr_CA","og_type":"article","og_title":"Contact-detaillants - Nadair Vacuum Dealer","og_url":"https:\/\/nadair.ca\/vacuum-professional\/ce\/contact-detaillants\/","og_site_name":"Nadair Vacuum Dealer","article_modified_time":"2025-07-14T14:23:22+00:00","twitter_card":"summary_large_image","twitter_misc":{"Estimation du temps de lecture":"1 minute"},"schema":{"@context":"https:\/\/schema.org","@graph":[{"@type":"WebPage","@id":"https:\/\/nadair.ca\/vacuum-professional\/ce\/contact-detaillants\/","url":"https:\/\/nadair.ca\/vacuum-professional\/ce\/contact-detaillants\/","name":"Contact-detaillants - Nadair Vacuum Dealer","isPartOf":{"@id":"https:\/\/nadair.ca\/vacuum-professional\/#website"},"datePublished":"2025-07-14T14:23:21+00:00","dateModified":"2025-07-14T14:23:22+00:00","breadcrumb":{"@id":"https:\/\/nadair.ca\/vacuum-professional\/ce\/contact-detaillants\/#breadcrumb"},"inLanguage":"fr-CA","potentialAction":[{"@type":"ReadAction","target":["https:\/\/nadair.ca\/vacuum-professional\/ce\/contact-detaillants\/"]}]},{"@type":"BreadcrumbList","@id":"https:\/\/nadair.ca\/vacuum-professional\/ce\/contact-detaillants\/#breadcrumb","itemListElement":[{"@type":"ListItem","position":1,"name":"Home","item":"https:\/\/nadair.ca\/vacuum-professional\/ce\/"},{"@type":"ListItem","position":2,"name":"Contact-detaillants"}]},{"@type":"WebSite","@id":"https:\/\/nadair.ca\/vacuum-professional\/#website","url":"https:\/\/nadair.ca\/vacuum-professional\/","name":"Nadair Vacuum Dealer","description":"","publisher":{"@id":"https:\/\/nadair.ca\/vacuum-professional\/#organization"},"potentialAction":[{"@type":"SearchAction","target":{"@type":"EntryPoint","urlTemplate":"https:\/\/nadair.ca\/vacuum-professional\/?s={search_term_string}"},"query-input":{"@type":"PropertyValueSpecification","valueRequired":true,"valueName":"search_term_string"}}],"inLanguage":"fr-CA"},{"@type":"Organization","@id":"https:\/\/nadair.ca\/vacuum-professional\/#organization","name":"Nadair","url":"https:\/\/nadair.ca\/vacuum-professional\/","logo":{"@type":"ImageObject","inLanguage":"fr-CA","@id":"https:\/\/nadair.ca\/vacuum-professional\/#\/schema\/logo\/image\/","url":"https:\/\/nadair.ca\/vacuum\/wp-content\/uploads\/sites\/2\/2019\/12\/nadaire_fernetre.png","contentUrl":"https:\/\/nadair.ca\/vacuum\/wp-content\/uploads\/sites\/2\/2019\/12\/nadaire_fernetre.png","width":203,"height":99,"caption":"Nadair"},"image":{"@id":"https:\/\/nadair.ca\/vacuum-professional\/#\/schema\/logo\/image\/"}}]}},"_links":{"self":[{"href":"https:\/\/nadair.ca\/vacuum-professional\/ce\/wp-json\/wp\/v2\/pages\/5596","targetHints":{"allow":["GET"]}}],"collection":[{"href":"https:\/\/nadair.ca\/vacuum-professional\/ce\/wp-json\/wp\/v2\/pages"}],"about":[{"href":"https:\/\/nadair.ca\/vacuum-professional\/ce\/wp-json\/wp\/v2\/types\/page"}],"author":[{"embeddable":true,"href":"https:\/\/nadair.ca\/vacuum-professional\/ce\/wp-json\/wp\/v2\/users\/3"}],"replies":[{"embeddable":true,"href":"https:\/\/nadair.ca\/vacuum-professional\/ce\/wp-json\/wp\/v2\/comments?post=5596"}],"version-history":[{"count":2,"href":"https:\/\/nadair.ca\/vacuum-professional\/ce\/wp-json\/wp\/v2\/pages\/5596\/revisions"}],"predecessor-version":[{"id":5598,"href":"https:\/\/nadair.ca\/vacuum-professional\/ce\/wp-json\/wp\/v2\/pages\/5596\/revisions\/5598"}],"wp:attachment":[{"href":"https:\/\/nadair.ca\/vacuum-professional\/ce\/wp-json\/wp\/v2\/media?parent=5596"}],"curies":[{"name":"wp","href":"https:\/\/api.w.org\/{rel}","templated":true}]}}