{"id":4739,"date":"2025-03-28T07:17:03","date_gmt":"2025-03-28T07:17:03","guid":{"rendered":"https:\/\/nadair.ca\/vacuum\/product\/carpet-deluxe-electric-kit-with-dual-voltage-switch-and-swiveling-handle-to-prevent-kinking-available-in-30-ft-35-ft-or-40-ft-ideal-for-carpets-and-hard-surfaces\/"},"modified":"2025-07-14T13:57:41","modified_gmt":"2025-07-14T13:57:41","slug":"carpet-deluxe-electric-kit-with-dual-voltage-switch-and-swiveling-handle-to-prevent-kinking-available-in-30-ft-35-ft-or-40-ft-ideal-for-carpets-and-hard-surfaces","status":"publish","type":"product","link":"https:\/\/nadair.ca\/vacuum-professional\/ce\/product\/carpet-deluxe-electric-kit-with-dual-voltage-switch-and-swiveling-handle-to-prevent-kinking-available-in-30-ft-35-ft-or-40-ft-ideal-for-carpets-and-hard-surfaces\/","title":{"rendered":"Ensemble \u00e9lectrique de luxe pour tapis, avec interrupteur \u00e0 double tension et poign\u00e9e pivotante pour \u00e9viter les enroulements (disponible en 30 pi, 35 pi ou 40 pi) &#8211; Id\u00e9al pour les tapis et les surfaces dures"},"content":{"rendered":"<p>Id\u00e9al pour les tapis et les surfaces dures<\/p>\n<p><strong>L&rsquo;ensemble comprend :<\/strong><\/p>\n<ul>\n<li>Boyau \u00e9lectrique avec interrupteur marche\/arr\u00eat double tension sur la poign\u00e9e \/ Poign\u00e9e pivotante \u00e0 360\u00b0 \/ R\u00e9sistant \u00e0 l&rsquo;\u00e9crasement \/ Disponible en longueurs de 30 pi, 35 pi ou 40 pi<\/li>\n<li>Cordon d&rsquo;alimentation de 183 cm (72 po)<\/li>\n<li>Convertisseur de valve Super inclus<\/li>\n<li>Brosse \u00e9lectrique pour tapis avec 6 hauteurs r\u00e9glables<\/li>\n<li>Manchon \u00e9lectrique r\u00e9glable avec bouton de verrouillage<\/li>\n<li>Manchon t\u00e9lescopique basse tension avec bouton de verrouillage<\/li>\n<li>Brosse \u00e0 plancher double pivotante en crin de cheval<\/li>\n<li>Brosse \u00e0 \u00e9pousseter en crin de cheval<\/li>\n<li>Brosse \u00e0 capitonnage en crin de cheval<\/li>\n<li>Suceur plat<\/li>\n<li>Sac d&rsquo;accessoires de luxe<\/li>\n<li>Support pour boyau<\/li>\n<li>Garantie de 2 ans<\/li>\n<li>30 pi (9,1 m) : KIT-HV30CD-NAD<\/li>\n<li>35 pi (10,6 m) : KIT-HV35CD-NAD<\/li>\n<li>40 pi (12,2 m) : KIT-HV40CD-NAD<\/li>\n<\/ul>\n","protected":false},"excerpt":{"rendered":"<p>Id\u00e9al pour les tapis et les surfaces dures L&rsquo;ensemble comprend  [&#8230;]<\/p>\n","protected":false},"featured_media":4734,"template":"","meta":{"_acf_changed":false},"product_brand":[],"product_cat":[124],"product_tag":[],"class_list":{"0":"post-4739","1":"product","2":"type-product","3":"status-publish","4":"has-post-thumbnail","6":"product_cat-accessory-kits-ce","8":"first","9":"instock","10":"taxable","11":"shipping-taxable","12":"purchasable","13":"product-type-variable"},"acf":[],"yoast_head":"<!-- This site is optimized with the Yoast SEO plugin v26.7 - https:\/\/yoast.com\/wordpress\/plugins\/seo\/ -->\n<title>Ensemble \u00e9lectrique de luxe pour tapis, avec interrupteur \u00e0 double tension et poign\u00e9e pivotante pour \u00e9viter les enroulements (disponible en 30 pi, 35 pi ou 40 pi) - Id\u00e9al pour les tapis et les surfaces dures - Nadair Vacuum Dealer<\/title>\n<meta name=\"robots\" content=\"noindex, follow, max-snippet:-1, max-image-preview:large, max-video-preview:-1\" \/>\n<meta property=\"og:locale\" content=\"fr_CA\" \/>\n<meta property=\"og:type\" content=\"article\" \/>\n<meta property=\"og:title\" content=\"Ensemble \u00e9lectrique de luxe pour tapis, avec interrupteur \u00e0 double tension et poign\u00e9e pivotante pour \u00e9viter les enroulements (disponible en 30 pi, 35 pi ou 40 pi) - Id\u00e9al pour les tapis et les surfaces dures - Nadair Vacuum Dealer\" \/>\n<meta property=\"og:description\" content=\"Id\u00e9al pour les tapis et les surfaces dures L&rsquo;ensemble comprend [...]\" \/>\n<meta property=\"og:url\" content=\"http:\/\/nadair.ca\/vacuum-professional\/product\/carpet-deluxe-electric-kit-with-dual-voltage-switch-and-swiveling-handle-to-prevent-kinking-available-in-30-ft-35-ft-or-40-ft-ideal-for-carpets-and-hard-surfaces\/\" \/>\n<meta property=\"og:site_name\" content=\"Nadair Vacuum Dealer\" \/>\n<meta property=\"article:modified_time\" content=\"2025-07-14T13:57:41+00:00\" \/>\n<meta property=\"og:image\" content=\"http:\/\/nadair.ca\/vacuum-professional\/wp-content\/uploads\/sites\/18\/2025\/03\/CD-500x500-1.png\" \/>\n\t<meta property=\"og:image:width\" content=\"500\" \/>\n\t<meta property=\"og:image:height\" content=\"500\" \/>\n\t<meta property=\"og:image:type\" content=\"image\/png\" \/>\n<meta name=\"twitter:card\" content=\"summary_large_image\" \/>\n<meta name=\"twitter:label1\" content=\"Estimation du temps de lecture\" \/>\n\t<meta name=\"twitter:data1\" content=\"1 minute\" \/>\n<script type=\"application\/ld+json\" class=\"yoast-schema-graph\">{\"@context\":\"https:\/\/schema.org\",\"@graph\":[{\"@type\":\"WebPage\",\"@id\":\"http:\/\/nadair.ca\/vacuum-professional\/product\/carpet-deluxe-electric-kit-with-dual-voltage-switch-and-swiveling-handle-to-prevent-kinking-available-in-30-ft-35-ft-or-40-ft-ideal-for-carpets-and-hard-surfaces\/\",\"url\":\"http:\/\/nadair.ca\/vacuum-professional\/product\/carpet-deluxe-electric-kit-with-dual-voltage-switch-and-swiveling-handle-to-prevent-kinking-available-in-30-ft-35-ft-or-40-ft-ideal-for-carpets-and-hard-surfaces\/\",\"name\":\"Ensemble \u00e9lectrique de luxe pour tapis, avec interrupteur \u00e0 double tension et poign\u00e9e pivotante pour \u00e9viter les enroulements (disponible en 30 pi, 35 pi ou 40 pi) - Id\u00e9al pour les tapis et les surfaces dures - Nadair Vacuum Dealer\",\"isPartOf\":{\"@id\":\"https:\/\/nadair.ca\/vacuum-professional\/#website\"},\"primaryImageOfPage\":{\"@id\":\"http:\/\/nadair.ca\/vacuum-professional\/product\/carpet-deluxe-electric-kit-with-dual-voltage-switch-and-swiveling-handle-to-prevent-kinking-available-in-30-ft-35-ft-or-40-ft-ideal-for-carpets-and-hard-surfaces\/#primaryimage\"},\"image\":{\"@id\":\"http:\/\/nadair.ca\/vacuum-professional\/product\/carpet-deluxe-electric-kit-with-dual-voltage-switch-and-swiveling-handle-to-prevent-kinking-available-in-30-ft-35-ft-or-40-ft-ideal-for-carpets-and-hard-surfaces\/#primaryimage\"},\"thumbnailUrl\":\"https:\/\/nadair.ca\/vacuum-professional\/wp-content\/uploads\/sites\/18\/2025\/03\/CD-500x500-1.png\",\"datePublished\":\"2025-03-28T07:17:03+00:00\",\"dateModified\":\"2025-07-14T13:57:41+00:00\",\"breadcrumb\":{\"@id\":\"http:\/\/nadair.ca\/vacuum-professional\/product\/carpet-deluxe-electric-kit-with-dual-voltage-switch-and-swiveling-handle-to-prevent-kinking-available-in-30-ft-35-ft-or-40-ft-ideal-for-carpets-and-hard-surfaces\/#breadcrumb\"},\"inLanguage\":\"fr-CA\",\"potentialAction\":[{\"@type\":\"ReadAction\",\"target\":[\"http:\/\/nadair.ca\/vacuum-professional\/product\/carpet-deluxe-electric-kit-with-dual-voltage-switch-and-swiveling-handle-to-prevent-kinking-available-in-30-ft-35-ft-or-40-ft-ideal-for-carpets-and-hard-surfaces\/\"]}]},{\"@type\":\"ImageObject\",\"inLanguage\":\"fr-CA\",\"@id\":\"http:\/\/nadair.ca\/vacuum-professional\/product\/carpet-deluxe-electric-kit-with-dual-voltage-switch-and-swiveling-handle-to-prevent-kinking-available-in-30-ft-35-ft-or-40-ft-ideal-for-carpets-and-hard-surfaces\/#primaryimage\",\"url\":\"https:\/\/nadair.ca\/vacuum-professional\/wp-content\/uploads\/sites\/18\/2025\/03\/CD-500x500-1.png\",\"contentUrl\":\"https:\/\/nadair.ca\/vacuum-professional\/wp-content\/uploads\/sites\/18\/2025\/03\/CD-500x500-1.png\",\"width\":500,\"height\":500},{\"@type\":\"BreadcrumbList\",\"@id\":\"http:\/\/nadair.ca\/vacuum-professional\/product\/carpet-deluxe-electric-kit-with-dual-voltage-switch-and-swiveling-handle-to-prevent-kinking-available-in-30-ft-35-ft-or-40-ft-ideal-for-carpets-and-hard-surfaces\/#breadcrumb\",\"itemListElement\":[{\"@type\":\"ListItem\",\"position\":1,\"name\":\"Home\",\"item\":\"https:\/\/nadair.ca\/vacuum-professional\/ce\/\"},{\"@type\":\"ListItem\",\"position\":2,\"name\":\"Shop\",\"item\":\"https:\/\/nadair.ca\/vacuum-professional\/ce\/magasinez\/\"},{\"@type\":\"ListItem\",\"position\":3,\"name\":\"Ensemble \u00e9lectrique de luxe pour tapis, avec interrupteur \u00e0 double tension et poign\u00e9e pivotante pour \u00e9viter les enroulements (disponible en 30 pi, 35 pi ou 40 pi) &#8211; Id\u00e9al pour les tapis et les surfaces dures\"}]},{\"@type\":\"WebSite\",\"@id\":\"https:\/\/nadair.ca\/vacuum-professional\/#website\",\"url\":\"https:\/\/nadair.ca\/vacuum-professional\/\",\"name\":\"Nadair Vacuum Dealer\",\"description\":\"\",\"publisher\":{\"@id\":\"https:\/\/nadair.ca\/vacuum-professional\/#organization\"},\"potentialAction\":[{\"@type\":\"SearchAction\",\"target\":{\"@type\":\"EntryPoint\",\"urlTemplate\":\"https:\/\/nadair.ca\/vacuum-professional\/?s={search_term_string}\"},\"query-input\":{\"@type\":\"PropertyValueSpecification\",\"valueRequired\":true,\"valueName\":\"search_term_string\"}}],\"inLanguage\":\"fr-CA\"},{\"@type\":\"Organization\",\"@id\":\"https:\/\/nadair.ca\/vacuum-professional\/#organization\",\"name\":\"Nadair\",\"url\":\"https:\/\/nadair.ca\/vacuum-professional\/\",\"logo\":{\"@type\":\"ImageObject\",\"inLanguage\":\"fr-CA\",\"@id\":\"https:\/\/nadair.ca\/vacuum-professional\/#\/schema\/logo\/image\/\",\"url\":\"https:\/\/nadair.ca\/vacuum\/wp-content\/uploads\/sites\/2\/2019\/12\/nadaire_fernetre.png\",\"contentUrl\":\"https:\/\/nadair.ca\/vacuum\/wp-content\/uploads\/sites\/2\/2019\/12\/nadaire_fernetre.png\",\"width\":203,\"height\":99,\"caption\":\"Nadair\"},\"image\":{\"@id\":\"https:\/\/nadair.ca\/vacuum-professional\/#\/schema\/logo\/image\/\"}}]}<\/script>\n<!-- \/ Yoast SEO plugin. -->","yoast_head_json":{"title":"Ensemble \u00e9lectrique de luxe pour tapis, avec interrupteur \u00e0 double tension et poign\u00e9e pivotante pour \u00e9viter les enroulements (disponible en 30 pi, 35 pi ou 40 pi) - Id\u00e9al pour les tapis et les surfaces dures - Nadair Vacuum Dealer","robots":{"index":"noindex","follow":"follow","max-snippet":"max-snippet:-1","max-image-preview":"max-image-preview:large","max-video-preview":"max-video-preview:-1"},"og_locale":"fr_CA","og_type":"article","og_title":"Ensemble \u00e9lectrique de luxe pour tapis, avec interrupteur \u00e0 double tension et poign\u00e9e pivotante pour \u00e9viter les enroulements (disponible en 30 pi, 35 pi ou 40 pi) - Id\u00e9al pour les tapis et les surfaces dures - Nadair Vacuum Dealer","og_description":"Id\u00e9al pour les tapis et les surfaces dures L&rsquo;ensemble comprend [...]","og_url":"http:\/\/nadair.ca\/vacuum-professional\/product\/carpet-deluxe-electric-kit-with-dual-voltage-switch-and-swiveling-handle-to-prevent-kinking-available-in-30-ft-35-ft-or-40-ft-ideal-for-carpets-and-hard-surfaces\/","og_site_name":"Nadair Vacuum Dealer","article_modified_time":"2025-07-14T13:57:41+00:00","og_image":[{"width":500,"height":500,"url":"http:\/\/nadair.ca\/vacuum-professional\/wp-content\/uploads\/sites\/18\/2025\/03\/CD-500x500-1.png","type":"image\/png"}],"twitter_card":"summary_large_image","twitter_misc":{"Estimation du temps de lecture":"1 minute"},"schema":{"@context":"https:\/\/schema.org","@graph":[{"@type":"WebPage","@id":"http:\/\/nadair.ca\/vacuum-professional\/product\/carpet-deluxe-electric-kit-with-dual-voltage-switch-and-swiveling-handle-to-prevent-kinking-available-in-30-ft-35-ft-or-40-ft-ideal-for-carpets-and-hard-surfaces\/","url":"http:\/\/nadair.ca\/vacuum-professional\/product\/carpet-deluxe-electric-kit-with-dual-voltage-switch-and-swiveling-handle-to-prevent-kinking-available-in-30-ft-35-ft-or-40-ft-ideal-for-carpets-and-hard-surfaces\/","name":"Ensemble \u00e9lectrique de luxe pour tapis, avec interrupteur \u00e0 double tension et poign\u00e9e pivotante pour \u00e9viter les enroulements (disponible en 30 pi, 35 pi ou 40 pi) - Id\u00e9al pour les tapis et les surfaces dures - Nadair Vacuum Dealer","isPartOf":{"@id":"https:\/\/nadair.ca\/vacuum-professional\/#website"},"primaryImageOfPage":{"@id":"http:\/\/nadair.ca\/vacuum-professional\/product\/carpet-deluxe-electric-kit-with-dual-voltage-switch-and-swiveling-handle-to-prevent-kinking-available-in-30-ft-35-ft-or-40-ft-ideal-for-carpets-and-hard-surfaces\/#primaryimage"},"image":{"@id":"http:\/\/nadair.ca\/vacuum-professional\/product\/carpet-deluxe-electric-kit-with-dual-voltage-switch-and-swiveling-handle-to-prevent-kinking-available-in-30-ft-35-ft-or-40-ft-ideal-for-carpets-and-hard-surfaces\/#primaryimage"},"thumbnailUrl":"https:\/\/nadair.ca\/vacuum-professional\/wp-content\/uploads\/sites\/18\/2025\/03\/CD-500x500-1.png","datePublished":"2025-03-28T07:17:03+00:00","dateModified":"2025-07-14T13:57:41+00:00","breadcrumb":{"@id":"http:\/\/nadair.ca\/vacuum-professional\/product\/carpet-deluxe-electric-kit-with-dual-voltage-switch-and-swiveling-handle-to-prevent-kinking-available-in-30-ft-35-ft-or-40-ft-ideal-for-carpets-and-hard-surfaces\/#breadcrumb"},"inLanguage":"fr-CA","potentialAction":[{"@type":"ReadAction","target":["http:\/\/nadair.ca\/vacuum-professional\/product\/carpet-deluxe-electric-kit-with-dual-voltage-switch-and-swiveling-handle-to-prevent-kinking-available-in-30-ft-35-ft-or-40-ft-ideal-for-carpets-and-hard-surfaces\/"]}]},{"@type":"ImageObject","inLanguage":"fr-CA","@id":"http:\/\/nadair.ca\/vacuum-professional\/product\/carpet-deluxe-electric-kit-with-dual-voltage-switch-and-swiveling-handle-to-prevent-kinking-available-in-30-ft-35-ft-or-40-ft-ideal-for-carpets-and-hard-surfaces\/#primaryimage","url":"https:\/\/nadair.ca\/vacuum-professional\/wp-content\/uploads\/sites\/18\/2025\/03\/CD-500x500-1.png","contentUrl":"https:\/\/nadair.ca\/vacuum-professional\/wp-content\/uploads\/sites\/18\/2025\/03\/CD-500x500-1.png","width":500,"height":500},{"@type":"BreadcrumbList","@id":"http:\/\/nadair.ca\/vacuum-professional\/product\/carpet-deluxe-electric-kit-with-dual-voltage-switch-and-swiveling-handle-to-prevent-kinking-available-in-30-ft-35-ft-or-40-ft-ideal-for-carpets-and-hard-surfaces\/#breadcrumb","itemListElement":[{"@type":"ListItem","position":1,"name":"Home","item":"https:\/\/nadair.ca\/vacuum-professional\/ce\/"},{"@type":"ListItem","position":2,"name":"Shop","item":"https:\/\/nadair.ca\/vacuum-professional\/ce\/magasinez\/"},{"@type":"ListItem","position":3,"name":"Ensemble \u00e9lectrique de luxe pour tapis, avec interrupteur \u00e0 double tension et poign\u00e9e pivotante pour \u00e9viter les enroulements (disponible en 30 pi, 35 pi ou 40 pi) &#8211; Id\u00e9al pour les tapis et les surfaces dures"}]},{"@type":"WebSite","@id":"https:\/\/nadair.ca\/vacuum-professional\/#website","url":"https:\/\/nadair.ca\/vacuum-professional\/","name":"Nadair Vacuum Dealer","description":"","publisher":{"@id":"https:\/\/nadair.ca\/vacuum-professional\/#organization"},"potentialAction":[{"@type":"SearchAction","target":{"@type":"EntryPoint","urlTemplate":"https:\/\/nadair.ca\/vacuum-professional\/?s={search_term_string}"},"query-input":{"@type":"PropertyValueSpecification","valueRequired":true,"valueName":"search_term_string"}}],"inLanguage":"fr-CA"},{"@type":"Organization","@id":"https:\/\/nadair.ca\/vacuum-professional\/#organization","name":"Nadair","url":"https:\/\/nadair.ca\/vacuum-professional\/","logo":{"@type":"ImageObject","inLanguage":"fr-CA","@id":"https:\/\/nadair.ca\/vacuum-professional\/#\/schema\/logo\/image\/","url":"https:\/\/nadair.ca\/vacuum\/wp-content\/uploads\/sites\/2\/2019\/12\/nadaire_fernetre.png","contentUrl":"https:\/\/nadair.ca\/vacuum\/wp-content\/uploads\/sites\/2\/2019\/12\/nadaire_fernetre.png","width":203,"height":99,"caption":"Nadair"},"image":{"@id":"https:\/\/nadair.ca\/vacuum-professional\/#\/schema\/logo\/image\/"}}]}},"_links":{"self":[{"href":"https:\/\/nadair.ca\/vacuum-professional\/ce\/wp-json\/wp\/v2\/product\/4739","targetHints":{"allow":["GET"]}}],"collection":[{"href":"https:\/\/nadair.ca\/vacuum-professional\/ce\/wp-json\/wp\/v2\/product"}],"about":[{"href":"https:\/\/nadair.ca\/vacuum-professional\/ce\/wp-json\/wp\/v2\/types\/product"}],"wp:featuredmedia":[{"embeddable":true,"href":"https:\/\/nadair.ca\/vacuum-professional\/ce\/wp-json\/wp\/v2\/media\/4734"}],"wp:attachment":[{"href":"https:\/\/nadair.ca\/vacuum-professional\/ce\/wp-json\/wp\/v2\/media?parent=4739"}],"wp:term":[{"taxonomy":"product_brand","embeddable":true,"href":"https:\/\/nadair.ca\/vacuum-professional\/ce\/wp-json\/wp\/v2\/product_brand?post=4739"},{"taxonomy":"product_cat","embeddable":true,"href":"https:\/\/nadair.ca\/vacuum-professional\/ce\/wp-json\/wp\/v2\/product_cat?post=4739"},{"taxonomy":"product_tag","embeddable":true,"href":"https:\/\/nadair.ca\/vacuum-professional\/ce\/wp-json\/wp\/v2\/product_tag?post=4739"}],"curies":[{"name":"wp","href":"https:\/\/api.w.org\/{rel}","templated":true}]}}