{"id":4753,"date":"2025-03-28T06:34:58","date_gmt":"2025-03-28T06:34:58","guid":{"rendered":"https:\/\/nadair.ca\/vacuum\/product\/750-airwatts-hybrid-central-vacuum-system-22l-5-81-gal-can-be-used-with-or-without-disposable-filtration-bags\/"},"modified":"2025-08-28T14:40:02","modified_gmt":"2025-08-28T14:40:02","slug":"750-airwatts-hybrid-central-vacuum-system-22l-5-81-gal-can-be-used-with-or-without-disposable-filtration-bags","status":"publish","type":"product","link":"https:\/\/nadair.ca\/vacuum-professional\/ce\/product\/750-airwatts-hybrid-central-vacuum-system-22l-5-81-gal-can-be-used-with-or-without-disposable-filtration-bags\/","title":{"rendered":"Syst\u00e8me d&rsquo;aspirateur central hybride 750 AIRWATTS, 22 L \/ 5,81 gal., Peut \u00eatre utilis\u00e9 avec ou sans sacs de filtration jetables"},"content":{"rendered":"<ul>\n<li>PERFORMANCE MAXIMALE\u00a0: Moteur Ametek \u00e0 flux continu \u00e0 deux \u00e9tages de 750\u00a0AW, 14,5\u00a0cm (5,7\u00a0po)<\/li>\n<li>PUISSANCE D\u2019ASPIRATION\u00a0: 146\u00a0po H2O \/ 141,2\u00a0pi\u00b3\/min<\/li>\n<li>SYST\u00c8ME SILENCIEUX\u00a0: 65\u00a0dB<\/li>\n<li>DOUBLE ISOLATION SONORE\u00a0: Mousse insonorisante et silencieux int\u00e9gr\u00e9 pour une r\u00e9duction optimale du bruit<\/li>\n<li>SYST\u00c8ME DE FILTRATION CYCLIQUE HYBRIDE : Peut \u00eatre utilis\u00e9 avec ou sans sacs de filtration jetables. Filtre jusqu&rsquo;\u00e0 99,97 %<\/li>\n<li>TECHNOLOGIE D\u00c9MARRAGE\/ARR\u00caT PROGRESSIF\u00a0: Prolonge la dur\u00e9e de vie du moteur de 20\u00a0%<\/li>\n<li>INDICATEUR LED\u00a0: Affiche l&rsquo;\u00e9tat de l&rsquo;appareil et vous rappelle de vider le r\u00e9servoir<\/li>\n<li>CUVE \u00c0 CHARGEMENT PAR LE BAS : Capacit\u00e9 de 22 L (5,81 gal), facile \u00e0 retirer o\u00f9 qu&rsquo;il soit install\u00e9<\/li>\n<li>ENTR\u00c9E D&rsquo;AIR PAR LE HAUT : Installation facile sur tout r\u00e9seau de tuyauterie existant<\/li>\n<li>CUVE EN ALUMINIUM POLI : Antirouille \/ L\u00e9ger \/ Lisse et brillant<\/li>\n<li>SYST\u00c8ME DE FILTRATION HYBRIDE : 1 sac de filtration jetable triple \u00e9paisseurs inclus &#8211; 1 filtre permanent lavable en machine inclus (pour une utilisation avec ou sans sac)<\/li>\n<li>DIMENSIONS\u00a0: P 32,8\u00a0cm x H 64,5\u00a0cm x l 32,8\u00a0cm<\/li>\n<li>GARANTIE\u00a0: 15\u00a0ans<\/li>\n<\/ul>\n","protected":false},"excerpt":{"rendered":"<p>PERFORMANCE MAXIMALE\u00a0: Moteur Ametek \u00e0 flux continu \u00e0 deux \u00e9tages  [&#8230;]<\/p>\n","protected":false},"featured_media":5062,"template":"","meta":{"_acf_changed":false},"product_brand":[],"product_cat":[126],"product_tag":[],"class_list":{"0":"post-4753","1":"product","2":"type-product","3":"status-publish","4":"has-post-thumbnail","6":"product_cat-heavy-duty-series-ce","8":"first","9":"instock","10":"taxable","11":"shipping-taxable","12":"purchasable","13":"product-type-simple"},"acf":[],"yoast_head":"<!-- This site is optimized with the Yoast SEO plugin v26.7 - https:\/\/yoast.com\/wordpress\/plugins\/seo\/ -->\n<title>Syst\u00e8me d&#039;aspirateur central hybride 750 AIRWATTS, 22 L \/ 5,81 gal., Peut \u00eatre utilis\u00e9 avec ou sans sacs de filtration jetables - Nadair Vacuum Dealer<\/title>\n<meta name=\"robots\" content=\"noindex, follow, max-snippet:-1, max-image-preview:large, max-video-preview:-1\" \/>\n<meta property=\"og:locale\" content=\"fr_CA\" \/>\n<meta property=\"og:type\" content=\"article\" \/>\n<meta property=\"og:title\" content=\"Syst\u00e8me d&#039;aspirateur central hybride 750 AIRWATTS, 22 L \/ 5,81 gal., Peut \u00eatre utilis\u00e9 avec ou sans sacs de filtration jetables - Nadair Vacuum Dealer\" \/>\n<meta property=\"og:description\" content=\"PERFORMANCE MAXIMALE\u00a0: Moteur Ametek \u00e0 flux continu \u00e0 deux \u00e9tages [...]\" \/>\n<meta property=\"og:url\" content=\"http:\/\/nadair.ca\/vacuum-professional\/product\/750-airwatts-hybrid-central-vacuum-system-22l-5-81-gal-can-be-used-with-or-without-disposable-filtration-bags\/\" \/>\n<meta property=\"og:site_name\" content=\"Nadair Vacuum Dealer\" \/>\n<meta property=\"article:modified_time\" content=\"2025-08-28T14:40:02+00:00\" \/>\n<meta property=\"og:image\" content=\"http:\/\/nadair.ca\/vacuum-professional\/wp-content\/uploads\/sites\/18\/2025\/03\/HD-750-22H-FR-scaled.jpg\" \/>\n\t<meta property=\"og:image:width\" content=\"2560\" \/>\n\t<meta property=\"og:image:height\" content=\"2560\" \/>\n\t<meta property=\"og:image:type\" content=\"image\/jpeg\" \/>\n<meta name=\"twitter:card\" content=\"summary_large_image\" \/>\n<meta name=\"twitter:label1\" content=\"Estimation du temps de lecture\" \/>\n\t<meta name=\"twitter:data1\" content=\"1 minute\" \/>\n<script type=\"application\/ld+json\" class=\"yoast-schema-graph\">{\"@context\":\"https:\/\/schema.org\",\"@graph\":[{\"@type\":\"WebPage\",\"@id\":\"http:\/\/nadair.ca\/vacuum-professional\/product\/750-airwatts-hybrid-central-vacuum-system-22l-5-81-gal-can-be-used-with-or-without-disposable-filtration-bags\/\",\"url\":\"http:\/\/nadair.ca\/vacuum-professional\/product\/750-airwatts-hybrid-central-vacuum-system-22l-5-81-gal-can-be-used-with-or-without-disposable-filtration-bags\/\",\"name\":\"Syst\u00e8me d'aspirateur central hybride 750 AIRWATTS, 22 L \/ 5,81 gal., Peut \u00eatre utilis\u00e9 avec ou sans sacs de filtration jetables - Nadair Vacuum Dealer\",\"isPartOf\":{\"@id\":\"https:\/\/nadair.ca\/vacuum-professional\/#website\"},\"primaryImageOfPage\":{\"@id\":\"http:\/\/nadair.ca\/vacuum-professional\/product\/750-airwatts-hybrid-central-vacuum-system-22l-5-81-gal-can-be-used-with-or-without-disposable-filtration-bags\/#primaryimage\"},\"image\":{\"@id\":\"http:\/\/nadair.ca\/vacuum-professional\/product\/750-airwatts-hybrid-central-vacuum-system-22l-5-81-gal-can-be-used-with-or-without-disposable-filtration-bags\/#primaryimage\"},\"thumbnailUrl\":\"https:\/\/nadair.ca\/vacuum-professional\/wp-content\/uploads\/sites\/18\/2025\/03\/HD-750-22H-FR-scaled.jpg\",\"datePublished\":\"2025-03-28T06:34:58+00:00\",\"dateModified\":\"2025-08-28T14:40:02+00:00\",\"breadcrumb\":{\"@id\":\"http:\/\/nadair.ca\/vacuum-professional\/product\/750-airwatts-hybrid-central-vacuum-system-22l-5-81-gal-can-be-used-with-or-without-disposable-filtration-bags\/#breadcrumb\"},\"inLanguage\":\"fr-CA\",\"potentialAction\":[{\"@type\":\"ReadAction\",\"target\":[\"http:\/\/nadair.ca\/vacuum-professional\/product\/750-airwatts-hybrid-central-vacuum-system-22l-5-81-gal-can-be-used-with-or-without-disposable-filtration-bags\/\"]}]},{\"@type\":\"ImageObject\",\"inLanguage\":\"fr-CA\",\"@id\":\"http:\/\/nadair.ca\/vacuum-professional\/product\/750-airwatts-hybrid-central-vacuum-system-22l-5-81-gal-can-be-used-with-or-without-disposable-filtration-bags\/#primaryimage\",\"url\":\"https:\/\/nadair.ca\/vacuum-professional\/wp-content\/uploads\/sites\/18\/2025\/03\/HD-750-22H-FR-scaled.jpg\",\"contentUrl\":\"https:\/\/nadair.ca\/vacuum-professional\/wp-content\/uploads\/sites\/18\/2025\/03\/HD-750-22H-FR-scaled.jpg\",\"width\":2560,\"height\":2560},{\"@type\":\"BreadcrumbList\",\"@id\":\"http:\/\/nadair.ca\/vacuum-professional\/product\/750-airwatts-hybrid-central-vacuum-system-22l-5-81-gal-can-be-used-with-or-without-disposable-filtration-bags\/#breadcrumb\",\"itemListElement\":[{\"@type\":\"ListItem\",\"position\":1,\"name\":\"Home\",\"item\":\"https:\/\/nadair.ca\/vacuum-professional\/ce\/\"},{\"@type\":\"ListItem\",\"position\":2,\"name\":\"Shop\",\"item\":\"https:\/\/nadair.ca\/vacuum-professional\/ce\/magasinez\/\"},{\"@type\":\"ListItem\",\"position\":3,\"name\":\"Syst\u00e8me d&#8217;aspirateur central hybride 750 AIRWATTS, 22 L \/ 5,81 gal., Peut \u00eatre utilis\u00e9 avec ou sans sacs de filtration jetables\"}]},{\"@type\":\"WebSite\",\"@id\":\"https:\/\/nadair.ca\/vacuum-professional\/#website\",\"url\":\"https:\/\/nadair.ca\/vacuum-professional\/\",\"name\":\"Nadair Vacuum Dealer\",\"description\":\"\",\"publisher\":{\"@id\":\"https:\/\/nadair.ca\/vacuum-professional\/#organization\"},\"potentialAction\":[{\"@type\":\"SearchAction\",\"target\":{\"@type\":\"EntryPoint\",\"urlTemplate\":\"https:\/\/nadair.ca\/vacuum-professional\/?s={search_term_string}\"},\"query-input\":{\"@type\":\"PropertyValueSpecification\",\"valueRequired\":true,\"valueName\":\"search_term_string\"}}],\"inLanguage\":\"fr-CA\"},{\"@type\":\"Organization\",\"@id\":\"https:\/\/nadair.ca\/vacuum-professional\/#organization\",\"name\":\"Nadair\",\"url\":\"https:\/\/nadair.ca\/vacuum-professional\/\",\"logo\":{\"@type\":\"ImageObject\",\"inLanguage\":\"fr-CA\",\"@id\":\"https:\/\/nadair.ca\/vacuum-professional\/#\/schema\/logo\/image\/\",\"url\":\"https:\/\/nadair.ca\/vacuum\/wp-content\/uploads\/sites\/2\/2019\/12\/nadaire_fernetre.png\",\"contentUrl\":\"https:\/\/nadair.ca\/vacuum\/wp-content\/uploads\/sites\/2\/2019\/12\/nadaire_fernetre.png\",\"width\":203,\"height\":99,\"caption\":\"Nadair\"},\"image\":{\"@id\":\"https:\/\/nadair.ca\/vacuum-professional\/#\/schema\/logo\/image\/\"}}]}<\/script>\n<!-- \/ Yoast SEO plugin. -->","yoast_head_json":{"title":"Syst\u00e8me d'aspirateur central hybride 750 AIRWATTS, 22 L \/ 5,81 gal., Peut \u00eatre utilis\u00e9 avec ou sans sacs de filtration jetables - Nadair Vacuum Dealer","robots":{"index":"noindex","follow":"follow","max-snippet":"max-snippet:-1","max-image-preview":"max-image-preview:large","max-video-preview":"max-video-preview:-1"},"og_locale":"fr_CA","og_type":"article","og_title":"Syst\u00e8me d'aspirateur central hybride 750 AIRWATTS, 22 L \/ 5,81 gal., Peut \u00eatre utilis\u00e9 avec ou sans sacs de filtration jetables - Nadair Vacuum Dealer","og_description":"PERFORMANCE MAXIMALE\u00a0: Moteur Ametek \u00e0 flux continu \u00e0 deux \u00e9tages [...]","og_url":"http:\/\/nadair.ca\/vacuum-professional\/product\/750-airwatts-hybrid-central-vacuum-system-22l-5-81-gal-can-be-used-with-or-without-disposable-filtration-bags\/","og_site_name":"Nadair Vacuum Dealer","article_modified_time":"2025-08-28T14:40:02+00:00","og_image":[{"width":2560,"height":2560,"url":"http:\/\/nadair.ca\/vacuum-professional\/wp-content\/uploads\/sites\/18\/2025\/03\/HD-750-22H-FR-scaled.jpg","type":"image\/jpeg"}],"twitter_card":"summary_large_image","twitter_misc":{"Estimation du temps de lecture":"1 minute"},"schema":{"@context":"https:\/\/schema.org","@graph":[{"@type":"WebPage","@id":"http:\/\/nadair.ca\/vacuum-professional\/product\/750-airwatts-hybrid-central-vacuum-system-22l-5-81-gal-can-be-used-with-or-without-disposable-filtration-bags\/","url":"http:\/\/nadair.ca\/vacuum-professional\/product\/750-airwatts-hybrid-central-vacuum-system-22l-5-81-gal-can-be-used-with-or-without-disposable-filtration-bags\/","name":"Syst\u00e8me d'aspirateur central hybride 750 AIRWATTS, 22 L \/ 5,81 gal., Peut \u00eatre utilis\u00e9 avec ou sans sacs de filtration jetables - Nadair Vacuum Dealer","isPartOf":{"@id":"https:\/\/nadair.ca\/vacuum-professional\/#website"},"primaryImageOfPage":{"@id":"http:\/\/nadair.ca\/vacuum-professional\/product\/750-airwatts-hybrid-central-vacuum-system-22l-5-81-gal-can-be-used-with-or-without-disposable-filtration-bags\/#primaryimage"},"image":{"@id":"http:\/\/nadair.ca\/vacuum-professional\/product\/750-airwatts-hybrid-central-vacuum-system-22l-5-81-gal-can-be-used-with-or-without-disposable-filtration-bags\/#primaryimage"},"thumbnailUrl":"https:\/\/nadair.ca\/vacuum-professional\/wp-content\/uploads\/sites\/18\/2025\/03\/HD-750-22H-FR-scaled.jpg","datePublished":"2025-03-28T06:34:58+00:00","dateModified":"2025-08-28T14:40:02+00:00","breadcrumb":{"@id":"http:\/\/nadair.ca\/vacuum-professional\/product\/750-airwatts-hybrid-central-vacuum-system-22l-5-81-gal-can-be-used-with-or-without-disposable-filtration-bags\/#breadcrumb"},"inLanguage":"fr-CA","potentialAction":[{"@type":"ReadAction","target":["http:\/\/nadair.ca\/vacuum-professional\/product\/750-airwatts-hybrid-central-vacuum-system-22l-5-81-gal-can-be-used-with-or-without-disposable-filtration-bags\/"]}]},{"@type":"ImageObject","inLanguage":"fr-CA","@id":"http:\/\/nadair.ca\/vacuum-professional\/product\/750-airwatts-hybrid-central-vacuum-system-22l-5-81-gal-can-be-used-with-or-without-disposable-filtration-bags\/#primaryimage","url":"https:\/\/nadair.ca\/vacuum-professional\/wp-content\/uploads\/sites\/18\/2025\/03\/HD-750-22H-FR-scaled.jpg","contentUrl":"https:\/\/nadair.ca\/vacuum-professional\/wp-content\/uploads\/sites\/18\/2025\/03\/HD-750-22H-FR-scaled.jpg","width":2560,"height":2560},{"@type":"BreadcrumbList","@id":"http:\/\/nadair.ca\/vacuum-professional\/product\/750-airwatts-hybrid-central-vacuum-system-22l-5-81-gal-can-be-used-with-or-without-disposable-filtration-bags\/#breadcrumb","itemListElement":[{"@type":"ListItem","position":1,"name":"Home","item":"https:\/\/nadair.ca\/vacuum-professional\/ce\/"},{"@type":"ListItem","position":2,"name":"Shop","item":"https:\/\/nadair.ca\/vacuum-professional\/ce\/magasinez\/"},{"@type":"ListItem","position":3,"name":"Syst\u00e8me d&#8217;aspirateur central hybride 750 AIRWATTS, 22 L \/ 5,81 gal., Peut \u00eatre utilis\u00e9 avec ou sans sacs de filtration jetables"}]},{"@type":"WebSite","@id":"https:\/\/nadair.ca\/vacuum-professional\/#website","url":"https:\/\/nadair.ca\/vacuum-professional\/","name":"Nadair Vacuum Dealer","description":"","publisher":{"@id":"https:\/\/nadair.ca\/vacuum-professional\/#organization"},"potentialAction":[{"@type":"SearchAction","target":{"@type":"EntryPoint","urlTemplate":"https:\/\/nadair.ca\/vacuum-professional\/?s={search_term_string}"},"query-input":{"@type":"PropertyValueSpecification","valueRequired":true,"valueName":"search_term_string"}}],"inLanguage":"fr-CA"},{"@type":"Organization","@id":"https:\/\/nadair.ca\/vacuum-professional\/#organization","name":"Nadair","url":"https:\/\/nadair.ca\/vacuum-professional\/","logo":{"@type":"ImageObject","inLanguage":"fr-CA","@id":"https:\/\/nadair.ca\/vacuum-professional\/#\/schema\/logo\/image\/","url":"https:\/\/nadair.ca\/vacuum\/wp-content\/uploads\/sites\/2\/2019\/12\/nadaire_fernetre.png","contentUrl":"https:\/\/nadair.ca\/vacuum\/wp-content\/uploads\/sites\/2\/2019\/12\/nadaire_fernetre.png","width":203,"height":99,"caption":"Nadair"},"image":{"@id":"https:\/\/nadair.ca\/vacuum-professional\/#\/schema\/logo\/image\/"}}]}},"_links":{"self":[{"href":"https:\/\/nadair.ca\/vacuum-professional\/ce\/wp-json\/wp\/v2\/product\/4753","targetHints":{"allow":["GET"]}}],"collection":[{"href":"https:\/\/nadair.ca\/vacuum-professional\/ce\/wp-json\/wp\/v2\/product"}],"about":[{"href":"https:\/\/nadair.ca\/vacuum-professional\/ce\/wp-json\/wp\/v2\/types\/product"}],"wp:featuredmedia":[{"embeddable":true,"href":"https:\/\/nadair.ca\/vacuum-professional\/ce\/wp-json\/wp\/v2\/media\/5062"}],"wp:attachment":[{"href":"https:\/\/nadair.ca\/vacuum-professional\/ce\/wp-json\/wp\/v2\/media?parent=4753"}],"wp:term":[{"taxonomy":"product_brand","embeddable":true,"href":"https:\/\/nadair.ca\/vacuum-professional\/ce\/wp-json\/wp\/v2\/product_brand?post=4753"},{"taxonomy":"product_cat","embeddable":true,"href":"https:\/\/nadair.ca\/vacuum-professional\/ce\/wp-json\/wp\/v2\/product_cat?post=4753"},{"taxonomy":"product_tag","embeddable":true,"href":"https:\/\/nadair.ca\/vacuum-professional\/ce\/wp-json\/wp\/v2\/product_tag?post=4753"}],"curies":[{"name":"wp","href":"https:\/\/api.w.org\/{rel}","templated":true}]}}