{"id":5301,"date":"2025-04-04T17:07:31","date_gmt":"2025-04-04T17:07:31","guid":{"rendered":"https:\/\/nadair.ca\/vacuum\/?post_type=product&#038;p=5301"},"modified":"2025-06-19T17:03:09","modified_gmt":"2025-06-19T17:03:09","slug":"ensemble-universel-daccessoires","status":"publish","type":"product","link":"https:\/\/nadair.ca\/vacuum-professional\/ce\/product\/ensemble-universel-daccessoires\/","title":{"rendered":"Ensemble de nettoyage universel pour aspirateur central"},"content":{"rendered":"<div class=\"flex max-w-full flex-col grow\">\n<div class=\"min-h-8 text-message relative flex w-full flex-col items-end gap-2 text-start break-words whitespace-normal [.text-message+&amp;]:mt-5\" dir=\"auto\" data-message-author-role=\"assistant\" data-message-id=\"8955e10a-be78-42a0-91bd-c76c33fe10ff\" data-message-model-slug=\"gpt-4o\">\n<div class=\"flex w-full flex-col gap-1 empty:hidden first:pt-[3px]\">\n<div class=\"markdown prose dark:prose-invert w-full break-words light\">\n<p class=\"\" data-start=\"0\" data-end=\"233\">Trousse d&rsquo;accessoires pour aspirateur central Universal Nadair compatible avec toutes les buses de boyau et baguettes ayant un diam\u00e8tre ext\u00e9rieur l\u00e9g\u00e8rement inf\u00e9rieur \u00e0 1,25 po (3,2 cm). L\u2019ensemble parfait pour nettoyer votre maison.<\/p>\n<p class=\"\" data-start=\"235\" data-end=\"243\">Inclus :<\/p>\n<ul data-start=\"245\" data-end=\"394\" data-is-last-node=\"\" data-is-only-node=\"\">\n<li class=\"\" data-start=\"245\" data-end=\"297\">\n<p class=\"\" data-start=\"247\" data-end=\"297\">Brosse pour \u00e0 capitonnage de 5 po (14 cm)<\/p>\n<\/li>\n<li class=\"\" data-start=\"298\" data-end=\"337\">\n<p class=\"\" data-start=\"300\" data-end=\"337\">Brosse \u00e0 \u00e9pousseter de 4 po (10 cm)<\/p>\n<\/li>\n<li class=\"\" data-start=\"338\" data-end=\"370\">\n<p class=\"\" data-start=\"340\" data-end=\"370\">Suceur plat de 10 po (25 cm)<\/p>\n<\/li>\n<li class=\"\" data-start=\"371\" data-end=\"394\">\n<p class=\"\" data-start=\"373\" data-end=\"394\">Support \u00e0 accessoire<\/p>\n<\/li>\n<\/ul>\n<\/div>\n<\/div>\n<\/div>\n<\/div>\n","protected":false},"excerpt":{"rendered":"<p>Trousse d&rsquo;accessoires pour aspirateur central Universal Nadair compatible avec toutes  [&#8230;]<\/p>\n","protected":false},"featured_media":5323,"template":"","meta":{"_acf_changed":false},"product_brand":[],"product_cat":[89],"product_tag":[],"class_list":{"0":"post-5301","1":"product","2":"type-product","3":"status-publish","4":"has-post-thumbnail","6":"product_cat-accessoires","8":"first","9":"instock","10":"taxable","11":"shipping-taxable","12":"product-type-simple"},"acf":[],"yoast_head":"<!-- This site is optimized with the Yoast SEO plugin v26.7 - https:\/\/yoast.com\/wordpress\/plugins\/seo\/ -->\n<title>Ensemble de nettoyage universel pour aspirateur central - Nadair Vacuum Dealer<\/title>\n<meta name=\"robots\" content=\"noindex, follow, max-snippet:-1, max-image-preview:large, max-video-preview:-1\" \/>\n<meta property=\"og:locale\" content=\"fr_CA\" \/>\n<meta property=\"og:type\" content=\"article\" \/>\n<meta property=\"og:title\" content=\"Ensemble de nettoyage universel pour aspirateur central - Nadair Vacuum Dealer\" \/>\n<meta property=\"og:description\" content=\"Trousse d&rsquo;accessoires pour aspirateur central Universal Nadair compatible avec toutes [...]\" \/>\n<meta property=\"og:url\" content=\"https:\/\/nadair.ca\/vacuum-professional\/product\/universal-cleaning-tool-kit\/\" \/>\n<meta property=\"og:site_name\" content=\"Nadair Vacuum Dealer\" \/>\n<meta property=\"article:modified_time\" content=\"2025-06-19T17:03:09+00:00\" \/>\n<meta property=\"og:image\" content=\"https:\/\/nadair.ca\/vacuum-professional\/wp-content\/uploads\/sites\/18\/2025\/04\/Kit-1001-1-copie.jpg\" \/>\n\t<meta property=\"og:image:width\" content=\"389\" \/>\n\t<meta property=\"og:image:height\" content=\"401\" \/>\n\t<meta property=\"og:image:type\" content=\"image\/jpeg\" \/>\n<meta name=\"twitter:card\" content=\"summary_large_image\" \/>\n<meta name=\"twitter:label1\" content=\"Estimation du temps de lecture\" \/>\n\t<meta name=\"twitter:data1\" content=\"1 minute\" \/>\n<script type=\"application\/ld+json\" class=\"yoast-schema-graph\">{\"@context\":\"https:\/\/schema.org\",\"@graph\":[{\"@type\":\"WebPage\",\"@id\":\"https:\/\/nadair.ca\/vacuum-professional\/product\/universal-cleaning-tool-kit\/\",\"url\":\"https:\/\/nadair.ca\/vacuum-professional\/product\/universal-cleaning-tool-kit\/\",\"name\":\"Ensemble de nettoyage universel pour aspirateur central - Nadair Vacuum Dealer\",\"isPartOf\":{\"@id\":\"https:\/\/nadair.ca\/vacuum-professional\/#website\"},\"primaryImageOfPage\":{\"@id\":\"https:\/\/nadair.ca\/vacuum-professional\/product\/universal-cleaning-tool-kit\/#primaryimage\"},\"image\":{\"@id\":\"https:\/\/nadair.ca\/vacuum-professional\/product\/universal-cleaning-tool-kit\/#primaryimage\"},\"thumbnailUrl\":\"https:\/\/nadair.ca\/vacuum-professional\/wp-content\/uploads\/sites\/18\/2025\/04\/Kit-1001-1-copie.jpg\",\"datePublished\":\"2025-04-04T17:07:31+00:00\",\"dateModified\":\"2025-06-19T17:03:09+00:00\",\"breadcrumb\":{\"@id\":\"https:\/\/nadair.ca\/vacuum-professional\/product\/universal-cleaning-tool-kit\/#breadcrumb\"},\"inLanguage\":\"fr-CA\",\"potentialAction\":[{\"@type\":\"ReadAction\",\"target\":[\"https:\/\/nadair.ca\/vacuum-professional\/product\/universal-cleaning-tool-kit\/\"]}]},{\"@type\":\"ImageObject\",\"inLanguage\":\"fr-CA\",\"@id\":\"https:\/\/nadair.ca\/vacuum-professional\/product\/universal-cleaning-tool-kit\/#primaryimage\",\"url\":\"https:\/\/nadair.ca\/vacuum-professional\/wp-content\/uploads\/sites\/18\/2025\/04\/Kit-1001-1-copie.jpg\",\"contentUrl\":\"https:\/\/nadair.ca\/vacuum-professional\/wp-content\/uploads\/sites\/18\/2025\/04\/Kit-1001-1-copie.jpg\",\"width\":389,\"height\":401},{\"@type\":\"BreadcrumbList\",\"@id\":\"https:\/\/nadair.ca\/vacuum-professional\/product\/universal-cleaning-tool-kit\/#breadcrumb\",\"itemListElement\":[{\"@type\":\"ListItem\",\"position\":1,\"name\":\"Home\",\"item\":\"https:\/\/nadair.ca\/vacuum-professional\/ce\/\"},{\"@type\":\"ListItem\",\"position\":2,\"name\":\"Shop\",\"item\":\"https:\/\/nadair.ca\/vacuum-professional\/ce\/magasinez\/\"},{\"@type\":\"ListItem\",\"position\":3,\"name\":\"Ensemble de nettoyage universel pour aspirateur central\"}]},{\"@type\":\"WebSite\",\"@id\":\"https:\/\/nadair.ca\/vacuum-professional\/#website\",\"url\":\"https:\/\/nadair.ca\/vacuum-professional\/\",\"name\":\"Nadair Vacuum Dealer\",\"description\":\"\",\"publisher\":{\"@id\":\"https:\/\/nadair.ca\/vacuum-professional\/#organization\"},\"potentialAction\":[{\"@type\":\"SearchAction\",\"target\":{\"@type\":\"EntryPoint\",\"urlTemplate\":\"https:\/\/nadair.ca\/vacuum-professional\/?s={search_term_string}\"},\"query-input\":{\"@type\":\"PropertyValueSpecification\",\"valueRequired\":true,\"valueName\":\"search_term_string\"}}],\"inLanguage\":\"fr-CA\"},{\"@type\":\"Organization\",\"@id\":\"https:\/\/nadair.ca\/vacuum-professional\/#organization\",\"name\":\"Nadair\",\"url\":\"https:\/\/nadair.ca\/vacuum-professional\/\",\"logo\":{\"@type\":\"ImageObject\",\"inLanguage\":\"fr-CA\",\"@id\":\"https:\/\/nadair.ca\/vacuum-professional\/#\/schema\/logo\/image\/\",\"url\":\"https:\/\/nadair.ca\/vacuum\/wp-content\/uploads\/sites\/2\/2019\/12\/nadaire_fernetre.png\",\"contentUrl\":\"https:\/\/nadair.ca\/vacuum\/wp-content\/uploads\/sites\/2\/2019\/12\/nadaire_fernetre.png\",\"width\":203,\"height\":99,\"caption\":\"Nadair\"},\"image\":{\"@id\":\"https:\/\/nadair.ca\/vacuum-professional\/#\/schema\/logo\/image\/\"}}]}<\/script>\n<!-- \/ Yoast SEO plugin. -->","yoast_head_json":{"title":"Ensemble de nettoyage universel pour aspirateur central - Nadair Vacuum Dealer","robots":{"index":"noindex","follow":"follow","max-snippet":"max-snippet:-1","max-image-preview":"max-image-preview:large","max-video-preview":"max-video-preview:-1"},"og_locale":"fr_CA","og_type":"article","og_title":"Ensemble de nettoyage universel pour aspirateur central - Nadair Vacuum Dealer","og_description":"Trousse d&rsquo;accessoires pour aspirateur central Universal Nadair compatible avec toutes [...]","og_url":"https:\/\/nadair.ca\/vacuum-professional\/product\/universal-cleaning-tool-kit\/","og_site_name":"Nadair Vacuum Dealer","article_modified_time":"2025-06-19T17:03:09+00:00","og_image":[{"width":389,"height":401,"url":"https:\/\/nadair.ca\/vacuum-professional\/wp-content\/uploads\/sites\/18\/2025\/04\/Kit-1001-1-copie.jpg","type":"image\/jpeg"}],"twitter_card":"summary_large_image","twitter_misc":{"Estimation du temps de lecture":"1 minute"},"schema":{"@context":"https:\/\/schema.org","@graph":[{"@type":"WebPage","@id":"https:\/\/nadair.ca\/vacuum-professional\/product\/universal-cleaning-tool-kit\/","url":"https:\/\/nadair.ca\/vacuum-professional\/product\/universal-cleaning-tool-kit\/","name":"Ensemble de nettoyage universel pour aspirateur central - Nadair Vacuum Dealer","isPartOf":{"@id":"https:\/\/nadair.ca\/vacuum-professional\/#website"},"primaryImageOfPage":{"@id":"https:\/\/nadair.ca\/vacuum-professional\/product\/universal-cleaning-tool-kit\/#primaryimage"},"image":{"@id":"https:\/\/nadair.ca\/vacuum-professional\/product\/universal-cleaning-tool-kit\/#primaryimage"},"thumbnailUrl":"https:\/\/nadair.ca\/vacuum-professional\/wp-content\/uploads\/sites\/18\/2025\/04\/Kit-1001-1-copie.jpg","datePublished":"2025-04-04T17:07:31+00:00","dateModified":"2025-06-19T17:03:09+00:00","breadcrumb":{"@id":"https:\/\/nadair.ca\/vacuum-professional\/product\/universal-cleaning-tool-kit\/#breadcrumb"},"inLanguage":"fr-CA","potentialAction":[{"@type":"ReadAction","target":["https:\/\/nadair.ca\/vacuum-professional\/product\/universal-cleaning-tool-kit\/"]}]},{"@type":"ImageObject","inLanguage":"fr-CA","@id":"https:\/\/nadair.ca\/vacuum-professional\/product\/universal-cleaning-tool-kit\/#primaryimage","url":"https:\/\/nadair.ca\/vacuum-professional\/wp-content\/uploads\/sites\/18\/2025\/04\/Kit-1001-1-copie.jpg","contentUrl":"https:\/\/nadair.ca\/vacuum-professional\/wp-content\/uploads\/sites\/18\/2025\/04\/Kit-1001-1-copie.jpg","width":389,"height":401},{"@type":"BreadcrumbList","@id":"https:\/\/nadair.ca\/vacuum-professional\/product\/universal-cleaning-tool-kit\/#breadcrumb","itemListElement":[{"@type":"ListItem","position":1,"name":"Home","item":"https:\/\/nadair.ca\/vacuum-professional\/ce\/"},{"@type":"ListItem","position":2,"name":"Shop","item":"https:\/\/nadair.ca\/vacuum-professional\/ce\/magasinez\/"},{"@type":"ListItem","position":3,"name":"Ensemble de nettoyage universel pour aspirateur central"}]},{"@type":"WebSite","@id":"https:\/\/nadair.ca\/vacuum-professional\/#website","url":"https:\/\/nadair.ca\/vacuum-professional\/","name":"Nadair Vacuum Dealer","description":"","publisher":{"@id":"https:\/\/nadair.ca\/vacuum-professional\/#organization"},"potentialAction":[{"@type":"SearchAction","target":{"@type":"EntryPoint","urlTemplate":"https:\/\/nadair.ca\/vacuum-professional\/?s={search_term_string}"},"query-input":{"@type":"PropertyValueSpecification","valueRequired":true,"valueName":"search_term_string"}}],"inLanguage":"fr-CA"},{"@type":"Organization","@id":"https:\/\/nadair.ca\/vacuum-professional\/#organization","name":"Nadair","url":"https:\/\/nadair.ca\/vacuum-professional\/","logo":{"@type":"ImageObject","inLanguage":"fr-CA","@id":"https:\/\/nadair.ca\/vacuum-professional\/#\/schema\/logo\/image\/","url":"https:\/\/nadair.ca\/vacuum\/wp-content\/uploads\/sites\/2\/2019\/12\/nadaire_fernetre.png","contentUrl":"https:\/\/nadair.ca\/vacuum\/wp-content\/uploads\/sites\/2\/2019\/12\/nadaire_fernetre.png","width":203,"height":99,"caption":"Nadair"},"image":{"@id":"https:\/\/nadair.ca\/vacuum-professional\/#\/schema\/logo\/image\/"}}]}},"_links":{"self":[{"href":"https:\/\/nadair.ca\/vacuum-professional\/ce\/wp-json\/wp\/v2\/product\/5301","targetHints":{"allow":["GET"]}}],"collection":[{"href":"https:\/\/nadair.ca\/vacuum-professional\/ce\/wp-json\/wp\/v2\/product"}],"about":[{"href":"https:\/\/nadair.ca\/vacuum-professional\/ce\/wp-json\/wp\/v2\/types\/product"}],"wp:featuredmedia":[{"embeddable":true,"href":"https:\/\/nadair.ca\/vacuum-professional\/ce\/wp-json\/wp\/v2\/media\/5323"}],"wp:attachment":[{"href":"https:\/\/nadair.ca\/vacuum-professional\/ce\/wp-json\/wp\/v2\/media?parent=5301"}],"wp:term":[{"taxonomy":"product_brand","embeddable":true,"href":"https:\/\/nadair.ca\/vacuum-professional\/ce\/wp-json\/wp\/v2\/product_brand?post=5301"},{"taxonomy":"product_cat","embeddable":true,"href":"https:\/\/nadair.ca\/vacuum-professional\/ce\/wp-json\/wp\/v2\/product_cat?post=5301"},{"taxonomy":"product_tag","embeddable":true,"href":"https:\/\/nadair.ca\/vacuum-professional\/ce\/wp-json\/wp\/v2\/product_tag?post=5301"}],"curies":[{"name":"wp","href":"https:\/\/api.w.org\/{rel}","templated":true}]}}