{"id":5331,"date":"2025-04-04T18:18:39","date_gmt":"2025-04-04T18:18:39","guid":{"rendered":"https:\/\/nadair.ca\/vacuum\/?post_type=product&#038;p=5331"},"modified":"2025-07-14T13:26:48","modified_gmt":"2025-07-14T13:26:48","slug":"brosse-electrique-tapis","status":"publish","type":"product","link":"https:\/\/nadair.ca\/vacuum-professional\/ce\/product\/brosse-electrique-tapis\/","title":{"rendered":"Brosse \u00e9lectrique \u00e0 tapis avec 6 hauteurs ajustables"},"content":{"rendered":"<p data-start=\"81\" data-end=\"342\"><strong data-start=\"81\" data-end=\"165\">Multifonction : 6 hauteurs r\u00e9glables pour s\u2019adapter \u00e0 tous les types de surfaces<\/strong><br data-start=\"165\" data-end=\"168\" \/><strong data-start=\"168\" data-end=\"205\">Robuste : moteur puissant int\u00e9gr\u00e9<\/strong><br data-start=\"205\" data-end=\"208\" \/><strong data-start=\"208\" data-end=\"277\">Qualit\u00e9 visible : fen\u00eatre de visualisation de la brosse en action<\/strong><br data-start=\"277\" data-end=\"280\" \/><strong data-start=\"280\" data-end=\"342\">\u00c9clairage puissant : facilite la d\u00e9tection de la poussi\u00e8re<\/strong><\/p>\n<p data-start=\"344\" data-end=\"599\">Utilisez la <strong data-start=\"356\" data-end=\"387\">brosse \u00e9lectrique motoris\u00e9e<\/strong> pour une performance de nettoyage maximale. Que vous ayez des tapis Shaggy, Berb\u00e8res ou simplement quelques carpettes, la brosse battante r\u00e9glable vous permettra de nettoyer efficacement tous les types de tapis.<\/p>\n<p data-start=\"601\" data-end=\"717\"><strong data-start=\"601\" data-end=\"717\">Compatible avec la plupart des boyaux haute tension standards dot\u00e9s d\u2019un syst\u00e8me de connexion rapide affleurant.<\/strong><\/p>\n","protected":false},"excerpt":{"rendered":"<p>Multifonction : 6 hauteurs r\u00e9glables pour s\u2019adapter \u00e0 tous les  [&#8230;]<\/p>\n","protected":false},"featured_media":5333,"template":"","meta":{"_acf_changed":false},"product_brand":[],"product_cat":[89],"product_tag":[],"class_list":{"0":"post-5331","1":"product","2":"type-product","3":"status-publish","4":"has-post-thumbnail","6":"product_cat-accessoires","8":"first","9":"instock","10":"taxable","11":"shipping-taxable","12":"product-type-simple"},"acf":[],"yoast_head":"<!-- This site is optimized with the Yoast SEO plugin v26.7 - https:\/\/yoast.com\/wordpress\/plugins\/seo\/ -->\n<title>Brosse \u00e9lectrique \u00e0 tapis avec 6 hauteurs ajustables - Nadair Vacuum Dealer<\/title>\n<meta name=\"robots\" content=\"noindex, follow, max-snippet:-1, max-image-preview:large, max-video-preview:-1\" \/>\n<meta property=\"og:locale\" content=\"fr_CA\" \/>\n<meta property=\"og:type\" content=\"article\" \/>\n<meta property=\"og:title\" content=\"Brosse \u00e9lectrique \u00e0 tapis avec 6 hauteurs ajustables - Nadair Vacuum Dealer\" \/>\n<meta property=\"og:description\" content=\"Multifonction : 6 hauteurs r\u00e9glables pour s\u2019adapter \u00e0 tous les [...]\" \/>\n<meta property=\"og:url\" content=\"https:\/\/nadair.ca\/vacuum-professional\/product\/6-adjustable-heights-electrical-carpet-beater\/\" \/>\n<meta property=\"og:site_name\" content=\"Nadair Vacuum Dealer\" \/>\n<meta property=\"article:modified_time\" content=\"2025-07-14T13:26:48+00:00\" \/>\n<meta property=\"og:image\" content=\"https:\/\/nadair.ca\/vacuum-professional\/wp-content\/uploads\/sites\/18\/2025\/04\/ACC-028-WH-1-scaled.jpg\" \/>\n\t<meta property=\"og:image:width\" content=\"2560\" \/>\n\t<meta property=\"og:image:height\" content=\"2560\" \/>\n\t<meta property=\"og:image:type\" content=\"image\/jpeg\" \/>\n<meta name=\"twitter:card\" content=\"summary_large_image\" \/>\n<meta name=\"twitter:label1\" content=\"Estimation du temps de lecture\" \/>\n\t<meta name=\"twitter:data1\" content=\"1 minute\" \/>\n<script type=\"application\/ld+json\" class=\"yoast-schema-graph\">{\"@context\":\"https:\/\/schema.org\",\"@graph\":[{\"@type\":\"WebPage\",\"@id\":\"https:\/\/nadair.ca\/vacuum-professional\/product\/6-adjustable-heights-electrical-carpet-beater\/\",\"url\":\"https:\/\/nadair.ca\/vacuum-professional\/product\/6-adjustable-heights-electrical-carpet-beater\/\",\"name\":\"Brosse \u00e9lectrique \u00e0 tapis avec 6 hauteurs ajustables - Nadair Vacuum Dealer\",\"isPartOf\":{\"@id\":\"https:\/\/nadair.ca\/vacuum-professional\/#website\"},\"primaryImageOfPage\":{\"@id\":\"https:\/\/nadair.ca\/vacuum-professional\/product\/6-adjustable-heights-electrical-carpet-beater\/#primaryimage\"},\"image\":{\"@id\":\"https:\/\/nadair.ca\/vacuum-professional\/product\/6-adjustable-heights-electrical-carpet-beater\/#primaryimage\"},\"thumbnailUrl\":\"https:\/\/nadair.ca\/vacuum-professional\/wp-content\/uploads\/sites\/18\/2025\/04\/ACC-028-WH-1-scaled.jpg\",\"datePublished\":\"2025-04-04T18:18:39+00:00\",\"dateModified\":\"2025-07-14T13:26:48+00:00\",\"breadcrumb\":{\"@id\":\"https:\/\/nadair.ca\/vacuum-professional\/product\/6-adjustable-heights-electrical-carpet-beater\/#breadcrumb\"},\"inLanguage\":\"fr-CA\",\"potentialAction\":[{\"@type\":\"ReadAction\",\"target\":[\"https:\/\/nadair.ca\/vacuum-professional\/product\/6-adjustable-heights-electrical-carpet-beater\/\"]}]},{\"@type\":\"ImageObject\",\"inLanguage\":\"fr-CA\",\"@id\":\"https:\/\/nadair.ca\/vacuum-professional\/product\/6-adjustable-heights-electrical-carpet-beater\/#primaryimage\",\"url\":\"https:\/\/nadair.ca\/vacuum-professional\/wp-content\/uploads\/sites\/18\/2025\/04\/ACC-028-WH-1-scaled.jpg\",\"contentUrl\":\"https:\/\/nadair.ca\/vacuum-professional\/wp-content\/uploads\/sites\/18\/2025\/04\/ACC-028-WH-1-scaled.jpg\",\"width\":2560,\"height\":2560},{\"@type\":\"BreadcrumbList\",\"@id\":\"https:\/\/nadair.ca\/vacuum-professional\/product\/6-adjustable-heights-electrical-carpet-beater\/#breadcrumb\",\"itemListElement\":[{\"@type\":\"ListItem\",\"position\":1,\"name\":\"Home\",\"item\":\"https:\/\/nadair.ca\/vacuum-professional\/ce\/\"},{\"@type\":\"ListItem\",\"position\":2,\"name\":\"Shop\",\"item\":\"https:\/\/nadair.ca\/vacuum-professional\/ce\/magasinez\/\"},{\"@type\":\"ListItem\",\"position\":3,\"name\":\"Brosse \u00e9lectrique \u00e0 tapis avec 6 hauteurs ajustables\"}]},{\"@type\":\"WebSite\",\"@id\":\"https:\/\/nadair.ca\/vacuum-professional\/#website\",\"url\":\"https:\/\/nadair.ca\/vacuum-professional\/\",\"name\":\"Nadair Vacuum Dealer\",\"description\":\"\",\"publisher\":{\"@id\":\"https:\/\/nadair.ca\/vacuum-professional\/#organization\"},\"potentialAction\":[{\"@type\":\"SearchAction\",\"target\":{\"@type\":\"EntryPoint\",\"urlTemplate\":\"https:\/\/nadair.ca\/vacuum-professional\/?s={search_term_string}\"},\"query-input\":{\"@type\":\"PropertyValueSpecification\",\"valueRequired\":true,\"valueName\":\"search_term_string\"}}],\"inLanguage\":\"fr-CA\"},{\"@type\":\"Organization\",\"@id\":\"https:\/\/nadair.ca\/vacuum-professional\/#organization\",\"name\":\"Nadair\",\"url\":\"https:\/\/nadair.ca\/vacuum-professional\/\",\"logo\":{\"@type\":\"ImageObject\",\"inLanguage\":\"fr-CA\",\"@id\":\"https:\/\/nadair.ca\/vacuum-professional\/#\/schema\/logo\/image\/\",\"url\":\"https:\/\/nadair.ca\/vacuum\/wp-content\/uploads\/sites\/2\/2019\/12\/nadaire_fernetre.png\",\"contentUrl\":\"https:\/\/nadair.ca\/vacuum\/wp-content\/uploads\/sites\/2\/2019\/12\/nadaire_fernetre.png\",\"width\":203,\"height\":99,\"caption\":\"Nadair\"},\"image\":{\"@id\":\"https:\/\/nadair.ca\/vacuum-professional\/#\/schema\/logo\/image\/\"}}]}<\/script>\n<!-- \/ Yoast SEO plugin. -->","yoast_head_json":{"title":"Brosse \u00e9lectrique \u00e0 tapis avec 6 hauteurs ajustables - Nadair Vacuum Dealer","robots":{"index":"noindex","follow":"follow","max-snippet":"max-snippet:-1","max-image-preview":"max-image-preview:large","max-video-preview":"max-video-preview:-1"},"og_locale":"fr_CA","og_type":"article","og_title":"Brosse \u00e9lectrique \u00e0 tapis avec 6 hauteurs ajustables - Nadair Vacuum Dealer","og_description":"Multifonction : 6 hauteurs r\u00e9glables pour s\u2019adapter \u00e0 tous les [...]","og_url":"https:\/\/nadair.ca\/vacuum-professional\/product\/6-adjustable-heights-electrical-carpet-beater\/","og_site_name":"Nadair Vacuum Dealer","article_modified_time":"2025-07-14T13:26:48+00:00","og_image":[{"width":2560,"height":2560,"url":"https:\/\/nadair.ca\/vacuum-professional\/wp-content\/uploads\/sites\/18\/2025\/04\/ACC-028-WH-1-scaled.jpg","type":"image\/jpeg"}],"twitter_card":"summary_large_image","twitter_misc":{"Estimation du temps de lecture":"1 minute"},"schema":{"@context":"https:\/\/schema.org","@graph":[{"@type":"WebPage","@id":"https:\/\/nadair.ca\/vacuum-professional\/product\/6-adjustable-heights-electrical-carpet-beater\/","url":"https:\/\/nadair.ca\/vacuum-professional\/product\/6-adjustable-heights-electrical-carpet-beater\/","name":"Brosse \u00e9lectrique \u00e0 tapis avec 6 hauteurs ajustables - Nadair Vacuum Dealer","isPartOf":{"@id":"https:\/\/nadair.ca\/vacuum-professional\/#website"},"primaryImageOfPage":{"@id":"https:\/\/nadair.ca\/vacuum-professional\/product\/6-adjustable-heights-electrical-carpet-beater\/#primaryimage"},"image":{"@id":"https:\/\/nadair.ca\/vacuum-professional\/product\/6-adjustable-heights-electrical-carpet-beater\/#primaryimage"},"thumbnailUrl":"https:\/\/nadair.ca\/vacuum-professional\/wp-content\/uploads\/sites\/18\/2025\/04\/ACC-028-WH-1-scaled.jpg","datePublished":"2025-04-04T18:18:39+00:00","dateModified":"2025-07-14T13:26:48+00:00","breadcrumb":{"@id":"https:\/\/nadair.ca\/vacuum-professional\/product\/6-adjustable-heights-electrical-carpet-beater\/#breadcrumb"},"inLanguage":"fr-CA","potentialAction":[{"@type":"ReadAction","target":["https:\/\/nadair.ca\/vacuum-professional\/product\/6-adjustable-heights-electrical-carpet-beater\/"]}]},{"@type":"ImageObject","inLanguage":"fr-CA","@id":"https:\/\/nadair.ca\/vacuum-professional\/product\/6-adjustable-heights-electrical-carpet-beater\/#primaryimage","url":"https:\/\/nadair.ca\/vacuum-professional\/wp-content\/uploads\/sites\/18\/2025\/04\/ACC-028-WH-1-scaled.jpg","contentUrl":"https:\/\/nadair.ca\/vacuum-professional\/wp-content\/uploads\/sites\/18\/2025\/04\/ACC-028-WH-1-scaled.jpg","width":2560,"height":2560},{"@type":"BreadcrumbList","@id":"https:\/\/nadair.ca\/vacuum-professional\/product\/6-adjustable-heights-electrical-carpet-beater\/#breadcrumb","itemListElement":[{"@type":"ListItem","position":1,"name":"Home","item":"https:\/\/nadair.ca\/vacuum-professional\/ce\/"},{"@type":"ListItem","position":2,"name":"Shop","item":"https:\/\/nadair.ca\/vacuum-professional\/ce\/magasinez\/"},{"@type":"ListItem","position":3,"name":"Brosse \u00e9lectrique \u00e0 tapis avec 6 hauteurs ajustables"}]},{"@type":"WebSite","@id":"https:\/\/nadair.ca\/vacuum-professional\/#website","url":"https:\/\/nadair.ca\/vacuum-professional\/","name":"Nadair Vacuum Dealer","description":"","publisher":{"@id":"https:\/\/nadair.ca\/vacuum-professional\/#organization"},"potentialAction":[{"@type":"SearchAction","target":{"@type":"EntryPoint","urlTemplate":"https:\/\/nadair.ca\/vacuum-professional\/?s={search_term_string}"},"query-input":{"@type":"PropertyValueSpecification","valueRequired":true,"valueName":"search_term_string"}}],"inLanguage":"fr-CA"},{"@type":"Organization","@id":"https:\/\/nadair.ca\/vacuum-professional\/#organization","name":"Nadair","url":"https:\/\/nadair.ca\/vacuum-professional\/","logo":{"@type":"ImageObject","inLanguage":"fr-CA","@id":"https:\/\/nadair.ca\/vacuum-professional\/#\/schema\/logo\/image\/","url":"https:\/\/nadair.ca\/vacuum\/wp-content\/uploads\/sites\/2\/2019\/12\/nadaire_fernetre.png","contentUrl":"https:\/\/nadair.ca\/vacuum\/wp-content\/uploads\/sites\/2\/2019\/12\/nadaire_fernetre.png","width":203,"height":99,"caption":"Nadair"},"image":{"@id":"https:\/\/nadair.ca\/vacuum-professional\/#\/schema\/logo\/image\/"}}]}},"_links":{"self":[{"href":"https:\/\/nadair.ca\/vacuum-professional\/ce\/wp-json\/wp\/v2\/product\/5331","targetHints":{"allow":["GET"]}}],"collection":[{"href":"https:\/\/nadair.ca\/vacuum-professional\/ce\/wp-json\/wp\/v2\/product"}],"about":[{"href":"https:\/\/nadair.ca\/vacuum-professional\/ce\/wp-json\/wp\/v2\/types\/product"}],"wp:featuredmedia":[{"embeddable":true,"href":"https:\/\/nadair.ca\/vacuum-professional\/ce\/wp-json\/wp\/v2\/media\/5333"}],"wp:attachment":[{"href":"https:\/\/nadair.ca\/vacuum-professional\/ce\/wp-json\/wp\/v2\/media?parent=5331"}],"wp:term":[{"taxonomy":"product_brand","embeddable":true,"href":"https:\/\/nadair.ca\/vacuum-professional\/ce\/wp-json\/wp\/v2\/product_brand?post=5331"},{"taxonomy":"product_cat","embeddable":true,"href":"https:\/\/nadair.ca\/vacuum-professional\/ce\/wp-json\/wp\/v2\/product_cat?post=5331"},{"taxonomy":"product_tag","embeddable":true,"href":"https:\/\/nadair.ca\/vacuum-professional\/ce\/wp-json\/wp\/v2\/product_tag?post=5331"}],"curies":[{"name":"wp","href":"https:\/\/api.w.org\/{rel}","templated":true}]}}