{"id":5335,"date":"2025-04-04T18:26:14","date_gmt":"2025-04-04T18:26:14","guid":{"rendered":"https:\/\/nadair.ca\/vacuum\/?post_type=product&#038;p=5335"},"modified":"2025-07-14T13:22:34","modified_gmt":"2025-07-14T13:22:34","slug":"brosse-turbo","status":"publish","type":"product","link":"https:\/\/nadair.ca\/vacuum-professional\/ce\/product\/brosse-turbo\/","title":{"rendered":"Brosse \u00e0 tapis turbo Wessel Werk"},"content":{"rendered":"<ul>\n<li data-start=\"74\" data-end=\"411\"><strong data-start=\"74\" data-end=\"177\">Compatible avec tous les syst\u00e8mes d\u2019aspirateur utilisant un tube ou un boyau de 1,25 po de diam\u00e8tre<\/strong><\/li>\n<li data-start=\"74\" data-end=\"411\"><strong data-start=\"180\" data-end=\"238\">Brosse \u00e0 tapis \u00e0 entra\u00eenement par air (non \u00e9lectrique)<\/strong><\/li>\n<li data-start=\"74\" data-end=\"411\"><strong data-start=\"241\" data-end=\"294\">Id\u00e9ale pour les tapis et carpettes \u00e0 poils courts<\/strong><\/li>\n<li data-start=\"74\" data-end=\"411\"><strong data-start=\"297\" data-end=\"336\">T\u00eate pivotante : maniabilit\u00e9 accrue<\/strong><\/li>\n<li data-start=\"74\" data-end=\"411\"><strong data-start=\"339\" data-end=\"411\">Compatible avec les boyaux et tubes de 1,25 po de diam\u00e8tre ext\u00e9rieur<\/strong><\/li>\n<\/ul>\n<p data-start=\"413\" data-end=\"575\">Ajoutez simplement la brosse \u00e0 tapis \u00e0 entra\u00eenement par air \u00e0 votre tube : la puissance d\u2019aspiration de votre appareil activera la rotation de la brosse battante.<\/p>\n","protected":false},"excerpt":{"rendered":"<p>Compatible avec tous les syst\u00e8mes d\u2019aspirateur utilisant un tube ou  [&#8230;]<\/p>\n","protected":false},"featured_media":5337,"template":"","meta":{"_acf_changed":false},"product_brand":[],"product_cat":[89],"product_tag":[],"class_list":{"0":"post-5335","1":"product","2":"type-product","3":"status-publish","4":"has-post-thumbnail","6":"product_cat-accessoires","8":"first","9":"instock","10":"taxable","11":"shipping-taxable","12":"product-type-simple"},"acf":[],"yoast_head":"<!-- This site is optimized with the Yoast SEO plugin v26.7 - https:\/\/yoast.com\/wordpress\/plugins\/seo\/ -->\n<title>Brosse \u00e0 tapis turbo Wessel Werk - Nadair Vacuum Dealer<\/title>\n<meta name=\"robots\" content=\"noindex, follow, max-snippet:-1, max-image-preview:large, max-video-preview:-1\" \/>\n<meta property=\"og:locale\" content=\"fr_CA\" \/>\n<meta property=\"og:type\" content=\"article\" \/>\n<meta property=\"og:title\" content=\"Brosse \u00e0 tapis turbo Wessel Werk - Nadair Vacuum Dealer\" \/>\n<meta property=\"og:description\" content=\"Compatible avec tous les syst\u00e8mes d\u2019aspirateur utilisant un tube ou [...]\" \/>\n<meta property=\"og:url\" content=\"https:\/\/nadair.ca\/vacuum-professional\/product\/wessel-werk-air-driven-turbo-brush\/\" \/>\n<meta property=\"og:site_name\" content=\"Nadair Vacuum Dealer\" \/>\n<meta property=\"article:modified_time\" content=\"2025-07-14T13:22:34+00:00\" \/>\n<meta property=\"og:image\" content=\"https:\/\/nadair.ca\/vacuum-professional\/wp-content\/uploads\/sites\/18\/2025\/04\/Air-driven-brush-copie.jpg\" \/>\n\t<meta property=\"og:image:width\" content=\"389\" \/>\n\t<meta property=\"og:image:height\" content=\"401\" \/>\n\t<meta property=\"og:image:type\" content=\"image\/jpeg\" \/>\n<meta name=\"twitter:card\" content=\"summary_large_image\" \/>\n<meta name=\"twitter:label1\" content=\"Estimation du temps de lecture\" \/>\n\t<meta name=\"twitter:data1\" content=\"1 minute\" \/>\n<script type=\"application\/ld+json\" class=\"yoast-schema-graph\">{\"@context\":\"https:\/\/schema.org\",\"@graph\":[{\"@type\":\"WebPage\",\"@id\":\"https:\/\/nadair.ca\/vacuum-professional\/product\/wessel-werk-air-driven-turbo-brush\/\",\"url\":\"https:\/\/nadair.ca\/vacuum-professional\/product\/wessel-werk-air-driven-turbo-brush\/\",\"name\":\"Brosse \u00e0 tapis turbo Wessel Werk - Nadair Vacuum Dealer\",\"isPartOf\":{\"@id\":\"https:\/\/nadair.ca\/vacuum-professional\/#website\"},\"primaryImageOfPage\":{\"@id\":\"https:\/\/nadair.ca\/vacuum-professional\/product\/wessel-werk-air-driven-turbo-brush\/#primaryimage\"},\"image\":{\"@id\":\"https:\/\/nadair.ca\/vacuum-professional\/product\/wessel-werk-air-driven-turbo-brush\/#primaryimage\"},\"thumbnailUrl\":\"https:\/\/nadair.ca\/vacuum-professional\/wp-content\/uploads\/sites\/18\/2025\/04\/Air-driven-brush-copie.jpg\",\"datePublished\":\"2025-04-04T18:26:14+00:00\",\"dateModified\":\"2025-07-14T13:22:34+00:00\",\"breadcrumb\":{\"@id\":\"https:\/\/nadair.ca\/vacuum-professional\/product\/wessel-werk-air-driven-turbo-brush\/#breadcrumb\"},\"inLanguage\":\"fr-CA\",\"potentialAction\":[{\"@type\":\"ReadAction\",\"target\":[\"https:\/\/nadair.ca\/vacuum-professional\/product\/wessel-werk-air-driven-turbo-brush\/\"]}]},{\"@type\":\"ImageObject\",\"inLanguage\":\"fr-CA\",\"@id\":\"https:\/\/nadair.ca\/vacuum-professional\/product\/wessel-werk-air-driven-turbo-brush\/#primaryimage\",\"url\":\"https:\/\/nadair.ca\/vacuum-professional\/wp-content\/uploads\/sites\/18\/2025\/04\/Air-driven-brush-copie.jpg\",\"contentUrl\":\"https:\/\/nadair.ca\/vacuum-professional\/wp-content\/uploads\/sites\/18\/2025\/04\/Air-driven-brush-copie.jpg\",\"width\":389,\"height\":401},{\"@type\":\"BreadcrumbList\",\"@id\":\"https:\/\/nadair.ca\/vacuum-professional\/product\/wessel-werk-air-driven-turbo-brush\/#breadcrumb\",\"itemListElement\":[{\"@type\":\"ListItem\",\"position\":1,\"name\":\"Home\",\"item\":\"https:\/\/nadair.ca\/vacuum-professional\/ce\/\"},{\"@type\":\"ListItem\",\"position\":2,\"name\":\"Shop\",\"item\":\"https:\/\/nadair.ca\/vacuum-professional\/ce\/magasinez\/\"},{\"@type\":\"ListItem\",\"position\":3,\"name\":\"Brosse \u00e0 tapis turbo Wessel Werk\"}]},{\"@type\":\"WebSite\",\"@id\":\"https:\/\/nadair.ca\/vacuum-professional\/#website\",\"url\":\"https:\/\/nadair.ca\/vacuum-professional\/\",\"name\":\"Nadair Vacuum Dealer\",\"description\":\"\",\"publisher\":{\"@id\":\"https:\/\/nadair.ca\/vacuum-professional\/#organization\"},\"potentialAction\":[{\"@type\":\"SearchAction\",\"target\":{\"@type\":\"EntryPoint\",\"urlTemplate\":\"https:\/\/nadair.ca\/vacuum-professional\/?s={search_term_string}\"},\"query-input\":{\"@type\":\"PropertyValueSpecification\",\"valueRequired\":true,\"valueName\":\"search_term_string\"}}],\"inLanguage\":\"fr-CA\"},{\"@type\":\"Organization\",\"@id\":\"https:\/\/nadair.ca\/vacuum-professional\/#organization\",\"name\":\"Nadair\",\"url\":\"https:\/\/nadair.ca\/vacuum-professional\/\",\"logo\":{\"@type\":\"ImageObject\",\"inLanguage\":\"fr-CA\",\"@id\":\"https:\/\/nadair.ca\/vacuum-professional\/#\/schema\/logo\/image\/\",\"url\":\"https:\/\/nadair.ca\/vacuum\/wp-content\/uploads\/sites\/2\/2019\/12\/nadaire_fernetre.png\",\"contentUrl\":\"https:\/\/nadair.ca\/vacuum\/wp-content\/uploads\/sites\/2\/2019\/12\/nadaire_fernetre.png\",\"width\":203,\"height\":99,\"caption\":\"Nadair\"},\"image\":{\"@id\":\"https:\/\/nadair.ca\/vacuum-professional\/#\/schema\/logo\/image\/\"}}]}<\/script>\n<!-- \/ Yoast SEO plugin. -->","yoast_head_json":{"title":"Brosse \u00e0 tapis turbo Wessel Werk - Nadair Vacuum Dealer","robots":{"index":"noindex","follow":"follow","max-snippet":"max-snippet:-1","max-image-preview":"max-image-preview:large","max-video-preview":"max-video-preview:-1"},"og_locale":"fr_CA","og_type":"article","og_title":"Brosse \u00e0 tapis turbo Wessel Werk - Nadair Vacuum Dealer","og_description":"Compatible avec tous les syst\u00e8mes d\u2019aspirateur utilisant un tube ou [...]","og_url":"https:\/\/nadair.ca\/vacuum-professional\/product\/wessel-werk-air-driven-turbo-brush\/","og_site_name":"Nadair Vacuum Dealer","article_modified_time":"2025-07-14T13:22:34+00:00","og_image":[{"width":389,"height":401,"url":"https:\/\/nadair.ca\/vacuum-professional\/wp-content\/uploads\/sites\/18\/2025\/04\/Air-driven-brush-copie.jpg","type":"image\/jpeg"}],"twitter_card":"summary_large_image","twitter_misc":{"Estimation du temps de lecture":"1 minute"},"schema":{"@context":"https:\/\/schema.org","@graph":[{"@type":"WebPage","@id":"https:\/\/nadair.ca\/vacuum-professional\/product\/wessel-werk-air-driven-turbo-brush\/","url":"https:\/\/nadair.ca\/vacuum-professional\/product\/wessel-werk-air-driven-turbo-brush\/","name":"Brosse \u00e0 tapis turbo Wessel Werk - Nadair Vacuum Dealer","isPartOf":{"@id":"https:\/\/nadair.ca\/vacuum-professional\/#website"},"primaryImageOfPage":{"@id":"https:\/\/nadair.ca\/vacuum-professional\/product\/wessel-werk-air-driven-turbo-brush\/#primaryimage"},"image":{"@id":"https:\/\/nadair.ca\/vacuum-professional\/product\/wessel-werk-air-driven-turbo-brush\/#primaryimage"},"thumbnailUrl":"https:\/\/nadair.ca\/vacuum-professional\/wp-content\/uploads\/sites\/18\/2025\/04\/Air-driven-brush-copie.jpg","datePublished":"2025-04-04T18:26:14+00:00","dateModified":"2025-07-14T13:22:34+00:00","breadcrumb":{"@id":"https:\/\/nadair.ca\/vacuum-professional\/product\/wessel-werk-air-driven-turbo-brush\/#breadcrumb"},"inLanguage":"fr-CA","potentialAction":[{"@type":"ReadAction","target":["https:\/\/nadair.ca\/vacuum-professional\/product\/wessel-werk-air-driven-turbo-brush\/"]}]},{"@type":"ImageObject","inLanguage":"fr-CA","@id":"https:\/\/nadair.ca\/vacuum-professional\/product\/wessel-werk-air-driven-turbo-brush\/#primaryimage","url":"https:\/\/nadair.ca\/vacuum-professional\/wp-content\/uploads\/sites\/18\/2025\/04\/Air-driven-brush-copie.jpg","contentUrl":"https:\/\/nadair.ca\/vacuum-professional\/wp-content\/uploads\/sites\/18\/2025\/04\/Air-driven-brush-copie.jpg","width":389,"height":401},{"@type":"BreadcrumbList","@id":"https:\/\/nadair.ca\/vacuum-professional\/product\/wessel-werk-air-driven-turbo-brush\/#breadcrumb","itemListElement":[{"@type":"ListItem","position":1,"name":"Home","item":"https:\/\/nadair.ca\/vacuum-professional\/ce\/"},{"@type":"ListItem","position":2,"name":"Shop","item":"https:\/\/nadair.ca\/vacuum-professional\/ce\/magasinez\/"},{"@type":"ListItem","position":3,"name":"Brosse \u00e0 tapis turbo Wessel Werk"}]},{"@type":"WebSite","@id":"https:\/\/nadair.ca\/vacuum-professional\/#website","url":"https:\/\/nadair.ca\/vacuum-professional\/","name":"Nadair Vacuum Dealer","description":"","publisher":{"@id":"https:\/\/nadair.ca\/vacuum-professional\/#organization"},"potentialAction":[{"@type":"SearchAction","target":{"@type":"EntryPoint","urlTemplate":"https:\/\/nadair.ca\/vacuum-professional\/?s={search_term_string}"},"query-input":{"@type":"PropertyValueSpecification","valueRequired":true,"valueName":"search_term_string"}}],"inLanguage":"fr-CA"},{"@type":"Organization","@id":"https:\/\/nadair.ca\/vacuum-professional\/#organization","name":"Nadair","url":"https:\/\/nadair.ca\/vacuum-professional\/","logo":{"@type":"ImageObject","inLanguage":"fr-CA","@id":"https:\/\/nadair.ca\/vacuum-professional\/#\/schema\/logo\/image\/","url":"https:\/\/nadair.ca\/vacuum\/wp-content\/uploads\/sites\/2\/2019\/12\/nadaire_fernetre.png","contentUrl":"https:\/\/nadair.ca\/vacuum\/wp-content\/uploads\/sites\/2\/2019\/12\/nadaire_fernetre.png","width":203,"height":99,"caption":"Nadair"},"image":{"@id":"https:\/\/nadair.ca\/vacuum-professional\/#\/schema\/logo\/image\/"}}]}},"_links":{"self":[{"href":"https:\/\/nadair.ca\/vacuum-professional\/ce\/wp-json\/wp\/v2\/product\/5335","targetHints":{"allow":["GET"]}}],"collection":[{"href":"https:\/\/nadair.ca\/vacuum-professional\/ce\/wp-json\/wp\/v2\/product"}],"about":[{"href":"https:\/\/nadair.ca\/vacuum-professional\/ce\/wp-json\/wp\/v2\/types\/product"}],"wp:featuredmedia":[{"embeddable":true,"href":"https:\/\/nadair.ca\/vacuum-professional\/ce\/wp-json\/wp\/v2\/media\/5337"}],"wp:attachment":[{"href":"https:\/\/nadair.ca\/vacuum-professional\/ce\/wp-json\/wp\/v2\/media?parent=5335"}],"wp:term":[{"taxonomy":"product_brand","embeddable":true,"href":"https:\/\/nadair.ca\/vacuum-professional\/ce\/wp-json\/wp\/v2\/product_brand?post=5335"},{"taxonomy":"product_cat","embeddable":true,"href":"https:\/\/nadair.ca\/vacuum-professional\/ce\/wp-json\/wp\/v2\/product_cat?post=5335"},{"taxonomy":"product_tag","embeddable":true,"href":"https:\/\/nadair.ca\/vacuum-professional\/ce\/wp-json\/wp\/v2\/product_tag?post=5335"}],"curies":[{"name":"wp","href":"https:\/\/api.w.org\/{rel}","templated":true}]}}