{"id":5345,"date":"2025-04-04T18:44:04","date_gmt":"2025-04-04T18:44:04","guid":{"rendered":"https:\/\/nadair.ca\/vacuum\/?post_type=product&#038;p=5345"},"modified":"2025-07-14T13:14:55","modified_gmt":"2025-07-14T13:14:55","slug":"brosse-combo","status":"publish","type":"product","link":"https:\/\/nadair.ca\/vacuum-professional\/ce\/product\/brosse-combo\/","title":{"rendered":"Brosse combo pour aspirateur central"},"content":{"rendered":"<p data-start=\"74\" data-end=\"217\"><strong data-start=\"74\" data-end=\"217\">Brosse combin\u00e9e universelle \u2013 Compatible avec tous les syst\u00e8mes d\u2019aspirateur utilisant un tuyau ou un tube de 1,25 po de diam\u00e8tre ext\u00e9rieur<\/strong><\/p>\n<p data-start=\"219\" data-end=\"284\"><strong data-start=\"219\" data-end=\"284\">Double fonction : pour planchers durs et tapis \u00e0 poils courts<\/strong><\/p>\n<p data-start=\"286\" data-end=\"654\">Si vous avez des surfaces en c\u00e9ramique, des planchers durs ou des tapis \u00e0 poils courts, la brosse combin\u00e9e universelle r\u00e9glable sera id\u00e9ale. Changez facilement du mode plancher au mode tapis \u00e0 l\u2019aide d\u2019une simple pression du pied. Convient \u00e9galement parfaitement pour le garage ou les surfaces en b\u00e9ton. Con\u00e7ue avec des mat\u00e9riaux r\u00e9sistants pour une durabilit\u00e9 accrue.<\/p>\n","protected":false},"excerpt":{"rendered":"<p>Brosse combin\u00e9e universelle \u2013 Compatible avec tous les syst\u00e8mes d\u2019aspirateur  [&#8230;]<\/p>\n","protected":false},"featured_media":5347,"template":"","meta":{"_acf_changed":false},"product_brand":[],"product_cat":[89],"product_tag":[],"class_list":{"0":"post-5345","1":"product","2":"type-product","3":"status-publish","4":"has-post-thumbnail","6":"product_cat-accessoires","8":"first","9":"instock","10":"taxable","11":"shipping-taxable","12":"product-type-simple"},"acf":[],"yoast_head":"<!-- This site is optimized with the Yoast SEO plugin v26.7 - https:\/\/yoast.com\/wordpress\/plugins\/seo\/ -->\n<title>Brosse combo pour aspirateur central - Nadair Vacuum Dealer<\/title>\n<meta name=\"robots\" content=\"noindex, follow, max-snippet:-1, max-image-preview:large, max-video-preview:-1\" \/>\n<meta property=\"og:locale\" content=\"fr_CA\" \/>\n<meta property=\"og:type\" content=\"article\" \/>\n<meta property=\"og:title\" content=\"Brosse combo pour aspirateur central - Nadair Vacuum Dealer\" \/>\n<meta property=\"og:description\" content=\"Brosse combin\u00e9e universelle \u2013 Compatible avec tous les syst\u00e8mes d\u2019aspirateur [...]\" \/>\n<meta property=\"og:url\" content=\"https:\/\/nadair.ca\/vacuum-professional\/ce\/product\/brosse-combo\/\" \/>\n<meta property=\"og:site_name\" content=\"Nadair Vacuum Dealer\" \/>\n<meta property=\"article:modified_time\" content=\"2025-07-14T13:14:55+00:00\" \/>\n<meta property=\"og:image\" content=\"https:\/\/nadair.ca\/vacuum-professional\/wp-content\/uploads\/sites\/18\/2025\/04\/Combo-brush-copie.jpg\" \/>\n\t<meta property=\"og:image:width\" content=\"1000\" \/>\n\t<meta property=\"og:image:height\" content=\"1000\" \/>\n\t<meta property=\"og:image:type\" content=\"image\/jpeg\" \/>\n<meta name=\"twitter:card\" content=\"summary_large_image\" \/>\n<meta name=\"twitter:label1\" content=\"Estimation du temps de lecture\" \/>\n\t<meta name=\"twitter:data1\" content=\"1 minute\" \/>\n<script type=\"application\/ld+json\" class=\"yoast-schema-graph\">{\"@context\":\"https:\/\/schema.org\",\"@graph\":[{\"@type\":\"WebPage\",\"@id\":\"https:\/\/nadair.ca\/vacuum-professional\/ce\/product\/brosse-combo\/\",\"url\":\"https:\/\/nadair.ca\/vacuum-professional\/ce\/product\/brosse-combo\/\",\"name\":\"Brosse combo pour aspirateur central - Nadair Vacuum Dealer\",\"isPartOf\":{\"@id\":\"https:\/\/nadair.ca\/vacuum-professional\/#website\"},\"primaryImageOfPage\":{\"@id\":\"https:\/\/nadair.ca\/vacuum-professional\/ce\/product\/brosse-combo\/#primaryimage\"},\"image\":{\"@id\":\"https:\/\/nadair.ca\/vacuum-professional\/ce\/product\/brosse-combo\/#primaryimage\"},\"thumbnailUrl\":\"https:\/\/nadair.ca\/vacuum-professional\/wp-content\/uploads\/sites\/18\/2025\/04\/Combo-brush-copie.jpg\",\"datePublished\":\"2025-04-04T18:44:04+00:00\",\"dateModified\":\"2025-07-14T13:14:55+00:00\",\"breadcrumb\":{\"@id\":\"https:\/\/nadair.ca\/vacuum-professional\/ce\/product\/brosse-combo\/#breadcrumb\"},\"inLanguage\":\"fr-CA\",\"potentialAction\":[{\"@type\":\"ReadAction\",\"target\":[\"https:\/\/nadair.ca\/vacuum-professional\/ce\/product\/brosse-combo\/\"]}]},{\"@type\":\"ImageObject\",\"inLanguage\":\"fr-CA\",\"@id\":\"https:\/\/nadair.ca\/vacuum-professional\/ce\/product\/brosse-combo\/#primaryimage\",\"url\":\"https:\/\/nadair.ca\/vacuum-professional\/wp-content\/uploads\/sites\/18\/2025\/04\/Combo-brush-copie.jpg\",\"contentUrl\":\"https:\/\/nadair.ca\/vacuum-professional\/wp-content\/uploads\/sites\/18\/2025\/04\/Combo-brush-copie.jpg\",\"width\":1000,\"height\":1000},{\"@type\":\"BreadcrumbList\",\"@id\":\"https:\/\/nadair.ca\/vacuum-professional\/ce\/product\/brosse-combo\/#breadcrumb\",\"itemListElement\":[{\"@type\":\"ListItem\",\"position\":1,\"name\":\"Home\",\"item\":\"https:\/\/nadair.ca\/vacuum-professional\/ce\/\"},{\"@type\":\"ListItem\",\"position\":2,\"name\":\"Shop\",\"item\":\"https:\/\/nadair.ca\/vacuum-professional\/ce\/magasinez\/\"},{\"@type\":\"ListItem\",\"position\":3,\"name\":\"Brosse combo pour aspirateur central\"}]},{\"@type\":\"WebSite\",\"@id\":\"https:\/\/nadair.ca\/vacuum-professional\/#website\",\"url\":\"https:\/\/nadair.ca\/vacuum-professional\/\",\"name\":\"Nadair Vacuum Dealer\",\"description\":\"\",\"publisher\":{\"@id\":\"https:\/\/nadair.ca\/vacuum-professional\/#organization\"},\"potentialAction\":[{\"@type\":\"SearchAction\",\"target\":{\"@type\":\"EntryPoint\",\"urlTemplate\":\"https:\/\/nadair.ca\/vacuum-professional\/?s={search_term_string}\"},\"query-input\":{\"@type\":\"PropertyValueSpecification\",\"valueRequired\":true,\"valueName\":\"search_term_string\"}}],\"inLanguage\":\"fr-CA\"},{\"@type\":\"Organization\",\"@id\":\"https:\/\/nadair.ca\/vacuum-professional\/#organization\",\"name\":\"Nadair\",\"url\":\"https:\/\/nadair.ca\/vacuum-professional\/\",\"logo\":{\"@type\":\"ImageObject\",\"inLanguage\":\"fr-CA\",\"@id\":\"https:\/\/nadair.ca\/vacuum-professional\/#\/schema\/logo\/image\/\",\"url\":\"https:\/\/nadair.ca\/vacuum\/wp-content\/uploads\/sites\/2\/2019\/12\/nadaire_fernetre.png\",\"contentUrl\":\"https:\/\/nadair.ca\/vacuum\/wp-content\/uploads\/sites\/2\/2019\/12\/nadaire_fernetre.png\",\"width\":203,\"height\":99,\"caption\":\"Nadair\"},\"image\":{\"@id\":\"https:\/\/nadair.ca\/vacuum-professional\/#\/schema\/logo\/image\/\"}}]}<\/script>\n<!-- \/ Yoast SEO plugin. -->","yoast_head_json":{"title":"Brosse combo pour aspirateur central - Nadair Vacuum Dealer","robots":{"index":"noindex","follow":"follow","max-snippet":"max-snippet:-1","max-image-preview":"max-image-preview:large","max-video-preview":"max-video-preview:-1"},"og_locale":"fr_CA","og_type":"article","og_title":"Brosse combo pour aspirateur central - Nadair Vacuum Dealer","og_description":"Brosse combin\u00e9e universelle \u2013 Compatible avec tous les syst\u00e8mes d\u2019aspirateur [...]","og_url":"https:\/\/nadair.ca\/vacuum-professional\/ce\/product\/brosse-combo\/","og_site_name":"Nadair Vacuum Dealer","article_modified_time":"2025-07-14T13:14:55+00:00","og_image":[{"width":1000,"height":1000,"url":"https:\/\/nadair.ca\/vacuum-professional\/wp-content\/uploads\/sites\/18\/2025\/04\/Combo-brush-copie.jpg","type":"image\/jpeg"}],"twitter_card":"summary_large_image","twitter_misc":{"Estimation du temps de lecture":"1 minute"},"schema":{"@context":"https:\/\/schema.org","@graph":[{"@type":"WebPage","@id":"https:\/\/nadair.ca\/vacuum-professional\/ce\/product\/brosse-combo\/","url":"https:\/\/nadair.ca\/vacuum-professional\/ce\/product\/brosse-combo\/","name":"Brosse combo pour aspirateur central - Nadair Vacuum Dealer","isPartOf":{"@id":"https:\/\/nadair.ca\/vacuum-professional\/#website"},"primaryImageOfPage":{"@id":"https:\/\/nadair.ca\/vacuum-professional\/ce\/product\/brosse-combo\/#primaryimage"},"image":{"@id":"https:\/\/nadair.ca\/vacuum-professional\/ce\/product\/brosse-combo\/#primaryimage"},"thumbnailUrl":"https:\/\/nadair.ca\/vacuum-professional\/wp-content\/uploads\/sites\/18\/2025\/04\/Combo-brush-copie.jpg","datePublished":"2025-04-04T18:44:04+00:00","dateModified":"2025-07-14T13:14:55+00:00","breadcrumb":{"@id":"https:\/\/nadair.ca\/vacuum-professional\/ce\/product\/brosse-combo\/#breadcrumb"},"inLanguage":"fr-CA","potentialAction":[{"@type":"ReadAction","target":["https:\/\/nadair.ca\/vacuum-professional\/ce\/product\/brosse-combo\/"]}]},{"@type":"ImageObject","inLanguage":"fr-CA","@id":"https:\/\/nadair.ca\/vacuum-professional\/ce\/product\/brosse-combo\/#primaryimage","url":"https:\/\/nadair.ca\/vacuum-professional\/wp-content\/uploads\/sites\/18\/2025\/04\/Combo-brush-copie.jpg","contentUrl":"https:\/\/nadair.ca\/vacuum-professional\/wp-content\/uploads\/sites\/18\/2025\/04\/Combo-brush-copie.jpg","width":1000,"height":1000},{"@type":"BreadcrumbList","@id":"https:\/\/nadair.ca\/vacuum-professional\/ce\/product\/brosse-combo\/#breadcrumb","itemListElement":[{"@type":"ListItem","position":1,"name":"Home","item":"https:\/\/nadair.ca\/vacuum-professional\/ce\/"},{"@type":"ListItem","position":2,"name":"Shop","item":"https:\/\/nadair.ca\/vacuum-professional\/ce\/magasinez\/"},{"@type":"ListItem","position":3,"name":"Brosse combo pour aspirateur central"}]},{"@type":"WebSite","@id":"https:\/\/nadair.ca\/vacuum-professional\/#website","url":"https:\/\/nadair.ca\/vacuum-professional\/","name":"Nadair Vacuum Dealer","description":"","publisher":{"@id":"https:\/\/nadair.ca\/vacuum-professional\/#organization"},"potentialAction":[{"@type":"SearchAction","target":{"@type":"EntryPoint","urlTemplate":"https:\/\/nadair.ca\/vacuum-professional\/?s={search_term_string}"},"query-input":{"@type":"PropertyValueSpecification","valueRequired":true,"valueName":"search_term_string"}}],"inLanguage":"fr-CA"},{"@type":"Organization","@id":"https:\/\/nadair.ca\/vacuum-professional\/#organization","name":"Nadair","url":"https:\/\/nadair.ca\/vacuum-professional\/","logo":{"@type":"ImageObject","inLanguage":"fr-CA","@id":"https:\/\/nadair.ca\/vacuum-professional\/#\/schema\/logo\/image\/","url":"https:\/\/nadair.ca\/vacuum\/wp-content\/uploads\/sites\/2\/2019\/12\/nadaire_fernetre.png","contentUrl":"https:\/\/nadair.ca\/vacuum\/wp-content\/uploads\/sites\/2\/2019\/12\/nadaire_fernetre.png","width":203,"height":99,"caption":"Nadair"},"image":{"@id":"https:\/\/nadair.ca\/vacuum-professional\/#\/schema\/logo\/image\/"}}]}},"_links":{"self":[{"href":"https:\/\/nadair.ca\/vacuum-professional\/ce\/wp-json\/wp\/v2\/product\/5345","targetHints":{"allow":["GET"]}}],"collection":[{"href":"https:\/\/nadair.ca\/vacuum-professional\/ce\/wp-json\/wp\/v2\/product"}],"about":[{"href":"https:\/\/nadair.ca\/vacuum-professional\/ce\/wp-json\/wp\/v2\/types\/product"}],"wp:featuredmedia":[{"embeddable":true,"href":"https:\/\/nadair.ca\/vacuum-professional\/ce\/wp-json\/wp\/v2\/media\/5347"}],"wp:attachment":[{"href":"https:\/\/nadair.ca\/vacuum-professional\/ce\/wp-json\/wp\/v2\/media?parent=5345"}],"wp:term":[{"taxonomy":"product_brand","embeddable":true,"href":"https:\/\/nadair.ca\/vacuum-professional\/ce\/wp-json\/wp\/v2\/product_brand?post=5345"},{"taxonomy":"product_cat","embeddable":true,"href":"https:\/\/nadair.ca\/vacuum-professional\/ce\/wp-json\/wp\/v2\/product_cat?post=5345"},{"taxonomy":"product_tag","embeddable":true,"href":"https:\/\/nadair.ca\/vacuum-professional\/ce\/wp-json\/wp\/v2\/product_tag?post=5345"}],"curies":[{"name":"wp","href":"https:\/\/api.w.org\/{rel}","templated":true}]}}