{"id":5562,"date":"2025-06-19T15:41:53","date_gmt":"2025-06-19T15:41:53","guid":{"rendered":"https:\/\/nadair.ca\/vacuum-copy\/?post_type=product&#038;p=5562"},"modified":"2025-06-19T15:43:07","modified_gmt":"2025-06-19T15:43:07","slug":"module-electronique-pour-aspirateurs-centraux-modeles-st-600-18b-st-700-25h-st-700-35h-copy","status":"publish","type":"product","link":"https:\/\/nadair.ca\/vacuum-professional\/ce\/product\/module-electronique-pour-aspirateurs-centraux-modeles-st-600-18b-st-700-25h-st-700-35h-copy\/","title":{"rendered":"Module \u00e9lectronique pour aspirateurs centraux, mod\u00e8les: HD-750-22H HD-750-32H   SD-710-32SF SD-659-32SF"},"content":{"rendered":"<p>Module \u00e9lectronique pour aspirateurs centraux, mod\u00e8les: HD-750-22H<br \/>\nHD-750-32H<br \/>\nSD-710-32SF<br \/>\nSD-659-32SF<\/p>\n","protected":false},"excerpt":{"rendered":"<p>Module \u00e9lectronique pour aspirateurs centraux, mod\u00e8les: HD-750-22H HD-750-32H SD-710-32SF SD-659-32SF<\/p>\n","protected":false},"featured_media":0,"template":"","meta":{"_acf_changed":false},"product_brand":[],"product_cat":[75],"product_tag":[],"class_list":{"0":"post-5562","1":"product","2":"type-product","3":"status-publish","5":"product_cat-aspirateur","7":"first","8":"instock","9":"taxable","10":"shipping-taxable","11":"purchasable","12":"product-type-simple"},"acf":[],"yoast_head":"<!-- This site is optimized with the Yoast SEO plugin v26.7 - https:\/\/yoast.com\/wordpress\/plugins\/seo\/ -->\n<title>Module \u00e9lectronique pour aspirateurs centraux, mod\u00e8les: HD-750-22H HD-750-32H  SD-710-32SF SD-659-32SF - Nadair Vacuum Dealer<\/title>\n<meta name=\"robots\" content=\"noindex, follow, max-snippet:-1, max-image-preview:large, max-video-preview:-1\" \/>\n<meta property=\"og:locale\" content=\"fr_CA\" \/>\n<meta property=\"og:type\" content=\"article\" \/>\n<meta property=\"og:title\" content=\"Module \u00e9lectronique pour aspirateurs centraux, mod\u00e8les: HD-750-22H HD-750-32H  SD-710-32SF SD-659-32SF - Nadair Vacuum Dealer\" \/>\n<meta property=\"og:description\" content=\"Module \u00e9lectronique pour aspirateurs centraux, mod\u00e8les: HD-750-22H HD-750-32H SD-710-32SF SD-659-32SF\" \/>\n<meta property=\"og:url\" content=\"https:\/\/nadair.ca\/vacuum-professional\/product\/central-vacuum-pc-board-for-hd-750-22h-hd-750-32h-sd-710-32sf-sd-659-32sf\/\" \/>\n<meta property=\"og:site_name\" content=\"Nadair Vacuum Dealer\" \/>\n<meta property=\"article:modified_time\" content=\"2025-06-19T15:43:07+00:00\" \/>\n<meta name=\"twitter:card\" content=\"summary_large_image\" \/>\n<script type=\"application\/ld+json\" class=\"yoast-schema-graph\">{\"@context\":\"https:\/\/schema.org\",\"@graph\":[{\"@type\":\"WebPage\",\"@id\":\"https:\/\/nadair.ca\/vacuum-professional\/product\/central-vacuum-pc-board-for-hd-750-22h-hd-750-32h-sd-710-32sf-sd-659-32sf\/\",\"url\":\"https:\/\/nadair.ca\/vacuum-professional\/product\/central-vacuum-pc-board-for-hd-750-22h-hd-750-32h-sd-710-32sf-sd-659-32sf\/\",\"name\":\"Module \u00e9lectronique pour aspirateurs centraux, mod\u00e8les: HD-750-22H HD-750-32H SD-710-32SF SD-659-32SF - Nadair Vacuum Dealer\",\"isPartOf\":{\"@id\":\"https:\/\/nadair.ca\/vacuum-professional\/#website\"},\"datePublished\":\"2025-06-19T15:41:53+00:00\",\"dateModified\":\"2025-06-19T15:43:07+00:00\",\"breadcrumb\":{\"@id\":\"https:\/\/nadair.ca\/vacuum-professional\/product\/central-vacuum-pc-board-for-hd-750-22h-hd-750-32h-sd-710-32sf-sd-659-32sf\/#breadcrumb\"},\"inLanguage\":\"fr-CA\",\"potentialAction\":[{\"@type\":\"ReadAction\",\"target\":[\"https:\/\/nadair.ca\/vacuum-professional\/product\/central-vacuum-pc-board-for-hd-750-22h-hd-750-32h-sd-710-32sf-sd-659-32sf\/\"]}]},{\"@type\":\"BreadcrumbList\",\"@id\":\"https:\/\/nadair.ca\/vacuum-professional\/product\/central-vacuum-pc-board-for-hd-750-22h-hd-750-32h-sd-710-32sf-sd-659-32sf\/#breadcrumb\",\"itemListElement\":[{\"@type\":\"ListItem\",\"position\":1,\"name\":\"Home\",\"item\":\"https:\/\/nadair.ca\/vacuum-professional\/ce\/\"},{\"@type\":\"ListItem\",\"position\":2,\"name\":\"Shop\",\"item\":\"https:\/\/nadair.ca\/vacuum-professional\/ce\/magasinez\/\"},{\"@type\":\"ListItem\",\"position\":3,\"name\":\"Module \u00e9lectronique pour aspirateurs centraux, mod\u00e8les: HD-750-22H HD-750-32H SD-710-32SF SD-659-32SF\"}]},{\"@type\":\"WebSite\",\"@id\":\"https:\/\/nadair.ca\/vacuum-professional\/#website\",\"url\":\"https:\/\/nadair.ca\/vacuum-professional\/\",\"name\":\"Nadair Vacuum Dealer\",\"description\":\"\",\"publisher\":{\"@id\":\"https:\/\/nadair.ca\/vacuum-professional\/#organization\"},\"potentialAction\":[{\"@type\":\"SearchAction\",\"target\":{\"@type\":\"EntryPoint\",\"urlTemplate\":\"https:\/\/nadair.ca\/vacuum-professional\/?s={search_term_string}\"},\"query-input\":{\"@type\":\"PropertyValueSpecification\",\"valueRequired\":true,\"valueName\":\"search_term_string\"}}],\"inLanguage\":\"fr-CA\"},{\"@type\":\"Organization\",\"@id\":\"https:\/\/nadair.ca\/vacuum-professional\/#organization\",\"name\":\"Nadair\",\"url\":\"https:\/\/nadair.ca\/vacuum-professional\/\",\"logo\":{\"@type\":\"ImageObject\",\"inLanguage\":\"fr-CA\",\"@id\":\"https:\/\/nadair.ca\/vacuum-professional\/#\/schema\/logo\/image\/\",\"url\":\"https:\/\/nadair.ca\/vacuum\/wp-content\/uploads\/sites\/2\/2019\/12\/nadaire_fernetre.png\",\"contentUrl\":\"https:\/\/nadair.ca\/vacuum\/wp-content\/uploads\/sites\/2\/2019\/12\/nadaire_fernetre.png\",\"width\":203,\"height\":99,\"caption\":\"Nadair\"},\"image\":{\"@id\":\"https:\/\/nadair.ca\/vacuum-professional\/#\/schema\/logo\/image\/\"}}]}<\/script>\n<!-- \/ Yoast SEO plugin. -->","yoast_head_json":{"title":"Module \u00e9lectronique pour aspirateurs centraux, mod\u00e8les: HD-750-22H HD-750-32H  SD-710-32SF SD-659-32SF - Nadair Vacuum Dealer","robots":{"index":"noindex","follow":"follow","max-snippet":"max-snippet:-1","max-image-preview":"max-image-preview:large","max-video-preview":"max-video-preview:-1"},"og_locale":"fr_CA","og_type":"article","og_title":"Module \u00e9lectronique pour aspirateurs centraux, mod\u00e8les: HD-750-22H HD-750-32H  SD-710-32SF SD-659-32SF - Nadair Vacuum Dealer","og_description":"Module \u00e9lectronique pour aspirateurs centraux, mod\u00e8les: HD-750-22H HD-750-32H SD-710-32SF SD-659-32SF","og_url":"https:\/\/nadair.ca\/vacuum-professional\/product\/central-vacuum-pc-board-for-hd-750-22h-hd-750-32h-sd-710-32sf-sd-659-32sf\/","og_site_name":"Nadair Vacuum Dealer","article_modified_time":"2025-06-19T15:43:07+00:00","twitter_card":"summary_large_image","schema":{"@context":"https:\/\/schema.org","@graph":[{"@type":"WebPage","@id":"https:\/\/nadair.ca\/vacuum-professional\/product\/central-vacuum-pc-board-for-hd-750-22h-hd-750-32h-sd-710-32sf-sd-659-32sf\/","url":"https:\/\/nadair.ca\/vacuum-professional\/product\/central-vacuum-pc-board-for-hd-750-22h-hd-750-32h-sd-710-32sf-sd-659-32sf\/","name":"Module \u00e9lectronique pour aspirateurs centraux, mod\u00e8les: HD-750-22H HD-750-32H SD-710-32SF SD-659-32SF - Nadair Vacuum Dealer","isPartOf":{"@id":"https:\/\/nadair.ca\/vacuum-professional\/#website"},"datePublished":"2025-06-19T15:41:53+00:00","dateModified":"2025-06-19T15:43:07+00:00","breadcrumb":{"@id":"https:\/\/nadair.ca\/vacuum-professional\/product\/central-vacuum-pc-board-for-hd-750-22h-hd-750-32h-sd-710-32sf-sd-659-32sf\/#breadcrumb"},"inLanguage":"fr-CA","potentialAction":[{"@type":"ReadAction","target":["https:\/\/nadair.ca\/vacuum-professional\/product\/central-vacuum-pc-board-for-hd-750-22h-hd-750-32h-sd-710-32sf-sd-659-32sf\/"]}]},{"@type":"BreadcrumbList","@id":"https:\/\/nadair.ca\/vacuum-professional\/product\/central-vacuum-pc-board-for-hd-750-22h-hd-750-32h-sd-710-32sf-sd-659-32sf\/#breadcrumb","itemListElement":[{"@type":"ListItem","position":1,"name":"Home","item":"https:\/\/nadair.ca\/vacuum-professional\/ce\/"},{"@type":"ListItem","position":2,"name":"Shop","item":"https:\/\/nadair.ca\/vacuum-professional\/ce\/magasinez\/"},{"@type":"ListItem","position":3,"name":"Module \u00e9lectronique pour aspirateurs centraux, mod\u00e8les: HD-750-22H HD-750-32H SD-710-32SF SD-659-32SF"}]},{"@type":"WebSite","@id":"https:\/\/nadair.ca\/vacuum-professional\/#website","url":"https:\/\/nadair.ca\/vacuum-professional\/","name":"Nadair Vacuum Dealer","description":"","publisher":{"@id":"https:\/\/nadair.ca\/vacuum-professional\/#organization"},"potentialAction":[{"@type":"SearchAction","target":{"@type":"EntryPoint","urlTemplate":"https:\/\/nadair.ca\/vacuum-professional\/?s={search_term_string}"},"query-input":{"@type":"PropertyValueSpecification","valueRequired":true,"valueName":"search_term_string"}}],"inLanguage":"fr-CA"},{"@type":"Organization","@id":"https:\/\/nadair.ca\/vacuum-professional\/#organization","name":"Nadair","url":"https:\/\/nadair.ca\/vacuum-professional\/","logo":{"@type":"ImageObject","inLanguage":"fr-CA","@id":"https:\/\/nadair.ca\/vacuum-professional\/#\/schema\/logo\/image\/","url":"https:\/\/nadair.ca\/vacuum\/wp-content\/uploads\/sites\/2\/2019\/12\/nadaire_fernetre.png","contentUrl":"https:\/\/nadair.ca\/vacuum\/wp-content\/uploads\/sites\/2\/2019\/12\/nadaire_fernetre.png","width":203,"height":99,"caption":"Nadair"},"image":{"@id":"https:\/\/nadair.ca\/vacuum-professional\/#\/schema\/logo\/image\/"}}]}},"_links":{"self":[{"href":"https:\/\/nadair.ca\/vacuum-professional\/ce\/wp-json\/wp\/v2\/product\/5562","targetHints":{"allow":["GET"]}}],"collection":[{"href":"https:\/\/nadair.ca\/vacuum-professional\/ce\/wp-json\/wp\/v2\/product"}],"about":[{"href":"https:\/\/nadair.ca\/vacuum-professional\/ce\/wp-json\/wp\/v2\/types\/product"}],"wp:attachment":[{"href":"https:\/\/nadair.ca\/vacuum-professional\/ce\/wp-json\/wp\/v2\/media?parent=5562"}],"wp:term":[{"taxonomy":"product_brand","embeddable":true,"href":"https:\/\/nadair.ca\/vacuum-professional\/ce\/wp-json\/wp\/v2\/product_brand?post=5562"},{"taxonomy":"product_cat","embeddable":true,"href":"https:\/\/nadair.ca\/vacuum-professional\/ce\/wp-json\/wp\/v2\/product_cat?post=5562"},{"taxonomy":"product_tag","embeddable":true,"href":"https:\/\/nadair.ca\/vacuum-professional\/ce\/wp-json\/wp\/v2\/product_tag?post=5562"}],"curies":[{"name":"wp","href":"https:\/\/api.w.org\/{rel}","templated":true}]}}