{"id":2823,"date":"2020-07-22T11:56:14","date_gmt":"2020-07-22T11:56:14","guid":{"rendered":"https:\/\/nadair.ca\/vacuum\/a-propos\/"},"modified":"2025-10-03T15:54:07","modified_gmt":"2025-10-03T15:54:07","slug":"a-propos","status":"publish","type":"page","link":"https:\/\/nadair.ca\/vacuum\/ce\/a-propos\/","title":{"rendered":"\u00c0 propos"},"content":{"rendered":"<p><div class=\"fusion-fullwidth fullwidth-box fusion-builder-row-1 nonhundred-percent-fullwidth non-hundred-percent-height-scrolling\" style=\"--awb-border-radius-top-left:0px;--awb-border-radius-top-right:0px;--awb-border-radius-bottom-right:0px;--awb-border-radius-bottom-left:0px;--awb-margin-top:40px;--awb-flex-wrap:wrap;\" ><div class=\"fusion-builder-row fusion-row\"><div class=\"fusion-layout-column fusion_builder_column fusion-builder-column-0 fusion_builder_column_1_1 1_1 fusion-one-full fusion-column-first fusion-column-last\" style=\"--awb-bg-size:cover;\" id=\"#hybrid-filtration\"><div class=\"fusion-column-wrapper fusion-column-has-shadow fusion-flex-column-wrapper-legacy\"><div class=\"fusion-text fusion-text-1\"><h2 style=\"color: #c1272d; text-align: left;\">FILTRATION HYBRIDE<\/h2>\n<p style=\"text-align: left;\">Gr\u00e2ce \u00e0 sa filtration haut de gamme, les aspirateurs centraux Nadair am\u00e9lioreront la qualit\u00e9 de l&rsquo;air dans votre maison. Gr\u00e2ce \u00e0 leur syst\u00e8me de filtration \u00e0 haute efficacit\u00e9, nos aspirateurs r\u00e9duisent vos sympt\u00f4mes d&rsquo;allergies et probl\u00e8mes respiratoires.<\/p>\n<p style=\"text-align: left;\">En utilisant une <span style=\"color: #c1272d; font-weight: bold;\">filtration cyclonique \u00e0 haut rendement (99,97%) et des sacs de filtration jetables ensemble<\/span>, nos filtres d&rsquo;aspirateurs purifient l&rsquo;air deux fois, ce qui am\u00e9liore la qualit\u00e9 de l&rsquo;air \u00e9vacu\u00e9 de l&rsquo;unit\u00e9. Lorsqu&rsquo;elles sont combin\u00e9es avec un filtre permanent (lavable), nos unit\u00e9s filtrent l&rsquo;air qui sort du conduit d&rsquo;\u00e9chappement jusqu&rsquo;\u00e0 99,97%.<\/p>\n<p style=\"text-align: left;\"><span style=\"color: #c1272d; font-weight: bold;\">Les sacs de filtration \u00e0 triple \u00e9paisseurs<\/span> \u00e9liminent les d\u00e9chets dans la cuve \u00e0 poussi\u00e8re sans remuer la poussi\u00e8re nocive en suspension dans l&rsquo;air. <span style=\"color: #c1272d; font-weight: bold;\">Les trois couches du syst\u00e8me de filtration emp\u00eachent le sac de se d\u00e9chirer.<\/span><\/p>\n<\/div><div class=\"fusion-clearfix\"><\/div><\/div><\/div><\/div><\/div><div class=\"fusion-fullwidth fullwidth-box fusion-builder-row-2 fusion-parallax-none nonhundred-percent-fullwidth non-hundred-percent-height-scrolling\" style=\"--awb-border-radius-top-left:0px;--awb-border-radius-top-right:0px;--awb-border-radius-bottom-right:0px;--awb-border-radius-bottom-left:0px;--awb-padding-top:40px;--awb-padding-bottom:40px;--awb-margin-top:40px;--awb-background-color:#7f7f7f;--awb-background-image:url(&quot;https:\/\/nadair.ca\/vacuum\/wp-content\/uploads\/sites\/2\/2025\/03\/banniere-smart-scaled-1.png&quot;);--awb-background-size:cover;--awb-flex-wrap:wrap;\" ><div class=\"fusion-builder-row fusion-row\"><div class=\"fusion-layout-column fusion_builder_column fusion-builder-column-1 fusion_builder_column_1_1 1_1 fusion-one-full fusion-column-first fusion-column-last\" style=\"--awb-padding-right:20px;--awb-padding-left:20px;--awb-bg-color:rgba(0,0,0,0.31);--awb-bg-color-hover:rgba(0,0,0,0.31);--awb-bg-size:cover;\" id=\"techno\"><div class=\"fusion-column-wrapper fusion-flex-column-wrapper-legacy\"><div class=\"fusion-text fusion-text-2 white\"><h2 style=\"color: #ffffff; text-align: left;\">TECHNOLOGIES ET INNOVATION<\/h2>\n<p style=\"text-align: left;\"><strong>Quelle que soit l&rsquo;unit\u00e9 d&rsquo;aspiration centrale Nadair que vous choisissez, vous nettoierez avec une technologie de pointe!<\/strong><\/p>\n<p style=\"text-align: left;\">Notre <strong>TECHNOLOGIE \u00ab\u00a0SOFT-START\u00a0\u00bb AJOUTE 20%<\/strong> \u00c0 L&rsquo;esp\u00e9rance de vie du moteur de votre produit Nadair (par rapport aux aspirateurs centraux traditionnels). Notre <strong>TECHNOLOGIE DE D\u00c9LAIS DE TROIS SECONDES \u00ab\u00a0SOFT-STOP\u00a0\u00bb<\/strong> \u00e9limine les d\u00e9bris du tuyau. Cela emp\u00eache les d\u00e9bris restants de se vider sur le sol et les coudes du r\u00e9seau de tuyauterie de se boucher.<\/p>\n<p style=\"text-align: left;\"><strong>LES UNIT\u00c9S SILENCIEUSES<\/strong> am\u00e9liorent \u00e9galement la sant\u00e9. Pour am\u00e9liorer notre choix de conception initial d&rsquo;un moteur plus silencieux et plus efficace, nous avons <strong>ajout\u00e9 une mousse anti-bruit, comme celles trouv\u00e9es dans les studios d&rsquo;enregistrement.<\/strong> Une fois install\u00e9s dans un espace clos, nos syst\u00e8mes font \u00e0 peu pr\u00e8s autant de bruit qu&rsquo;une unit\u00e9 de climatisation murale.<\/p>\n<\/div><div class=\"fusion-clearfix\"><\/div><\/div><\/div><\/div><\/div><div class=\"fusion-fullwidth fullwidth-box fusion-builder-row-3 nonhundred-percent-fullwidth non-hundred-percent-height-scrolling\" style=\"--awb-border-radius-top-left:0px;--awb-border-radius-top-right:0px;--awb-border-radius-bottom-right:0px;--awb-border-radius-bottom-left:0px;--awb-margin-top:40px;--awb-flex-wrap:wrap;\" ><div class=\"fusion-builder-row fusion-row\"><div class=\"fusion-layout-column fusion_builder_column fusion-builder-column-2 fusion_builder_column_1_1 1_1 fusion-one-full fusion-column-first fusion-column-last\" style=\"--awb-bg-size:cover;\" id=\"attention\"><div class=\"fusion-column-wrapper fusion-flex-column-wrapper-legacy\"><div class=\"fusion-text fusion-text-3\"><h2 style=\"color: #c1272d; text-align: left;\">UNE ATTENTION PARTICULI\u00c8RE \u00c0 CHAQUE D\u00c9TAIL<\/h2>\n<p style=\"text-align: left;\">Nos aspirateurs en aluminium sont robustes, mais l\u00e9gers. Cr\u00e9\u00e9s avec une technique de filage \u00e0 froid sans soudure, nos produits sont d&rsquo;une solidit\u00e9 optimale et ne corrodent pas. \u00c9tant donn\u00e9 que la plupart des aspirateurs centraux sont install\u00e9s dans des endroits humides, comme les sous-sols et les garages, cette attention aux d\u00e9tails fait des aspirateurs centraux Nadair un premier choix pour des syst\u00e8mes durables. De plus, l&rsquo;aluminium conduit plus que la moiti\u00e9 de l&rsquo;\u00e9lectricit\u00e9 statique du plastique et de l&rsquo;acier. Cela signifie que la maintenance est \u00e9galement r\u00e9duite de moiti\u00e9!<\/p>\n<p style=\"text-align: left;\">Chez Nadair, chaque \u00e9l\u00e9ment de notre design et conception a \u00e9t\u00e9 revu afin d&rsquo;offrir un produit de qualit\u00e9 sup\u00e9rieure. Voici quelques exemples de l&rsquo;attention port\u00e9e aux d\u00e9tails par Nadair:<\/p>\n<p style=\"text-align: left;\">&#8211; Notre protection thermique emp\u00eache nos moteurs de surchauffer<\/p>\n<p style=\"text-align: left;\">&#8211; Nos joints de confinement d&rsquo;air monoblocs innovants emp\u00eachent la perte d&rsquo;air et la r\u00e9duction de l&rsquo;aspiration au fil du temps<\/p>\n<p style=\"text-align: left;\">&#8211; Notre support d&rsquo;installation exclusif est \u00e9quip\u00e9 d&rsquo;inserts anti-vibrations et antibruit en caoutchouc.<\/p>\n<p style=\"text-align: left;\">&#8211; Nos verrous de la cuve \u00e0 d\u00e9bris peuvent \u00eatre install\u00e9s partout sur nos cylindres, ce qui facilite le vidage et la remise en place de votre unit\u00e9 lors de l&rsquo;installation dans une zone difficile d&rsquo;acc\u00e8s.<\/p>\n<\/div><div class=\"fusion-clearfix\"><\/div><\/div><\/div><\/div><\/div><\/p>\n","protected":false},"excerpt":{"rendered":"","protected":false},"author":3,"featured_media":0,"parent":0,"menu_order":0,"comment_status":"closed","ping_status":"closed","template":"100-width.php","meta":{"_acf_changed":false,"footnotes":""},"class_list":["post-2823","page","type-page","status-publish","hentry"],"acf":[],"yoast_head":"<!-- This site is optimized with the Yoast SEO plugin v26.7 - https:\/\/yoast.com\/wordpress\/plugins\/seo\/ -->\n<title>\u00c0 propos - Nadair Vacuum<\/title>\n<meta name=\"robots\" content=\"index, follow, max-snippet:-1, max-image-preview:large, max-video-preview:-1\" \/>\n<link rel=\"canonical\" href=\"https:\/\/nadair.ca\/vacuum\/ce\/a-propos\/\" \/>\n<meta property=\"og:locale\" content=\"fr_CA\" \/>\n<meta property=\"og:type\" content=\"article\" \/>\n<meta property=\"og:title\" content=\"\u00c0 propos - Nadair Vacuum\" \/>\n<meta property=\"og:url\" content=\"https:\/\/nadair.ca\/vacuum\/ce\/a-propos\/\" \/>\n<meta property=\"og:site_name\" content=\"Nadair Vacuum\" \/>\n<meta property=\"article:modified_time\" content=\"2025-10-03T15:54:07+00:00\" \/>\n<meta name=\"twitter:card\" content=\"summary_large_image\" \/>\n<meta name=\"twitter:label1\" content=\"Estimation du temps de lecture\" \/>\n\t<meta name=\"twitter:data1\" content=\"3 minutes\" \/>\n<script type=\"application\/ld+json\" class=\"yoast-schema-graph\">{\"@context\":\"https:\/\/schema.org\",\"@graph\":[{\"@type\":\"WebPage\",\"@id\":\"https:\/\/nadair.ca\/vacuum\/ce\/a-propos\/\",\"url\":\"https:\/\/nadair.ca\/vacuum\/ce\/a-propos\/\",\"name\":\"\u00c0 propos - Nadair Vacuum\",\"isPartOf\":{\"@id\":\"https:\/\/nadair.ca\/vacuum\/#website\"},\"datePublished\":\"2020-07-22T11:56:14+00:00\",\"dateModified\":\"2025-10-03T15:54:07+00:00\",\"breadcrumb\":{\"@id\":\"https:\/\/nadair.ca\/vacuum\/ce\/a-propos\/#breadcrumb\"},\"inLanguage\":\"fr-CA\",\"potentialAction\":[{\"@type\":\"ReadAction\",\"target\":[\"https:\/\/nadair.ca\/vacuum\/ce\/a-propos\/\"]}]},{\"@type\":\"BreadcrumbList\",\"@id\":\"https:\/\/nadair.ca\/vacuum\/ce\/a-propos\/#breadcrumb\",\"itemListElement\":[{\"@type\":\"ListItem\",\"position\":1,\"name\":\"Home\",\"item\":\"https:\/\/nadair.ca\/vacuum\/ce\/\"},{\"@type\":\"ListItem\",\"position\":2,\"name\":\"\u00c0 propos\"}]},{\"@type\":\"WebSite\",\"@id\":\"https:\/\/nadair.ca\/vacuum\/#website\",\"url\":\"https:\/\/nadair.ca\/vacuum\/\",\"name\":\"Nadair Vacuum\",\"description\":\"\",\"publisher\":{\"@id\":\"https:\/\/nadair.ca\/vacuum\/#organization\"},\"potentialAction\":[{\"@type\":\"SearchAction\",\"target\":{\"@type\":\"EntryPoint\",\"urlTemplate\":\"https:\/\/nadair.ca\/vacuum\/?s={search_term_string}\"},\"query-input\":{\"@type\":\"PropertyValueSpecification\",\"valueRequired\":true,\"valueName\":\"search_term_string\"}}],\"inLanguage\":\"fr-CA\"},{\"@type\":\"Organization\",\"@id\":\"https:\/\/nadair.ca\/vacuum\/#organization\",\"name\":\"Nadair\",\"url\":\"https:\/\/nadair.ca\/vacuum\/\",\"logo\":{\"@type\":\"ImageObject\",\"inLanguage\":\"fr-CA\",\"@id\":\"https:\/\/nadair.ca\/vacuum\/#\/schema\/logo\/image\/\",\"url\":\"https:\/\/nadair.ca\/vacuum\/wp-content\/uploads\/sites\/2\/2019\/12\/nadaire_fernetre.png\",\"contentUrl\":\"https:\/\/nadair.ca\/vacuum\/wp-content\/uploads\/sites\/2\/2019\/12\/nadaire_fernetre.png\",\"width\":203,\"height\":99,\"caption\":\"Nadair\"},\"image\":{\"@id\":\"https:\/\/nadair.ca\/vacuum\/#\/schema\/logo\/image\/\"}}]}<\/script>\n<!-- \/ Yoast SEO plugin. -->","yoast_head_json":{"title":"\u00c0 propos - Nadair Vacuum","robots":{"index":"index","follow":"follow","max-snippet":"max-snippet:-1","max-image-preview":"max-image-preview:large","max-video-preview":"max-video-preview:-1"},"canonical":"https:\/\/nadair.ca\/vacuum\/ce\/a-propos\/","og_locale":"fr_CA","og_type":"article","og_title":"\u00c0 propos - Nadair Vacuum","og_url":"https:\/\/nadair.ca\/vacuum\/ce\/a-propos\/","og_site_name":"Nadair Vacuum","article_modified_time":"2025-10-03T15:54:07+00:00","twitter_card":"summary_large_image","twitter_misc":{"Estimation du temps de lecture":"3 minutes"},"schema":{"@context":"https:\/\/schema.org","@graph":[{"@type":"WebPage","@id":"https:\/\/nadair.ca\/vacuum\/ce\/a-propos\/","url":"https:\/\/nadair.ca\/vacuum\/ce\/a-propos\/","name":"\u00c0 propos - Nadair Vacuum","isPartOf":{"@id":"https:\/\/nadair.ca\/vacuum\/#website"},"datePublished":"2020-07-22T11:56:14+00:00","dateModified":"2025-10-03T15:54:07+00:00","breadcrumb":{"@id":"https:\/\/nadair.ca\/vacuum\/ce\/a-propos\/#breadcrumb"},"inLanguage":"fr-CA","potentialAction":[{"@type":"ReadAction","target":["https:\/\/nadair.ca\/vacuum\/ce\/a-propos\/"]}]},{"@type":"BreadcrumbList","@id":"https:\/\/nadair.ca\/vacuum\/ce\/a-propos\/#breadcrumb","itemListElement":[{"@type":"ListItem","position":1,"name":"Home","item":"https:\/\/nadair.ca\/vacuum\/ce\/"},{"@type":"ListItem","position":2,"name":"\u00c0 propos"}]},{"@type":"WebSite","@id":"https:\/\/nadair.ca\/vacuum\/#website","url":"https:\/\/nadair.ca\/vacuum\/","name":"Nadair Vacuum","description":"","publisher":{"@id":"https:\/\/nadair.ca\/vacuum\/#organization"},"potentialAction":[{"@type":"SearchAction","target":{"@type":"EntryPoint","urlTemplate":"https:\/\/nadair.ca\/vacuum\/?s={search_term_string}"},"query-input":{"@type":"PropertyValueSpecification","valueRequired":true,"valueName":"search_term_string"}}],"inLanguage":"fr-CA"},{"@type":"Organization","@id":"https:\/\/nadair.ca\/vacuum\/#organization","name":"Nadair","url":"https:\/\/nadair.ca\/vacuum\/","logo":{"@type":"ImageObject","inLanguage":"fr-CA","@id":"https:\/\/nadair.ca\/vacuum\/#\/schema\/logo\/image\/","url":"https:\/\/nadair.ca\/vacuum\/wp-content\/uploads\/sites\/2\/2019\/12\/nadaire_fernetre.png","contentUrl":"https:\/\/nadair.ca\/vacuum\/wp-content\/uploads\/sites\/2\/2019\/12\/nadaire_fernetre.png","width":203,"height":99,"caption":"Nadair"},"image":{"@id":"https:\/\/nadair.ca\/vacuum\/#\/schema\/logo\/image\/"}}]}},"_links":{"self":[{"href":"https:\/\/nadair.ca\/vacuum\/ce\/wp-json\/wp\/v2\/pages\/2823","targetHints":{"allow":["GET"]}}],"collection":[{"href":"https:\/\/nadair.ca\/vacuum\/ce\/wp-json\/wp\/v2\/pages"}],"about":[{"href":"https:\/\/nadair.ca\/vacuum\/ce\/wp-json\/wp\/v2\/types\/page"}],"author":[{"embeddable":true,"href":"https:\/\/nadair.ca\/vacuum\/ce\/wp-json\/wp\/v2\/users\/3"}],"replies":[{"embeddable":true,"href":"https:\/\/nadair.ca\/vacuum\/ce\/wp-json\/wp\/v2\/comments?post=2823"}],"version-history":[{"count":4,"href":"https:\/\/nadair.ca\/vacuum\/ce\/wp-json\/wp\/v2\/pages\/2823\/revisions"}],"predecessor-version":[{"id":5611,"href":"https:\/\/nadair.ca\/vacuum\/ce\/wp-json\/wp\/v2\/pages\/2823\/revisions\/5611"}],"wp:attachment":[{"href":"https:\/\/nadair.ca\/vacuum\/ce\/wp-json\/wp\/v2\/media?parent=2823"}],"curies":[{"name":"wp","href":"https:\/\/api.w.org\/{rel}","templated":true}]}}