{"id":2827,"date":"2020-07-22T11:58:54","date_gmt":"2020-07-22T11:58:54","guid":{"rendered":"https:\/\/nadair.ca\/vacuum\/f-a-q\/"},"modified":"2020-07-22T11:58:54","modified_gmt":"2020-07-22T11:58:54","slug":"f-a-q","status":"publish","type":"page","link":"https:\/\/nadair.ca\/vacuum\/ce\/f-a-q\/","title":{"rendered":"F.A.Q"},"content":{"rendered":"<div class=\"fusion-fullwidth fullwidth-box fusion-builder-row-1 nonhundred-percent-fullwidth non-hundred-percent-height-scrolling\" style=\"--awb-border-radius-top-left:0px;--awb-border-radius-top-right:0px;--awb-border-radius-bottom-right:0px;--awb-border-radius-bottom-left:0px;--awb-flex-wrap:wrap;\" ><div class=\"fusion-builder-row fusion-row\"><div class=\"fusion-layout-column fusion_builder_column fusion-builder-column-0 fusion_builder_column_1_1 1_1 fusion-one-full fusion-column-first fusion-column-last\" style=\"--awb-bg-size:cover;\"><div class=\"fusion-column-wrapper fusion-flex-column-wrapper-legacy\"><style type=\"text\/css\">.fusion-faqs-wrapper #accordian-1 .fusion-panel { border-color:#e0dede; }.fusion-faqs-wrapper #accordian-1 .fusion-panel:hover{ border-color: #e0dede; }.fusion-accordian #accordian-1 .panel-title a .fa-fusion-box:before{ font-size: 13px;width: 13px;}.fusion-accordian #accordian-1 .panel-title a .fa-fusion-box{ color: #ffffff;}.fusion-accordian  #accordian-1 .panel-title a{font-family:Arial, Helvetica, sans-serif;font-style:normal;font-weight:400;}.fusion-accordian  #accordian-1 .panel-title a:not(:hover){}.fusion-accordian  #accordian-1 .toggle-content{font-family:Arial, Helvetica, sans-serif;font-style:normal;font-weight:400;}.fusion-accordian #accordian-1 .fa-fusion-box { background-color: #333333 !important;border-color: #333333 !important;}.fusion-accordian #accordian-1 .panel-title a:hover,.fusion-accordian #accordian-1 .panel-title a.hover { color: #ffffff;}.fusion-faq-shortcode .fusion-accordian #accordian-1 .fusion-toggle-boxed-mode:hover .panel-title a { color: #ffffff;}.fusion-accordian #accordian-1 .panel-title .active .fa-fusion-box,.fusion-accordian #accordian-1 .panel-title a:hover .fa-fusion-box,.fusion-accordian #accordian-1 .panel-title a.hover .fa-fusion-box { background-color: #ffffff!important;border-color: #ffffff!important;}<\/style><div class=\"fusion-faq-shortcode\" style=\"\"><div class=\"fusion-faqs-wrapper\"><div class=\"accordian fusion-accordian\"><div class=\"panel-group \" id=\"accordian-1\"><div class=\"fusion-panel panel-default fusion-faq-post fusion-faq-post-5557 f-a-q \"><span class=\"entry-title rich-snippet-hidden\">Avec quel amp\u00e9rage\/tension fonctionne le BOYAU BASSE TENSION ?<\/span><span class=\"vcard rich-snippet-hidden\"><span class=\"fn\"><a href=\"https:\/\/nadair.ca\/vacuum\/ce\/author\/suzanne\/\" title=\"Articles par suzanne\" rel=\"author\">suzanne<\/a><\/span><\/span><span class=\"updated rich-snippet-hidden\">2025-08-26T18:06:16+00:00<\/span><div class=\"panel-heading\"><h4 id=\"faq_1-5557\" class=\"panel-title toggle\"><a data-toggle=\"collapse\" class=\"collapsed\" data-parent=\"#accordian-1\" data-target=\"#collapse-1-5557\" href=\"#collapse-1-5557\" aria-expanded=\"false\"><div class=\"fusion-toggle-icon-wrapper\"><div class=\"fusion-toggle-icon-wrapper-main\"><div class=\"fusion-toggle-icon-wrapper-sub\"><i class=\"fa-fusion-box active-icon awb-icon-minus\" aria-hidden=\"true\"><\/i><i class=\"fa-fusion-box inactive-icon awb-icon-plus\" aria-hidden=\"true\"><\/i><\/div><\/div><\/div><div class=\"fusion-toggle-heading\">Avec quel amp\u00e9rage\/tension fonctionne le BOYAU BASSE TENSION ?<\/div><\/a><\/h4><\/div><div id=\"collapse-1-5557\" aria-labelledby=\"faq_1-5557\" class=\"panel-collapse collapse\"><div class=\"panel-body toggle-content post-content\"><p>Ce kit fonctionne avec la basse tension. Vos prises murales doivent \u00eatre munies de 2 broches basse tension afin que l\u2019interrupteur marche\/arr\u00eat fonctionne.<\/p>\n<\/div><\/div><\/div><div class=\"fusion-panel panel-default fusion-faq-post fusion-faq-post-4452 f-a-q \"><span class=\"entry-title rich-snippet-hidden\">Comment connecter mon aspirateur central intelligent \u00e0 l&rsquo;application Nadair Smart?<\/span><span class=\"vcard rich-snippet-hidden\"><span class=\"fn\"><a href=\"https:\/\/nadair.ca\/vacuum\/ce\/author\/suzanne\/\" title=\"Articles par suzanne\" rel=\"author\">suzanne<\/a><\/span><\/span><span class=\"updated rich-snippet-hidden\">2024-11-04T13:39:48+00:00<\/span><div class=\"panel-heading\"><h4 id=\"faq_1-4452\" class=\"panel-title toggle\"><a data-toggle=\"collapse\" class=\"collapsed\" data-parent=\"#accordian-1\" data-target=\"#collapse-1-4452\" href=\"#collapse-1-4452\" aria-expanded=\"false\"><div class=\"fusion-toggle-icon-wrapper\"><div class=\"fusion-toggle-icon-wrapper-main\"><div class=\"fusion-toggle-icon-wrapper-sub\"><i class=\"fa-fusion-box active-icon awb-icon-minus\" aria-hidden=\"true\"><\/i><i class=\"fa-fusion-box inactive-icon awb-icon-plus\" aria-hidden=\"true\"><\/i><\/div><\/div><\/div><div class=\"fusion-toggle-heading\">Comment connecter mon aspirateur central intelligent \u00e0 l&rsquo;application Nadair Smart?<\/div><\/a><\/h4><\/div><div id=\"collapse-1-4452\" aria-labelledby=\"faq_1-4452\" class=\"panel-collapse collapse\"><div class=\"panel-body toggle-content post-content\"><p>Voir la vid\u00e9o ci-dessous pour savoir comment connecter votre aspirateur central intelligent \u00e0 l&rsquo;application Nadair Smart.<\/p>\n<\/div><\/div><\/div><div class=\"fusion-panel panel-default fusion-faq-post fusion-faq-post-2878 f-a-q \"><span class=\"entry-title rich-snippet-hidden\">La brosse \u00e0 plancher de 12 pouces fonctionne-t-elle sur les tapis ?<\/span><span class=\"vcard rich-snippet-hidden\"><span class=\"fn\"><a href=\"https:\/\/nadair.ca\/vacuum\/ce\/author\/suzanne\/\" title=\"Articles par suzanne\" rel=\"author\">suzanne<\/a><\/span><\/span><span class=\"updated rich-snippet-hidden\">2025-08-26T18:04:09+00:00<\/span><div class=\"panel-heading\"><h4 id=\"faq_1-2878\" class=\"panel-title toggle\"><a data-toggle=\"collapse\" class=\"collapsed\" data-parent=\"#accordian-1\" data-target=\"#collapse-1-2878\" href=\"#collapse-1-2878\" aria-expanded=\"false\"><div class=\"fusion-toggle-icon-wrapper\"><div class=\"fusion-toggle-icon-wrapper-main\"><div class=\"fusion-toggle-icon-wrapper-sub\"><i class=\"fa-fusion-box active-icon awb-icon-minus\" aria-hidden=\"true\"><\/i><i class=\"fa-fusion-box inactive-icon awb-icon-plus\" aria-hidden=\"true\"><\/i><\/div><\/div><\/div><div class=\"fusion-toggle-heading\">La brosse \u00e0 plancher de 12 pouces fonctionne-t-elle sur les tapis ?<\/div><\/a><\/h4><\/div><div id=\"collapse-1-2878\" aria-labelledby=\"faq_1-2878\" class=\"panel-collapse collapse\"><div class=\"panel-body toggle-content post-content\"><p>Non, ce kit est fait pour les surfaces dures. Si vous cherchez un kit pour nettoyer les tapis, je vous invite \u00e0 consulter ensembles a tapis \u00e9lectrique vous pouvez les trouver sur notre site internet.<\/p>\n<\/div><\/div><\/div><div class=\"fusion-panel panel-default fusion-faq-post fusion-faq-post-2872 f-a-q \"><span class=\"entry-title rich-snippet-hidden\">L&rsquo;aspirateur central est-il compatible avec ma tuyauterie existante ?<\/span><span class=\"vcard rich-snippet-hidden\"><span class=\"fn\"><a href=\"https:\/\/nadair.ca\/vacuum\/ce\/author\/suzanne\/\" title=\"Articles par suzanne\" rel=\"author\">suzanne<\/a><\/span><\/span><span class=\"updated rich-snippet-hidden\">2020-07-22T14:17:57+00:00<\/span><div class=\"panel-heading\"><h4 id=\"faq_1-2872\" class=\"panel-title toggle\"><a data-toggle=\"collapse\" class=\"collapsed\" data-parent=\"#accordian-1\" data-target=\"#collapse-1-2872\" href=\"#collapse-1-2872\" aria-expanded=\"false\"><div class=\"fusion-toggle-icon-wrapper\"><div class=\"fusion-toggle-icon-wrapper-main\"><div class=\"fusion-toggle-icon-wrapper-sub\"><i class=\"fa-fusion-box active-icon awb-icon-minus\" aria-hidden=\"true\"><\/i><i class=\"fa-fusion-box inactive-icon awb-icon-plus\" aria-hidden=\"true\"><\/i><\/div><\/div><\/div><div class=\"fusion-toggle-heading\">L&rsquo;aspirateur central est-il compatible avec ma tuyauterie existante ?<\/div><\/a><\/h4><\/div><div id=\"collapse-1-2872\" aria-labelledby=\"faq_1-2872\" class=\"panel-collapse collapse\"><div class=\"panel-body toggle-content post-content\"><p>Oui, les aspirateurs sont compatibles avec les syst\u00e8mes de tuyauterie standard F2158 de certi\ufb01ed 2\u00a0\u00bb.<\/p>\n<p>Si le r\u00e9seau de tuyauterie n&rsquo;est pas un syst\u00e8me de tuyauterie standard de 2\u00a0\u00bb, un r\u00e9ducteur de tuyau peut \u00eatre n\u00e9cessaire pour s&rsquo;adapter \u00e0 taille di\ufb00erent.<\/p>\n<\/div><\/div><\/div><div class=\"fusion-panel panel-default fusion-faq-post fusion-faq-post-2861 f-a-q \"><span class=\"entry-title rich-snippet-hidden\">Quand dois-je m&rsquo;attendre \u00e0 ce que la lumi\u00e8re LED change ?<\/span><span class=\"vcard rich-snippet-hidden\"><span class=\"fn\"><a href=\"https:\/\/nadair.ca\/vacuum\/ce\/author\/suzanne\/\" title=\"Articles par suzanne\" rel=\"author\">suzanne<\/a><\/span><\/span><span class=\"updated rich-snippet-hidden\">2020-07-22T14:18:47+00:00<\/span><div class=\"panel-heading\"><h4 id=\"faq_1-2861\" class=\"panel-title toggle\"><a data-toggle=\"collapse\" class=\"collapsed\" data-parent=\"#accordian-1\" data-target=\"#collapse-1-2861\" href=\"#collapse-1-2861\" aria-expanded=\"false\"><div class=\"fusion-toggle-icon-wrapper\"><div class=\"fusion-toggle-icon-wrapper-main\"><div class=\"fusion-toggle-icon-wrapper-sub\"><i class=\"fa-fusion-box active-icon awb-icon-minus\" aria-hidden=\"true\"><\/i><i class=\"fa-fusion-box inactive-icon awb-icon-plus\" aria-hidden=\"true\"><\/i><\/div><\/div><\/div><div class=\"fusion-toggle-heading\">Quand dois-je m&rsquo;attendre \u00e0 ce que la lumi\u00e8re LED change ?<\/div><\/a><\/h4><\/div><div id=\"collapse-1-2861\" aria-labelledby=\"faq_1-2861\" class=\"panel-collapse collapse\"><div class=\"panel-body toggle-content post-content\"><p>Voir le document ci-dessous qui explique quand votre lumi\u00e8re LED va changer, ce que cela signifie et quelles mesures doivent \u00eatre prises.<\/p>\n<p><a href=\"https:\/\/nadair.ca\/vacuum\/wp-content\/uploads\/sites\/2\/2019\/06\/When-LED-light-changes.pdf\">T\u00e9l\u00e9chargez ici <\/a><\/p>\n<\/div><\/div><\/div><div class=\"fusion-panel panel-default fusion-faq-post fusion-faq-post-2859 f-a-q \"><span class=\"entry-title rich-snippet-hidden\">Mon boyau haut-voltage est-il compatible avec une prise murale \u00e0 2 broches ?<\/span><span class=\"vcard rich-snippet-hidden\"><span class=\"fn\"><a href=\"https:\/\/nadair.ca\/vacuum\/ce\/author\/suzanne\/\" title=\"Articles par suzanne\" rel=\"author\">suzanne<\/a><\/span><\/span><span class=\"updated rich-snippet-hidden\">2020-07-22T14:18:53+00:00<\/span><div class=\"panel-heading\"><h4 id=\"faq_1-2859\" class=\"panel-title toggle\"><a data-toggle=\"collapse\" class=\"collapsed\" data-parent=\"#accordian-1\" data-target=\"#collapse-1-2859\" href=\"#collapse-1-2859\" aria-expanded=\"false\"><div class=\"fusion-toggle-icon-wrapper\"><div class=\"fusion-toggle-icon-wrapper-main\"><div class=\"fusion-toggle-icon-wrapper-sub\"><i class=\"fa-fusion-box active-icon awb-icon-minus\" aria-hidden=\"true\"><\/i><i class=\"fa-fusion-box inactive-icon awb-icon-plus\" aria-hidden=\"true\"><\/i><\/div><\/div><\/div><div class=\"fusion-toggle-heading\">Mon boyau haut-voltage est-il compatible avec une prise murale \u00e0 2 broches ?<\/div><\/a><\/h4><\/div><div id=\"collapse-1-2859\" aria-labelledby=\"faq_1-2859\" class=\"panel-collapse collapse\"><div class=\"panel-body toggle-content post-content\"><p>Oui, nos boyau sont compatibles avec la plupart des prise, et vous pouvez commander le convertisseur pour super valve pour qu&rsquo;il puisse s&rsquo;adapter \u00e0 votre prise murale \u00e0 2 (deux) broches<\/p>\n<\/div><\/div><\/div><div class=\"fusion-panel panel-default fusion-faq-post fusion-faq-post-2856 f-a-q \"><span class=\"entry-title rich-snippet-hidden\">Comment puis-je avoir un boyau plus long ?<\/span><span class=\"vcard rich-snippet-hidden\"><span class=\"fn\"><a href=\"https:\/\/nadair.ca\/vacuum\/ce\/author\/suzanne\/\" title=\"Articles par suzanne\" rel=\"author\">suzanne<\/a><\/span><\/span><span class=\"updated rich-snippet-hidden\">2020-07-22T14:19:06+00:00<\/span><div class=\"panel-heading\"><h4 id=\"faq_1-2856\" class=\"panel-title toggle\"><a data-toggle=\"collapse\" class=\"collapsed\" data-parent=\"#accordian-1\" data-target=\"#collapse-1-2856\" href=\"#collapse-1-2856\" aria-expanded=\"false\"><div class=\"fusion-toggle-icon-wrapper\"><div class=\"fusion-toggle-icon-wrapper-main\"><div class=\"fusion-toggle-icon-wrapper-sub\"><i class=\"fa-fusion-box active-icon awb-icon-minus\" aria-hidden=\"true\"><\/i><i class=\"fa-fusion-box inactive-icon awb-icon-plus\" aria-hidden=\"true\"><\/i><\/div><\/div><\/div><div class=\"fusion-toggle-heading\">Comment puis-je avoir un boyau plus long ?<\/div><\/a><\/h4><\/div><div id=\"collapse-1-2856\" aria-labelledby=\"faq_1-2856\" class=\"panel-collapse collapse\"><div class=\"panel-body toggle-content post-content\"><p><a href=\"https:\/\/nadair.ca\/vacuum\/product\/hose-extension-2\/\">voici le lien vers le produit <\/a><\/p>\n<p>&nbsp;<\/p>\n<\/div><\/div><\/div><\/div><\/div><\/div><\/div><div class=\"fusion-clearfix\"><\/div><\/div><\/div><\/div><\/div>\n","protected":false},"excerpt":{"rendered":"","protected":false},"author":3,"featured_media":0,"parent":0,"menu_order":0,"comment_status":"closed","ping_status":"closed","template":"","meta":{"_acf_changed":false,"footnotes":""},"class_list":["post-2827","page","type-page","status-publish","hentry"],"acf":[],"yoast_head":"<!-- This site is optimized with the Yoast SEO plugin v26.7 - https:\/\/yoast.com\/wordpress\/plugins\/seo\/ -->\n<title>F.A.Q - Nadair Vacuum<\/title>\n<meta name=\"robots\" content=\"index, follow, max-snippet:-1, max-image-preview:large, max-video-preview:-1\" \/>\n<link rel=\"canonical\" href=\"https:\/\/nadair.ca\/vacuum\/ce\/f-a-q\/\" \/>\n<meta property=\"og:locale\" content=\"fr_CA\" \/>\n<meta property=\"og:type\" content=\"article\" \/>\n<meta property=\"og:title\" content=\"F.A.Q - Nadair Vacuum\" \/>\n<meta property=\"og:url\" content=\"https:\/\/nadair.ca\/vacuum\/ce\/f-a-q\/\" \/>\n<meta property=\"og:site_name\" content=\"Nadair Vacuum\" \/>\n<meta name=\"twitter:card\" content=\"summary_large_image\" \/>\n<meta name=\"twitter:label1\" content=\"Estimation du temps de lecture\" \/>\n\t<meta name=\"twitter:data1\" content=\"1 minute\" \/>\n<script type=\"application\/ld+json\" class=\"yoast-schema-graph\">{\"@context\":\"https:\/\/schema.org\",\"@graph\":[{\"@type\":\"WebPage\",\"@id\":\"https:\/\/nadair.ca\/vacuum\/ce\/f-a-q\/\",\"url\":\"https:\/\/nadair.ca\/vacuum\/ce\/f-a-q\/\",\"name\":\"F.A.Q - Nadair Vacuum\",\"isPartOf\":{\"@id\":\"https:\/\/nadair.ca\/vacuum\/#website\"},\"datePublished\":\"2020-07-22T11:58:54+00:00\",\"breadcrumb\":{\"@id\":\"https:\/\/nadair.ca\/vacuum\/ce\/f-a-q\/#breadcrumb\"},\"inLanguage\":\"fr-CA\",\"potentialAction\":[{\"@type\":\"ReadAction\",\"target\":[\"https:\/\/nadair.ca\/vacuum\/ce\/f-a-q\/\"]}]},{\"@type\":\"BreadcrumbList\",\"@id\":\"https:\/\/nadair.ca\/vacuum\/ce\/f-a-q\/#breadcrumb\",\"itemListElement\":[{\"@type\":\"ListItem\",\"position\":1,\"name\":\"Home\",\"item\":\"https:\/\/nadair.ca\/vacuum\/ce\/\"},{\"@type\":\"ListItem\",\"position\":2,\"name\":\"F.A.Q\"}]},{\"@type\":\"WebSite\",\"@id\":\"https:\/\/nadair.ca\/vacuum\/#website\",\"url\":\"https:\/\/nadair.ca\/vacuum\/\",\"name\":\"Nadair Vacuum\",\"description\":\"\",\"publisher\":{\"@id\":\"https:\/\/nadair.ca\/vacuum\/#organization\"},\"potentialAction\":[{\"@type\":\"SearchAction\",\"target\":{\"@type\":\"EntryPoint\",\"urlTemplate\":\"https:\/\/nadair.ca\/vacuum\/?s={search_term_string}\"},\"query-input\":{\"@type\":\"PropertyValueSpecification\",\"valueRequired\":true,\"valueName\":\"search_term_string\"}}],\"inLanguage\":\"fr-CA\"},{\"@type\":\"Organization\",\"@id\":\"https:\/\/nadair.ca\/vacuum\/#organization\",\"name\":\"Nadair\",\"url\":\"https:\/\/nadair.ca\/vacuum\/\",\"logo\":{\"@type\":\"ImageObject\",\"inLanguage\":\"fr-CA\",\"@id\":\"https:\/\/nadair.ca\/vacuum\/#\/schema\/logo\/image\/\",\"url\":\"https:\/\/nadair.ca\/vacuum\/wp-content\/uploads\/sites\/2\/2019\/12\/nadaire_fernetre.png\",\"contentUrl\":\"https:\/\/nadair.ca\/vacuum\/wp-content\/uploads\/sites\/2\/2019\/12\/nadaire_fernetre.png\",\"width\":203,\"height\":99,\"caption\":\"Nadair\"},\"image\":{\"@id\":\"https:\/\/nadair.ca\/vacuum\/#\/schema\/logo\/image\/\"}}]}<\/script>\n<!-- \/ Yoast SEO plugin. -->","yoast_head_json":{"title":"F.A.Q - Nadair Vacuum","robots":{"index":"index","follow":"follow","max-snippet":"max-snippet:-1","max-image-preview":"max-image-preview:large","max-video-preview":"max-video-preview:-1"},"canonical":"https:\/\/nadair.ca\/vacuum\/ce\/f-a-q\/","og_locale":"fr_CA","og_type":"article","og_title":"F.A.Q - Nadair Vacuum","og_url":"https:\/\/nadair.ca\/vacuum\/ce\/f-a-q\/","og_site_name":"Nadair Vacuum","twitter_card":"summary_large_image","twitter_misc":{"Estimation du temps de lecture":"1 minute"},"schema":{"@context":"https:\/\/schema.org","@graph":[{"@type":"WebPage","@id":"https:\/\/nadair.ca\/vacuum\/ce\/f-a-q\/","url":"https:\/\/nadair.ca\/vacuum\/ce\/f-a-q\/","name":"F.A.Q - Nadair Vacuum","isPartOf":{"@id":"https:\/\/nadair.ca\/vacuum\/#website"},"datePublished":"2020-07-22T11:58:54+00:00","breadcrumb":{"@id":"https:\/\/nadair.ca\/vacuum\/ce\/f-a-q\/#breadcrumb"},"inLanguage":"fr-CA","potentialAction":[{"@type":"ReadAction","target":["https:\/\/nadair.ca\/vacuum\/ce\/f-a-q\/"]}]},{"@type":"BreadcrumbList","@id":"https:\/\/nadair.ca\/vacuum\/ce\/f-a-q\/#breadcrumb","itemListElement":[{"@type":"ListItem","position":1,"name":"Home","item":"https:\/\/nadair.ca\/vacuum\/ce\/"},{"@type":"ListItem","position":2,"name":"F.A.Q"}]},{"@type":"WebSite","@id":"https:\/\/nadair.ca\/vacuum\/#website","url":"https:\/\/nadair.ca\/vacuum\/","name":"Nadair Vacuum","description":"","publisher":{"@id":"https:\/\/nadair.ca\/vacuum\/#organization"},"potentialAction":[{"@type":"SearchAction","target":{"@type":"EntryPoint","urlTemplate":"https:\/\/nadair.ca\/vacuum\/?s={search_term_string}"},"query-input":{"@type":"PropertyValueSpecification","valueRequired":true,"valueName":"search_term_string"}}],"inLanguage":"fr-CA"},{"@type":"Organization","@id":"https:\/\/nadair.ca\/vacuum\/#organization","name":"Nadair","url":"https:\/\/nadair.ca\/vacuum\/","logo":{"@type":"ImageObject","inLanguage":"fr-CA","@id":"https:\/\/nadair.ca\/vacuum\/#\/schema\/logo\/image\/","url":"https:\/\/nadair.ca\/vacuum\/wp-content\/uploads\/sites\/2\/2019\/12\/nadaire_fernetre.png","contentUrl":"https:\/\/nadair.ca\/vacuum\/wp-content\/uploads\/sites\/2\/2019\/12\/nadaire_fernetre.png","width":203,"height":99,"caption":"Nadair"},"image":{"@id":"https:\/\/nadair.ca\/vacuum\/#\/schema\/logo\/image\/"}}]}},"_links":{"self":[{"href":"https:\/\/nadair.ca\/vacuum\/ce\/wp-json\/wp\/v2\/pages\/2827","targetHints":{"allow":["GET"]}}],"collection":[{"href":"https:\/\/nadair.ca\/vacuum\/ce\/wp-json\/wp\/v2\/pages"}],"about":[{"href":"https:\/\/nadair.ca\/vacuum\/ce\/wp-json\/wp\/v2\/types\/page"}],"author":[{"embeddable":true,"href":"https:\/\/nadair.ca\/vacuum\/ce\/wp-json\/wp\/v2\/users\/3"}],"replies":[{"embeddable":true,"href":"https:\/\/nadair.ca\/vacuum\/ce\/wp-json\/wp\/v2\/comments?post=2827"}],"version-history":[{"count":1,"href":"https:\/\/nadair.ca\/vacuum\/ce\/wp-json\/wp\/v2\/pages\/2827\/revisions"}],"predecessor-version":[{"id":2828,"href":"https:\/\/nadair.ca\/vacuum\/ce\/wp-json\/wp\/v2\/pages\/2827\/revisions\/2828"}],"wp:attachment":[{"href":"https:\/\/nadair.ca\/vacuum\/ce\/wp-json\/wp\/v2\/media?parent=2827"}],"curies":[{"name":"wp","href":"https:\/\/api.w.org\/{rel}","templated":true}]}}