{"id":4692,"date":"2025-03-28T06:21:57","date_gmt":"2025-03-28T06:21:57","guid":{"rendered":"https:\/\/nadair.ca\/vacuum\/product\/710-airwatts-self-cleaning-hybrid-central-vacuum-system-8-4-21-34-cm-ametek-lamb-by-pass-commercial-grade-motor-32l-8-45-gal\/"},"modified":"2025-08-29T14:36:51","modified_gmt":"2025-08-29T14:36:51","slug":"710-airwatts-self-cleaning-hybrid-central-vacuum-system-8-4-21-34-cm-ametek-lamb-by-pass-commercial-grade-motor-32l-8-45-gal","status":"publish","type":"product","link":"https:\/\/nadair.ca\/vacuum\/ce\/product\/710-airwatts-self-cleaning-hybrid-central-vacuum-system-8-4-21-34-cm-ametek-lamb-by-pass-commercial-grade-motor-32l-8-45-gal\/","title":{"rendered":"Syst\u00e8me d&rsquo;aspirateur central hybride autonettoyant 710 AIRWATTS, 8,4 po (21,34 cm), moteur de qualit\u00e9 commerciale \u00ab\u00a0By-Pass\u00a0\u00bb AMETEK LAMB, 32 L \/ 8,45 gal."},"content":{"rendered":"<ul>\n<li><strong>PERFORMANCES EXCEPTIONNELLES\u00a0: Moteur Ametek By-Pass 2 \u00e9tages de 710\u00a0AW, 21,34\u00a0cm (8,4\u00a0po) de qualit\u00e9 commerciale \/ Brosses Infinity (plus de 1\u00a0500\u00a0heures)<\/strong><\/li>\n<li>PUISSANCE D\u2019ASPIRATION\u00a0: 381\u00a0cm H2O \/ 137,1\u00a0pi\u00b3\/min<\/li>\n<li>SYST\u00c8ME SILENCIEUX\u00a0: 71\u00a0dB<\/li>\n<li>DOUBLE ISOLATION SONORE\u00a0: Mousse insonorisante et silencieux externe inclus pour une r\u00e9duction optimale du bruit<\/li>\n<li>SYST\u00c8ME DE FILTRATION AUTONETTOYANT CYCLONIQUE\u00a0: Peut \u00eatre utilis\u00e9 avec ou sans sac filtrant jetable. Filtre jusqu\u2019\u00e0 99,99\u00a0%.<\/li>\n<li>TECHNOLOGIE DE D\u00c9MARRAGE\/ARR\u00caT PROGRESSIF\u00a0: Prolonge la dur\u00e9e de vie du moteur de 20\u00a0%<\/li>\n<li>INDICATEUR LED\u00a0: Affiche l\u2019\u00e9tat de l\u2019appareil et rappelle de vider le r\u00e9servoir<\/li>\n<li>CUVE \u00c0 CHARGEMNT PAR LE BAS : Capacit\u00e9 de 32 L (8,45 gal), facile \u00e0 retirer, quel que soit l\u2019endroit o\u00f9 il est install\u00e9<\/li>\n<li>ENTR\u00c9E D\u2019AIR DOUBLE LAT\u00c9RALE : Installation facile sur tout r\u00e9seau de tuyauterie existant<\/li>\n<li>CUVE EN ALUMINIUM POLI : Antirouille \/ L\u00e9ger \/ Lisse et brillant<\/li>\n<li>SYST\u00c8ME DE FILTRATION HYBRIDE : 1 sac de filtration jetable triple \u00e9paisseurs inclus &#8211; 1 filtre autonettoyant HEPA v\u00e9ritable inclus (pour une utilisation avec ou sans sac)<\/li>\n<li>DIMENSIONS\u00a0: P 33,6\u00a0cm x H 94,8\u00a0cm x l 43,8\u00a0cm<\/li>\n<li>GARANTIE\u00a0: 15\u00a0ans<\/li>\n<\/ul>\n","protected":false},"excerpt":{"rendered":"<h3>$1,399.99<\/h3>\n<p><a href=\"https:\/\/nadair.ca\/vacuum\/ce\/retailer\/\" target=\"_blank\" rel=\"noopener\"><img decoding=\"async\" class=\"alignnone wp-image-5022\" src=\"https:\/\/nadair.ca\/vacuum\/wp-content\/uploads\/sites\/2\/2025\/04\/Dealer-button-FR.jpg\" alt=\"\" width=\"185\" height=\"34\" \/>. \u00a0\u00a0\u00a0 <\/a><a href=\"https:\/\/nadair.ca\/vacuum\/ce\/product\/710-airwatts-self-cleaning-hybrid-central-vacuum-system-8-4-21-34-cm-ametek-lamb-by-pass-commercial-grade-motor-32l-8-45-gal\/\"><img decoding=\"async\" class=\"alignnone wp-image-5024\" src=\"https:\/\/nadair.ca\/vacuum\/wp-content\/uploads\/sites\/2\/2025\/04\/LEARN-MOR-BUTTON-FR.jpg\" alt=\"\" width=\"163\" height=\"30\" \/><\/a><\/p>\n","protected":false},"featured_media":4688,"comment_status":"closed","ping_status":"closed","template":"","meta":{"_acf_changed":false},"product_brand":[],"product_cat":[121],"product_tag":[],"class_list":{"0":"post-4692","1":"product","2":"type-product","3":"status-publish","4":"has-post-thumbnail","6":"product_cat-super-duty-series-ce","8":"first","9":"instock","10":"taxable","11":"shipping-taxable","12":"product-type-simple"},"acf":[],"yoast_head":"<!-- This site is optimized with the Yoast SEO plugin v26.7 - https:\/\/yoast.com\/wordpress\/plugins\/seo\/ -->\n<title>Syst\u00e8me d&#039;aspirateur central hybride autonettoyant 710 AIRWATTS, 8,4 po (21,34 cm), moteur de qualit\u00e9 commerciale &quot;By-Pass&quot; AMETEK LAMB, 32 L \/ 8,45 gal. - Nadair Vacuum<\/title>\n<meta name=\"robots\" content=\"index, follow, max-snippet:-1, max-image-preview:large, max-video-preview:-1\" \/>\n<link rel=\"canonical\" href=\"https:\/\/nadair.ca\/vacuum\/ce\/product\/710-airwatts-self-cleaning-hybrid-central-vacuum-system-8-4-21-34-cm-ametek-lamb-by-pass-commercial-grade-motor-32l-8-45-gal\/\" \/>\n<meta property=\"og:locale\" content=\"fr_CA\" \/>\n<meta property=\"og:type\" content=\"article\" \/>\n<meta property=\"og:title\" content=\"Syst\u00e8me d&#039;aspirateur central hybride autonettoyant 710 AIRWATTS, 8,4 po (21,34 cm), moteur de qualit\u00e9 commerciale &quot;By-Pass&quot; AMETEK LAMB, 32 L \/ 8,45 gal. - Nadair Vacuum\" \/>\n<meta property=\"og:description\" content=\"$1,399.99 . \u00a0\u00a0\u00a0\" \/>\n<meta property=\"og:url\" content=\"https:\/\/nadair.ca\/vacuum\/ce\/product\/710-airwatts-self-cleaning-hybrid-central-vacuum-system-8-4-21-34-cm-ametek-lamb-by-pass-commercial-grade-motor-32l-8-45-gal\/\" \/>\n<meta property=\"og:site_name\" content=\"Nadair Vacuum\" \/>\n<meta property=\"article:modified_time\" content=\"2025-08-29T14:36:51+00:00\" \/>\n<meta property=\"og:image\" content=\"https:\/\/nadair.ca\/vacuum\/wp-content\/uploads\/sites\/2\/2025\/03\/SD-710-32SF-2-500x500-1.png\" \/>\n\t<meta property=\"og:image:width\" content=\"500\" \/>\n\t<meta property=\"og:image:height\" content=\"500\" \/>\n\t<meta property=\"og:image:type\" content=\"image\/png\" \/>\n<meta name=\"twitter:card\" content=\"summary_large_image\" \/>\n<meta name=\"twitter:label1\" content=\"Estimation du temps de lecture\" \/>\n\t<meta name=\"twitter:data1\" content=\"1 minute\" \/>\n<script type=\"application\/ld+json\" class=\"yoast-schema-graph\">{\"@context\":\"https:\/\/schema.org\",\"@graph\":[{\"@type\":\"WebPage\",\"@id\":\"https:\/\/nadair.ca\/vacuum\/ce\/product\/710-airwatts-self-cleaning-hybrid-central-vacuum-system-8-4-21-34-cm-ametek-lamb-by-pass-commercial-grade-motor-32l-8-45-gal\/\",\"url\":\"https:\/\/nadair.ca\/vacuum\/ce\/product\/710-airwatts-self-cleaning-hybrid-central-vacuum-system-8-4-21-34-cm-ametek-lamb-by-pass-commercial-grade-motor-32l-8-45-gal\/\",\"name\":\"Syst\u00e8me d'aspirateur central hybride autonettoyant 710 AIRWATTS, 8,4 po (21,34 cm), moteur de qualit\u00e9 commerciale \\\"By-Pass\\\" AMETEK LAMB, 32 L \/ 8,45 gal. - Nadair Vacuum\",\"isPartOf\":{\"@id\":\"https:\/\/nadair.ca\/vacuum\/#website\"},\"primaryImageOfPage\":{\"@id\":\"https:\/\/nadair.ca\/vacuum\/ce\/product\/710-airwatts-self-cleaning-hybrid-central-vacuum-system-8-4-21-34-cm-ametek-lamb-by-pass-commercial-grade-motor-32l-8-45-gal\/#primaryimage\"},\"image\":{\"@id\":\"https:\/\/nadair.ca\/vacuum\/ce\/product\/710-airwatts-self-cleaning-hybrid-central-vacuum-system-8-4-21-34-cm-ametek-lamb-by-pass-commercial-grade-motor-32l-8-45-gal\/#primaryimage\"},\"thumbnailUrl\":\"https:\/\/nadair.ca\/vacuum\/wp-content\/uploads\/sites\/2\/2025\/03\/SD-710-32SF-2-500x500-1.png\",\"datePublished\":\"2025-03-28T06:21:57+00:00\",\"dateModified\":\"2025-08-29T14:36:51+00:00\",\"breadcrumb\":{\"@id\":\"https:\/\/nadair.ca\/vacuum\/ce\/product\/710-airwatts-self-cleaning-hybrid-central-vacuum-system-8-4-21-34-cm-ametek-lamb-by-pass-commercial-grade-motor-32l-8-45-gal\/#breadcrumb\"},\"inLanguage\":\"fr-CA\",\"potentialAction\":[{\"@type\":\"ReadAction\",\"target\":[\"https:\/\/nadair.ca\/vacuum\/ce\/product\/710-airwatts-self-cleaning-hybrid-central-vacuum-system-8-4-21-34-cm-ametek-lamb-by-pass-commercial-grade-motor-32l-8-45-gal\/\"]}]},{\"@type\":\"ImageObject\",\"inLanguage\":\"fr-CA\",\"@id\":\"https:\/\/nadair.ca\/vacuum\/ce\/product\/710-airwatts-self-cleaning-hybrid-central-vacuum-system-8-4-21-34-cm-ametek-lamb-by-pass-commercial-grade-motor-32l-8-45-gal\/#primaryimage\",\"url\":\"https:\/\/nadair.ca\/vacuum\/wp-content\/uploads\/sites\/2\/2025\/03\/SD-710-32SF-2-500x500-1.png\",\"contentUrl\":\"https:\/\/nadair.ca\/vacuum\/wp-content\/uploads\/sites\/2\/2025\/03\/SD-710-32SF-2-500x500-1.png\",\"width\":500,\"height\":500},{\"@type\":\"BreadcrumbList\",\"@id\":\"https:\/\/nadair.ca\/vacuum\/ce\/product\/710-airwatts-self-cleaning-hybrid-central-vacuum-system-8-4-21-34-cm-ametek-lamb-by-pass-commercial-grade-motor-32l-8-45-gal\/#breadcrumb\",\"itemListElement\":[{\"@type\":\"ListItem\",\"position\":1,\"name\":\"Home\",\"item\":\"https:\/\/nadair.ca\/vacuum\/ce\/\"},{\"@type\":\"ListItem\",\"position\":2,\"name\":\"Shop\",\"item\":\"https:\/\/nadair.ca\/vacuum\/ce\/\"},{\"@type\":\"ListItem\",\"position\":3,\"name\":\"Syst\u00e8me d&#8217;aspirateur central hybride autonettoyant 710 AIRWATTS, 8,4 po (21,34 cm), moteur de qualit\u00e9 commerciale &#8220;By-Pass&#8221; AMETEK LAMB, 32 L \/ 8,45 gal.\"}]},{\"@type\":\"WebSite\",\"@id\":\"https:\/\/nadair.ca\/vacuum\/#website\",\"url\":\"https:\/\/nadair.ca\/vacuum\/\",\"name\":\"Nadair Vacuum\",\"description\":\"\",\"publisher\":{\"@id\":\"https:\/\/nadair.ca\/vacuum\/#organization\"},\"potentialAction\":[{\"@type\":\"SearchAction\",\"target\":{\"@type\":\"EntryPoint\",\"urlTemplate\":\"https:\/\/nadair.ca\/vacuum\/?s={search_term_string}\"},\"query-input\":{\"@type\":\"PropertyValueSpecification\",\"valueRequired\":true,\"valueName\":\"search_term_string\"}}],\"inLanguage\":\"fr-CA\"},{\"@type\":\"Organization\",\"@id\":\"https:\/\/nadair.ca\/vacuum\/#organization\",\"name\":\"Nadair\",\"url\":\"https:\/\/nadair.ca\/vacuum\/\",\"logo\":{\"@type\":\"ImageObject\",\"inLanguage\":\"fr-CA\",\"@id\":\"https:\/\/nadair.ca\/vacuum\/#\/schema\/logo\/image\/\",\"url\":\"https:\/\/nadair.ca\/vacuum\/wp-content\/uploads\/sites\/2\/2019\/12\/nadaire_fernetre.png\",\"contentUrl\":\"https:\/\/nadair.ca\/vacuum\/wp-content\/uploads\/sites\/2\/2019\/12\/nadaire_fernetre.png\",\"width\":203,\"height\":99,\"caption\":\"Nadair\"},\"image\":{\"@id\":\"https:\/\/nadair.ca\/vacuum\/#\/schema\/logo\/image\/\"}}]}<\/script>\n<!-- \/ Yoast SEO plugin. -->","yoast_head_json":{"title":"Syst\u00e8me d'aspirateur central hybride autonettoyant 710 AIRWATTS, 8,4 po (21,34 cm), moteur de qualit\u00e9 commerciale \"By-Pass\" AMETEK LAMB, 32 L \/ 8,45 gal. - Nadair Vacuum","robots":{"index":"index","follow":"follow","max-snippet":"max-snippet:-1","max-image-preview":"max-image-preview:large","max-video-preview":"max-video-preview:-1"},"canonical":"https:\/\/nadair.ca\/vacuum\/ce\/product\/710-airwatts-self-cleaning-hybrid-central-vacuum-system-8-4-21-34-cm-ametek-lamb-by-pass-commercial-grade-motor-32l-8-45-gal\/","og_locale":"fr_CA","og_type":"article","og_title":"Syst\u00e8me d'aspirateur central hybride autonettoyant 710 AIRWATTS, 8,4 po (21,34 cm), moteur de qualit\u00e9 commerciale \"By-Pass\" AMETEK LAMB, 32 L \/ 8,45 gal. - Nadair Vacuum","og_description":"$1,399.99 . \u00a0\u00a0\u00a0","og_url":"https:\/\/nadair.ca\/vacuum\/ce\/product\/710-airwatts-self-cleaning-hybrid-central-vacuum-system-8-4-21-34-cm-ametek-lamb-by-pass-commercial-grade-motor-32l-8-45-gal\/","og_site_name":"Nadair Vacuum","article_modified_time":"2025-08-29T14:36:51+00:00","og_image":[{"width":500,"height":500,"url":"https:\/\/nadair.ca\/vacuum\/wp-content\/uploads\/sites\/2\/2025\/03\/SD-710-32SF-2-500x500-1.png","type":"image\/png"}],"twitter_card":"summary_large_image","twitter_misc":{"Estimation du temps de lecture":"1 minute"},"schema":{"@context":"https:\/\/schema.org","@graph":[{"@type":"WebPage","@id":"https:\/\/nadair.ca\/vacuum\/ce\/product\/710-airwatts-self-cleaning-hybrid-central-vacuum-system-8-4-21-34-cm-ametek-lamb-by-pass-commercial-grade-motor-32l-8-45-gal\/","url":"https:\/\/nadair.ca\/vacuum\/ce\/product\/710-airwatts-self-cleaning-hybrid-central-vacuum-system-8-4-21-34-cm-ametek-lamb-by-pass-commercial-grade-motor-32l-8-45-gal\/","name":"Syst\u00e8me d'aspirateur central hybride autonettoyant 710 AIRWATTS, 8,4 po (21,34 cm), moteur de qualit\u00e9 commerciale \"By-Pass\" AMETEK LAMB, 32 L \/ 8,45 gal. - Nadair Vacuum","isPartOf":{"@id":"https:\/\/nadair.ca\/vacuum\/#website"},"primaryImageOfPage":{"@id":"https:\/\/nadair.ca\/vacuum\/ce\/product\/710-airwatts-self-cleaning-hybrid-central-vacuum-system-8-4-21-34-cm-ametek-lamb-by-pass-commercial-grade-motor-32l-8-45-gal\/#primaryimage"},"image":{"@id":"https:\/\/nadair.ca\/vacuum\/ce\/product\/710-airwatts-self-cleaning-hybrid-central-vacuum-system-8-4-21-34-cm-ametek-lamb-by-pass-commercial-grade-motor-32l-8-45-gal\/#primaryimage"},"thumbnailUrl":"https:\/\/nadair.ca\/vacuum\/wp-content\/uploads\/sites\/2\/2025\/03\/SD-710-32SF-2-500x500-1.png","datePublished":"2025-03-28T06:21:57+00:00","dateModified":"2025-08-29T14:36:51+00:00","breadcrumb":{"@id":"https:\/\/nadair.ca\/vacuum\/ce\/product\/710-airwatts-self-cleaning-hybrid-central-vacuum-system-8-4-21-34-cm-ametek-lamb-by-pass-commercial-grade-motor-32l-8-45-gal\/#breadcrumb"},"inLanguage":"fr-CA","potentialAction":[{"@type":"ReadAction","target":["https:\/\/nadair.ca\/vacuum\/ce\/product\/710-airwatts-self-cleaning-hybrid-central-vacuum-system-8-4-21-34-cm-ametek-lamb-by-pass-commercial-grade-motor-32l-8-45-gal\/"]}]},{"@type":"ImageObject","inLanguage":"fr-CA","@id":"https:\/\/nadair.ca\/vacuum\/ce\/product\/710-airwatts-self-cleaning-hybrid-central-vacuum-system-8-4-21-34-cm-ametek-lamb-by-pass-commercial-grade-motor-32l-8-45-gal\/#primaryimage","url":"https:\/\/nadair.ca\/vacuum\/wp-content\/uploads\/sites\/2\/2025\/03\/SD-710-32SF-2-500x500-1.png","contentUrl":"https:\/\/nadair.ca\/vacuum\/wp-content\/uploads\/sites\/2\/2025\/03\/SD-710-32SF-2-500x500-1.png","width":500,"height":500},{"@type":"BreadcrumbList","@id":"https:\/\/nadair.ca\/vacuum\/ce\/product\/710-airwatts-self-cleaning-hybrid-central-vacuum-system-8-4-21-34-cm-ametek-lamb-by-pass-commercial-grade-motor-32l-8-45-gal\/#breadcrumb","itemListElement":[{"@type":"ListItem","position":1,"name":"Home","item":"https:\/\/nadair.ca\/vacuum\/ce\/"},{"@type":"ListItem","position":2,"name":"Shop","item":"https:\/\/nadair.ca\/vacuum\/ce\/"},{"@type":"ListItem","position":3,"name":"Syst\u00e8me d&#8217;aspirateur central hybride autonettoyant 710 AIRWATTS, 8,4 po (21,34 cm), moteur de qualit\u00e9 commerciale &#8220;By-Pass&#8221; AMETEK LAMB, 32 L \/ 8,45 gal."}]},{"@type":"WebSite","@id":"https:\/\/nadair.ca\/vacuum\/#website","url":"https:\/\/nadair.ca\/vacuum\/","name":"Nadair Vacuum","description":"","publisher":{"@id":"https:\/\/nadair.ca\/vacuum\/#organization"},"potentialAction":[{"@type":"SearchAction","target":{"@type":"EntryPoint","urlTemplate":"https:\/\/nadair.ca\/vacuum\/?s={search_term_string}"},"query-input":{"@type":"PropertyValueSpecification","valueRequired":true,"valueName":"search_term_string"}}],"inLanguage":"fr-CA"},{"@type":"Organization","@id":"https:\/\/nadair.ca\/vacuum\/#organization","name":"Nadair","url":"https:\/\/nadair.ca\/vacuum\/","logo":{"@type":"ImageObject","inLanguage":"fr-CA","@id":"https:\/\/nadair.ca\/vacuum\/#\/schema\/logo\/image\/","url":"https:\/\/nadair.ca\/vacuum\/wp-content\/uploads\/sites\/2\/2019\/12\/nadaire_fernetre.png","contentUrl":"https:\/\/nadair.ca\/vacuum\/wp-content\/uploads\/sites\/2\/2019\/12\/nadaire_fernetre.png","width":203,"height":99,"caption":"Nadair"},"image":{"@id":"https:\/\/nadair.ca\/vacuum\/#\/schema\/logo\/image\/"}}]}},"_links":{"self":[{"href":"https:\/\/nadair.ca\/vacuum\/ce\/wp-json\/wp\/v2\/product\/4692","targetHints":{"allow":["GET"]}}],"collection":[{"href":"https:\/\/nadair.ca\/vacuum\/ce\/wp-json\/wp\/v2\/product"}],"about":[{"href":"https:\/\/nadair.ca\/vacuum\/ce\/wp-json\/wp\/v2\/types\/product"}],"replies":[{"embeddable":true,"href":"https:\/\/nadair.ca\/vacuum\/ce\/wp-json\/wp\/v2\/comments?post=4692"}],"wp:featuredmedia":[{"embeddable":true,"href":"https:\/\/nadair.ca\/vacuum\/ce\/wp-json\/wp\/v2\/media\/4688"}],"wp:attachment":[{"href":"https:\/\/nadair.ca\/vacuum\/ce\/wp-json\/wp\/v2\/media?parent=4692"}],"wp:term":[{"taxonomy":"product_brand","embeddable":true,"href":"https:\/\/nadair.ca\/vacuum\/ce\/wp-json\/wp\/v2\/product_brand?post=4692"},{"taxonomy":"product_cat","embeddable":true,"href":"https:\/\/nadair.ca\/vacuum\/ce\/wp-json\/wp\/v2\/product_cat?post=4692"},{"taxonomy":"product_tag","embeddable":true,"href":"https:\/\/nadair.ca\/vacuum\/ce\/wp-json\/wp\/v2\/product_tag?post=4692"}],"curies":[{"name":"wp","href":"https:\/\/api.w.org\/{rel}","templated":true}]}}