{"id":5289,"date":"2025-04-04T16:35:18","date_gmt":"2025-04-04T16:35:18","guid":{"rendered":"https:\/\/nadair.ca\/vacuum\/?post_type=product&#038;p=5289"},"modified":"2025-04-04T17:01:19","modified_gmt":"2025-04-04T17:01:19","slug":"true-hepa-self-cleaning-filter-for-super-duty-series-units","status":"publish","type":"product","link":"https:\/\/nadair.ca\/vacuum\/ce\/product\/true-hepa-self-cleaning-filter-for-super-duty-series-units\/","title":{"rendered":"Filtre autonettoyant HEPA v\u00e9ritable (Pour les unit\u00e9s de la s\u00e9rie Super Duty)"},"content":{"rendered":"<p>1. <strong>Efficacit\u00e9 de filtration sup\u00e9rieure<\/strong><\/p>\n<p>Un filtre True HEPA capture <strong>99,99 % des particules aussi petites que 0,3 microns<\/strong>, y compris la poussi\u00e8re, le pollen, les squames d&rsquo;animaux, les spores de moisissure et m\u00eame certaines bact\u00e9ries. Cela garantit un air plus pur dans votre domicile, particuli\u00e8rement pour les personnes souffrant d&rsquo;allergies.<\/p>\n<p>2. <strong>Am\u00e9lioration de la qualit\u00e9 de l&rsquo;air int\u00e9rieur<\/strong><\/p>\n<p>Les aspirateurs centraux \u00e9vacuent d\u00e9j\u00e0 les d\u00e9bris \u00e0 l&rsquo;ext\u00e9rieur de votre espace de vie. En l&rsquo;associant \u00e0 un filtre True HEPA, vous vous assurez que m\u00eame les particules microscopiques sont filtr\u00e9es, emp\u00eachant leur recirculation dans votre domicile.<\/p>\n<p>3. <strong>Avantages pour la sant\u00e9<\/strong><\/p>\n<p>Id\u00e9al pour les personnes souffrant d&rsquo;allergies, d&rsquo;asthme ou de conditions respiratoires. Il r\u00e9duit l&rsquo;exposition aux allerg\u00e8nes et aux irritants a\u00e9roport\u00e9s, cr\u00e9ant ainsi un environnement plus sain.<\/p>\n<p>4. <strong>Performance de nettoyage am\u00e9lior\u00e9e<\/strong><\/p>\n<p>Les filtres True HEPA pi\u00e8gent les particules fines que les filtres ordinaires pourraient manquer, laissant les surfaces plus propres et r\u00e9duisant l&rsquo;accumulation de poussi\u00e8re au fil du temps.<\/p>\n<p>5. <strong>Minimisation de l&rsquo;entretien<\/strong><\/p>\n<p>Un filtre HEPA capture les d\u00e9bris plus fins, r\u00e9duisant ainsi la probabilit\u00e9 d&rsquo;obstructions et prolongeant la dur\u00e9e de vie de votre syst\u00e8me d&rsquo;aspiration.<\/p>\n<p>6. <strong>Respect de l&rsquo;environnement<\/strong><\/p>\n<p>En pi\u00e9geant efficacement les polluants, un aspirateur central \u00e9quip\u00e9 d&rsquo;un filtre HEPA r\u00e9duit le besoin de purificateurs d&rsquo;air suppl\u00e9mentaires, diminuant ainsi la consommation d&rsquo;\u00e9nergie et les d\u00e9chets.<\/p>\n<p>7. <strong>Tranquillit\u00e9 d&rsquo;esprit<\/strong><\/p>\n<p>Savoir que votre syst\u00e8me d&rsquo;aspiration capture presque toutes les particules nocives vous donne confiance en la propret\u00e9 de votre espace de vie.<\/p>\n","protected":false},"excerpt":{"rendered":"<h3><\/h3>\n<p><a href=\"https:\/\/nadair.ca\/vacuum\/ce\/retailer\/\" target=\"_blank\" rel=\"noopener\"><img decoding=\"async\" class=\"alignnone wp-image-5022\" src=\"https:\/\/nadair.ca\/vacuum\/wp-content\/uploads\/sites\/2\/2025\/04\/Dealer-button-FR.jpg\" alt=\"\" width=\"185\" height=\"34\" \/>. \u00a0\u00a0\u00a0 <\/a><a href=\"https:\/\/nadair.ca\/vacuum\/ce\/product\/true-hepa-self-cleaning-filter-for-super-duty-series-units\/\"><img decoding=\"async\" class=\"alignnone wp-image-5024\" src=\"https:\/\/nadair.ca\/vacuum\/wp-content\/uploads\/sites\/2\/2025\/04\/LEARN-MOR-BUTTON-FR.jpg\" alt=\"\" width=\"163\" height=\"30\" \/><\/a><\/p>\n<p>&nbsp;<\/p>\n","protected":false},"featured_media":5291,"comment_status":"closed","ping_status":"closed","template":"","meta":{"_acf_changed":false},"product_brand":[],"product_cat":[89],"product_tag":[],"class_list":{"0":"post-5289","1":"product","2":"type-product","3":"status-publish","4":"has-post-thumbnail","6":"product_cat-accessoires","8":"first","9":"instock","10":"taxable","11":"shipping-taxable","12":"product-type-simple"},"acf":[],"yoast_head":"<!-- This site is optimized with the Yoast SEO plugin v26.7 - https:\/\/yoast.com\/wordpress\/plugins\/seo\/ -->\n<title>Filtre autonettoyant HEPA v\u00e9ritable (Pour les unit\u00e9s de la s\u00e9rie Super Duty) - Nadair Vacuum<\/title>\n<meta name=\"robots\" content=\"index, follow, max-snippet:-1, max-image-preview:large, max-video-preview:-1\" \/>\n<link rel=\"canonical\" href=\"https:\/\/nadair.ca\/vacuum\/ce\/product\/true-hepa-self-cleaning-filter-for-super-duty-series-units\/\" \/>\n<meta property=\"og:locale\" content=\"fr_CA\" \/>\n<meta property=\"og:type\" content=\"article\" \/>\n<meta property=\"og:title\" content=\"Filtre autonettoyant HEPA v\u00e9ritable (Pour les unit\u00e9s de la s\u00e9rie Super Duty) - Nadair Vacuum\" \/>\n<meta property=\"og:description\" content=\". \u00a0\u00a0\u00a0   &nbsp;\" \/>\n<meta property=\"og:url\" content=\"https:\/\/nadair.ca\/vacuum\/ce\/product\/true-hepa-self-cleaning-filter-for-super-duty-series-units\/\" \/>\n<meta property=\"og:site_name\" content=\"Nadair Vacuum\" \/>\n<meta property=\"article:modified_time\" content=\"2025-04-04T17:01:19+00:00\" \/>\n<meta property=\"og:image\" content=\"https:\/\/nadair.ca\/vacuum\/wp-content\/uploads\/sites\/2\/2025\/04\/Self-cleaning-filter-scaled.jpg\" \/>\n\t<meta property=\"og:image:width\" content=\"2560\" \/>\n\t<meta property=\"og:image:height\" content=\"2560\" \/>\n\t<meta property=\"og:image:type\" content=\"image\/jpeg\" \/>\n<meta name=\"twitter:card\" content=\"summary_large_image\" \/>\n<meta name=\"twitter:label1\" content=\"Estimation du temps de lecture\" \/>\n\t<meta name=\"twitter:data1\" content=\"2 minutes\" \/>\n<script type=\"application\/ld+json\" class=\"yoast-schema-graph\">{\"@context\":\"https:\/\/schema.org\",\"@graph\":[{\"@type\":\"WebPage\",\"@id\":\"https:\/\/nadair.ca\/vacuum\/ce\/product\/true-hepa-self-cleaning-filter-for-super-duty-series-units\/\",\"url\":\"https:\/\/nadair.ca\/vacuum\/ce\/product\/true-hepa-self-cleaning-filter-for-super-duty-series-units\/\",\"name\":\"Filtre autonettoyant HEPA v\u00e9ritable (Pour les unit\u00e9s de la s\u00e9rie Super Duty) - Nadair Vacuum\",\"isPartOf\":{\"@id\":\"https:\/\/nadair.ca\/vacuum\/#website\"},\"primaryImageOfPage\":{\"@id\":\"https:\/\/nadair.ca\/vacuum\/ce\/product\/true-hepa-self-cleaning-filter-for-super-duty-series-units\/#primaryimage\"},\"image\":{\"@id\":\"https:\/\/nadair.ca\/vacuum\/ce\/product\/true-hepa-self-cleaning-filter-for-super-duty-series-units\/#primaryimage\"},\"thumbnailUrl\":\"https:\/\/nadair.ca\/vacuum\/wp-content\/uploads\/sites\/2\/2025\/04\/Self-cleaning-filter-scaled.jpg\",\"datePublished\":\"2025-04-04T16:35:18+00:00\",\"dateModified\":\"2025-04-04T17:01:19+00:00\",\"breadcrumb\":{\"@id\":\"https:\/\/nadair.ca\/vacuum\/ce\/product\/true-hepa-self-cleaning-filter-for-super-duty-series-units\/#breadcrumb\"},\"inLanguage\":\"fr-CA\",\"potentialAction\":[{\"@type\":\"ReadAction\",\"target\":[\"https:\/\/nadair.ca\/vacuum\/ce\/product\/true-hepa-self-cleaning-filter-for-super-duty-series-units\/\"]}]},{\"@type\":\"ImageObject\",\"inLanguage\":\"fr-CA\",\"@id\":\"https:\/\/nadair.ca\/vacuum\/ce\/product\/true-hepa-self-cleaning-filter-for-super-duty-series-units\/#primaryimage\",\"url\":\"https:\/\/nadair.ca\/vacuum\/wp-content\/uploads\/sites\/2\/2025\/04\/Self-cleaning-filter-scaled.jpg\",\"contentUrl\":\"https:\/\/nadair.ca\/vacuum\/wp-content\/uploads\/sites\/2\/2025\/04\/Self-cleaning-filter-scaled.jpg\",\"width\":2560,\"height\":2560},{\"@type\":\"BreadcrumbList\",\"@id\":\"https:\/\/nadair.ca\/vacuum\/ce\/product\/true-hepa-self-cleaning-filter-for-super-duty-series-units\/#breadcrumb\",\"itemListElement\":[{\"@type\":\"ListItem\",\"position\":1,\"name\":\"Home\",\"item\":\"https:\/\/nadair.ca\/vacuum\/ce\/\"},{\"@type\":\"ListItem\",\"position\":2,\"name\":\"Shop\",\"item\":\"https:\/\/nadair.ca\/vacuum\/ce\/\"},{\"@type\":\"ListItem\",\"position\":3,\"name\":\"Filtre autonettoyant HEPA v\u00e9ritable (Pour les unit\u00e9s de la s\u00e9rie Super Duty)\"}]},{\"@type\":\"WebSite\",\"@id\":\"https:\/\/nadair.ca\/vacuum\/#website\",\"url\":\"https:\/\/nadair.ca\/vacuum\/\",\"name\":\"Nadair Vacuum\",\"description\":\"\",\"publisher\":{\"@id\":\"https:\/\/nadair.ca\/vacuum\/#organization\"},\"potentialAction\":[{\"@type\":\"SearchAction\",\"target\":{\"@type\":\"EntryPoint\",\"urlTemplate\":\"https:\/\/nadair.ca\/vacuum\/?s={search_term_string}\"},\"query-input\":{\"@type\":\"PropertyValueSpecification\",\"valueRequired\":true,\"valueName\":\"search_term_string\"}}],\"inLanguage\":\"fr-CA\"},{\"@type\":\"Organization\",\"@id\":\"https:\/\/nadair.ca\/vacuum\/#organization\",\"name\":\"Nadair\",\"url\":\"https:\/\/nadair.ca\/vacuum\/\",\"logo\":{\"@type\":\"ImageObject\",\"inLanguage\":\"fr-CA\",\"@id\":\"https:\/\/nadair.ca\/vacuum\/#\/schema\/logo\/image\/\",\"url\":\"https:\/\/nadair.ca\/vacuum\/wp-content\/uploads\/sites\/2\/2019\/12\/nadaire_fernetre.png\",\"contentUrl\":\"https:\/\/nadair.ca\/vacuum\/wp-content\/uploads\/sites\/2\/2019\/12\/nadaire_fernetre.png\",\"width\":203,\"height\":99,\"caption\":\"Nadair\"},\"image\":{\"@id\":\"https:\/\/nadair.ca\/vacuum\/#\/schema\/logo\/image\/\"}}]}<\/script>\n<!-- \/ Yoast SEO plugin. -->","yoast_head_json":{"title":"Filtre autonettoyant HEPA v\u00e9ritable (Pour les unit\u00e9s de la s\u00e9rie Super Duty) - Nadair Vacuum","robots":{"index":"index","follow":"follow","max-snippet":"max-snippet:-1","max-image-preview":"max-image-preview:large","max-video-preview":"max-video-preview:-1"},"canonical":"https:\/\/nadair.ca\/vacuum\/ce\/product\/true-hepa-self-cleaning-filter-for-super-duty-series-units\/","og_locale":"fr_CA","og_type":"article","og_title":"Filtre autonettoyant HEPA v\u00e9ritable (Pour les unit\u00e9s de la s\u00e9rie Super Duty) - Nadair Vacuum","og_description":". \u00a0\u00a0\u00a0   &nbsp;","og_url":"https:\/\/nadair.ca\/vacuum\/ce\/product\/true-hepa-self-cleaning-filter-for-super-duty-series-units\/","og_site_name":"Nadair Vacuum","article_modified_time":"2025-04-04T17:01:19+00:00","og_image":[{"width":2560,"height":2560,"url":"https:\/\/nadair.ca\/vacuum\/wp-content\/uploads\/sites\/2\/2025\/04\/Self-cleaning-filter-scaled.jpg","type":"image\/jpeg"}],"twitter_card":"summary_large_image","twitter_misc":{"Estimation du temps de lecture":"2 minutes"},"schema":{"@context":"https:\/\/schema.org","@graph":[{"@type":"WebPage","@id":"https:\/\/nadair.ca\/vacuum\/ce\/product\/true-hepa-self-cleaning-filter-for-super-duty-series-units\/","url":"https:\/\/nadair.ca\/vacuum\/ce\/product\/true-hepa-self-cleaning-filter-for-super-duty-series-units\/","name":"Filtre autonettoyant HEPA v\u00e9ritable (Pour les unit\u00e9s de la s\u00e9rie Super Duty) - Nadair Vacuum","isPartOf":{"@id":"https:\/\/nadair.ca\/vacuum\/#website"},"primaryImageOfPage":{"@id":"https:\/\/nadair.ca\/vacuum\/ce\/product\/true-hepa-self-cleaning-filter-for-super-duty-series-units\/#primaryimage"},"image":{"@id":"https:\/\/nadair.ca\/vacuum\/ce\/product\/true-hepa-self-cleaning-filter-for-super-duty-series-units\/#primaryimage"},"thumbnailUrl":"https:\/\/nadair.ca\/vacuum\/wp-content\/uploads\/sites\/2\/2025\/04\/Self-cleaning-filter-scaled.jpg","datePublished":"2025-04-04T16:35:18+00:00","dateModified":"2025-04-04T17:01:19+00:00","breadcrumb":{"@id":"https:\/\/nadair.ca\/vacuum\/ce\/product\/true-hepa-self-cleaning-filter-for-super-duty-series-units\/#breadcrumb"},"inLanguage":"fr-CA","potentialAction":[{"@type":"ReadAction","target":["https:\/\/nadair.ca\/vacuum\/ce\/product\/true-hepa-self-cleaning-filter-for-super-duty-series-units\/"]}]},{"@type":"ImageObject","inLanguage":"fr-CA","@id":"https:\/\/nadair.ca\/vacuum\/ce\/product\/true-hepa-self-cleaning-filter-for-super-duty-series-units\/#primaryimage","url":"https:\/\/nadair.ca\/vacuum\/wp-content\/uploads\/sites\/2\/2025\/04\/Self-cleaning-filter-scaled.jpg","contentUrl":"https:\/\/nadair.ca\/vacuum\/wp-content\/uploads\/sites\/2\/2025\/04\/Self-cleaning-filter-scaled.jpg","width":2560,"height":2560},{"@type":"BreadcrumbList","@id":"https:\/\/nadair.ca\/vacuum\/ce\/product\/true-hepa-self-cleaning-filter-for-super-duty-series-units\/#breadcrumb","itemListElement":[{"@type":"ListItem","position":1,"name":"Home","item":"https:\/\/nadair.ca\/vacuum\/ce\/"},{"@type":"ListItem","position":2,"name":"Shop","item":"https:\/\/nadair.ca\/vacuum\/ce\/"},{"@type":"ListItem","position":3,"name":"Filtre autonettoyant HEPA v\u00e9ritable (Pour les unit\u00e9s de la s\u00e9rie Super Duty)"}]},{"@type":"WebSite","@id":"https:\/\/nadair.ca\/vacuum\/#website","url":"https:\/\/nadair.ca\/vacuum\/","name":"Nadair Vacuum","description":"","publisher":{"@id":"https:\/\/nadair.ca\/vacuum\/#organization"},"potentialAction":[{"@type":"SearchAction","target":{"@type":"EntryPoint","urlTemplate":"https:\/\/nadair.ca\/vacuum\/?s={search_term_string}"},"query-input":{"@type":"PropertyValueSpecification","valueRequired":true,"valueName":"search_term_string"}}],"inLanguage":"fr-CA"},{"@type":"Organization","@id":"https:\/\/nadair.ca\/vacuum\/#organization","name":"Nadair","url":"https:\/\/nadair.ca\/vacuum\/","logo":{"@type":"ImageObject","inLanguage":"fr-CA","@id":"https:\/\/nadair.ca\/vacuum\/#\/schema\/logo\/image\/","url":"https:\/\/nadair.ca\/vacuum\/wp-content\/uploads\/sites\/2\/2019\/12\/nadaire_fernetre.png","contentUrl":"https:\/\/nadair.ca\/vacuum\/wp-content\/uploads\/sites\/2\/2019\/12\/nadaire_fernetre.png","width":203,"height":99,"caption":"Nadair"},"image":{"@id":"https:\/\/nadair.ca\/vacuum\/#\/schema\/logo\/image\/"}}]}},"_links":{"self":[{"href":"https:\/\/nadair.ca\/vacuum\/ce\/wp-json\/wp\/v2\/product\/5289","targetHints":{"allow":["GET"]}}],"collection":[{"href":"https:\/\/nadair.ca\/vacuum\/ce\/wp-json\/wp\/v2\/product"}],"about":[{"href":"https:\/\/nadair.ca\/vacuum\/ce\/wp-json\/wp\/v2\/types\/product"}],"replies":[{"embeddable":true,"href":"https:\/\/nadair.ca\/vacuum\/ce\/wp-json\/wp\/v2\/comments?post=5289"}],"wp:featuredmedia":[{"embeddable":true,"href":"https:\/\/nadair.ca\/vacuum\/ce\/wp-json\/wp\/v2\/media\/5291"}],"wp:attachment":[{"href":"https:\/\/nadair.ca\/vacuum\/ce\/wp-json\/wp\/v2\/media?parent=5289"}],"wp:term":[{"taxonomy":"product_brand","embeddable":true,"href":"https:\/\/nadair.ca\/vacuum\/ce\/wp-json\/wp\/v2\/product_brand?post=5289"},{"taxonomy":"product_cat","embeddable":true,"href":"https:\/\/nadair.ca\/vacuum\/ce\/wp-json\/wp\/v2\/product_cat?post=5289"},{"taxonomy":"product_tag","embeddable":true,"href":"https:\/\/nadair.ca\/vacuum\/ce\/wp-json\/wp\/v2\/product_tag?post=5289"}],"curies":[{"name":"wp","href":"https:\/\/api.w.org\/{rel}","templated":true}]}}